{"id":1408,"date":"2024-10-19T14:03:09","date_gmt":"2024-10-19T14:03:09","guid":{"rendered":"http:\/\/anpsthemes.com\/construction\/?page_id=1408"},"modified":"2024-11-21T16:36:02","modified_gmt":"2024-11-21T16:36:02","slug":"a-propos","status":"publish","type":"page","link":"https:\/\/airex-industries.com\/fr\/about-us\/","title":{"rendered":"\u00c0 propos"},"content":{"rendered":"<div class=\"wpb-content-wrapper\"><div class=\"vc_row wpb_row vc_row-fluid vc_custom_1460122496361\"><div class=\"wpb_column vc_column_container vc_col-md-6\"><div class=\"vc_column-inner\"><div class=\"wpb_wrapper\"><h2 style=\"text-align: left\" class=\"vc_custom_heading vc_do_custom_heading title\" >\u00c0 PROPOS D'AIREX INDUSTRIES<\/h2>\n\t<div class=\"wpb_text_column wpb_content_element vc_custom_1730843109391\" >\n\t\t<div class=\"wpb_wrapper\">\n\t\t\t<p>C\u2019est \u00e0 Sainte-Rosalie, en 1986, qu\u2019une entreprise nomm\u00e9e A. Boudreault Ventilation inc. (ABV) fit ses d\u00e9buts pour se tailler une place dans un cr\u00e9neau de march\u00e9 \u00e0 fort potentiel. Soit le domaine de la fabrication de syst\u00e8me de d\u00e9poussi\u00e9rage et d\u2019unit\u00e9 de ventilation g\u00e9n\u00e9rale.<\/p>\n<p>\u00c0 cette \u00e9poque, Airex \u00e9tait le principal client d\u2019ABV. Airex se consacrait \u00e0 la conception de syst\u00e8mes li\u00e9s \u00e0 la qualit\u00e9 de l\u2019air, tels que d\u00e9poussi\u00e9reurs \u00e0 sacs, \u00e0 cartouches et \u00e0 secouages dont ABV assurait la production.<\/p>\n<p>En 1989, ABV d\u00e9m\u00e9nagea \u00e0 Drummondville et \u00e9rigea une usine de 12 000 pi2 afin de r\u00e9pondre \u00e0 l\u2019augmentation de son calepin de commande.<\/p>\n<p>Depuis, l\u2019usine b\u00e9n\u00e9ficia de trois agrandissements afin d'am\u00e9liorer sa capacit\u00e9 de productions et d'ajouter des \u00e9quipements robotis\u00e9s.<\/p>\n<p>Entre-temps, une fusion se concr\u00e9tisa entre ABV et Airex devenant ainsi une seule et m\u00eame entreprise.<\/p>\n<p>Aujourd\u2019hui, l\u2019usine d\u2019Airex Industries diversifie ses activit\u00e9s de production avec des gammes de produits telles que des d\u00e9poussi\u00e9reurs \u00e0 voies humides, des fours industriels, des unit\u00e9s de r\u00e9cup\u00e9ration d\u2019\u00e9nergie.<\/p>\n<p>L\u2019usine affiche une capacit\u00e9 annuelle de 350 r\u00e9alisations et compte 75 employ\u00e9s. Les appareils construits \u00e0 Drummondville sont vendus partout au Canada, aux \u00c9tats-Unis et dans de nombreux pays d\u2019outre-mer.<\/p>\n\n\t\t<\/div>\n\t<\/div>\n<\/div><\/div><\/div><div class=\"wpb_column vc_column_container vc_col-md-6\"><div class=\"vc_column-inner\"><div class=\"wpb_wrapper\">\n\t<div class=\"wpb_video_widget wpb_content_element vc_clearfix  wpb_animate_when_almost_visible wpb_fadeIn fadeIn  vc_video-aspect-ratio-169 vc_video-el-width-100 vc_video-align-center\" >\n\t\t<div class=\"wpb_wrapper\">\n\t\t\t<h2 class=\"wpb_heading wpb_video_heading\">D\u00c9COUVREZ AIREX INDUSTRIES<\/h2>\n\t\t\t<div class=\"wpb_video_wrapper\"><iframe loading=\"lazy\" title=\"Airex Industries Corporate Video showing the Manufacturing Facility\" width=\"500\" height=\"281\" src=\"https:\/\/www.youtube.com\/embed\/JMY9ah6xbn8?feature=oembed\" frameborder=\"0\" allow=\"accelerometer; autoplay; clipboard-write; encrypted-media; gyroscope; picture-in-picture; web-share\" referrerpolicy=\"strict-origin-when-cross-origin\" allowfullscreen><\/iframe><\/div>\n\t\t<\/div>\n\t<\/div>\n<div class=\"vc_empty_space\"   style=\"height: 10px\"><span class=\"vc_empty_space_inner\"><\/span><\/div>\n\t<div  class=\"wpb_single_image wpb_content_element vc_align_left wpb_content_element\">\n\t\t\n\t\t<figure class=\"wpb_wrapper vc_figure\">\n\t\t\t<div class=\"vc_single_image-wrapper   vc_box_border_grey\"><img loading=\"lazy\" decoding=\"async\" width=\"1024\" height=\"612\" src=\"https:\/\/airex-industries.com\/wp-content\/uploads\/2024\/10\/airex-team-2024-1024x612-1.webp\" class=\"vc_single_image-img attachment-full\" alt=\"\" title=\"airex-team-2024-1024x612\" srcset=\"https:\/\/airex-industries.com\/wp-content\/uploads\/2024\/10\/airex-team-2024-1024x612-1.webp 1024w, https:\/\/airex-industries.com\/wp-content\/uploads\/2024\/10\/airex-team-2024-1024x612-1-300x179.webp 300w, https:\/\/airex-industries.com\/wp-content\/uploads\/2024\/10\/airex-team-2024-1024x612-1-768x459.webp 768w, https:\/\/airex-industries.com\/wp-content\/uploads\/2024\/10\/airex-team-2024-1024x612-1-18x12.webp 18w\" sizes=\"auto, (max-width: 1024px) 100vw, 1024px\" \/><\/div>\n\t\t<\/figure>\n\t<\/div>\n<\/div><\/div><\/div><\/div><div class=\"vc_row wpb_row vc_row-fluid vc_custom_1460122436961\"><div class=\"wpb_column vc_column_container vc_col-md-12\"><div class=\"vc_column-inner\"><div class=\"wpb_wrapper\"><h2 style=\"text-align: left\" class=\"vc_custom_heading vc_do_custom_heading title\" >HISTOIRE DE L'ENTREPRISE<\/h2><div class=\"vc_empty_space\"   style=\"height: 20px\"><span class=\"vc_empty_space_inner\"><\/span><\/div><div class=\"timeline\"><div class=\"timeline-item\"><div class=\"timeline-year\">1975<\/div><div class=\"timeline-content\"><h3 class=\"timeline-title\">Des d\u00e9buts modestes<\/h3><div class=\"timeline-text\">Airex Industries est fond\u00e9e \u00e0 Anjou, Qu\u00e9bec.<\/div><\/div><\/div><div class=\"timeline-item\"><div class=\"timeline-year\">1986<\/div><div class=\"timeline-content\"><h3 class=\"timeline-title\">Partenariat cl\u00e9<\/h3><div class=\"timeline-text\">Airex Industries \u00e9tablit un partenariat strat\u00e9gique avec A. Boudreault Ventilation Inc. (ABV), une entreprise bas\u00e9e \u00e0 Ste-Rosalie, au Qu\u00e9bec, pour produire des syst\u00e8mes de d\u00e9poussi\u00e9rage haute performance con\u00e7us par Airex. Cette collaboration combine l\u2019expertise en conception innovante d\u2019Airex avec l\u2019excellence en fabrication d\u2019ABV pour fournir des solutions sup\u00e9rieures pour la gestion de la qualit\u00e9 de l\u2019air industriel.<\/div><\/div><\/div><div class=\"timeline-item\"><div class=\"timeline-year\">2007<\/div><div class=\"timeline-content\"><h3 class=\"timeline-title\">Fusion d'entreprise<\/h3><div class=\"timeline-text\">A. Boudreault Ventilation Inc. (ABV) fusionne avec Airex Industries pour former l'entreprise que nous connaissons aujourd'hui.<\/div><\/div><\/div><div class=\"timeline-item\"><div class=\"timeline-year\">2013<\/div><div class=\"timeline-content\"><h3 class=\"timeline-title\">Nouveau si\u00e8ge social<\/h3><div class=\"timeline-text\">Airex Industries d\u00e9m\u00e9nage dans ses nouvelles installations \u00e0 la fine pointe de la technologie situ\u00e9es au 2500 Bernard-Lefebvre, \u00e0 Laval, Qu\u00e9bec, Canada.<\/div><\/div><\/div><\/div><\/div><\/div><\/div><\/div><div class=\"vc_row wpb_row vc_row-fluid vc_custom_1453212299071\"><div class=\"wpb_column vc_column_container vc_col-md-12\"><div class=\"vc_column-inner\"><div class=\"wpb_wrapper\"><h2 style=\"color: #000000;text-align: left\" class=\"vc_custom_heading vc_do_custom_heading title vc_custom_1732206545378\" >L'\u00c9QUIPE AIREX INDUSTRIES<\/h2><\/div><\/div><\/div><\/div><div class=\"vc_row wpb_row vc_row-fluid vc_custom_1732205931308\"><div class=\"wpb_column vc_column_container vc_col-md-12\"><div class=\"vc_column-inner\"><div class=\"wpb_wrapper\"><div class='team team-col-4'><div class='member'><div class='member-wrap'><div class='member-image'><a href='https:\/\/airex-industries.com\/fr\/media-centre\/team\/tony-vasilakos\/'><img loading=\"lazy\" decoding=\"async\" width=\"374\" height=\"273\" src=\"https:\/\/airex-industries.com\/wp-content\/uploads\/2024\/07\/tony-vasilakos-374x273-1.webp\" class=\"attachment-anps-team size-anps-team wp-post-image\" alt=\"Tony Vasilakos\" srcset=\"https:\/\/airex-industries.com\/wp-content\/uploads\/2024\/07\/tony-vasilakos-374x273-1.webp 374w, https:\/\/airex-industries.com\/wp-content\/uploads\/2024\/07\/tony-vasilakos-374x273-1-300x219.webp 300w, https:\/\/airex-industries.com\/wp-content\/uploads\/2024\/07\/tony-vasilakos-374x273-1-16x12.webp 16w\" sizes=\"auto, (max-width: 374px) 100vw, 374px\" \/><\/a><\/div><a href='https:\/\/airex-industries.com\/fr\/media-centre\/team\/tony-vasilakos\/'><h3 class='member-name'>Tony Vasilakos<\/h3><\/a><p class='member-desc'>Pr\u00e9sident<\/p><\/div><\/div><div class='member'><div class='member-wrap'><div class='member-image'><a href='https:\/\/airex-industries.com\/fr\/media-centre\/team\/damine-fenat\/'><img loading=\"lazy\" decoding=\"async\" width=\"374\" height=\"273\" src=\"https:\/\/airex-industries.com\/wp-content\/uploads\/2024\/07\/damien-fenat-374x273-1.webp\" class=\"attachment-anps-team size-anps-team wp-post-image\" alt=\"Damien Fenat\" srcset=\"https:\/\/airex-industries.com\/wp-content\/uploads\/2024\/07\/damien-fenat-374x273-1.webp 374w, https:\/\/airex-industries.com\/wp-content\/uploads\/2024\/07\/damien-fenat-374x273-1-300x219.webp 300w, https:\/\/airex-industries.com\/wp-content\/uploads\/2024\/07\/damien-fenat-374x273-1-16x12.webp 16w\" sizes=\"auto, (max-width: 374px) 100vw, 374px\" \/><\/a><\/div><a href='https:\/\/airex-industries.com\/fr\/media-centre\/team\/damine-fenat\/'><h3 class='member-name'>Damien Fenat<\/h3><\/a><p class='member-desc'>Vice-pr\u00e9sident<\/p><\/div><\/div><div class='member'><div class='member-wrap'><div class='member-image'><a href='https:\/\/airex-industries.com\/fr\/media-centre\/team\/stephane-papineau\/'><img loading=\"lazy\" decoding=\"async\" width=\"374\" height=\"273\" src=\"https:\/\/airex-industries.com\/wp-content\/uploads\/2024\/07\/stephane-papineau-374x273-1.webp\" class=\"attachment-anps-team size-anps-team wp-post-image\" alt=\"St\u00e9phane Papineau\" srcset=\"https:\/\/airex-industries.com\/wp-content\/uploads\/2024\/07\/stephane-papineau-374x273-1.webp 374w, https:\/\/airex-industries.com\/wp-content\/uploads\/2024\/07\/stephane-papineau-374x273-1-300x219.webp 300w, https:\/\/airex-industries.com\/wp-content\/uploads\/2024\/07\/stephane-papineau-374x273-1-16x12.webp 16w\" sizes=\"auto, (max-width: 374px) 100vw, 374px\" \/><\/a><\/div><a href='https:\/\/airex-industries.com\/fr\/media-centre\/team\/stephane-papineau\/'><h3 class='member-name'>St\u00e9phane Papineau<\/h3><\/a><p class='member-desc'>Vice-pr\u00e9sident<\/p><\/div><\/div><div class='member'><div class='member-wrap'><div class='member-image'><a href='https:\/\/airex-industries.com\/fr\/media-centre\/team\/lance-chen\/'><img loading=\"lazy\" decoding=\"async\" width=\"374\" height=\"273\" src=\"https:\/\/airex-industries.com\/wp-content\/uploads\/2024\/07\/lance-chen-374x273-1.webp\" class=\"attachment-anps-team size-anps-team wp-post-image\" alt=\"Lance Chen\" srcset=\"https:\/\/airex-industries.com\/wp-content\/uploads\/2024\/07\/lance-chen-374x273-1.webp 374w, https:\/\/airex-industries.com\/wp-content\/uploads\/2024\/07\/lance-chen-374x273-1-300x219.webp 300w, https:\/\/airex-industries.com\/wp-content\/uploads\/2024\/07\/lance-chen-374x273-1-16x12.webp 16w\" sizes=\"auto, (max-width: 374px) 100vw, 374px\" \/><\/a><\/div><a href='https:\/\/airex-industries.com\/fr\/media-centre\/team\/lance-chen\/'><h3 class='member-name'>Lance Chen<\/h3><\/a><p class='member-desc'>Directeur de l'ing\u00e9nierie<\/p><\/div><\/div><div class='member'><div class='member-wrap'><div class='member-image'><a href='https:\/\/airex-industries.com\/fr\/media-centre\/team\/andre-julien\/'><img loading=\"lazy\" decoding=\"async\" width=\"374\" height=\"273\" src=\"https:\/\/airex-industries.com\/wp-content\/uploads\/2024\/09\/andre-julien-374x273-1.png\" class=\"attachment-anps-team size-anps-team wp-post-image\" alt=\"Andr\u00e9 Julien\" srcset=\"https:\/\/airex-industries.com\/wp-content\/uploads\/2024\/09\/andre-julien-374x273-1.png 374w, https:\/\/airex-industries.com\/wp-content\/uploads\/2024\/09\/andre-julien-374x273-1-300x219.png 300w, https:\/\/airex-industries.com\/wp-content\/uploads\/2024\/09\/andre-julien-374x273-1-16x12.png 16w\" sizes=\"auto, (max-width: 374px) 100vw, 374px\" \/><\/a><\/div><a href='https:\/\/airex-industries.com\/fr\/media-centre\/team\/andre-julien\/'><h3 class='member-name'>Andr\u00e9 Julien<\/h3><\/a><p class='member-desc'>Vendeur<\/p><\/div><\/div><div class='member'><div class='member-wrap'><div class='member-image'><a href='https:\/\/airex-industries.com\/fr\/media-centre\/team\/renaud-simard\/'><img loading=\"lazy\" decoding=\"async\" width=\"374\" height=\"273\" src=\"https:\/\/airex-industries.com\/wp-content\/uploads\/2024\/09\/renaud-simard-374x273-1.png\" class=\"attachment-anps-team size-anps-team wp-post-image\" alt=\"Renaud Simard\" srcset=\"https:\/\/airex-industries.com\/wp-content\/uploads\/2024\/09\/renaud-simard-374x273-1.png 374w, https:\/\/airex-industries.com\/wp-content\/uploads\/2024\/09\/renaud-simard-374x273-1-300x219.png 300w, https:\/\/airex-industries.com\/wp-content\/uploads\/2024\/09\/renaud-simard-374x273-1-16x12.png 16w\" sizes=\"auto, (max-width: 374px) 100vw, 374px\" \/><\/a><\/div><a href='https:\/\/airex-industries.com\/fr\/media-centre\/team\/renaud-simard\/'><h3 class='member-name'>Renaud Simard<\/h3><\/a><p class='member-desc'>Vendeur<\/p><\/div><\/div><div class='member'><div class='member-wrap'><div class='member-image'><a href='https:\/\/airex-industries.com\/fr\/media-centre\/team\/tameem-khreisat\/'><img loading=\"lazy\" decoding=\"async\" width=\"374\" height=\"273\" src=\"https:\/\/airex-industries.com\/wp-content\/uploads\/2024\/07\/tameem-khreisat-374x273-1.webp\" class=\"attachment-anps-team size-anps-team wp-post-image\" alt=\"Tameem Khreisat\" srcset=\"https:\/\/airex-industries.com\/wp-content\/uploads\/2024\/07\/tameem-khreisat-374x273-1.webp 374w, https:\/\/airex-industries.com\/wp-content\/uploads\/2024\/07\/tameem-khreisat-374x273-1-300x219.webp 300w, https:\/\/airex-industries.com\/wp-content\/uploads\/2024\/07\/tameem-khreisat-374x273-1-16x12.webp 16w\" sizes=\"auto, (max-width: 374px) 100vw, 374px\" \/><\/a><\/div><a href='https:\/\/airex-industries.com\/fr\/media-centre\/team\/tameem-khreisat\/'><h3 class='member-name'>Tameem Khreisat<\/h3><\/a><p class='member-desc'>Chef de projet \/ Ing\u00e9nieur<\/p><\/div><\/div><div class='member'><div class='member-wrap'><div class='member-image'><a href='https:\/\/airex-industries.com\/fr\/media-centre\/team\/vincent-noel-pelletier\/'><img loading=\"lazy\" decoding=\"async\" width=\"374\" height=\"273\" src=\"https:\/\/airex-industries.com\/wp-content\/uploads\/2024\/07\/vincent-noel-pelletier-374x273-1.webp\" class=\"attachment-anps-team size-anps-team wp-post-image\" alt=\"Vincent No\u00ebl-Pelletier\" srcset=\"https:\/\/airex-industries.com\/wp-content\/uploads\/2024\/07\/vincent-noel-pelletier-374x273-1.webp 374w, https:\/\/airex-industries.com\/wp-content\/uploads\/2024\/07\/vincent-noel-pelletier-374x273-1-300x219.webp 300w, https:\/\/airex-industries.com\/wp-content\/uploads\/2024\/07\/vincent-noel-pelletier-374x273-1-16x12.webp 16w\" sizes=\"auto, (max-width: 374px) 100vw, 374px\" \/><\/a><\/div><a href='https:\/\/airex-industries.com\/fr\/media-centre\/team\/vincent-noel-pelletier\/'><h3 class='member-name'>Vincent No\u00ebl-Pelletier<\/h3><\/a><p class='member-desc'>Chef de projet \/ Ing\u00e9nieur<\/p><\/div><\/div><div class='member'><div class='member-wrap'><div class='member-image'><a href='https:\/\/airex-industries.com\/fr\/media-centre\/team\/anchuthan-kanapathippillai\/'><img loading=\"lazy\" decoding=\"async\" width=\"374\" height=\"273\" src=\"https:\/\/airex-industries.com\/wp-content\/uploads\/2024\/11\/anchuthan-kanapathippillai-374x273-1.webp\" class=\"attachment-anps-team size-anps-team wp-post-image\" alt=\"Anchuthan Kanapathippillai\" srcset=\"https:\/\/airex-industries.com\/wp-content\/uploads\/2024\/11\/anchuthan-kanapathippillai-374x273-1.webp 374w, https:\/\/airex-industries.com\/wp-content\/uploads\/2024\/11\/anchuthan-kanapathippillai-374x273-1-300x219.webp 300w, https:\/\/airex-industries.com\/wp-content\/uploads\/2024\/11\/anchuthan-kanapathippillai-374x273-1-16x12.webp 16w\" sizes=\"auto, (max-width: 374px) 100vw, 374px\" \/><\/a><\/div><a href='https:\/\/airex-industries.com\/fr\/media-centre\/team\/anchuthan-kanapathippillai\/'><h3 class='member-name'>Anchuthan Kanapathippillai<\/h3><\/a><p class='member-desc'>Ing\u00e9nieur de projet<\/p><\/div><\/div><\/div><\/div><\/div><\/div><\/div><div class=\"vc_row wpb_row vc_row-fluid\"><div class=\"wpb_column vc_column_container vc_col-md-12\"><div class=\"vc_column-inner\"><div class=\"wpb_wrapper\">\n\t<div class=\"wpb_raw_code wpb_raw_html wpb_content_element\" >\n\t\t<div class=\"wpb_wrapper\">\n\t\t\t<style>\n.member-name {\n    font-size: 14px;\n    text-transform: uppercase;\n    font-weight: 600;\n    text-align:center;\n}\n\n.vc_custom_1730843109391, .vc_custom_1731957207146 {\n    padding-top: 56px !important;\n}\n\n.vc_custom_1732206545378{\nmargin-bottom:38px;\n}\n\n.member-desc{\ncolor:#9c1c20;\nbackground:#eeeeee;\ntext-align:center;\n}\n\n.member>.member-wrap>.member-image>a{\n    pointer-events: none;\n    cursor: default;\n}\n\n.member>.member-wrap>a{\n    pointer-events: none;\n    cursor: default;\n}\n\n\n.wpb_video_heading{\nmargin-bottom:40px!important;\n}\n\n.wpb_button, .wpb_content_element, ul.wpb_thumbnails-fluid>li {\n    margin-bottom: 35px;\n    margin-top: -20px;\n}\n\n@media (min-width: 1000px) {\n    .member {\n        margin-top: 20px !important;\n        width: 33.3333%;\n    }\n}\n\n<\/style>\n\t\t<\/div>\n\t<\/div>\n<\/div><\/div><\/div><\/div><div data-vc-full-width=\"true\" data-vc-full-width-temp=\"true\" data-vc-full-width-init=\"false\" class=\"vc_row wpb_row vc_row-fluid no-bottom-padding-row vc_custom_1722348441153 vc_row-has-fill\"><div class=\"wpb_column vc_column_container vc_col-md-12\"><div class=\"vc_column-inner vc_custom_1453297044468\"><div class=\"wpb_wrapper\"><div class=\"download\"><div class='download-content text-uppercase' style='color: #ffffff'><i class='fa fas fa-file-pdf'><\/i> T\u00c9L\u00c9CHARGEZ UN CATALOGUE DE NOTRE HISTOIRE ET DE NOS SERVICES<\/div><a target='_blank' href='\/wp-content\/uploads\/2024\/09\/Airex_FR-Edition-4.0NEW.pdf' class='btn btn-md btn-dark btn-shadow'><i class='fa fas fa-cloud-download-alt'><\/i> T\u00c9L\u00c9CHARGER<\/a><\/div><\/div><\/div><\/div><\/div><div class=\"vc_row-full-width vc_clearfix\"><\/div>\n<\/div>","protected":false},"excerpt":{"rendered":"Anchuthan Kanapathippillai Lorem ipsum dolor sit amet, consectetur adipiscing elit. Mauris a enim aliquam, condimentum nisl a, laoreet lectus. Aliquam convallis sed elit nec vehicula. Praesent gravida, massa sit amet ullamcorper fringilla, tortor nunc ultrices dui, in tristique leo leo &hellip;","protected":false},"author":2,"featured_media":0,"parent":0,"menu_order":0,"comment_status":"closed","ping_status":"closed","template":"","meta":{"content-type":"","footnotes":""},"class_list":["post-1408","page","type-page","status-publish","hentry"],"_links":{"self":[{"href":"https:\/\/airex-industries.com\/fr\/wp-json\/wp\/v2\/pages\/1408","targetHints":{"allow":["GET"]}}],"collection":[{"href":"https:\/\/airex-industries.com\/fr\/wp-json\/wp\/v2\/pages"}],"about":[{"href":"https:\/\/airex-industries.com\/fr\/wp-json\/wp\/v2\/types\/page"}],"author":[{"embeddable":true,"href":"https:\/\/airex-industries.com\/fr\/wp-json\/wp\/v2\/users\/2"}],"replies":[{"embeddable":true,"href":"https:\/\/airex-industries.com\/fr\/wp-json\/wp\/v2\/comments?post=1408"}],"version-history":[{"count":0,"href":"https:\/\/airex-industries.com\/fr\/wp-json\/wp\/v2\/pages\/1408\/revisions"}],"wp:attachment":[{"href":"https:\/\/airex-industries.com\/fr\/wp-json\/wp\/v2\/media?parent=1408"}],"curies":[{"name":"wp","href":"https:\/\/api.w.org\/{rel}","templated":true}]}}