{"id":1436,"date":"2024-11-01T14:52:43","date_gmt":"2024-11-01T14:52:43","guid":{"rendered":"http:\/\/anpsthemes.com\/construction\/?page_id=1436"},"modified":"2024-11-08T21:57:05","modified_gmt":"2024-11-08T21:57:05","slug":"services","status":"publish","type":"page","link":"https:\/\/airex-industries.com\/fr\/services\/","title":{"rendered":"Services"},"content":{"rendered":"<div class=\"wpb-content-wrapper\"><div class=\"vc_row wpb_row vc_row-fluid vc_custom_1453287409122\"><div class=\"wpb_column vc_column_container vc_col-md-4\"><div class=\"vc_column-inner\"><div class=\"wpb_wrapper\"><div class='featured featured-has-link featured-has-icon featured-has-content'><div class='featured-header'><a target='_self' href='\/fr\/services\/ingenierie-construction\/'><img alt='ING\u00c9NIERIE CONSTRUCTION' src='https:\/\/airex-industries.com\/wp-content\/uploads\/2024\/08\/engineering-services-722x368-1.webp'\/><\/a><\/div><div class='featured-content'><h3 class='featured-title text-uppercase'><a target='_self' href='\/fr\/services\/ingenierie-construction\/'><i class='fas fa-drafting-compass'><\/i>ING\u00c9NIERIE CONSTRUCTION<\/a><\/h3><p class='featured-desc'>Depuis plus d\u2019un demi-si\u00e8cle, Airex Industries planifie, con\u00e7oit et met en \u0153uvre des solutions pour des projets commerciaux et industriels \u00e0 travers le globe.<\/p><a class='btn btn-md btn-minimal' target='_self' href='\/fr\/services\/ingenierie-construction\/'>EN SAVOIR PLUS<\/a><\/div><\/div><div class=\"vc_empty_space\"   style=\"height: 24px\"><span class=\"vc_empty_space_inner\"><\/span><\/div><div class='featured featured-has-link featured-has-icon featured-has-content'><div class='featured-header'><a target='_self' href='\/fr\/services\/installation-maintenance\/'><img alt='INSTALLATION &amp; MAINTENANCE' src='https:\/\/airex-industries.com\/wp-content\/uploads\/2024\/08\/installation-722x368-1.jpg'\/><\/a><\/div><div class='featured-content'><h3 class='featured-title text-uppercase'><a target='_self' href='\/fr\/services\/installation-maintenance\/'><div class=\"featured-custom-icon\"><img loading=\"lazy\" decoding=\"async\" width=\"612\" height=\"612\" src=\"https:\/\/airex-industries.com\/wp-content\/uploads\/2024\/08\/installation-maintenance-white.png\" class=\"attachment-full size-full\" alt=\"\" srcset=\"https:\/\/airex-industries.com\/wp-content\/uploads\/2024\/08\/installation-maintenance-white.png 612w, https:\/\/airex-industries.com\/wp-content\/uploads\/2024\/08\/installation-maintenance-white-300x300.png 300w, https:\/\/airex-industries.com\/wp-content\/uploads\/2024\/08\/installation-maintenance-white-150x150.png 150w, https:\/\/airex-industries.com\/wp-content\/uploads\/2024\/08\/installation-maintenance-white-12x12.png 12w\" sizes=\"auto, (max-width: 612px) 100vw, 612px\" \/><img loading=\"lazy\" decoding=\"async\" width=\"612\" height=\"612\" src=\"https:\/\/airex-industries.com\/wp-content\/uploads\/2024\/08\/installation-maintenance-red.png\" class=\"featured-custom-icon-hover\" alt=\"\" srcset=\"https:\/\/airex-industries.com\/wp-content\/uploads\/2024\/08\/installation-maintenance-red.png 612w, https:\/\/airex-industries.com\/wp-content\/uploads\/2024\/08\/installation-maintenance-red-300x300.png 300w, https:\/\/airex-industries.com\/wp-content\/uploads\/2024\/08\/installation-maintenance-red-150x150.png 150w, https:\/\/airex-industries.com\/wp-content\/uploads\/2024\/08\/installation-maintenance-red-12x12.png 12w\" sizes=\"auto, (max-width: 612px) 100vw, 612px\" \/><\/div>INSTALLATION &amp; MAINTENANCE<\/a><\/h3><p class='featured-desc'>Choisir Airex industries comme ma\u00eetre d\u2019\u0153uvre c\u2019est octroyer \u00e0 une \u00e9quipe de confiance la gestion cl\u00e9 en main de votre projet.<\/p>\n<div id=\"gtx-trans\" style=\"position: absolute; left: -97px; top: -10px;\">\n<div class=\"gtx-trans-icon\"><\/div>\n<\/div>\n<p><\/p><a class='btn btn-md btn-minimal' target='_self' href='\/fr\/services\/installation-maintenance\/'>EN SAVOIR PLUS<\/a><\/div><\/div><div class=\"vc_empty_space\"   style=\"height: 24px\"><span class=\"vc_empty_space_inner\"><\/span><\/div><\/div><\/div><\/div><div class=\"wpb_column vc_column_container vc_col-md-4\"><div class=\"vc_column-inner\"><div class=\"wpb_wrapper\"><div class='featured featured-has-link featured-has-icon featured-has-content'><div class='featured-header'><a target='_self' href='\/fr\/services\/manufacturier-industriel\/'><img alt='MANUFACTURIER INDUSTRIEL' src='https:\/\/airex-industries.com\/wp-content\/uploads\/2024\/08\/industrial-manufacturing-722x368-1.jpg'\/><\/a><\/div><div class='featured-content'><h3 class='featured-title text-uppercase'><a target='_self' href='\/fr\/services\/manufacturier-industriel\/'><div class=\"featured-custom-icon\"><img loading=\"lazy\" decoding=\"async\" width=\"612\" height=\"612\" src=\"https:\/\/airex-industries.com\/wp-content\/uploads\/2024\/07\/industrial_manufacturer-white.png\" class=\"attachment-full size-full\" alt=\"Manufacturier industriel\" srcset=\"https:\/\/airex-industries.com\/wp-content\/uploads\/2024\/07\/industrial_manufacturer-white.png 612w, https:\/\/airex-industries.com\/wp-content\/uploads\/2024\/07\/industrial_manufacturer-white-300x300.png 300w, https:\/\/airex-industries.com\/wp-content\/uploads\/2024\/07\/industrial_manufacturer-white-150x150.png 150w, https:\/\/airex-industries.com\/wp-content\/uploads\/2024\/07\/industrial_manufacturer-white-12x12.png 12w\" sizes=\"auto, (max-width: 612px) 100vw, 612px\" \/><img loading=\"lazy\" decoding=\"async\" width=\"612\" height=\"612\" src=\"https:\/\/airex-industries.com\/wp-content\/uploads\/2024\/07\/industrial_manufacturer-red.png\" class=\"featured-custom-icon-hover\" alt=\"Manufacturier industriel\" srcset=\"https:\/\/airex-industries.com\/wp-content\/uploads\/2024\/07\/industrial_manufacturer-red.png 612w, https:\/\/airex-industries.com\/wp-content\/uploads\/2024\/07\/industrial_manufacturer-red-300x300.png 300w, https:\/\/airex-industries.com\/wp-content\/uploads\/2024\/07\/industrial_manufacturer-red-150x150.png 150w, https:\/\/airex-industries.com\/wp-content\/uploads\/2024\/07\/industrial_manufacturer-red-12x12.png 12w\" sizes=\"auto, (max-width: 612px) 100vw, 612px\" \/><\/div>MANUFACTURIER INDUSTRIEL<\/a><\/h3><p class='featured-desc'>Notre usine affiche une capacit\u00e9 annuelle de 350 r\u00e9alisations et compte 75 employ\u00e9s. Nos appareils sont vendus partout au monde.<\/p><a class='btn btn-md btn-minimal' target='_self' href='\/fr\/services\/manufacturier-industriel\/'>EN SAVOIR PLUS<\/a><\/div><\/div><div class=\"vc_empty_space\"   style=\"height: 24px\"><span class=\"vc_empty_space_inner\"><\/span><\/div><div class='featured featured-has-link featured-has-icon featured-has-content'><div class='featured-header'><a target='_self' href='\/fr\/services\/controle-de-procedes\/'><img alt='CONTR\u00d4LE DE PROC\u00c9D\u00c9S' src='https:\/\/airex-industries.com\/wp-content\/uploads\/2024\/08\/process-control-machinery-722x368-1.webp'\/><\/a><\/div><div class='featured-content'><h3 class='featured-title text-uppercase'><a target='_self' href='\/fr\/services\/controle-de-procedes\/'><div class=\"featured-custom-icon\"><img loading=\"lazy\" decoding=\"async\" width=\"612\" height=\"612\" src=\"https:\/\/airex-industries.com\/wp-content\/uploads\/2024\/08\/process-control-white.png\" class=\"attachment-full size-full\" alt=\"\" srcset=\"https:\/\/airex-industries.com\/wp-content\/uploads\/2024\/08\/process-control-white.png 612w, https:\/\/airex-industries.com\/wp-content\/uploads\/2024\/08\/process-control-white-300x300.png 300w, https:\/\/airex-industries.com\/wp-content\/uploads\/2024\/08\/process-control-white-150x150.png 150w, https:\/\/airex-industries.com\/wp-content\/uploads\/2024\/08\/process-control-white-12x12.png 12w\" sizes=\"auto, (max-width: 612px) 100vw, 612px\" \/><img loading=\"lazy\" decoding=\"async\" width=\"612\" height=\"612\" src=\"https:\/\/airex-industries.com\/wp-content\/uploads\/2024\/08\/process-control-red.png\" class=\"featured-custom-icon-hover\" alt=\"\" srcset=\"https:\/\/airex-industries.com\/wp-content\/uploads\/2024\/08\/process-control-red.png 612w, https:\/\/airex-industries.com\/wp-content\/uploads\/2024\/08\/process-control-red-300x300.png 300w, https:\/\/airex-industries.com\/wp-content\/uploads\/2024\/08\/process-control-red-150x150.png 150w, https:\/\/airex-industries.com\/wp-content\/uploads\/2024\/08\/process-control-red-12x12.png 12w\" sizes=\"auto, (max-width: 612px) 100vw, 612px\" \/><\/div>CONTR\u00d4LE DE PROC\u00c9D\u00c9S<\/a><\/h3><p class='featured-desc'>Une grande part de l\u2019efficacit\u00e9 des appareils tel qu\u2019un four industriel, un d\u00e9poussi\u00e9reur ou un syst\u00e8me d\u2019apport d\u2019air neuf est directement li\u00e9 \u00e0 la conception des panneaux de contr\u00f4les.<\/p><a class='btn btn-md btn-minimal' target='_self' href='\/fr\/services\/controle-de-procedes\/'>EN SAVOIR PLUS<\/a><\/div><\/div><div class=\"vc_empty_space\"   style=\"height: 24px\"><span class=\"vc_empty_space_inner\"><\/span><\/div><\/div><\/div><\/div><div class=\"wpb_column vc_column_container vc_col-md-4\"><div class=\"vc_column-inner\"><div class=\"wpb_wrapper\"><div class='featured featured-has-link featured-has-icon featured-has-content'><div class='featured-header'><a target='_self' href='\/fr\/services\/developpement-durable\/'><img alt='D\u00c9VELOPPEMENT DURABLE' src='https:\/\/airex-industries.com\/wp-content\/uploads\/2024\/08\/environment-722x368-1.jpg'\/><\/a><\/div><div class='featured-content'><h3 class='featured-title text-uppercase'><a target='_self' href='\/fr\/services\/developpement-durable\/'><div class=\"featured-custom-icon\"><img loading=\"lazy\" decoding=\"async\" width=\"612\" height=\"612\" src=\"https:\/\/airex-industries.com\/wp-content\/uploads\/2024\/08\/sustainable-development-white.png\" class=\"attachment-full size-full\" alt=\"D\u00e9veloppement durable\" srcset=\"https:\/\/airex-industries.com\/wp-content\/uploads\/2024\/08\/sustainable-development-white.png 612w, https:\/\/airex-industries.com\/wp-content\/uploads\/2024\/08\/sustainable-development-white-300x300.png 300w, https:\/\/airex-industries.com\/wp-content\/uploads\/2024\/08\/sustainable-development-white-150x150.png 150w, https:\/\/airex-industries.com\/wp-content\/uploads\/2024\/08\/sustainable-development-white-12x12.png 12w\" sizes=\"auto, (max-width: 612px) 100vw, 612px\" \/><img loading=\"lazy\" decoding=\"async\" width=\"612\" height=\"612\" src=\"https:\/\/airex-industries.com\/wp-content\/uploads\/2024\/08\/sustainable-development-red.png\" class=\"featured-custom-icon-hover\" alt=\"D\u00e9veloppement durable\" srcset=\"https:\/\/airex-industries.com\/wp-content\/uploads\/2024\/08\/sustainable-development-red.png 612w, https:\/\/airex-industries.com\/wp-content\/uploads\/2024\/08\/sustainable-development-red-300x300.png 300w, https:\/\/airex-industries.com\/wp-content\/uploads\/2024\/08\/sustainable-development-red-150x150.png 150w, https:\/\/airex-industries.com\/wp-content\/uploads\/2024\/08\/sustainable-development-red-12x12.png 12w\" sizes=\"auto, (max-width: 612px) 100vw, 612px\" \/><\/div>D\u00c9VELOPPEMENT DURABLE<\/a><\/h3><p class='featured-desc'>Les ressources \u00e9nerg\u00e9tiques requises par les entreprises manufacturi\u00e8res pour op\u00e9rer g\u00e9n\u00e8rent des cons\u00e9quences n\u00e9fastes sur l\u2019environnement . Celles-ci sont, pour la plupart, aux prises avec d\u2019importants rejets de gaz \u00e0 effet de serre et de contaminants a\u00e9rauliques.<\/p><a class='btn btn-md btn-minimal' target='_self' href='\/fr\/services\/developpement-durable\/'>EN SAVOIR PLUS<\/a><\/div><\/div><div class=\"vc_empty_space\"   style=\"height: 24px\"><span class=\"vc_empty_space_inner\"><\/span><\/div><div class='featured featured-has-link featured-has-icon featured-has-content'><div class='featured-header'><a target='_self' href='\/fr\/services\/service-commercial\/'><img alt='SERVICE COMMERCIAL' src='https:\/\/airex-industries.com\/wp-content\/uploads\/2024\/08\/commercial-services-722x368-1.webp'\/><\/a><\/div><div class='featured-content'><h3 class='featured-title text-uppercase'><a target='_self' href='\/fr\/services\/service-commercial\/'><div class=\"featured-custom-icon\"><img loading=\"lazy\" decoding=\"async\" width=\"86\" height=\"87\" src=\"https:\/\/airex-industries.com\/wp-content\/uploads\/2024\/08\/commercial-service-white.png\" class=\"attachment-full size-full\" alt=\"Service commercial\" srcset=\"https:\/\/airex-industries.com\/wp-content\/uploads\/2024\/08\/commercial-service-white.png 86w, https:\/\/airex-industries.com\/wp-content\/uploads\/2024\/08\/commercial-service-white-12x12.png 12w\" sizes=\"auto, (max-width: 86px) 100vw, 86px\" \/><img loading=\"lazy\" decoding=\"async\" width=\"86\" height=\"87\" src=\"https:\/\/airex-industries.com\/wp-content\/uploads\/2024\/08\/commercial-service-red.png\" class=\"featured-custom-icon-hover\" alt=\"Service commercial\" srcset=\"https:\/\/airex-industries.com\/wp-content\/uploads\/2024\/08\/commercial-service-red.png 86w, https:\/\/airex-industries.com\/wp-content\/uploads\/2024\/08\/commercial-service-red-12x12.png 12w\" sizes=\"auto, (max-width: 86px) 100vw, 86px\" \/><\/div>SERVICE COMMERCIAL<\/a><\/h3><p class='featured-desc'>Chez Airex Industries Inc., nous sommes fiers d\u2019offrir\u00a0<strong>des services commerciaux d\u2019entretien et de r\u00e9paration de qualit\u00e9 sup\u00e9rieure<\/strong>\u00a0pour tous vos besoins en climatisation, chauffage et r\u00e9frig\u00e9ration.<\/p>\n<div id=\"gtx-trans\" style=\"position: absolute; left: -71px; top: -10px;\">\n<div class=\"gtx-trans-icon\"><\/div>\n<\/div>\n<p><\/p><a class='btn btn-md btn-minimal' target='_self' href='\/fr\/services\/service-commercial\/'>EN SAVOIR PLUS<\/a><\/div><\/div><div class=\"vc_empty_space\"   style=\"height: 24px\"><span class=\"vc_empty_space_inner\"><\/span><\/div><\/div><\/div><\/div><\/div><div class=\"vc_row wpb_row vc_row-fluid\"><div class=\"wpb_column vc_column_container vc_col-md-12\"><div class=\"vc_column-inner\"><div class=\"wpb_wrapper\">\n\t<div class=\"wpb_raw_code wpb_raw_html wpb_content_element\" >\n\t\t<div class=\"wpb_wrapper\">\n\t\t\t<style>\n.featured:not(.product) .featured-desc {\n    line-height: 22px;\n}\n<\/style>\n\t\t<\/div>\n\t<\/div>\n<\/div><\/div><\/div><\/div><div data-vc-full-width=\"true\" data-vc-full-width-temp=\"true\" data-vc-full-width-init=\"false\" class=\"vc_row wpb_row vc_row-fluid vc_custom_1721862293587 vc_row-has-fill\"><div class=\"wpb_column vc_column_container vc_col-md-12\"><div class=\"vc_column-inner vc_custom_1453295795563\"><div class=\"wpb_wrapper\"><div class=\"download\"><div class='download-content text-uppercase' style='color: #ffffff'><i class='fa fas fa-file-pdf'><\/i> T\u00c9L\u00c9CHARGEZ UN CATALOGUE DE NOTRE HISTOIRE ET DE NOS SERVICES<\/div><a target='_self' href='\/wp-content\/uploads\/2024\/09\/Airex_FR-Edition-4.0NEW.pdf' class='btn btn-md btn-dark btn-shadow'><i class='fa fas fa-cloud-download-alt'><\/i> T\u00c9L\u00c9CHARGER<\/a><\/div><\/div><\/div><\/div><\/div><div class=\"vc_row-full-width vc_clearfix\"><\/div>\n<\/div>","protected":false},"excerpt":{"rendered":"DESIGN-BUILD ENGINEERINGAirex Industries has been\u00a0planning, designing, and installing commercial and industrial projects around the world for more than a half-century.LEARN MOREINSTALLATION &amp; MAINTENANCEChoosing Airex Industries as your prime contractor means entrusting a winning team with the turnkey management of your &hellip;","protected":false},"author":2,"featured_media":0,"parent":0,"menu_order":0,"comment_status":"closed","ping_status":"closed","template":"","meta":{"content-type":"","footnotes":""},"class_list":["post-1436","page","type-page","status-publish","hentry"],"_links":{"self":[{"href":"https:\/\/airex-industries.com\/fr\/wp-json\/wp\/v2\/pages\/1436","targetHints":{"allow":["GET"]}}],"collection":[{"href":"https:\/\/airex-industries.com\/fr\/wp-json\/wp\/v2\/pages"}],"about":[{"href":"https:\/\/airex-industries.com\/fr\/wp-json\/wp\/v2\/types\/page"}],"author":[{"embeddable":true,"href":"https:\/\/airex-industries.com\/fr\/wp-json\/wp\/v2\/users\/2"}],"replies":[{"embeddable":true,"href":"https:\/\/airex-industries.com\/fr\/wp-json\/wp\/v2\/comments?post=1436"}],"version-history":[{"count":0,"href":"https:\/\/airex-industries.com\/fr\/wp-json\/wp\/v2\/pages\/1436\/revisions"}],"wp:attachment":[{"href":"https:\/\/airex-industries.com\/fr\/wp-json\/wp\/v2\/media?parent=1436"}],"curies":[{"name":"wp","href":"https:\/\/api.w.org\/{rel}","templated":true}]}}