{"id":1461,"date":"2016-01-19T15:44:38","date_gmt":"2016-01-19T15:44:38","guid":{"rendered":"http:\/\/anpsthemes.com\/construction\/?page_id=1461"},"modified":"2025-12-01T07:31:06","modified_gmt":"2025-12-01T12:31:06","slug":"projets","status":"publish","type":"page","link":"https:\/\/airex-industries.com\/fr\/about-us\/projects\/","title":{"rendered":"Projets"},"content":{"rendered":"<div class=\"wpb-content-wrapper\"><div class=\"vc_row wpb_row vc_row-fluid\"><div class=\"wpb_column vc_column_container vc_col-md-12\"><div class=\"vc_column-inner\"><div class=\"wpb_wrapper\"><h2 style=\"text-align: left\" class=\"vc_custom_heading vc_do_custom_heading title\" >NOS PROJETS<\/h2><div class=\"vc_empty_space\"   style=\"height: 15px\"><span class=\"vc_empty_space_inner\"><\/span><\/div>\n\t<div class=\"wpb_text_column wpb_content_element wpb_animate_when_almost_visible wpb_zoomInLeft zoomInLeft\" >\n\t\t<div class=\"wpb_wrapper\">\n\t\t\t<p>Airex Industries s'est associ\u00e9e aux principaux fabricants du monde entier pour relever les d\u00e9fis les plus difficiles en mati\u00e8re de qualit\u00e9 de l'air int\u00e9rieur. Nos solutions innovantes et personnalis\u00e9es ont transform\u00e9 les lieux de travail \u00e0 travers le monde. D\u00e9couvrez comment nous y parvenons.<\/p>\n\n\t\t<\/div>\n\t<\/div>\n<\/div><\/div><\/div><\/div><div class=\"vc_row wpb_row vc_row-fluid vc_custom_1453297416098\"><div class=\"wpb_animate_when_almost_visible wpb_zoomInUp zoomInUp wpb_column vc_column_container vc_col-md-12\"><div class=\"vc_column-inner\"><div class=\"wpb_wrapper\"><div class=\"projects\"><div class='row projects-content'><div class='projects-item  col-md-4 col-xs-6'><div class='projects-item-wrap'><img decoding=\"async\" src=\"https:\/\/airex-industries.com\/wp-content\/uploads\/2025\/12\/Blackpealrs-logo-370x296-1-359x283.jpg\" alt=\"BlackPearls\" \/><div class=\"project-hover-bg\"><\/div><div class=\"project-hover\"><h3 class='project-title text-uppercase'>BlackPearls<\/h3><p class='project-desc'>BlackPearls, partenaire mondial dans le secteur minier, offre expertise, ing\u00e9nierie et solutions pour l\u2019approvisionnement et le traitement des minerais.<\/p><a class='btn btn-md' href='https:\/\/airex-industries.com\/fr\/media-centre\/portfolio\/black-pearls\/'>Read more<\/a><\/div><\/div><\/div><div class='projects-item  col-md-4 col-xs-6'><div class='projects-item-wrap'><img decoding=\"async\" src=\"https:\/\/airex-industries.com\/wp-content\/uploads\/2016\/01\/general-electric-logo-370x296-1-359x283.webp\" alt=\"General Electric\" \/><div class=\"project-hover-bg\"><\/div><div class=\"project-hover\"><h3 class='project-title text-uppercase'>General Electric<\/h3><p class='project-desc'>General Electric \u00e9tait confront\u00e9e \u00e0 un probl\u00e8me de s\u00e9curit\u00e9 important pendant la phase de forage de la production. D\u00e9couvrez comment nous l'avons r\u00e9solu.<\/p><a class='btn btn-md' href='https:\/\/airex-industries.com\/fr\/media-centre\/portfolio\/general-electric\/'>Read more<\/a><\/div><\/div><\/div><div class='projects-item  col-md-4 col-xs-6'><div class='projects-item-wrap'><img decoding=\"async\" src=\"https:\/\/airex-industries.com\/wp-content\/uploads\/2024\/09\/voith-370x296-1-359x283.webp\" alt=\"Voith Siemens Hydro\" \/><div class=\"project-hover-bg\"><\/div><div class=\"project-hover\"><h3 class='project-title text-uppercase'>Voith Siemens Hydro<\/h3><p class='project-desc'>Un chalumeau \u00e0 poudre personnalis\u00e9 coupant la nappe phr\u00e9atique, con\u00e7u pour couper de l'acier de plus de 10 pouces d'\u00e9paisseur, a g\u00e9n\u00e9r\u00e9 d'importantes quantit\u00e9s de fum\u00e9e.<\/p><a class='btn btn-md' href='https:\/\/airex-industries.com\/fr\/media-centre\/portfolio\/voith-siemens-hydro\/'>Read more<\/a><\/div><\/div><\/div><div class='projects-item  col-md-4 col-xs-6'><div class='projects-item-wrap'><img decoding=\"async\" src=\"https:\/\/airex-industries.com\/wp-content\/uploads\/2024\/09\/cronimet-370x296-1-359x283.jpg\" alt=\"Chronimet USA\" \/><div class=\"project-hover-bg\"><\/div><div class=\"project-hover\"><h3 class='project-title text-uppercase'>Chronimet USA<\/h3><p class='project-desc'>Dans les parcs \u00e0 ferraille d\u2019aujourd\u2019hui, le d\u00e9coupage au chalumeau de pi\u00e8ces m\u00e9talliques surdimensionn\u00e9es cr\u00e9e d\u2019importants d\u00e9fis en mati\u00e8re d\u2019environnement et de s\u00e9curit\u00e9.<\/p><a class='btn btn-md' href='https:\/\/airex-industries.com\/fr\/media-centre\/portfolio\/chronimet\/'>Read more<\/a><\/div><\/div><\/div><div class='projects-item  col-md-4 col-xs-6'><div class='projects-item-wrap'><img decoding=\"async\" src=\"https:\/\/airex-industries.com\/wp-content\/uploads\/2024\/09\/effective-controls-370x296-1-359x283.jpg\" alt=\"Effective Controls\" \/><div class=\"project-hover-bg\"><\/div><div class=\"project-hover\"><h3 class='project-title text-uppercase'>Effective Controls<\/h3><p class='project-desc'>Une importante usine de fabrication a contact\u00e9 Effective Controls, un distributeur d'Airex Industries, pour relever un d\u00e9fi important en mati\u00e8re de qualit\u00e9 de l'air int\u00e9rieur. <\/p><a class='btn btn-md' href='https:\/\/airex-industries.com\/fr\/media-centre\/portfolio\/effective-controls\/'>Read more<\/a><\/div><\/div><\/div><div class='projects-item  col-md-4 col-xs-6'><div class='projects-item-wrap'><img decoding=\"async\" src=\"https:\/\/airex-industries.com\/wp-content\/uploads\/2016\/01\/Keywell-Metals-logo-370x296-1-359x283.jpg\" alt=\"Keywell Metals\" \/><div class=\"project-hover-bg\"><\/div><div class=\"project-hover\"><h3 class='project-title text-uppercase'>Keywell Metals<\/h3><p class='project-desc'>Keywell Metals a \u00e9t\u00e9 confront\u00e9 \u00e0 des probl\u00e8mes de qualit\u00e9 de l\u2019air int\u00e9rieur lors des op\u00e9rations de coupage au chalumeau.<\/p><a class='btn btn-md' href='https:\/\/airex-industries.com\/fr\/media-centre\/portfolio\/keywell-metals\/'>Read more<\/a><\/div><\/div><\/div><div class='projects-item  col-md-4 col-xs-6'><div class='projects-item-wrap'><img decoding=\"async\" src=\"https:\/\/airex-industries.com\/wp-content\/uploads\/2016\/01\/Sandvik-logo-370x296webp-359x283.webp\" alt=\"Sandvik\" \/><div class=\"project-hover-bg\"><\/div><div class=\"project-hover\"><h3 class='project-title text-uppercase'>Sandvik<\/h3><p class='project-desc'>Sandvik a \u00e9t\u00e9 confront\u00e9e \u00e0 d'importants probl\u00e8mes de sant\u00e9 et de maintenance en raison de contaminants en suspension dans l'air, tels que la poussi\u00e8re m\u00e9tallique.<\/p><a class='btn btn-md' href='https:\/\/airex-industries.com\/fr\/media-centre\/portfolio\/sandvik\/'>Read more<\/a><\/div><\/div><\/div><\/div><\/div><\/div><\/div><\/div><\/div><div class=\"vc_row wpb_row vc_row-fluid\"><div class=\"wpb_column vc_column_container vc_col-md-12\"><div class=\"vc_column-inner\"><div class=\"wpb_wrapper\">\n\t<div class=\"wpb_raw_code wpb_raw_html wpb_content_element\" >\n\t\t<div class=\"wpb_wrapper\">\n\t\t\t<style>\n.project-title{\ncolor:#eeeeee!important;\nfont-weight:700\n}\n.vc_custom_1460121197769 {\n    background-color: #9c1c20 !important;\n}\n<\/style>\n\t\t<\/div>\n\t<\/div>\n<\/div><\/div><\/div><\/div><div data-vc-full-width=\"true\" data-vc-full-width-temp=\"true\" data-vc-full-width-init=\"false\" class=\"vc_row wpb_row vc_row-fluid no-bottom-padding-row vc_custom_1727712528224 vc_row-has-fill\"><div class=\"wpb_column vc_column_container vc_col-md-12\"><div class=\"vc_column-inner vc_custom_1453297356032\"><div class=\"wpb_wrapper\"><div class=\"download\"><div class='download-content text-uppercase' style='color: #ffffff'><i class='fa fas fa-file-pdf'><\/i> T\u00c9L\u00c9CHARGEZ UN CATALOGUE DE NOTRE HISTOIRE ET DE NOS SERVICES<\/div><a target='_blank' href='\/wp-content\/uploads\/2024\/09\/Airex_FR-Edition-4.0NEW.pdf' class='btn btn-md btn-dark btn-shadow'><i class='fa fas fa-cloud-download-alt'><\/i> T\u00c9L\u00c9CHARGER<\/a><\/div><\/div><\/div><\/div><\/div><div class=\"vc_row-full-width vc_clearfix\"><\/div>\n<\/div>","protected":false},"excerpt":{"rendered":"Challenge Sandvik faced significant health and maintenance challenges due to the accumulation of metal fines and dust during the deburring and machining of metal tubes. These airborne particles not only posed serious risks to workers' health but also contributed to &hellip;","protected":false},"author":2,"featured_media":0,"parent":1408,"menu_order":0,"comment_status":"closed","ping_status":"closed","template":"","meta":{"content-type":"","footnotes":""},"class_list":["post-1461","page","type-page","status-publish","hentry"],"_links":{"self":[{"href":"https:\/\/airex-industries.com\/fr\/wp-json\/wp\/v2\/pages\/1461","targetHints":{"allow":["GET"]}}],"collection":[{"href":"https:\/\/airex-industries.com\/fr\/wp-json\/wp\/v2\/pages"}],"about":[{"href":"https:\/\/airex-industries.com\/fr\/wp-json\/wp\/v2\/types\/page"}],"author":[{"embeddable":true,"href":"https:\/\/airex-industries.com\/fr\/wp-json\/wp\/v2\/users\/2"}],"replies":[{"embeddable":true,"href":"https:\/\/airex-industries.com\/fr\/wp-json\/wp\/v2\/comments?post=1461"}],"version-history":[{"count":0,"href":"https:\/\/airex-industries.com\/fr\/wp-json\/wp\/v2\/pages\/1461\/revisions"}],"up":[{"embeddable":true,"href":"https:\/\/airex-industries.com\/fr\/wp-json\/wp\/v2\/pages\/1408"}],"wp:attachment":[{"href":"https:\/\/airex-industries.com\/fr\/wp-json\/wp\/v2\/media?parent=1461"}],"curies":[{"name":"wp","href":"https:\/\/api.w.org\/{rel}","templated":true}]}}