{"id":1514,"date":"2016-01-20T09:07:13","date_gmt":"2016-01-20T09:07:13","guid":{"rendered":"http:\/\/anpsthemes.com\/construction\/?page_id=1514"},"modified":"2026-01-23T10:26:16","modified_gmt":"2026-01-23T15:26:16","slug":"ingenierie-construction","status":"publish","type":"page","link":"https:\/\/airex-industries.com\/fr\/services\/design-build-engineering\/","title":{"rendered":"Ing\u00e9nierie construction"},"content":{"rendered":"<div class=\"wpb-content-wrapper\"><div class=\"vc_row wpb_row vc_row-fluid\"><div class=\"wpb_column vc_column_container vc_col-md-12\"><div class=\"vc_column-inner\"><div class=\"wpb_wrapper\"><h2 style=\"text-align: left\" class=\"vc_custom_heading vc_do_custom_heading title wpb_animate_when_almost_visible wpb_slideInRight slideInRight\" >NOUS VOUS ASSISTONS \u00c0 CHAQUE \u00c9TAPE DE VOTRE PROJET<\/h2>\n\t<div class=\"wpb_text_column wpb_content_element wpb_animate_when_almost_visible wpb_slideInLeft slideInLeft\" >\n\t\t<div class=\"wpb_wrapper\">\n\t\t\t<p>Depuis plus d\u2019un demi-si\u00e8cle, Airex Industries\u00a0<strong>planifie, con\u00e7oit et met en \u0153uvre<\/strong> des solutions pour des projets commerciaux et industriels \u00e0 travers le globe. Nous offrons une expertise diversifi\u00e9e pour bien servir nos clients.<\/p>\n<h3 style=\"color: #9c1c20;\">Champs de comp\u00e9tences<\/h3>\n<div>\n<ul>\n<li>Syst\u00e8mes CVC<\/li>\n<li>Chauffage<\/li>\n<li>Ventilation<\/li>\n<li>Climatisation<\/li>\n<li>Traitement \u00e0 haute temp\u00e9rature (four)<\/li>\n<li>Contr\u00f4le des poussi\u00e8res<\/li>\n<li>G\u00e9othermie<\/li>\n<li>Immotique<\/li>\n<li>Syst\u00e8mes convoyeurs<\/li>\n<li>Travaux \u00e9lectriques<\/li>\n<\/ul>\n<\/div>\n<p>Nous sommes sp\u00e9cialis\u00e9s dans les projets\u00a0<strong>cl\u00e9 en main<\/strong>. Nous ne vendons pas que des appareils; nous vous fournissons des syst\u00e8mes complets con\u00e7us dans leurs moindres d\u00e9tails.<\/p>\n\n\t\t<\/div>\n\t<\/div>\n<\/div><\/div><\/div><\/div><div class=\"vc_row wpb_row vc_row-fluid\"><div class=\"wpb_column vc_column_container vc_col-md-12\"><div class=\"vc_column-inner\"><div class=\"wpb_wrapper\"><h2 style=\"color: #9c1c20;text-align: left\" class=\"vc_custom_heading vc_do_custom_heading title wpb_animate_when_almost_visible wpb_slideInRight slideInRight\" >Parce que nous savons que vous \u00eates diff\u00e9rents<\/h2>\n\t<div class=\"wpb_text_column wpb_content_element wpb_animate_when_almost_visible wpb_slideInLeft slideInLeft\" >\n\t\t<div class=\"wpb_wrapper\">\n\t\t\t<p>Nos produits sont<strong>\u00a0fabriqu\u00e9s sur mesure<\/strong> par des employ\u00e9s qui ont \u00e0 c\u0153ur leur travail. Notre \u00e9quipe\u00a0<strong>d\u2019ing\u00e9nieurs chevronn\u00e9s<\/strong>\u00a0d\u00e9termine la puissance requise pour les appareils et vous offre la solution la mieux adapt\u00e9e \u00e0 vos besoins.<\/p>\n<p>Notre travail n\u2019est pas termin\u00e9 tant que vous n\u2019\u00eates pas enti\u00e8rement satisfait. Le dimensionnement des conduits, la mise au point des hottes, les capacit\u00e9s de filtration, le choix des filtres, les exigences en mati\u00e8re de sant\u00e9 et de s\u00e9curit\u00e9 au travail (SIMDUT), les normes NFPA, l\u2019efficacit\u00e9 \u00e9nerg\u00e9tique et les imp\u00e9ratifs de production ne sont que des exemples parmi les \u00e9l\u00e9ments pris en consid\u00e9ration.<\/p>\n<p>Notre objectif est de vous fournir un syst\u00e8me dont la conception satisfait aux\u00a0<strong>normes de qualit\u00e9 les plus \u00e9lev\u00e9es<\/strong>\u00a0et ce, tout en respectant votre budget et non \u00e0 vous vendre un produit et des pi\u00e8ces de rechange.<\/p>\n\n\t\t<\/div>\n\t<\/div>\n<\/div><\/div><\/div><\/div><div class=\"vc_row wpb_row vc_row-fluid\"><div class=\"wpb_column vc_column_container vc_col-md-12\"><div class=\"vc_column-inner\"><div class=\"wpb_wrapper\"><h2 class='heading-left  divider-sm'  style='color: #9c1c20'><span>Les cl\u00e9s de notre succ\u00e8s<\/span><\/h2><\/div><\/div><\/div><\/div><div class=\"vc_row wpb_row vc_row-fluid\"><div class=\"wpb_column vc_column_container vc_col-md-3\"><div class=\"vc_column-inner\"><div class=\"wpb_wrapper\"><div class=\"vc-hoverbox-wrapper  vc_custom_1722368406809 wpb_animate_when_almost_visible wpb_zoomInUp zoomInUp vc-hoverbox-shape--square vc-hoverbox-align--center vc-hoverbox-direction--default vc-hoverbox-width--100\"  ontouchstart=\"\">\n  <div class=\"vc-hoverbox\">\n    <div class=\"vc-hoverbox-inner\">\n      <div class=\"vc-hoverbox-block vc-hoverbox-front\" style=\"background-image: url(https:\/\/airex-industries.com\/wp-content\/uploads\/2024\/07\/engineering-icon-190x260-1.jpg);\">\n        <div class=\"vc-hoverbox-block-inner vc-hoverbox-front-inner\">\n            <h2 style=\"text-align:center\">Ing\u00e9nierie<\/h2>\n        <\/div>\n      <\/div>\n      <div class=\"vc-hoverbox-block vc-hoverbox-back\" style=\"background-color: #9c1c20;\">\n        <div class=\"vc-hoverbox-block-inner vc-hoverbox-back-inner\">\n            <h2 style=\"text-align:center\">Ing\u00e9nierie<\/h2>\n            <p>Conception de solution adapt\u00e9e.<\/p>\n\n            <div class=\"vc_btn3-container vc_btn3-inline\"><a class=\"vc_general vc_btn3 vc_btn3-size-md vc_btn3-shape-rounded vc_btn3-style-modern vc_btn3-color-white\" href=\"\/fr\/services\/ingenierie-construction\/ingenierie\/\" title=\"EN SAVOIR PLUS\" target=\"_self\">EN SAVOIR PLUS<\/a><\/div>\n\n        <\/div>\n      <\/div>\n    <\/div>\n  <\/div>\n<\/div><\/div><\/div><\/div><div class=\"wpb_column vc_column_container vc_col-md-3\"><div class=\"vc_column-inner\"><div class=\"wpb_wrapper\"><div class=\"vc-hoverbox-wrapper  vc_custom_1722368288676 wpb_animate_when_almost_visible wpb_zoomInUp zoomInUp vc-hoverbox-shape--square vc-hoverbox-align--center vc-hoverbox-direction--default vc-hoverbox-width--100\"  ontouchstart=\"\">\n  <div class=\"vc-hoverbox\">\n    <div class=\"vc-hoverbox-inner\">\n      <div class=\"vc-hoverbox-block vc-hoverbox-front\" style=\"background-image: url(https:\/\/airex-industries.com\/wp-content\/uploads\/2024\/07\/integrated-design-190x260-1.jpg);\">\n        <div class=\"vc-hoverbox-block-inner vc-hoverbox-front-inner\">\n            <h2 style=\"text-align:center\">Conception int\u00e9gr\u00e9e<\/h2>\n        <\/div>\n      <\/div>\n      <div class=\"vc-hoverbox-block vc-hoverbox-back\" style=\"background-color: #9c1c20;\">\n        <div class=\"vc-hoverbox-block-inner vc-hoverbox-back-inner\">\n            <h2 style=\"text-align:center\">Conception int\u00e9gr\u00e9e<\/h2>\n            <p>Am\u00e9lioration g\u00e9n\u00e9ralis\u00e9 des proc\u00e9d\u00e9s.<\/p>\n\n            <div class=\"vc_btn3-container vc_btn3-inline\"><a class=\"vc_general vc_btn3 vc_btn3-size-md vc_btn3-shape-rounded vc_btn3-style-modern vc_btn3-color-white\" href=\"\/fr\/services\/ingenierie-construction\/conception-de-projet-integree\/\" title=\"EN SAVOIR PLUS\" target=\"_self\">EN SAVOIR PLUS<\/a><\/div>\n\n        <\/div>\n      <\/div>\n    <\/div>\n  <\/div>\n<\/div><\/div><\/div><\/div><div class=\"wpb_column vc_column_container vc_col-md-3\"><div class=\"vc_column-inner\"><div class=\"wpb_wrapper\"><div class=\"vc-hoverbox-wrapper  vc_custom_1722368776071 wpb_animate_when_almost_visible wpb_zoomInUp zoomInUp vc-hoverbox-shape--square vc-hoverbox-align--center vc-hoverbox-direction--default vc-hoverbox-width--100\"  ontouchstart=\"\">\n  <div class=\"vc-hoverbox\">\n    <div class=\"vc-hoverbox-inner\">\n      <div class=\"vc-hoverbox-block vc-hoverbox-front\" style=\"background-image: url(https:\/\/airex-industries.com\/wp-content\/uploads\/2024\/07\/grants-190x260-1.jpg);\">\n        <div class=\"vc-hoverbox-block-inner vc-hoverbox-front-inner\">\n            <h2 style=\"text-align:center\">Subventions<\/h2>\n        <\/div>\n      <\/div>\n      <div class=\"vc-hoverbox-block vc-hoverbox-back\" style=\"background-color: #9c1c20;\">\n        <div class=\"vc-hoverbox-block-inner vc-hoverbox-back-inner\">\n            <h2 style=\"text-align:center\">Subventions<\/h2>\n            <p>Optimisation des subventions admissibles.<\/p>\n\n            <div class=\"vc_btn3-container vc_btn3-inline\"><a class=\"vc_general vc_btn3 vc_btn3-size-md vc_btn3-shape-rounded vc_btn3-style-modern vc_btn3-color-white\" href=\"\/fr\/services\/ingenierie-construction\/subventions\/\" title=\"EN SAVOIR PLUS\" target=\"_self\">EN SAVOIR PLUS<\/a><\/div>\n\n        <\/div>\n      <\/div>\n    <\/div>\n  <\/div>\n<\/div><\/div><\/div><\/div><div class=\"wpb_column vc_column_container vc_col-md-3\"><div class=\"vc_column-inner\"><div class=\"wpb_wrapper\"><div class=\"vc-hoverbox-wrapper  vc_custom_1722369232111 wpb_animate_when_almost_visible wpb_zoomInUp zoomInUp vc-hoverbox-shape--square vc-hoverbox-align--center vc-hoverbox-direction--default vc-hoverbox-width--100\"  ontouchstart=\"\">\n  <div class=\"vc-hoverbox\">\n    <div class=\"vc-hoverbox-inner\">\n      <div class=\"vc-hoverbox-block vc-hoverbox-front\" style=\"background-image: url(https:\/\/airex-industries.com\/wp-content\/uploads\/2024\/07\/industrial-manufacturing-190x260-1.jpg);\">\n        <div class=\"vc-hoverbox-block-inner vc-hoverbox-front-inner\">\n            <h2 style=\"text-align:center\">Manufacturier industriel<\/h2>\n        <\/div>\n      <\/div>\n      <div class=\"vc-hoverbox-block vc-hoverbox-back\" style=\"background-color: #9c1c20;\">\n        <div class=\"vc-hoverbox-block-inner vc-hoverbox-back-inner\">\n            <h2 style=\"text-align:center\">Manufacturier industriel<\/h2>\n            <p>Flexibilit\u00e9 de fabrication sur mesure.<\/p>\n\n            <div class=\"vc_btn3-container vc_btn3-inline\"><a class=\"vc_general vc_btn3 vc_btn3-size-md vc_btn3-shape-rounded vc_btn3-style-modern vc_btn3-color-white\" href=\"\/fr\/services\/manufacturier-industriel\/\" title=\"EN SAVOIR PLUS\" target=\"_self\">EN SAVOIR PLUS<\/a><\/div>\n\n        <\/div>\n      <\/div>\n    <\/div>\n  <\/div>\n<\/div><\/div><\/div><\/div><\/div><div class=\"vc_row wpb_row vc_row-fluid\"><div class=\"wpb_column vc_column_container vc_col-md-12\"><div class=\"vc_column-inner\"><div class=\"wpb_wrapper\">\n\t<div class=\"wpb_raw_code wpb_raw_html wpb_content_element\" >\n\t\t<div class=\"wpb_wrapper\">\n\t\t\t<style>\n.vc-hoverbox-block-inner,.vc-hoverbox-back-inner > h2{\ncolor:#ffffff!important;\n}\n.vc-hoverbox-block-inner, .vc-hoverbox-front-inner > h2{\ncolor:#ffffff!important;\n}\n\n.vc-hoverbox-back-inner > h2{\nfont-size:20px;\n}\n\n.vc-hoverbox-back-inner > p{\nline-height:18px;\nmargin-bottom:16px;\n}\n\n.vc-hoverbox-front-inner > h2{\nfont-size:20px;\n}\n<\/style>\n\t\t<\/div>\n\t<\/div>\n<\/div><\/div><\/div><\/div>\n<\/div>","protected":false},"excerpt":{"rendered":"WE ASSIST YOU THROUGH EVERY STAGE OF YOUR PROJECT Airex Industries has been\u00a0planning, designing, and installing commercial and industrial projects around the world for more than a half-century. Our expertise is wide and varied to better serve our customers. Our &hellip;","protected":false},"author":2,"featured_media":0,"parent":1436,"menu_order":0,"comment_status":"closed","ping_status":"closed","template":"","meta":{"content-type":"","footnotes":""},"class_list":["post-1514","page","type-page","status-publish","hentry"],"_links":{"self":[{"href":"https:\/\/airex-industries.com\/fr\/wp-json\/wp\/v2\/pages\/1514","targetHints":{"allow":["GET"]}}],"collection":[{"href":"https:\/\/airex-industries.com\/fr\/wp-json\/wp\/v2\/pages"}],"about":[{"href":"https:\/\/airex-industries.com\/fr\/wp-json\/wp\/v2\/types\/page"}],"author":[{"embeddable":true,"href":"https:\/\/airex-industries.com\/fr\/wp-json\/wp\/v2\/users\/2"}],"replies":[{"embeddable":true,"href":"https:\/\/airex-industries.com\/fr\/wp-json\/wp\/v2\/comments?post=1514"}],"version-history":[{"count":0,"href":"https:\/\/airex-industries.com\/fr\/wp-json\/wp\/v2\/pages\/1514\/revisions"}],"up":[{"embeddable":true,"href":"https:\/\/airex-industries.com\/fr\/wp-json\/wp\/v2\/pages\/1436"}],"wp:attachment":[{"href":"https:\/\/airex-industries.com\/fr\/wp-json\/wp\/v2\/media?parent=1514"}],"curies":[{"name":"wp","href":"https:\/\/api.w.org\/{rel}","templated":true}]}}