{"id":1635,"date":"2016-01-20T13:54:54","date_gmt":"2016-01-20T13:54:54","guid":{"rendered":"http:\/\/anpsthemes.com\/construction\/?page_id=1635"},"modified":"2024-11-08T21:48:18","modified_gmt":"2024-11-08T21:48:18","slug":"medias","status":"publish","type":"page","link":"https:\/\/airex-industries.com\/fr\/media-centre\/","title":{"rendered":"M\u00e9dias"},"content":{"rendered":"<div class=\"wpb-content-wrapper\"><div class=\"vc_row wpb_row vc_row-fluid\"><div class=\"wpb_column vc_column_container vc_col-md-12\"><div class=\"vc_column-inner\"><div class=\"wpb_wrapper\"><div class='row anps-blog'><div class=\"col-md-4\">\n    <article id=\"post-4514\" class=\"post-4514 post type-post status-publish format-standard has-post-thumbnail hentry category-industry category-combustible-dust category-health-and-safety category-manufacturing tag-combustible-dust tag-compliance tag-explosive-dust tag-nfpa-660\">\n        <header class=\"entry-header\">\n            <img loading=\"lazy\" decoding=\"async\" width=\"870\" height=\"470\" src=\"https:\/\/airex-industries.com\/wp-content\/uploads\/2025\/03\/combustible-dust-870x470-1.jpg\" class=\"attachment-large size-large wp-post-image\" alt=\"\" srcset=\"https:\/\/airex-industries.com\/wp-content\/uploads\/2025\/03\/combustible-dust-870x470-1.jpg 870w, https:\/\/airex-industries.com\/wp-content\/uploads\/2025\/03\/combustible-dust-870x470-1-300x162.jpg 300w, https:\/\/airex-industries.com\/wp-content\/uploads\/2025\/03\/combustible-dust-870x470-1-768x415.jpg 768w, https:\/\/airex-industries.com\/wp-content\/uploads\/2025\/03\/combustible-dust-870x470-1-18x10.jpg 18w\" sizes=\"auto, (max-width: 870px) 100vw, 870px\" \/>            <a href=\"https:\/\/airex-industries.com\/fr\/media-centre\/nfpa-660-revolutionizing-combustible-dust-safety-with-a-focus-on-dust-collection\/\"><h3 class=\"post-title entry-title text-uppercase\">NFPA 660 : R\u00e9volutionner la s\u00e9curit\u00e9 des poussi\u00e8res combustibles avec un focus sur la collecte de poussi\u00e8res<\/h3><\/a>\n            <ul class='post-meta'><li>\n                <i class='fa fa-calendar'><\/i>\n                <time datetime='2025-03-28 10:56'>28 mars, 2025<\/time>\n            <\/li><li>\n                <i class='fa fa-commenting-o'><\/i>\n                Pas de commentaire\n            <\/li><\/ul>        <\/header>\n        <div class=\"post-content entry-content\">\n            <div class=\"post-desc clearfix\">\n                Les poussi\u00e8res combustibles repr\u00e9sentent des dangers importants dans plusieurs industries, allant de la menuiserie et la fabrication de m\u00e9taux \u00e0 l'agriculture et la transformation alimentaire. Consciente de la complexit\u00e9 et de la...            <\/div>\n            <a href=\"https:\/\/airex-industries.com\/fr\/media-centre\/nfpa-660-revolutionizing-combustible-dust-safety-with-a-focus-on-dust-collection\/\" class=\"btn btn-md btn-gradient btn-shadow\">Read More<\/a>\n        <\/div>\n    <\/article>\n<\/div>\n<div class=\"col-md-4\">\n    <article id=\"post-4019\" class=\"post-4019 post type-post status-publish format-standard has-post-thumbnail hentry category-industry category-energy tag-industry tag-storage\">\n        <header class=\"entry-header\">\n            <img loading=\"lazy\" decoding=\"async\" width=\"870\" height=\"470\" src=\"https:\/\/airex-industries.com\/wp-content\/uploads\/2020\/03\/woodpellets.webp\" class=\"attachment-large size-large wp-post-image\" alt=\"\" srcset=\"https:\/\/airex-industries.com\/wp-content\/uploads\/2020\/03\/woodpellets.webp 870w, https:\/\/airex-industries.com\/wp-content\/uploads\/2020\/03\/woodpellets-300x162.webp 300w, https:\/\/airex-industries.com\/wp-content\/uploads\/2020\/03\/woodpellets-768x415.webp 768w, https:\/\/airex-industries.com\/wp-content\/uploads\/2020\/03\/woodpellets-18x10.webp 18w\" sizes=\"auto, (max-width: 870px) 100vw, 870px\" \/>            <a href=\"https:\/\/airex-industries.com\/fr\/media-centre\/330-the-popularity-of-wood-pellets-an-opportunity\/\"><h3 class=\"post-title entry-title text-uppercase\">L\u2019engouement pour les granules de bois, une opportunit\u00e9 \u00e0 saisir?<\/h3><\/a>\n            <ul class='post-meta'><li>\n                <i class='fa fa-calendar'><\/i>\n                <time datetime='2022-07-21 10:23'>21 juillet, 2022<\/time>\n            <\/li><li>\n                <i class='fa fa-commenting-o'><\/i>\n                Pas de commentaire\n            <\/li><\/ul>        <\/header>\n        <div class=\"post-content entry-content\">\n            <div class=\"post-desc clearfix\">\n                Une r\u00e9cente \u00e9tude d\u2019Argus Biomass Markets sortie en juin dernier met en lumi\u00e8re que le co\u00fbt des granules de bois a d\u00e9pass\u00e9 les 300$ la tonne en Europe et en Am\u00e9rique. Plus du double par rapport \u00e0 d\u00e9cembre 2021, soit moins de six mois plus t\u00f4t!            <\/div>\n            <a href=\"https:\/\/airex-industries.com\/fr\/media-centre\/330-the-popularity-of-wood-pellets-an-opportunity\/\" class=\"btn btn-md btn-gradient btn-shadow\">Read More<\/a>\n        <\/div>\n    <\/article>\n<\/div>\n<div class=\"col-md-4\">\n    <article id=\"post-1241\" class=\"post-1241 post type-post status-publish format-standard has-post-thumbnail hentry category-energy category-industry category-manufacturing tag-dust-collectors\">\n        <header class=\"entry-header\">\n            <img loading=\"lazy\" decoding=\"async\" width=\"870\" height=\"470\" src=\"https:\/\/airex-industries.com\/wp-content\/uploads\/2022\/03\/indoors-outdoors-dust-collectors.webp\" class=\"attachment-large size-large wp-post-image\" alt=\"\u00c0 l\u2019int\u00e9rieur ou \u00e0 l\u2019ext\u00e9rieur: o\u00f9 am\u00e9nager votre d\u00e9poussi\u00e9reur?\" srcset=\"https:\/\/airex-industries.com\/wp-content\/uploads\/2022\/03\/indoors-outdoors-dust-collectors.webp 870w, https:\/\/airex-industries.com\/wp-content\/uploads\/2022\/03\/indoors-outdoors-dust-collectors-300x162.webp 300w, https:\/\/airex-industries.com\/wp-content\/uploads\/2022\/03\/indoors-outdoors-dust-collectors-768x415.webp 768w, https:\/\/airex-industries.com\/wp-content\/uploads\/2022\/03\/indoors-outdoors-dust-collectors-18x10.webp 18w\" sizes=\"auto, (max-width: 870px) 100vw, 870px\" \/>            <a href=\"https:\/\/airex-industries.com\/fr\/media-centre\/329-indoors-or-outdoors-where-to-put-your-dust-collector\/\"><h3 class=\"post-title entry-title text-uppercase\">\u00c0 l\u2019int\u00e9rieur ou \u00e0 l\u2019ext\u00e9rieur: o\u00f9 am\u00e9nager votre d\u00e9poussi\u00e9reur?<\/h3><\/a>\n            <ul class='post-meta'><li>\n                <i class='fa fa-calendar'><\/i>\n                <time datetime='2022-03-22 02:43'>22 mars, 2022<\/time>\n            <\/li><li>\n                <i class='fa fa-commenting-o'><\/i>\n                Pas de commentaire\n            <\/li><\/ul>        <\/header>\n        <div class=\"post-content entry-content\">\n            <div class=\"post-desc clearfix\">\n                Vous devez r\u00e9fl\u00e9chir \u00e0 l\u2019installation d\u2019un syst\u00e8me de d\u00e9poussi\u00e9rage ou repenser sa configuration? Puisque l\u2019emplacement de votre d\u00e9poussi\u00e9reur influence autant son design que les co\u00fbts associ\u00e9s \u00e0 sa conception et son fonctionnement, il  ...            <\/div>\n            <a href=\"https:\/\/airex-industries.com\/fr\/media-centre\/329-indoors-or-outdoors-where-to-put-your-dust-collector\/\" class=\"btn btn-md btn-gradient btn-shadow\">Read More<\/a>\n        <\/div>\n    <\/article>\n<\/div>\n<div class=\"col-md-4\">\n    <article id=\"post-2977\" class=\"post-2977 post type-post status-publish format-standard has-post-thumbnail hentry category-industry category-manufacturing category-materials tag-hexavalent-chromium tag-weld-fumes tag-welding\">\n        <header class=\"entry-header\">\n            <img loading=\"lazy\" decoding=\"async\" width=\"870\" height=\"470\" src=\"https:\/\/airex-industries.com\/wp-content\/uploads\/2024\/08\/chrome6principale.webp\" class=\"attachment-large size-large wp-post-image\" alt=\"Le chrome hexavalent\" srcset=\"https:\/\/airex-industries.com\/wp-content\/uploads\/2024\/08\/chrome6principale.webp 870w, https:\/\/airex-industries.com\/wp-content\/uploads\/2024\/08\/chrome6principale-300x162.webp 300w, https:\/\/airex-industries.com\/wp-content\/uploads\/2024\/08\/chrome6principale-768x415.webp 768w, https:\/\/airex-industries.com\/wp-content\/uploads\/2024\/08\/chrome6principale-18x10.webp 18w\" sizes=\"auto, (max-width: 870px) 100vw, 870px\" \/>            <a href=\"https:\/\/airex-industries.com\/fr\/media-centre\/327-is-hexavalent-chromium-present-in-your-industry\/\"><h3 class=\"post-title entry-title text-uppercase\">Le chrome hexavalent se retrouve-t-il dans votre industrie?<\/h3><\/a>\n            <ul class='post-meta'><li>\n                <i class='fa fa-calendar'><\/i>\n                <time datetime='2022-02-10 04:10'>10 f\u00e9vrier, 2022<\/time>\n            <\/li><li>\n                <i class='fa fa-commenting-o'><\/i>\n                Pas de commentaire\n            <\/li><\/ul>        <\/header>\n        <div class=\"post-content entry-content\">\n            <div class=\"post-desc clearfix\">\n                Vous souvenez-vous du film Erin Brockovich? Bas\u00e9 sur une vraie catastrophe et mettant en vedette Julia Roberts, il montre les ravages d\u2019un agent canc\u00e9rig\u00e8ne qui pollue les nappes d\u2019eau souterraine de la petite ville de Hinkley, en Californie...            <\/div>\n            <a href=\"https:\/\/airex-industries.com\/fr\/media-centre\/327-is-hexavalent-chromium-present-in-your-industry\/\" class=\"btn btn-md btn-gradient btn-shadow\">Read More<\/a>\n        <\/div>\n    <\/article>\n<\/div>\n<div class=\"col-md-4\">\n    <article id=\"post-2990\" class=\"post-2990 post type-post status-publish format-standard has-post-thumbnail hentry category-industry category-energy category-manufacturing category-materials tag-cylindrical-dust-collector tag-dust\">\n        <header class=\"entry-header\">\n            <img loading=\"lazy\" decoding=\"async\" width=\"870\" height=\"470\" src=\"https:\/\/airex-industries.com\/wp-content\/uploads\/2024\/08\/rounddcprincipal.webp\" class=\"attachment-large size-large wp-post-image\" alt=\"D\u00e9poussi\u00e9reur cylindrique\" srcset=\"https:\/\/airex-industries.com\/wp-content\/uploads\/2024\/08\/rounddcprincipal.webp 870w, https:\/\/airex-industries.com\/wp-content\/uploads\/2024\/08\/rounddcprincipal-300x162.webp 300w, https:\/\/airex-industries.com\/wp-content\/uploads\/2024\/08\/rounddcprincipal-768x415.webp 768w, https:\/\/airex-industries.com\/wp-content\/uploads\/2024\/08\/rounddcprincipal-18x10.webp 18w\" sizes=\"auto, (max-width: 870px) 100vw, 870px\" \/>            <a href=\"https:\/\/airex-industries.com\/fr\/media-centre\/326-cylindrical-dust-collector-how-do-you-tell-the-various-models-apart\/\"><h3 class=\"post-title entry-title text-uppercase\">D\u00e9poussi\u00e9reur cylindrique: comment distinguer les diff\u00e9rents mod\u00e8les?<\/h3><\/a>\n            <ul class='post-meta'><li>\n                <i class='fa fa-calendar'><\/i>\n                <time datetime='2022-01-17 05:36'>17 janvier, 2022<\/time>\n            <\/li><li>\n                <i class='fa fa-commenting-o'><\/i>\n                Pas de commentaire\n            <\/li><\/ul>        <\/header>\n        <div class=\"post-content entry-content\">\n            <div class=\"post-desc clearfix\">\n                Vous \u00eates un nouveau venu dans votre entreprise? Peut-\u00eatre \u00eates-vous peu familier avec votre syst\u00e8me de d\u00e9poussi\u00e9rage d\u00e9j\u00e0 en place (ce qui est un bon signe si tout fonctionne sans p\u00e9pin depuis assez longtemps!)?            <\/div>\n            <a href=\"https:\/\/airex-industries.com\/fr\/media-centre\/326-cylindrical-dust-collector-how-do-you-tell-the-various-models-apart\/\" class=\"btn btn-md btn-gradient btn-shadow\">Read More<\/a>\n        <\/div>\n    <\/article>\n<\/div>\n<div class=\"col-md-4\">\n    <article id=\"post-2995\" class=\"post-2995 post type-post status-publish format-standard has-post-thumbnail hentry category-industry category-manufacturing tag-manufacturing\">\n        <header class=\"entry-header\">\n            <img loading=\"lazy\" decoding=\"async\" width=\"870\" height=\"470\" src=\"https:\/\/airex-industries.com\/wp-content\/uploads\/2024\/08\/bye2021.webp\" class=\"attachment-large size-large wp-post-image\" alt=\"\" srcset=\"https:\/\/airex-industries.com\/wp-content\/uploads\/2024\/08\/bye2021.webp 870w, https:\/\/airex-industries.com\/wp-content\/uploads\/2024\/08\/bye2021-300x162.webp 300w, https:\/\/airex-industries.com\/wp-content\/uploads\/2024\/08\/bye2021-768x415.webp 768w, https:\/\/airex-industries.com\/wp-content\/uploads\/2024\/08\/bye2021-18x10.webp 18w\" sizes=\"auto, (max-width: 870px) 100vw, 870px\" \/>            <a href=\"https:\/\/airex-industries.com\/fr\/media-centre\/325-2021-a-look-back-at-a-year-of-big-changes\/\"><h3 class=\"post-title entry-title text-uppercase\">2021: R\u00e9trospective d\u2019une ann\u00e9e de grands changements<\/h3><\/a>\n            <ul class='post-meta'><li>\n                <i class='fa fa-calendar'><\/i>\n                <time datetime='2021-12-02 06:12'>D\u00e9cembre 2, 2021<\/time>\n            <\/li><li>\n                <i class='fa fa-commenting-o'><\/i>\n                Pas de commentaire\n            <\/li><\/ul>        <\/header>\n        <div class=\"post-content entry-content\">\n            <div class=\"post-desc clearfix\">\n                Usines qui tournent au ralenti, puis \u00e0 plein r\u00e9gime, p\u00e9nurie accrue de main-d\u2019\u0153uvre, fluctuation du prix des mati\u00e8res premi\u00e8res et raret\u00e9 des mat\u00e9riaux\u2026 L\u2019ann\u00e9e 2021 s\u2019est d\u00e9roul\u00e9e sous le signe de l\u2019adaptation pour la majorit\u00e9 des gens!            <\/div>\n            <a href=\"https:\/\/airex-industries.com\/fr\/media-centre\/325-2021-a-look-back-at-a-year-of-big-changes\/\" class=\"btn btn-md btn-gradient btn-shadow\">Read More<\/a>\n        <\/div>\n    <\/article>\n<\/div>\n<\/div><ul class='page-numbers'>\n\t<li><span aria-current=\"page\" class=\"page-numbers current\">1<\/span><\/li>\n\t<li><a class=\"page-numbers\" href=\"https:\/\/airex-industries.com\/fr\/wp-json\/wp\/v2\/pages\/1635\/page\/2\/\">2<\/a><\/li>\n\t<li><a class=\"page-numbers\" href=\"https:\/\/airex-industries.com\/fr\/wp-json\/wp\/v2\/pages\/1635\/page\/3\/\">3<\/a><\/li>\n\t<li><span class=\"page-numbers dots\">&hellip;<\/span><\/li>\n\t<li><a class=\"page-numbers\" href=\"https:\/\/airex-industries.com\/fr\/wp-json\/wp\/v2\/pages\/1635\/page\/5\/\">5<\/a><\/li>\n\t<li><a class=\"next page-numbers\" href=\"https:\/\/airex-industries.com\/fr\/wp-json\/wp\/v2\/pages\/1635\/page\/2\/\">Next <i class=\"fa fa-angle-right\"><\/i><\/a><\/li>\n<\/ul>\n<\/div><\/div><\/div><\/div>\n<\/div>","protected":false},"excerpt":{"rendered":"Plants sitting idle and then resuming full capacity, increased labour shortage, scarcity and fluctuation in the price of raw materials\u2026 The year 2021 was one of adaptation for most people! Rather than recap the obstacles encountered, let\u2019s take a moment &hellip;","protected":false},"author":2,"featured_media":0,"parent":0,"menu_order":0,"comment_status":"closed","ping_status":"closed","template":"","meta":{"content-type":"","footnotes":""},"class_list":["post-1635","page","type-page","status-publish","hentry"],"_links":{"self":[{"href":"https:\/\/airex-industries.com\/fr\/wp-json\/wp\/v2\/pages\/1635","targetHints":{"allow":["GET"]}}],"collection":[{"href":"https:\/\/airex-industries.com\/fr\/wp-json\/wp\/v2\/pages"}],"about":[{"href":"https:\/\/airex-industries.com\/fr\/wp-json\/wp\/v2\/types\/page"}],"author":[{"embeddable":true,"href":"https:\/\/airex-industries.com\/fr\/wp-json\/wp\/v2\/users\/2"}],"replies":[{"embeddable":true,"href":"https:\/\/airex-industries.com\/fr\/wp-json\/wp\/v2\/comments?post=1635"}],"version-history":[{"count":0,"href":"https:\/\/airex-industries.com\/fr\/wp-json\/wp\/v2\/pages\/1635\/revisions"}],"wp:attachment":[{"href":"https:\/\/airex-industries.com\/fr\/wp-json\/wp\/v2\/media?parent=1635"}],"curies":[{"name":"wp","href":"https:\/\/api.w.org\/{rel}","templated":true}]}}