{"id":2308,"date":"2024-07-24T20:28:10","date_gmt":"2024-07-24T20:28:10","guid":{"rendered":"https:\/\/airex-industries.com\/?page_id=2308"},"modified":"2024-11-04T21:13:19","modified_gmt":"2024-11-04T21:13:19","slug":"aerospatiale","status":"publish","type":"page","link":"https:\/\/airex-industries.com\/fr\/applications\/aerospace\/","title":{"rendered":"A\u00e9rospatiale"},"content":{"rendered":"<div class=\"wpb-content-wrapper\"><div class=\"vc_row wpb_row vc_row-fluid vc_custom_1453476243999\"><div class=\"wpb_animate_when_almost_visible wpb_slideInUp slideInUp wpb_column vc_column_container vc_col-md-12\"><div class=\"vc_column-inner\"><div class=\"wpb_wrapper\"><div class=\"gallery-fs\"><figure><img decoding=\"async\" src=\"https:\/\/airex-industries.com\/wp-content\/uploads\/2024\/07\/aerospatial_contaminants_1138x655.jpg\" alt=\"Fabrication a\u00e9rospatiale\"><figcaption>Fabrication a\u00e9rospatiale<\/figcaption><\/figure><div class=\"gallery-fs-nav\"><button class=\"gallery-fs-fullscreen\"><i class=\"fa fa-arrows-alt\"><\/i><\/button><\/div><div class=\"gallery-fs-thumbnails gallery-fs-thumbnails-col-5 owl-carousel\"><a href='https:\/\/airex-industries.com\/wp-content\/uploads\/2024\/07\/aerospatial_contaminants_1138x655.jpg' data-caption='Aerospace Manufacturing' title='Fabrication a\u00e9rospatiale' class=\"selected\"><img loading=\"lazy\" decoding=\"async\" width=\"280\" height=\"210\" src=\"https:\/\/airex-industries.com\/wp-content\/uploads\/2024\/07\/aerospatial_contaminants_1138x655-280x210.jpg\" class=\"attachment-anps-gallery-thumb size-anps-gallery-thumb\" alt=\"Fabrication a\u00e9rospatiale\" \/><\/a><a href='https:\/\/airex-industries.com\/wp-content\/uploads\/2024\/07\/depoussiereur-aerospatial5-1138x655-1.jpg' data-caption='Wet Dust Collectors by Airex Industries' title='D\u00e9poussi\u00e9reurs humides d&#039;Airex'><img loading=\"lazy\" decoding=\"async\" width=\"280\" height=\"210\" src=\"https:\/\/airex-industries.com\/wp-content\/uploads\/2024\/07\/depoussiereur-aerospatial5-1138x655-1-280x210.jpg\" class=\"attachment-anps-gallery-thumb size-anps-gallery-thumb\" alt=\"D\u00e9poussi\u00e9reurs humides d&#039;Airex\" \/><\/a><a href='https:\/\/airex-industries.com\/wp-content\/uploads\/2024\/07\/risques-procedes-1138x655-1.jpg' data-caption='Aerospace Manufacturing' title='Fabrication a\u00e9rospatiale'><img loading=\"lazy\" decoding=\"async\" width=\"280\" height=\"210\" src=\"https:\/\/airex-industries.com\/wp-content\/uploads\/2024\/07\/risques-procedes-1138x655-1-280x210.jpg\" class=\"attachment-anps-gallery-thumb size-anps-gallery-thumb\" alt=\"Fabrication a\u00e9rospatiale\" \/><\/a><a href='https:\/\/airex-industries.com\/wp-content\/uploads\/2024\/07\/wetrex-hangar-4-1138x655-1.jpg' data-caption='Wetrex Wet Dust Collectors by Airex Industries' title='D\u00e9poussi\u00e9reurs humides Wetrex par Airex Industries'><img loading=\"lazy\" decoding=\"async\" width=\"280\" height=\"210\" src=\"https:\/\/airex-industries.com\/wp-content\/uploads\/2024\/07\/wetrex-hangar-4-1138x655-1-280x210.jpg\" class=\"attachment-anps-gallery-thumb size-anps-gallery-thumb\" alt=\"D\u00e9poussi\u00e9reurs humides Wetrex par Airex Industries\" \/><\/a><\/div><\/div><\/div><\/div><\/div><\/div><div class=\"vc_row wpb_row vc_row-fluid\"><div class=\"wpb_column vc_column_container vc_col-md-12\"><div class=\"vc_column-inner\"><div class=\"wpb_wrapper\"><h2 style=\"text-align: left\" class=\"vc_custom_heading vc_do_custom_heading title\" >A\u00c9ROSPATIALE<\/h2>\n\t<div class=\"wpb_text_column wpb_content_element wpb_animate_when_almost_visible wpb_slideInRight slideInRight\" >\n\t\t<div class=\"wpb_wrapper\">\n\t\t\t<p>Les \u00e9tapes d\u2019un projet a\u00e9rospatial ont toutes leurs d\u00e9fis particuliers. En prendre connaissance vous aidera \u00e0 mieux cerner les multiples sources d\u2019\u00e9mission de poussi\u00e8re et de particules nocives.<\/p>\n\n\t\t<\/div>\n\t<\/div>\n<h3 class='heading-left  style-1'  style='color: #9c1c20'><span>Probl\u00e9matiques rencontr\u00e9es lors de nos interventions<\/span><\/h3><div class=\"vc_row wpb_row vc_inner vc_row-fluid vc_custom_1722275723508\"><div class=\"wpb_column vc_column_container vc_col-md-4\"><div class=\"vc_column-inner vc_custom_1722290203468\"><div class=\"wpb_wrapper\"><div class='icon icon-left'><div class='icon-header'><div class='icon-media' style='width: 40px;'><img loading=\"lazy\" decoding=\"async\" width=\"612\" height=\"612\" src=\"https:\/\/airex-industries.com\/wp-content\/uploads\/2024\/07\/icon-humidity.png\" class=\"attachment-full size-full\" alt=\"Humidit\u00e9\" srcset=\"https:\/\/airex-industries.com\/wp-content\/uploads\/2024\/07\/icon-humidity.png 612w, https:\/\/airex-industries.com\/wp-content\/uploads\/2024\/07\/icon-humidity-300x300.png 300w, https:\/\/airex-industries.com\/wp-content\/uploads\/2024\/07\/icon-humidity-150x150.png 150w, https:\/\/airex-industries.com\/wp-content\/uploads\/2024\/07\/icon-humidity-12x12.png 12w\" sizes=\"auto, (max-width: 612px) 100vw, 612px\" \/><\/i><\/div><h3 class='icon-title text-uppercase'>Humidit\u00e9<\/h3><\/div><p>Le contr\u00f4le du taux d'humidit\u00e9 est un facteur essentiel pour la production de ce type d'application<\/p><\/div><\/div><\/div><\/div><div class=\"wpb_column vc_column_container vc_col-md-4\"><div class=\"vc_column-inner vc_custom_1722290209205\"><div class=\"wpb_wrapper\"><div class='icon icon-left'><div class='icon-header'><div class='icon-media' style='width: 40px;'><img loading=\"lazy\" decoding=\"async\" width=\"612\" height=\"612\" src=\"https:\/\/airex-industries.com\/wp-content\/uploads\/2024\/07\/icon-temperature.png\" class=\"attachment-full size-full\" alt=\"Temp\u00e9rature\" srcset=\"https:\/\/airex-industries.com\/wp-content\/uploads\/2024\/07\/icon-temperature.png 612w, https:\/\/airex-industries.com\/wp-content\/uploads\/2024\/07\/icon-temperature-300x300.png 300w, https:\/\/airex-industries.com\/wp-content\/uploads\/2024\/07\/icon-temperature-150x150.png 150w, https:\/\/airex-industries.com\/wp-content\/uploads\/2024\/07\/icon-temperature-12x12.png 12w\" sizes=\"auto, (max-width: 612px) 100vw, 612px\" \/><\/i><\/div><h3 class='icon-title text-uppercase'>Temp\u00e9rature<\/h3><\/div><p>Certains proc\u00e9d\u00e9s exigent un contr\u00f4le minutieux de la temp\u00e9rature tout au long du processus de fabrication.<\/p><\/div><\/div><\/div><\/div><div class=\"wpb_column vc_column_container vc_col-md-4\"><div class=\"vc_column-inner vc_custom_1722290216805\"><div class=\"wpb_wrapper\"><div class='icon icon-left'><div class='icon-header'><div class='icon-media' style='width: 40px;'><img loading=\"lazy\" decoding=\"async\" width=\"612\" height=\"612\" src=\"https:\/\/airex-industries.com\/wp-content\/uploads\/2024\/07\/icon-dust.png\" class=\"attachment-full size-full\" alt=\"Les poussi\u00e8res\" srcset=\"https:\/\/airex-industries.com\/wp-content\/uploads\/2024\/07\/icon-dust.png 612w, https:\/\/airex-industries.com\/wp-content\/uploads\/2024\/07\/icon-dust-300x300.png 300w, https:\/\/airex-industries.com\/wp-content\/uploads\/2024\/07\/icon-dust-150x150.png 150w, https:\/\/airex-industries.com\/wp-content\/uploads\/2024\/07\/icon-dust-12x12.png 12w\" sizes=\"auto, (max-width: 612px) 100vw, 612px\" \/><\/i><\/div><h3 class='icon-title text-uppercase'>Les poussi\u00e8res<\/h3><\/div><p>Les particules g\u00e9n\u00e9r\u00e9es par ce champ d'application s'accumulent rapidement et doivent \u00eatre pris en charge efficacement.<\/p><\/div><\/div><\/div><\/div><\/div><div class=\"vc_row wpb_row vc_inner vc_row-fluid\"><div class=\"wpb_column vc_column_container vc_col-md-4\"><div class=\"vc_column-inner vc_custom_1722290222299\"><div class=\"wpb_wrapper\"><div class='icon icon-left'><div class='icon-header'><div class='icon-media' style='width: 40px;'><img loading=\"lazy\" decoding=\"async\" width=\"612\" height=\"612\" src=\"https:\/\/airex-industries.com\/wp-content\/uploads\/2024\/07\/icon-air.png\" class=\"attachment-full size-full\" alt=\"Changement d&#039;air\" srcset=\"https:\/\/airex-industries.com\/wp-content\/uploads\/2024\/07\/icon-air.png 612w, https:\/\/airex-industries.com\/wp-content\/uploads\/2024\/07\/icon-air-300x300.png 300w, https:\/\/airex-industries.com\/wp-content\/uploads\/2024\/07\/icon-air-150x150.png 150w, https:\/\/airex-industries.com\/wp-content\/uploads\/2024\/07\/icon-air-12x12.png 12w\" sizes=\"auto, (max-width: 612px) 100vw, 612px\" \/><\/i><\/div><h3 class='icon-title text-uppercase'>Changement d'air<\/h3><\/div><p>Plusieurs changement d'air par heure doivent \u00eatre effectuer afin d'assurer une qualit\u00e9 d'air ambiant respectant les normes.<\/p><\/div><\/div><\/div><\/div><div class=\"wpb_column vc_column_container vc_col-md-4\"><div class=\"vc_column-inner vc_custom_1722290227324\"><div class=\"wpb_wrapper\"><div class='icon icon-left'><div class='icon-header'><div class='icon-media' style='width: 40px;'><img loading=\"lazy\" decoding=\"async\" width=\"612\" height=\"612\" src=\"https:\/\/airex-industries.com\/wp-content\/uploads\/2024\/07\/icon-toxic.png\" class=\"attachment-full size-full\" alt=\"Toxicit\u00e9\" srcset=\"https:\/\/airex-industries.com\/wp-content\/uploads\/2024\/07\/icon-toxic.png 612w, https:\/\/airex-industries.com\/wp-content\/uploads\/2024\/07\/icon-toxic-300x300.png 300w, https:\/\/airex-industries.com\/wp-content\/uploads\/2024\/07\/icon-toxic-150x150.png 150w, https:\/\/airex-industries.com\/wp-content\/uploads\/2024\/07\/icon-toxic-12x12.png 12w\" sizes=\"auto, (max-width: 612px) 100vw, 612px\" \/><\/i><\/div><h3 class='icon-title text-uppercase'>Toxicit\u00e9<\/h3><\/div><p>Les substances d\u00e9gag\u00e9es par la transformation des produits de cette application sont nocives lorsqu'elles sont absorb\u00e9es par l'organisme.<\/p><\/div><\/div><\/div><\/div><div class=\"wpb_column vc_column_container vc_col-md-4\"><div class=\"vc_column-inner vc_custom_1722290236421\"><div class=\"wpb_wrapper\"><div class='icon icon-left'><div class='icon-header'><div class='icon-media' style='width: 40px;'><img loading=\"lazy\" decoding=\"async\" width=\"612\" height=\"612\" src=\"https:\/\/airex-industries.com\/wp-content\/uploads\/2024\/07\/icon-energy.png\" class=\"attachment-full size-full\" alt=\"\u00c9nergivore\" srcset=\"https:\/\/airex-industries.com\/wp-content\/uploads\/2024\/07\/icon-energy.png 612w, https:\/\/airex-industries.com\/wp-content\/uploads\/2024\/07\/icon-energy-300x300.png 300w, https:\/\/airex-industries.com\/wp-content\/uploads\/2024\/07\/icon-energy-150x150.png 150w, https:\/\/airex-industries.com\/wp-content\/uploads\/2024\/07\/icon-energy-12x12.png 12w\" sizes=\"auto, (max-width: 612px) 100vw, 612px\" \/><\/i><\/div><h3 class='icon-title text-uppercase'>\u00c9nergivore<\/h3><\/div><p>Les proc\u00e9d\u00e9s li\u00e9s \u00e0 ce champ d'application sont de grands consommateurs d'\u00e9nergie.<\/p><\/div><\/div><\/div><\/div><\/div><div class=\"vc_row wpb_row vc_inner vc_row-fluid\"><div class=\"wpb_column vc_column_container vc_col-md-4\"><div class=\"vc_column-inner vc_custom_1722290244772\"><div class=\"wpb_wrapper\"><div class='icon icon-left'><div class='icon-header'><div class='icon-media' style='width: 40px;'><img loading=\"lazy\" decoding=\"async\" width=\"612\" height=\"612\" src=\"https:\/\/airex-industries.com\/wp-content\/uploads\/2024\/07\/icon-explosif.png\" class=\"attachment-full size-full\" alt=\"Risque d&#039;explosion\" srcset=\"https:\/\/airex-industries.com\/wp-content\/uploads\/2024\/07\/icon-explosif.png 612w, https:\/\/airex-industries.com\/wp-content\/uploads\/2024\/07\/icon-explosif-300x300.png 300w, https:\/\/airex-industries.com\/wp-content\/uploads\/2024\/07\/icon-explosif-150x150.png 150w, https:\/\/airex-industries.com\/wp-content\/uploads\/2024\/07\/icon-explosif-12x12.png 12w\" sizes=\"auto, (max-width: 612px) 100vw, 612px\" \/><\/i><\/div><h3 class='icon-title text-uppercase'>Risque d'explosion<\/h3><\/div><p>Les poussi\u00e8res de certains mat\u00e9riaux sont combustibles et selon les circonstances, peuvent \u00eatre \u00e0 l\u2019origine d\u2019une explosion.<\/p><\/div><\/div><\/div><\/div><div class=\"wpb_column vc_column_container vc_col-md-4\"><div class=\"vc_column-inner\"><div class=\"wpb_wrapper\"><\/div><\/div><\/div><div class=\"wpb_column vc_column_container vc_col-md-4\"><div class=\"vc_column-inner\"><div class=\"wpb_wrapper\"><\/div><\/div><\/div><\/div><div class=\"vc_separator wpb_content_element vc_separator_align_center vc_sep_width_100 vc_sep_pos_align_center vc_separator_no_text vc_sep_color_grey wpb_content_element  wpb_content_element\" ><span class=\"vc_sep_holder vc_sep_holder_l\"><span class=\"vc_sep_line\"><\/span><\/span><span class=\"vc_sep_holder vc_sep_holder_r\"><span class=\"vc_sep_line\"><\/span><\/span>\n<\/div><\/div><\/div><\/div><\/div><div class=\"vc_row wpb_row vc_row-fluid\"><div class=\"wpb_column vc_column_container vc_col-md-12\"><div class=\"vc_column-inner\"><div class=\"wpb_wrapper\"><h2 style=\"color: #9c1c20;text-align: left\" class=\"vc_custom_heading vc_do_custom_heading title\" >L\u2019a\u00e9rospatiale et ses contaminants: que faut-il savoir?<\/h2>\n\t<div class=\"wpb_text_column wpb_content_element wpb_animate_when_almost_visible wpb_bounceInLeft bounceInLeft\" >\n\t\t<div class=\"wpb_wrapper\">\n\t\t\t<p>Lors de la fabrication de composantes a\u00e9rospatiales, il existe plusieurs normes \u00e0 garder en t\u00eate, sans parler des enjeux de s\u00e9curit\u00e9! Vous le savez, vos proc\u00e9d\u00e9s produisent de nombreuses particules qui peuvent mettre votre main-d\u2019\u0153uvre en danger. Examinez ces proc\u00e9d\u00e9s et demandez-vous:<\/p>\n<ul>\n<li>Y a-t-il un risque de d\u00e9flagration en lien avec les poussi\u00e8res pr\u00e9sentes dans vos installations? Vos \u00e9quipes manipulent probablement certains mat\u00e9riaux combustibles, comme l\u2019aluminium, le titane, le magn\u00e9sium ou le b\u00e9ryllium, qui font tous bondir les risques d\u2019incendies et d\u2019explosion.<\/li>\n<li>Quel type de particules est produit? L\u2019a\u00e9rospatial g\u00e9n\u00e8re des r\u00e9sidus charg\u00e9s de m\u00e9taux lourds et de r\u00e9sine nocive.<\/li>\n<li>Utilisez-vous des mat\u00e9riaux composites, comme la fibre de carbone? Elle cr\u00e9e une fine poussi\u00e8re noire extr\u00eamement volatile n\u00e9cessitant un captage particulier. Il s\u2019y ajoute la fum\u00e9e de carbone qui se r\u00e9pand tr\u00e8s facilement.<\/li>\n<\/ul>\n\n\t\t<\/div>\n\t<\/div>\n<h2 style=\"color: #9c1c20;text-align: left\" class=\"vc_custom_heading vc_do_custom_heading title\" >Connaissez-vous les risques associ\u00e9s \u00e0 vos proc\u00e9d\u00e9s?<\/h2>\n\t<div class=\"wpb_text_column wpb_content_element wpb_animate_when_almost_visible wpb_bounceInRight bounceInRight\" >\n\t\t<div class=\"wpb_wrapper\">\n\t\t\t<p>Que vous construisiez des a\u00e9ronefs, leurs \u00e9quipements ou leurs moteurs, il faut contr\u00f4ler et r\u00e9duire les risques d\u2019incendie et d\u2019explosion\u2026 en plus de prot\u00e9ger vos travailleurs\u00a0<a title=\"\" href=\"\/fr\/medias\/307-maladies-respiratoires-professionnelles-evitez-de-mordre-la-poussiere\/\">des probl\u00e8mes respiratoires<\/a>\u00a0et cutan\u00e9s!<\/p>\n<p>Nous savons que votre industrie vient avec son lot de contraintes: les \u00e9l\u00e9ments a\u00e9rospatiaux doivent par exemple avoir un faible poids, une r\u00e9sistance m\u00e9canique sup\u00e9rieure et un point de fusion \u00e9lev\u00e9. Pour cette raison, l\u2019aluminium, le magn\u00e9sium, le titane et le b\u00e9ryllium y occupent une place de choix. Qu\u2019ont-ils d\u2019autre en commun? Ce sont des mat\u00e9riaux hautement combustibles. (N\u2019oubliez pas qu\u2019une d\u00e9flagration peut avoir lieu si la taille et la concentration des poussi\u00e8res dans l\u2019atmosph\u00e8re r\u00e9pondent aux crit\u00e8res d\u2019inflammabilit\u00e9.)<\/p>\n<p>Saviez-vous qu\u2019il est fortement d\u00e9conseill\u00e9 de capter les particules cr\u00e9\u00e9es par la d\u00e9coupe et le per\u00e7age des pi\u00e8ces en aluminium (et autres m\u00e9taux explosifs) avec un d\u00e9poussi\u00e9reur \u00e0 filtre sec? En optant pour un d\u00e9poussi\u00e9reur par voie humide, vous diminuerez les risques d\u2019incidents en submergeant les \u00e9tincelles produites par vos proc\u00e9d\u00e9s et en captant les fines particules avec plus d\u2019efficacit\u00e9. La pr\u00e9vention avant tout!<\/p>\n\n\t\t<\/div>\n\t<\/div>\n<div class=\"panel-group panel-icon-plus panel-icon-align-default panel-shape-square\" id=\"accordion-0\" role=\"tablist\" aria-multiselectable=\"true\"><div class=\"panel\" style=\"\"><div class=\"panel-heading\" role=\"tab\" id=\"acc-heading-1453278520348-82ca7492-26b767f7-73e6\"><h4 class=\"panel-title text-default small-margin\"><a data-parent=\"#accordion-0\" class=\"\" role=\"button\" data-toggle=\"collapse\" href=\"#acc-1453278520348-82ca7492-26b767f7-73e6\" aria-expanded=\"true\" aria-controls=\"acc-1453278520348-82ca7492-26b767f7-73e6\"><span>Comment minimiser les risques en mati\u00e8re d\u2019incendie et d\u2019explosion?<\/span><\/a><\/h4><\/div><div id=\"acc-1453278520348-82ca7492-26b767f7-73e6\" class=\"panel-collapse collapse in\" role=\"tabpanel\" aria-labelledby=\"acc-heading-1453278520348-82ca7492-26b767f7-73e6\"><div class=\"panel-body\">\n\t<div class=\"wpb_text_column wpb_content_element vc_custom_1722266800473\" >\n\t\t<div class=\"wpb_wrapper\">\n\t\t\t<p>L\u2019industrie a\u00e9rospatiale doit composer avec ces risques au quotidien en raison de la nature des particules g\u00e9n\u00e9r\u00e9es par ses proc\u00e9d\u00e9s. Pour y arriver, le respect des normes de la National Fire Protection Association (NFPA) est d\u2019autant plus crucial, surtout son\u00a0<a title=\"\" href=\"\/fr\/medias\/281-metaux-combustibles-la-nfpa-revise-sa-norme-484\/\">standard 484 sur les m\u00e9taux combustibles<\/a>. Nos experts ont une compr\u00e9hension en profondeur de ces exigences et peuvent vous guider vers des solutions de d\u00e9poussi\u00e9rage adapt\u00e9es \u00e0 vos installations. L\u2019objectif? Assurer la s\u00e9curit\u00e9 de votre main-d\u2019\u0153uvre en limitant les risques de d\u00e9flagration et mettre en place des syst\u00e8mes de d\u00e9poussi\u00e9rages pour contr\u00f4ler l\u2019\u00e9tendue des d\u00e9g\u00e2ts potentiels.<\/p>\n\n\t\t<\/div>\n\t<\/div>\n<\/div><\/div><\/div><div class=\"panel\" style=\"\"><div class=\"panel-heading\" role=\"tab\" id=\"acc-heading-1453278704996-2e48d0ff-944d67f7-73e6\"><h4 class=\"panel-title text-default small-margin\"><a data-parent=\"#accordion-0\" class=\"collapsed\" role=\"button\" data-toggle=\"collapse\" href=\"#acc-1453278704996-2e48d0ff-944d67f7-73e6\" aria-expanded=\"true\" aria-controls=\"acc-1453278704996-2e48d0ff-944d67f7-73e6\"><span>Quel est le meilleur d\u00e9poussi\u00e9reur pour l\u2019a\u00e9rospatiale?<\/span><\/a><\/h4><\/div><div id=\"acc-1453278704996-2e48d0ff-944d67f7-73e6\" class=\"panel-collapse collapse\" role=\"tabpanel\" aria-labelledby=\"acc-heading-1453278704996-2e48d0ff-944d67f7-73e6\"><div class=\"panel-body\">\n\t<div class=\"wpb_text_column wpb_content_element vc_custom_1730754795369\" >\n\t\t<div class=\"wpb_wrapper\">\n\t\t\t<p>Tout est une question de contexte! Comme pour plusieurs industries, il n\u2019existe pas une solution adapt\u00e9e \u00e0 toutes les situations du secteur. Si vous avez affaire \u00e0 des mat\u00e9riaux composites, il existe des m\u00e9thodes de\u00a0<a href=\"\/fr\/medias\/272-mieux-comprendre-les-appareils-de-capture-a-la-source\/\">captation \u00e0 la source<\/a>\u00a0ou de confinement des proc\u00e9d\u00e9s de haute efficacit\u00e9. Si vos travailleurs manipulent des m\u00e9taux combustibles, \u00e9vitez les syst\u00e8mes \u00e0 sec. Nous sugg\u00e9rons fortement un \u00e9purateur par voie humide, comme le soulignent les recommandations en mati\u00e8re de sant\u00e9 et s\u00e9curit\u00e9 de la NFPA. Un\u00a0<a title=\"\" href=\"\/fr\/produits\/depoussiereur\/humide\/\">d\u00e9poussi\u00e9reur par voie humide comme le Wetrex<\/a>\u00a0est tout indiqu\u00e9 pour les mat\u00e9riaux l\u00e9gers et explosifs.<\/p>\n<p>Selon nous, le meilleur d\u00e9poussi\u00e9reur est celui qui r\u00e9pond parfaitement \u00e0 vos besoins, et qui vous permet de r\u00e9aliser des \u00e9conomies. Nos experts peuvent vous proposer des options durables, pens\u00e9es pour minimiser les arr\u00eats de production, les r\u00e9parations et la consommation \u00e9nerg\u00e9tique. Voici un aper\u00e7u de ce que nous pouvons vous offrir:<\/p>\n<ul>\n<li>Des solutions innovantes avec une excellente dur\u00e9e de vie, telles que notre syst\u00e8me de vide central haute pression avec pompe \u00e0 vide pouss\u00e9.<\/li>\n<li>\u00c9quipements approuv\u00e9s par les normes de la CNESST et de la NFPA pour \u00e9viter les incidents.<\/li>\n<li>\u00c9quipe compos\u00e9e d\u2019ing\u00e9nieurs et de sp\u00e9cialistes \u00e0 votre disposition pour les pannes et la maintenance pr\u00e9ventive.<\/li>\n<\/ul>\n\n\t\t<\/div>\n\t<\/div>\n<\/div><\/div><\/div><\/div><\/div><\/div><\/div><\/div>\n<\/div>","protected":false},"excerpt":{"rendered":"Aerospace ManufacturingAEROSPACE The phases of an aerospace project all have their own challenges. Becoming aware of them will help you better identify the multiple emission sources of hazardous dust and particles. Issues Encountered During Our InterventionsHumidityHumidity level control is vital &hellip;","protected":false},"author":2,"featured_media":2346,"parent":2311,"menu_order":0,"comment_status":"closed","ping_status":"closed","template":"","meta":{"content-type":"","footnotes":""},"class_list":["post-2308","page","type-page","status-publish","has-post-thumbnail","hentry"],"_links":{"self":[{"href":"https:\/\/airex-industries.com\/fr\/wp-json\/wp\/v2\/pages\/2308","targetHints":{"allow":["GET"]}}],"collection":[{"href":"https:\/\/airex-industries.com\/fr\/wp-json\/wp\/v2\/pages"}],"about":[{"href":"https:\/\/airex-industries.com\/fr\/wp-json\/wp\/v2\/types\/page"}],"author":[{"embeddable":true,"href":"https:\/\/airex-industries.com\/fr\/wp-json\/wp\/v2\/users\/2"}],"replies":[{"embeddable":true,"href":"https:\/\/airex-industries.com\/fr\/wp-json\/wp\/v2\/comments?post=2308"}],"version-history":[{"count":0,"href":"https:\/\/airex-industries.com\/fr\/wp-json\/wp\/v2\/pages\/2308\/revisions"}],"up":[{"embeddable":true,"href":"https:\/\/airex-industries.com\/fr\/wp-json\/wp\/v2\/pages\/2311"}],"wp:featuredmedia":[{"embeddable":true,"href":"https:\/\/airex-industries.com\/fr\/wp-json\/wp\/v2\/media\/2346"}],"wp:attachment":[{"href":"https:\/\/airex-industries.com\/fr\/wp-json\/wp\/v2\/media?parent=2308"}],"curies":[{"name":"wp","href":"https:\/\/api.w.org\/{rel}","templated":true}]}}