{"id":2325,"date":"2024-07-24T21:24:45","date_gmt":"2024-07-24T21:24:45","guid":{"rendered":"https:\/\/airex-industries.com\/?page_id=2325"},"modified":"2024-11-04T21:11:39","modified_gmt":"2024-11-04T21:11:39","slug":"sablage-au-jet","status":"publish","type":"page","link":"https:\/\/airex-industries.com\/fr\/applications\/abrasive-blasting\/","title":{"rendered":"Sablage au jet"},"content":{"rendered":"<div class=\"wpb-content-wrapper\"><div class=\"vc_row wpb_row vc_row-fluid vc_custom_1453476243999\"><div class=\"wpb_animate_when_almost_visible wpb_slideInUp slideInUp wpb_column vc_column_container vc_col-md-12\"><div class=\"vc_column-inner\"><div class=\"wpb_wrapper\"><div class=\"gallery-fs\"><figure><img decoding=\"async\" src=\"https:\/\/airex-industries.com\/wp-content\/uploads\/2024\/07\/abrasive_contaminants_1_1138x655.jpg\" alt=\"Sablage au jet\"><figcaption>Sablage au jet<\/figcaption><\/figure><div class=\"gallery-fs-nav\"><button class=\"gallery-fs-fullscreen\"><i class=\"fa fa-arrows-alt\"><\/i><\/button><\/div><div class=\"gallery-fs-thumbnails gallery-fs-thumbnails-col-5 owl-carousel\"><a href='https:\/\/airex-industries.com\/wp-content\/uploads\/2024\/07\/abrasive_contaminants_1_1138x655.jpg' data-caption='Abrasive Blasting' title='Sablage au jet' class=\"selected\"><img loading=\"lazy\" decoding=\"async\" width=\"280\" height=\"210\" src=\"https:\/\/airex-industries.com\/wp-content\/uploads\/2024\/07\/abrasive_contaminants_1_1138x655-280x210.jpg\" class=\"attachment-anps-gallery-thumb size-anps-gallery-thumb\" alt=\"Sablage au jet\" \/><\/a><a href='https:\/\/airex-industries.com\/wp-content\/uploads\/2024\/07\/abrasive_DC_4-1138x655-1.jpg' data-caption='Airex Central Collection System' title='Syst\u00e8me central de collecte de poussi\u00e8re Airex Industries'><img loading=\"lazy\" decoding=\"async\" width=\"280\" height=\"210\" src=\"https:\/\/airex-industries.com\/wp-content\/uploads\/2024\/07\/abrasive_DC_4-1138x655-1-280x210.jpg\" class=\"attachment-anps-gallery-thumb size-anps-gallery-thumb\" alt=\"Syst\u00e8me central de collecte de poussi\u00e8re Airex Industries\" \/><\/a><a href='https:\/\/airex-industries.com\/wp-content\/uploads\/2024\/07\/abrasive_DC_5-1138x655-1.jpg' data-caption='Airex Central Dust Collection System' title='Syst\u00e8me central de collecte de poussi\u00e8re Airex Industries'><img loading=\"lazy\" decoding=\"async\" width=\"280\" height=\"210\" src=\"https:\/\/airex-industries.com\/wp-content\/uploads\/2024\/07\/abrasive_DC_5-1138x655-1-280x210.jpg\" class=\"attachment-anps-gallery-thumb size-anps-gallery-thumb\" alt=\"Syst\u00e8me central de collecte de poussi\u00e8re Airex Industries\" \/><\/a><a href='https:\/\/airex-industries.com\/wp-content\/uploads\/2024\/07\/risques_abrasive_2-1138x655-1.jpg' data-caption='Abrasive Blasting' title='Sablage au jet'><img loading=\"lazy\" decoding=\"async\" width=\"280\" height=\"210\" src=\"https:\/\/airex-industries.com\/wp-content\/uploads\/2024\/07\/risques_abrasive_2-1138x655-1-280x210.jpg\" class=\"attachment-anps-gallery-thumb size-anps-gallery-thumb\" alt=\"Sablage au jet\" \/><\/a><\/div><\/div><\/div><\/div><\/div><\/div><div class=\"vc_row wpb_row vc_row-fluid\"><div class=\"wpb_column vc_column_container vc_col-md-12\"><div class=\"vc_column-inner\"><div class=\"wpb_wrapper\"><h2 style=\"text-align: left\" class=\"vc_custom_heading vc_do_custom_heading title wpb_animate_when_almost_visible wpb_slideInRight slideInRight\" >SABLAGE AU JET<\/h2>\n\t<div class=\"wpb_text_column wpb_content_element wpb_animate_when_almost_visible wpb_slideInRight slideInRight\" >\n\t\t<div class=\"wpb_wrapper\">\n\t\t\t<p>Les \u00e9tapes d\u2019un projet a\u00e9rospatial ont toutes leurs d\u00e9fis particuliers. En prendre connaissance vous aidera \u00e0 mieux cerner les multiples sources d\u2019\u00e9mission de poussi\u00e8re et de particules nocives.<\/p>\n\n\t\t<\/div>\n\t<\/div>\n<h3 class='heading-left  style-1'  style='color: #9c1c20'><span>Probl\u00e9matiques rencontr\u00e9es lors de nos interventions<\/span><\/h3><div class=\"vc_row wpb_row vc_inner vc_row-fluid\"><div class=\"wpb_column vc_column_container vc_col-md-4\"><div class=\"vc_column-inner vc_custom_1722281711207\"><div class=\"wpb_wrapper\"><div class='icon icon-left'><div class='icon-header'><div class='icon-media' style='width: 40px;'><img loading=\"lazy\" decoding=\"async\" width=\"612\" height=\"612\" src=\"https:\/\/airex-industries.com\/wp-content\/uploads\/2024\/07\/icon-dust.png\" class=\"attachment-full size-full\" alt=\"Les poussi\u00e8res\" srcset=\"https:\/\/airex-industries.com\/wp-content\/uploads\/2024\/07\/icon-dust.png 612w, https:\/\/airex-industries.com\/wp-content\/uploads\/2024\/07\/icon-dust-300x300.png 300w, https:\/\/airex-industries.com\/wp-content\/uploads\/2024\/07\/icon-dust-150x150.png 150w, https:\/\/airex-industries.com\/wp-content\/uploads\/2024\/07\/icon-dust-12x12.png 12w\" sizes=\"auto, (max-width: 612px) 100vw, 612px\" \/><\/i><\/div><h3 class='icon-title text-uppercase'>Les poussi\u00e8res<\/h3><\/div><p>Les particules g\u00e9n\u00e9r\u00e9es par ce champ d'application s'accumulent rapidement et doivent \u00eatre pris en charge efficacement.<\/p><\/div><\/div><\/div><\/div><div class=\"wpb_column vc_column_container vc_col-md-4\"><div class=\"vc_column-inner vc_custom_1722281718961\"><div class=\"wpb_wrapper\"><div class='icon icon-left'><div class='icon-header'><div class='icon-media' style='width: 40px;'><img loading=\"lazy\" decoding=\"async\" width=\"612\" height=\"612\" src=\"https:\/\/airex-industries.com\/wp-content\/uploads\/2024\/07\/icon-visibility.png\" class=\"attachment-full size-full\" alt=\"Visibilit\u00e9\" srcset=\"https:\/\/airex-industries.com\/wp-content\/uploads\/2024\/07\/icon-visibility.png 612w, https:\/\/airex-industries.com\/wp-content\/uploads\/2024\/07\/icon-visibility-300x300.png 300w, https:\/\/airex-industries.com\/wp-content\/uploads\/2024\/07\/icon-visibility-150x150.png 150w, https:\/\/airex-industries.com\/wp-content\/uploads\/2024\/07\/icon-visibility-12x12.png 12w\" sizes=\"auto, (max-width: 612px) 100vw, 612px\" \/><\/i><\/div><h3 class='icon-title text-uppercase'>Visibilit\u00e9<\/h3><\/div><p>L'accumulation de particules en suspension cause des complications au niveau de la clart\u00e9 de la vision.<\/p><\/div><\/div><\/div><\/div><div class=\"wpb_column vc_column_container vc_col-md-4\"><div class=\"vc_column-inner vc_custom_1722281725275\"><div class=\"wpb_wrapper\"><div class='icon icon-left'><div class='icon-header'><div class='icon-media' style='width: 40px;'><img loading=\"lazy\" decoding=\"async\" width=\"612\" height=\"612\" src=\"https:\/\/airex-industries.com\/wp-content\/uploads\/2024\/07\/icon-explosif.png\" class=\"attachment-full size-full\" alt=\"Risque d&#039;explosion\" srcset=\"https:\/\/airex-industries.com\/wp-content\/uploads\/2024\/07\/icon-explosif.png 612w, https:\/\/airex-industries.com\/wp-content\/uploads\/2024\/07\/icon-explosif-300x300.png 300w, https:\/\/airex-industries.com\/wp-content\/uploads\/2024\/07\/icon-explosif-150x150.png 150w, https:\/\/airex-industries.com\/wp-content\/uploads\/2024\/07\/icon-explosif-12x12.png 12w\" sizes=\"auto, (max-width: 612px) 100vw, 612px\" \/><\/i><\/div><h3 class='icon-title text-uppercase'>Risque d'explosion<\/h3><\/div><p>Les poussi\u00e8res de certains mat\u00e9riaux sont combustibles et selon les circonstances, peuvent \u00eatre \u00e0 l\u2019origine d\u2019une explosion.<\/p><\/div><\/div><\/div><\/div><\/div><div class=\"vc_separator wpb_content_element vc_separator_align_center vc_sep_width_100 vc_sep_pos_align_center vc_separator_no_text vc_sep_color_grey wpb_content_element  wpb_content_element\" ><span class=\"vc_sep_holder vc_sep_holder_l\"><span class=\"vc_sep_line\"><\/span><\/span><span class=\"vc_sep_holder vc_sep_holder_r\"><span class=\"vc_sep_line\"><\/span><\/span>\n<\/div><\/div><\/div><\/div><\/div><div class=\"vc_row wpb_row vc_row-fluid\"><div class=\"wpb_column vc_column_container vc_col-md-12\"><div class=\"vc_column-inner\"><div class=\"wpb_wrapper\"><h2 style=\"color: #9c1c20;text-align: left\" class=\"vc_custom_heading vc_do_custom_heading title\" >Risques associ\u00e9s au sablage au jet: que faut-il savoir?<\/h2>\n\t<div class=\"wpb_text_column wpb_content_element wpb_animate_when_almost_visible wpb_bounceInLeft bounceInLeft\" >\n\t\t<div class=\"wpb_wrapper\">\n\t\t\t<p>Le traitement des surfaces au sablage par voie s\u00e8che g\u00e9n\u00e8re \u00e9norm\u00e9ment de poussi\u00e8res et soul\u00e8ve des enjeux de captation particuliers. Lorsque vous pr\u00e9parez les composantes pour les peinturer, r\u00e9aliser leur finition ou, encore, lorsque vous nettoyez des structures, vous devez garder \u00e0 l\u2019\u0153il plusieurs risques. Diff\u00e9rents facteurs entrent en jeu:<\/p>\n<ul>\n<li>Quels types de particules se d\u00e9gagent de vos proc\u00e9d\u00e9s de traitement de surface \u2013 substrats et abrasifs confondus?<\/li>\n<li>Y a-t-il des risques de d\u00e9flagration li\u00e9s \u00e0 vos proc\u00e9d\u00e9s? Produisent-ils des poussi\u00e8res contenant des m\u00e9taux explosifs, comme l\u2019aluminium?<\/li>\n<li>Avez-vous mis en place des mesures de captation, de transport et de collecte adapt\u00e9es \u00e0 la poussi\u00e8re de sablage (un d\u00e9poussi\u00e9reur pour cabine de sablage au jet ou un extracteur de poussi\u00e8re \u00e0 sableuse, par exemple)?<\/li>\n<\/ul>\n\n\t\t<\/div>\n\t<\/div>\n<h2 style=\"color: #9c1c20;text-align: left\" class=\"vc_custom_heading vc_do_custom_heading title\" >Sablage au jet: prot\u00e9gez la sant\u00e9 des travailleurs !<\/h2>\n\t<div class=\"wpb_text_column wpb_content_element wpb_animate_when_almost_visible wpb_bounceInRight bounceInRight\" >\n\t\t<div class=\"wpb_wrapper\">\n\t\t\t<div class=\"uk-width-large-1-2\">\n<p>Que vous utilisiez des abrasifs comme du sable ou des \u00e9cailles de noix concass\u00e9es, des minerais (oxydes d\u2019aluminium ou de silice) ou, encore, des grenailles m\u00e9talliques (d\u2019aluminium ou d\u2019acier), vous devez prot\u00e9ger la\u00a0<a title=\"\" href=\"\/fr\/medias\/309-comment-proteger-la-zone-respiratoire-des-travailleurs\/\">zone respiratoire de vos travailleurs<\/a>\u00a0et contr\u00f4ler les risques d\u2019incendie ou d\u2019explosion.<\/p>\n<p>Le d\u00e9fi de d\u00e9poussi\u00e9rage pour le sablage au jet est de s\u00e9lectionner un syst\u00e8me de collecte pouvant g\u00e9rer les mati\u00e8res d\u00e9gag\u00e9es des substrats et des abrasifs\u2026 un important volume de particules! \u00c0 eux seuls, ces abrasifs repr\u00e9sentent jusqu\u2019\u00e0 95 % de la quantit\u00e9 aspir\u00e9e. Le 5% restant provient de la mati\u00e8re sabl\u00e9e. Ces fines poussi\u00e8res peuvent \u00eatre potentiellement nocives et hautement explosives.<\/p>\n<p>Un autre enjeu du sablage au jet est d\u2019arriver \u00e0 offrir une visibilit\u00e9 s\u00e9curitaire \u00e0 votre main-d\u2019\u0153uvre, sablant souvent dans des cabines herm\u00e9tiques, recouverte en entier d\u2019un habit de travail protecteur. Pour y arriver, l\u2019environnement doit respecter les exigences en mati\u00e8re de renouvellement d\u2019air: il doit demeurer sous le seuil d\u2019obstruction de la vue du travailleur.<\/p>\n<\/div>\n\n\t\t<\/div>\n\t<\/div>\n<div class=\"panel-group panel-icon-plus panel-icon-align-default panel-shape-square\" id=\"accordion-0\" role=\"tablist\" aria-multiselectable=\"true\"><div class=\"panel\" style=\"\"><div class=\"panel-heading\" role=\"tab\" id=\"acc-heading-1453278520348-82ca7492-26b767f7-73e6\"><h4 class=\"panel-title text-default small-margin\"><a data-parent=\"#accordion-0\" class=\"\" role=\"button\" data-toggle=\"collapse\" href=\"#acc-1453278520348-82ca7492-26b767f7-73e6\" aria-expanded=\"true\" aria-controls=\"acc-1453278520348-82ca7492-26b767f7-73e6\"><span>Comment r\u00e9duire les risques li\u00e9s au sablage au jet?<\/span><\/a><\/h4><\/div><div id=\"acc-1453278520348-82ca7492-26b767f7-73e6\" class=\"panel-collapse collapse in\" role=\"tabpanel\" aria-labelledby=\"acc-heading-1453278520348-82ca7492-26b767f7-73e6\"><div class=\"panel-body\">\n\t<div class=\"wpb_text_column wpb_content_element vc_custom_1730754687427\" >\n\t\t<div class=\"wpb_wrapper\">\n\t\t\t<p>L\u2019am\u00e9nagement d\u2019un syst\u00e8me de captation, de transport et de collecte de poussi\u00e8res doit tenir compte des exigences en mati\u00e8re d\u2019incendie, d\u2019explosion, de corrosion et de toxicit\u00e9. Par exemple, \u00e0 cause de leur friction, les abrasifs et certaines composantes m\u00e9talliques peuvent cr\u00e9er une r\u00e9action exothermique et s\u2019embraser. Une solution pour en diminuer les risques serait d\u2019utiliser des techniques de dilution pour refroidir l\u2019air. Vous pourriez aussi opter pour des\u00a0<a href=\"\/fr\/produits\/solution-de-controle-de-l-environnement\/douche-d-air\/\">douches d\u2019air<\/a>\u00a0comme solution de d\u00e9contamination s\u00e9curitaire des travailleurs. Ma\u00eetrisant les normes en d\u00e9tail, nos experts en d\u00e9poussi\u00e9rage peuvent vous aider \u00e0 les respecter et \u00e0 choisir un syst\u00e8me adapt\u00e9 \u00e0 vos proc\u00e9d\u00e9s et \u00e0 vos besoins.<\/p>\n\n\t\t<\/div>\n\t<\/div>\n<\/div><\/div><\/div><div class=\"panel\" style=\"\"><div class=\"panel-heading\" role=\"tab\" id=\"acc-heading-1453278704996-2e48d0ff-944d67f7-73e6\"><h4 class=\"panel-title text-default small-margin\"><a data-parent=\"#accordion-0\" class=\"collapsed\" role=\"button\" data-toggle=\"collapse\" href=\"#acc-1453278704996-2e48d0ff-944d67f7-73e6\" aria-expanded=\"true\" aria-controls=\"acc-1453278704996-2e48d0ff-944d67f7-73e6\"><span>Quel est le meilleur d\u00e9poussi\u00e9reur pour le sablage au jet?<\/span><\/a><\/h4><\/div><div id=\"acc-1453278704996-2e48d0ff-944d67f7-73e6\" class=\"panel-collapse collapse\" role=\"tabpanel\" aria-labelledby=\"acc-heading-1453278704996-2e48d0ff-944d67f7-73e6\"><div class=\"panel-body\">\n\t<div class=\"wpb_text_column wpb_content_element vc_custom_1722263306856\" >\n\t\t<div class=\"wpb_wrapper\">\n\t\t\t<p>Chaque industrie a ses enjeux et particularit\u00e9s! Le choix et l\u2019am\u00e9nagement d\u2019un syst\u00e8me de d\u00e9poussi\u00e9rage adapt\u00e9 au sablage au jet doivent tenir compte du type de particules \u00e0 contr\u00f4ler, de l\u2019environnement de travail, des normes et d\u2019une \u00e9valuation des risques. Plusieurs solutions et d\u00e9poussi\u00e9reurs r\u00e9sistant \u00e0 l\u2019abrasion s\u2019offrent \u00e0 vous, de la table aspirante aux syst\u00e8mes de captation \u00e0 la source (en cabine).<\/p>\n<p>Selon nous, le meilleur d\u00e9poussi\u00e9reur est celui qui r\u00e9pond parfaitement \u00e0 vos besoins. C\u2019est \u00e9galement le syst\u00e8me qui vous permet de faire des \u00e9conomies. Nos experts peuvent vous sugg\u00e9rer des options durables. Nos recommandations sont r\u00e9fl\u00e9chies pour minimiser les arr\u00eats de production, les r\u00e9parations, ainsi que la consommation \u00e9nerg\u00e9tique. Voici un aper\u00e7u de ce que nous pouvons vous offrir :<\/p>\n<ul>\n<li>Solutions novatrices ayant une excellente dur\u00e9e de vie, comme notre syst\u00e8me de\u00a0<a title=\"\" href=\"\/fr\/produits\/depoussiereur\/cartouches\/\">d\u00e9poussi\u00e9rage \u00e0 cartouches<\/a>\u00a0verticales con\u00e7u sur mesure.<\/li>\n<li>Solutions de d\u00e9poussi\u00e9rage int\u00e9gr\u00e9es \u00e0 m\u00eame les cabinets et les chambres de sablage au jet.<\/li>\n<li>De l\u2019\u00e9quipement conforme aux normes NFPA pour la pr\u00e9vention des incidents.<\/li>\n<li>\u00c9quipe compos\u00e9e d\u2019ing\u00e9nieurs et de sp\u00e9cialistes \u00e0 votre disposition pour les pannes et la maintenance pr\u00e9ventive.<\/li>\n<\/ul>\n\n\t\t<\/div>\n\t<\/div>\n<\/div><\/div><\/div><\/div><\/div><\/div><\/div><\/div>\n<\/div>","protected":false},"excerpt":{"rendered":"Abrasive BlastingABRASIVE BLASTING The phases of an aerospace project all have their own challenges. Becoming aware of them will help you better identify the multiple emission sources of hazardous dust and particles. Issues Encountered During Our InterventionsDustParticles generated by this &hellip;","protected":false},"author":2,"featured_media":2512,"parent":2311,"menu_order":0,"comment_status":"closed","ping_status":"closed","template":"","meta":{"content-type":"","footnotes":""},"class_list":["post-2325","page","type-page","status-publish","has-post-thumbnail","hentry"],"_links":{"self":[{"href":"https:\/\/airex-industries.com\/fr\/wp-json\/wp\/v2\/pages\/2325","targetHints":{"allow":["GET"]}}],"collection":[{"href":"https:\/\/airex-industries.com\/fr\/wp-json\/wp\/v2\/pages"}],"about":[{"href":"https:\/\/airex-industries.com\/fr\/wp-json\/wp\/v2\/types\/page"}],"author":[{"embeddable":true,"href":"https:\/\/airex-industries.com\/fr\/wp-json\/wp\/v2\/users\/2"}],"replies":[{"embeddable":true,"href":"https:\/\/airex-industries.com\/fr\/wp-json\/wp\/v2\/comments?post=2325"}],"version-history":[{"count":0,"href":"https:\/\/airex-industries.com\/fr\/wp-json\/wp\/v2\/pages\/2325\/revisions"}],"up":[{"embeddable":true,"href":"https:\/\/airex-industries.com\/fr\/wp-json\/wp\/v2\/pages\/2311"}],"wp:featuredmedia":[{"embeddable":true,"href":"https:\/\/airex-industries.com\/fr\/wp-json\/wp\/v2\/media\/2512"}],"wp:attachment":[{"href":"https:\/\/airex-industries.com\/fr\/wp-json\/wp\/v2\/media?parent=2325"}],"curies":[{"name":"wp","href":"https:\/\/api.w.org\/{rel}","templated":true}]}}