{"id":2340,"date":"2024-07-24T22:07:52","date_gmt":"2024-07-24T22:07:52","guid":{"rendered":"https:\/\/airex-industries.com\/?page_id=2340"},"modified":"2024-11-04T21:14:33","modified_gmt":"2024-11-04T21:14:33","slug":"agroalimentaire","status":"publish","type":"page","link":"https:\/\/airex-industries.com\/fr\/applications\/food-processing\/","title":{"rendered":"Agroalimentaire"},"content":{"rendered":"<div class=\"wpb-content-wrapper\"><div class=\"vc_row wpb_row vc_row-fluid vc_custom_1453476243999\"><div class=\"wpb_animate_when_almost_visible wpb_slideInUp slideInUp wpb_column vc_column_container vc_col-md-12\"><div class=\"vc_column-inner\"><div class=\"wpb_wrapper\"><div class=\"gallery-fs\"><figure><img decoding=\"async\" src=\"https:\/\/airex-industries.com\/wp-content\/uploads\/2024\/07\/agroalimentaire_contaminants_1_1138x655.jpg\" alt=\"Agroalimentaire\"><figcaption>Agroalimentaire<\/figcaption><\/figure><div class=\"gallery-fs-nav\"><button class=\"gallery-fs-fullscreen\"><i class=\"fa fa-arrows-alt\"><\/i><\/button><\/div><div class=\"gallery-fs-thumbnails gallery-fs-thumbnails-col-5 owl-carousel\"><a href='https:\/\/airex-industries.com\/wp-content\/uploads\/2024\/07\/agroalimentaire_contaminants_1_1138x655.jpg' data-caption='Food Processing' title='Agroalimentaire' class=\"selected\"><img loading=\"lazy\" decoding=\"async\" width=\"280\" height=\"210\" src=\"https:\/\/airex-industries.com\/wp-content\/uploads\/2024\/07\/agroalimentaire_contaminants_1_1138x655-280x210.jpg\" class=\"attachment-anps-gallery-thumb size-anps-gallery-thumb\" alt=\"Agroalimentaire\" \/><\/a><a href='https:\/\/airex-industries.com\/wp-content\/uploads\/2024\/07\/agroalimentaire_DC_5_1138x655.jpg' data-caption='Food Processing' title='Agroalimentaire'><img loading=\"lazy\" decoding=\"async\" width=\"280\" height=\"210\" src=\"https:\/\/airex-industries.com\/wp-content\/uploads\/2024\/07\/agroalimentaire_DC_5_1138x655-280x210.jpg\" class=\"attachment-anps-gallery-thumb size-anps-gallery-thumb\" alt=\"Agroalimentaire\" \/><\/a><a href='https:\/\/airex-industries.com\/wp-content\/uploads\/2024\/07\/agroalimentaire_risques_2_1138x655.jpg' data-caption='Food Processing' title='Agroalimentaire'><img loading=\"lazy\" decoding=\"async\" width=\"280\" height=\"210\" src=\"https:\/\/airex-industries.com\/wp-content\/uploads\/2024\/07\/agroalimentaire_risques_2_1138x655-280x210.jpg\" class=\"attachment-anps-gallery-thumb size-anps-gallery-thumb\" alt=\"Agroalimentaire\" \/><\/a><a href='https:\/\/airex-industries.com\/wp-content\/uploads\/2024\/07\/agroalimentaire_DC_4_1138x655.jpg' data-caption='Food Processing' title='Agroalimentaire'><img loading=\"lazy\" decoding=\"async\" width=\"280\" height=\"210\" src=\"https:\/\/airex-industries.com\/wp-content\/uploads\/2024\/07\/agroalimentaire_DC_4_1138x655-280x210.jpg\" class=\"attachment-anps-gallery-thumb size-anps-gallery-thumb\" alt=\"Agroalimentaire\" \/><\/a><\/div><\/div><\/div><\/div><\/div><\/div><div class=\"vc_row wpb_row vc_row-fluid\"><div class=\"wpb_column vc_column_container vc_col-md-12\"><div class=\"vc_column-inner\"><div class=\"wpb_wrapper\"><h2 style=\"text-align: left\" class=\"vc_custom_heading vc_do_custom_heading title\" >Agroalimentaire<\/h2>\n\t<div class=\"wpb_text_column wpb_content_element wpb_animate_when_almost_visible wpb_slideInRight slideInRight\" >\n\t\t<div class=\"wpb_wrapper\">\n\t\t\t<p>Les proc\u00e9d\u00e9s de l\u2019industrie agroalimentaire soul\u00e8vent de nombreux d\u00e9fis. En les connaissant, vous serez en mesure de reconna\u00eetre les sources d\u2019\u00e9missions des particules, poussi\u00e8res et bioa\u00e9rosols.<\/p>\n\n\t\t<\/div>\n\t<\/div>\n<h3 class='heading-left  style-1'  style='color: #9c1c20'><span>Probl\u00e9matiques rencontr\u00e9es lors de nos interventions<\/span><\/h3><div class=\"vc_row wpb_row vc_inner vc_row-fluid\"><div class=\"wpb_column vc_column_container vc_col-md-4\"><div class=\"vc_column-inner vc_custom_1722281632796\"><div class=\"wpb_wrapper\"><div class='icon icon-left'><div class='icon-header'><div class='icon-media' style='width: 40px;'><img loading=\"lazy\" decoding=\"async\" width=\"612\" height=\"612\" src=\"https:\/\/airex-industries.com\/wp-content\/uploads\/2024\/07\/icon-humidity.png\" class=\"attachment-full size-full\" alt=\"Humidit\u00e9\" srcset=\"https:\/\/airex-industries.com\/wp-content\/uploads\/2024\/07\/icon-humidity.png 612w, https:\/\/airex-industries.com\/wp-content\/uploads\/2024\/07\/icon-humidity-300x300.png 300w, https:\/\/airex-industries.com\/wp-content\/uploads\/2024\/07\/icon-humidity-150x150.png 150w, https:\/\/airex-industries.com\/wp-content\/uploads\/2024\/07\/icon-humidity-12x12.png 12w\" sizes=\"auto, (max-width: 612px) 100vw, 612px\" \/><\/i><\/div><h3 class='icon-title text-uppercase'>Humidit\u00e9<\/h3><\/div><p>Le contr\u00f4le du taux d'humidit\u00e9 est un facteur essentiel pour la production de ce type d'application<\/p><\/div><\/div><\/div><\/div><div class=\"wpb_column vc_column_container vc_col-md-4\"><div class=\"vc_column-inner vc_custom_1722281646590\"><div class=\"wpb_wrapper\"><div class='icon icon-left'><div class='icon-header'><div class='icon-media' style='width: 40px;'><img loading=\"lazy\" decoding=\"async\" width=\"612\" height=\"612\" src=\"https:\/\/airex-industries.com\/wp-content\/uploads\/2024\/07\/icon-temperature.png\" class=\"attachment-full size-full\" alt=\"Temp\u00e9rature\" srcset=\"https:\/\/airex-industries.com\/wp-content\/uploads\/2024\/07\/icon-temperature.png 612w, https:\/\/airex-industries.com\/wp-content\/uploads\/2024\/07\/icon-temperature-300x300.png 300w, https:\/\/airex-industries.com\/wp-content\/uploads\/2024\/07\/icon-temperature-150x150.png 150w, https:\/\/airex-industries.com\/wp-content\/uploads\/2024\/07\/icon-temperature-12x12.png 12w\" sizes=\"auto, (max-width: 612px) 100vw, 612px\" \/><\/i><\/div><h3 class='icon-title text-uppercase'>Temp\u00e9rature<\/h3><\/div><p>Certains proc\u00e9d\u00e9s exigent un contr\u00f4le minutieux de la temp\u00e9rature tout au long du processus de fabrication.<\/p><\/div><\/div><\/div><\/div><div class=\"wpb_column vc_column_container vc_col-md-4\"><div class=\"vc_column-inner vc_custom_1722281652615\"><div class=\"wpb_wrapper\"><div class='icon icon-left'><div class='icon-header'><div class='icon-media' style='width: 40px;'><img loading=\"lazy\" decoding=\"async\" width=\"612\" height=\"612\" src=\"https:\/\/airex-industries.com\/wp-content\/uploads\/2024\/07\/icon-dust.png\" class=\"attachment-full size-full\" alt=\"Les poussi\u00e8res\" srcset=\"https:\/\/airex-industries.com\/wp-content\/uploads\/2024\/07\/icon-dust.png 612w, https:\/\/airex-industries.com\/wp-content\/uploads\/2024\/07\/icon-dust-300x300.png 300w, https:\/\/airex-industries.com\/wp-content\/uploads\/2024\/07\/icon-dust-150x150.png 150w, https:\/\/airex-industries.com\/wp-content\/uploads\/2024\/07\/icon-dust-12x12.png 12w\" sizes=\"auto, (max-width: 612px) 100vw, 612px\" \/><\/i><\/div><h3 class='icon-title text-uppercase'>Les poussi\u00e8res<\/h3><\/div><p>Les particules g\u00e9n\u00e9r\u00e9es par ce champ d'application s'accumulent rapidement et doivent \u00eatre pris en charge efficacement.<\/p><\/div><\/div><\/div><\/div><\/div><div class=\"vc_row wpb_row vc_inner vc_row-fluid\"><div class=\"wpb_column vc_column_container vc_col-md-4\"><div class=\"vc_column-inner vc_custom_1722281659054\"><div class=\"wpb_wrapper\"><div class='icon icon-left'><div class='icon-header'><div class='icon-media' style='width: 40px;'><img loading=\"lazy\" decoding=\"async\" width=\"612\" height=\"612\" src=\"https:\/\/airex-industries.com\/wp-content\/uploads\/2024\/07\/icon-air.png\" class=\"attachment-full size-full\" alt=\"Changement d&#039;air\" srcset=\"https:\/\/airex-industries.com\/wp-content\/uploads\/2024\/07\/icon-air.png 612w, https:\/\/airex-industries.com\/wp-content\/uploads\/2024\/07\/icon-air-300x300.png 300w, https:\/\/airex-industries.com\/wp-content\/uploads\/2024\/07\/icon-air-150x150.png 150w, https:\/\/airex-industries.com\/wp-content\/uploads\/2024\/07\/icon-air-12x12.png 12w\" sizes=\"auto, (max-width: 612px) 100vw, 612px\" \/><\/i><\/div><h3 class='icon-title text-uppercase'>Changement d'air<\/h3><\/div><p>Plusieurs changement d'air par heure doivent \u00eatre effectuer afin d'assurer une qualit\u00e9 d'air ambiant respectant les normes.<\/p><\/div><\/div><\/div><\/div><div class=\"wpb_column vc_column_container vc_col-md-4\"><div class=\"vc_column-inner vc_custom_1722281664947\"><div class=\"wpb_wrapper\"><div class='icon icon-left'><div class='icon-header'><div class='icon-media' style='width: 40px;'><img loading=\"lazy\" decoding=\"async\" width=\"612\" height=\"612\" src=\"https:\/\/airex-industries.com\/wp-content\/uploads\/2024\/07\/icon-energy.png\" class=\"attachment-full size-full\" alt=\"\u00c9nergivore\" srcset=\"https:\/\/airex-industries.com\/wp-content\/uploads\/2024\/07\/icon-energy.png 612w, https:\/\/airex-industries.com\/wp-content\/uploads\/2024\/07\/icon-energy-300x300.png 300w, https:\/\/airex-industries.com\/wp-content\/uploads\/2024\/07\/icon-energy-150x150.png 150w, https:\/\/airex-industries.com\/wp-content\/uploads\/2024\/07\/icon-energy-12x12.png 12w\" sizes=\"auto, (max-width: 612px) 100vw, 612px\" \/><\/i><\/div><h3 class='icon-title text-uppercase'>\u00c9nergivore<\/h3><\/div><p>Les proc\u00e9d\u00e9s li\u00e9s \u00e0 ce champ d'application sont de grands consommateurs d'\u00e9nergie.<\/p><\/div><\/div><\/div><\/div><div class=\"wpb_column vc_column_container vc_col-md-4\"><div class=\"vc_column-inner vc_custom_1722281671038\"><div class=\"wpb_wrapper\"><div class='icon icon-left'><div class='icon-header'><div class='icon-media' style='width: 40px;'><img loading=\"lazy\" decoding=\"async\" width=\"612\" height=\"612\" src=\"https:\/\/airex-industries.com\/wp-content\/uploads\/2024\/07\/icon-explosif.png\" class=\"attachment-full size-full\" alt=\"Risque d&#039;explosion\" srcset=\"https:\/\/airex-industries.com\/wp-content\/uploads\/2024\/07\/icon-explosif.png 612w, https:\/\/airex-industries.com\/wp-content\/uploads\/2024\/07\/icon-explosif-300x300.png 300w, https:\/\/airex-industries.com\/wp-content\/uploads\/2024\/07\/icon-explosif-150x150.png 150w, https:\/\/airex-industries.com\/wp-content\/uploads\/2024\/07\/icon-explosif-12x12.png 12w\" sizes=\"auto, (max-width: 612px) 100vw, 612px\" \/><\/i><\/div><h3 class='icon-title text-uppercase'>Risque d'explosion<\/h3><\/div><p>Les poussi\u00e8res de certains mat\u00e9riaux sont combustibles et selon les circonstances, peuvent \u00eatre \u00e0 l\u2019origine d\u2019une explosion.<\/p><\/div><\/div><\/div><\/div><div class=\"wpb_column vc_column_container vc_col-md-12\"><div class=\"vc_column-inner\"><div class=\"wpb_wrapper\"><div class=\"vc_separator wpb_content_element vc_separator_align_center vc_sep_width_100 vc_sep_pos_align_center vc_separator_no_text vc_sep_color_grey wpb_content_element  wpb_content_element\" ><span class=\"vc_sep_holder vc_sep_holder_l\"><span class=\"vc_sep_line\"><\/span><\/span><span class=\"vc_sep_holder vc_sep_holder_r\"><span class=\"vc_sep_line\"><\/span><\/span>\n<\/div><\/div><\/div><\/div><\/div><\/div><\/div><\/div><\/div><div class=\"vc_row wpb_row vc_row-fluid\"><div class=\"wpb_column vc_column_container vc_col-md-12\"><div class=\"vc_column-inner\"><div class=\"wpb_wrapper\"><h2 style=\"color: #9c1c20;text-align: left\" class=\"vc_custom_heading vc_do_custom_heading title\" >L\u2019agroalimentaire et ses contaminants: que faut-il savoir?<\/h2>\n\t<div class=\"wpb_text_column wpb_content_element wpb_animate_when_almost_visible wpb_bounceInLeft bounceInLeft\" >\n\t\t<div class=\"wpb_wrapper\">\n\t\t\t<p>Stockage, manutention des grains, cuisson des aliments, fermentation et conditionnement de produits \u00e0 base de poisson, de viande ou de volaille: vous le savez comme nous, vos proc\u00e9d\u00e9s g\u00e9n\u00e8rent \u00e9norm\u00e9ment de poussi\u00e8res. Selon vos op\u00e9rations, plusieurs aspects entrent en ligne de compte:<\/p>\n<ul>\n<li>Y a-t-il un risque de d\u00e9flagration en lien avec les bioa\u00e9rosols? La mati\u00e8re organique \u00e9tant hautement combustible, elle est une source potentielle d\u2019incendie et d\u2019explosion.<\/li>\n<li>Quels types de particules se retrouvent dans vos installations? Avez-vous \u00e9valu\u00e9 la composition des a\u00e9rocontaminants et leurs fa\u00e7ons de se d\u00e9placer?<\/li>\n<li>Contr\u00f4lez-vous ad\u00e9quatement l\u2019humidit\u00e9 pour \u00e9viter la moisissure? La salubrit\u00e9 et la contamination crois\u00e9e constituent d\u2019autres enjeux cl\u00e9s \u00e0 surveiller!<\/li>\n<\/ul>\n\n\t\t<\/div>\n\t<\/div>\n<h2 style=\"color: #9c1c20;text-align: left\" class=\"vc_custom_heading vc_do_custom_heading title\" >Connaissez-vous les risques associ\u00e9s \u00e0 vos proc\u00e9d\u00e9s?<\/h2>\n\t<div class=\"wpb_text_column wpb_content_element wpb_animate_when_almost_visible wpb_bounceInRight bounceInRight\" >\n\t\t<div class=\"wpb_wrapper\">\n\t\t\t<p>Que vous commercialisez des grains, de la moul\u00e9e pour animaux, de la farine, du sucre ou de l\u2019huile v\u00e9g\u00e9tale \u00e0 partir de soya ou de canola compress\u00e9s, vous devez contr\u00f4ler vos \u00e9missions de particules. Puisqu\u2019elles peuvent\u00a0<a href=\"\/fr\/medias\/307-maladies-respiratoires-professionnelles-evitez-de-mordre-la-poussiere\/\">provoquer des probl\u00e8mes respiratoires<\/a>, elles doivent \u00eatre capt\u00e9es pour prot\u00e9ger la sant\u00e9 de vos travailleurs!<\/p>\n<p>Le colmatage des filtres et des conduits du d\u00e9poussi\u00e9reur est un autre d\u00e9fi \u00e0 relever. Souvent tr\u00e8s sensibles \u00e0 l\u2019humidit\u00e9 (hydrophiles), les particules retrouv\u00e9es dans votre industrie s\u2019agglom\u00e8rent et, \u00e0 la longue, peuvent boucher votre syst\u00e8me. D\u2019o\u00f9 l\u2019importance d\u2019inspecter et nettoyer l\u2019ensemble de votre d\u00e9poussi\u00e9reur et r\u00e9seau d\u2019aspiration!<\/p>\n<p>La vitesse de transport des poussi\u00e8res doit aussi \u00eatre gard\u00e9e \u00e0 l\u2019\u0153il: assez \u00e9lev\u00e9e pour \u00e9viter qu\u2019elles ne collent aux surfaces, mais pas trop, car la vitesse fait augmenter la friction, les chocs et, donc, les risques d\u2019explosion. Il faut trouver le bon \u00e9quilibre et adapter le syst\u00e8me de d\u00e9poussi\u00e9rage \u00e0 votre production.<\/p>\n\n\t\t<\/div>\n\t<\/div>\n<div class=\"panel-group panel-icon-plus panel-icon-align-default panel-shape-square\" id=\"accordion-0\" role=\"tablist\" aria-multiselectable=\"true\"><div class=\"panel\" style=\"\"><div class=\"panel-heading\" role=\"tab\" id=\"acc-heading-1453278520348-82ca7492-26b767f7-73e6\"><h4 class=\"panel-title text-default small-margin\"><a data-parent=\"#accordion-0\" class=\"\" role=\"button\" data-toggle=\"collapse\" href=\"#acc-1453278520348-82ca7492-26b767f7-73e6\" aria-expanded=\"true\" aria-controls=\"acc-1453278520348-82ca7492-26b767f7-73e6\"><span>Comment minimiser les risques d\u2019incendie et d\u2019explosion?<\/span><\/a><\/h4><\/div><div id=\"acc-1453278520348-82ca7492-26b767f7-73e6\" class=\"panel-collapse collapse in\" role=\"tabpanel\" aria-labelledby=\"acc-heading-1453278520348-82ca7492-26b767f7-73e6\"><div class=\"panel-body\">\n\t<div class=\"wpb_text_column wpb_content_element vc_custom_1722277500623\" >\n\t\t<div class=\"wpb_wrapper\">\n\t\t\t<p>Votre industrie doit composer avec des risques de d\u00e9flagration, en plus des normes agroalimentaires et environnementales strictes \u00e0 respecter. Nos experts comprennent bien ces enjeux et peuvent vous sugg\u00e9rer les meilleures solutions de d\u00e9poussi\u00e9rage adapt\u00e9es \u00e0 vos installations \u2014 sans aucun impact sur vos produits finis. Dans les meuneries, la\u00a0<a href=\"\/fr\/produits\/depoussiereur\/silo\/\">gestion des silos<\/a>doit par exemple \u00eatre surveill\u00e9e de pr\u00e8s, autant sur le plan de la salubrit\u00e9 que de la s\u00e9curit\u00e9 des travailleurs, \u00e0 cause des risques li\u00e9s \u00e0 leur sant\u00e9 respiratoire et aux d\u00e9flagrations.<\/p>\n\n\t\t<\/div>\n\t<\/div>\n<\/div><\/div><\/div><div class=\"panel\" style=\"\"><div class=\"panel-heading\" role=\"tab\" id=\"acc-heading-1453278704996-2e48d0ff-944d67f7-73e6\"><h4 class=\"panel-title text-default small-margin\"><a data-parent=\"#accordion-0\" class=\"collapsed\" role=\"button\" data-toggle=\"collapse\" href=\"#acc-1453278704996-2e48d0ff-944d67f7-73e6\" aria-expanded=\"true\" aria-controls=\"acc-1453278704996-2e48d0ff-944d67f7-73e6\"><span>Quel est le meilleur d\u00e9poussi\u00e9reur pour l\u2019industrie agroalimentaire?<\/span><\/a><\/h4><\/div><div id=\"acc-1453278704996-2e48d0ff-944d67f7-73e6\" class=\"panel-collapse collapse\" role=\"tabpanel\" aria-labelledby=\"acc-heading-1453278704996-2e48d0ff-944d67f7-73e6\"><div class=\"panel-body\">\n\t<div class=\"wpb_text_column wpb_content_element vc_custom_1722277555033\" >\n\t\t<div class=\"wpb_wrapper\">\n\t\t\t<p>En raison des nombreuses particularit\u00e9s de votre secteur, il n\u2019y a pas de solution unique! En pr\u00e9sence de particules organiques et d\u2019un taux d\u2019humidit\u00e9 \u00e9lev\u00e9, nous recommandons souvent le\u00a0<a href=\"\/fr\/produits\/depoussiereur\/manches-filtrantes-avec-effet-cyclonique\/\">d\u00e9poussi\u00e9reur \u00e0 manche filtrante<\/a>, dont la conception diminue les risques de colmatage. Puisque votre industrie utilise g\u00e9n\u00e9ralement des proc\u00e9d\u00e9s combinant chaleur et humidit\u00e9, un\u00a0<a title=\"\" href=\"\/fr\/produits\/depoussiereur\/manches-filtrantes-avec-effet-cyclonique\/\">d\u00e9poussi\u00e9reur avec effet cyclonique<\/a>\u00a0pourrait aussi faciliter la filtration des grosses particules tout en aidant \u00e0 les refroidir. \u00c0 ne pas oublier qu\u2019un entretien r\u00e9gulier vous permettra d\u2019\u00e9viter la contamination crois\u00e9e \u2014 tout en optimisant la performance de votre syst\u00e8me!<\/p>\n<p>Selon nous, le meilleur d\u00e9poussi\u00e9reur est celui qui r\u00e9pond parfaitement \u00e0 vos besoins en vous faisant \u00e9conomiser. Nos experts peuvent vous sugg\u00e9rer des options durables, pens\u00e9es pour minimiser les arr\u00eats de production, les r\u00e9parations et la consommation \u00e9nerg\u00e9tique. Voici un aper\u00e7u de ce que nous pouvons vous offrir :<\/p>\n<ul>\n<li>Solutions novatrices ayant une excellente dur\u00e9e de vie, comme notre syst\u00e8me g\u00e9rant les\u00a0<a href=\"\/fr\/produits\/solution-de-recuperation-d-energie\/controleur-d-entrainement-a-frequence-variable\/\">volumes variables<\/a>.<\/li>\n<li>Solutions int\u00e9gr\u00e9es pour r\u00e9cup\u00e9rer l\u2019\u00e9nergie utilis\u00e9e par vos syst\u00e8mes de s\u00e9chage, de pr\u00e9s\u00e9chage, vos chaudi\u00e8res \u00e0 la vapeur et autres appareils.<\/li>\n<li>\u00c9quipements approuv\u00e9s par la norme ATEX pour \u00e9viter les incidents.<\/li>\n<li>Une \u00e9quipe compos\u00e9e d\u2019ing\u00e9nieurs et de sp\u00e9cialistes disponible pour les pannes et l\u2019entretien pr\u00e9ventif.<\/li>\n<\/ul>\n\n\t\t<\/div>\n\t<\/div>\n<\/div><\/div><\/div><\/div><\/div><\/div><\/div><\/div>\n<\/div>","protected":false},"excerpt":{"rendered":"Food ProcessingFOOD PROCESSING The processes in the agri-food industry present many challenges. By being familiar with them, you will be able to identify the sources of particle, dust and bioaerosol emissions. Issues Encountered During Our InterventionsHumidityHumidity level control is vital &hellip;","protected":false},"author":2,"featured_media":2341,"parent":2311,"menu_order":0,"comment_status":"closed","ping_status":"closed","template":"","meta":{"content-type":"","footnotes":""},"class_list":["post-2340","page","type-page","status-publish","has-post-thumbnail","hentry"],"_links":{"self":[{"href":"https:\/\/airex-industries.com\/fr\/wp-json\/wp\/v2\/pages\/2340","targetHints":{"allow":["GET"]}}],"collection":[{"href":"https:\/\/airex-industries.com\/fr\/wp-json\/wp\/v2\/pages"}],"about":[{"href":"https:\/\/airex-industries.com\/fr\/wp-json\/wp\/v2\/types\/page"}],"author":[{"embeddable":true,"href":"https:\/\/airex-industries.com\/fr\/wp-json\/wp\/v2\/users\/2"}],"replies":[{"embeddable":true,"href":"https:\/\/airex-industries.com\/fr\/wp-json\/wp\/v2\/comments?post=2340"}],"version-history":[{"count":0,"href":"https:\/\/airex-industries.com\/fr\/wp-json\/wp\/v2\/pages\/2340\/revisions"}],"up":[{"embeddable":true,"href":"https:\/\/airex-industries.com\/fr\/wp-json\/wp\/v2\/pages\/2311"}],"wp:featuredmedia":[{"embeddable":true,"href":"https:\/\/airex-industries.com\/fr\/wp-json\/wp\/v2\/media\/2341"}],"wp:attachment":[{"href":"https:\/\/airex-industries.com\/fr\/wp-json\/wp\/v2\/media?parent=2340"}],"curies":[{"name":"wp","href":"https:\/\/api.w.org\/{rel}","templated":true}]}}