{"id":2353,"date":"2024-07-24T22:34:13","date_gmt":"2024-07-24T22:34:13","guid":{"rendered":"https:\/\/airex-industries.com\/?page_id=2353"},"modified":"2024-11-04T21:15:46","modified_gmt":"2024-11-04T21:15:46","slug":"fonderie","status":"publish","type":"page","link":"https:\/\/airex-industries.com\/fr\/applications\/foundry\/","title":{"rendered":"Fonderie"},"content":{"rendered":"<div class=\"wpb-content-wrapper\"><div class=\"vc_row wpb_row vc_row-fluid vc_custom_1453476243999\"><div class=\"wpb_animate_when_almost_visible wpb_slideInUp slideInUp wpb_column vc_column_container vc_col-md-12\"><div class=\"vc_column-inner\"><div class=\"wpb_wrapper\"><div class=\"gallery-fs\"><figure><img decoding=\"async\" src=\"https:\/\/airex-industries.com\/wp-content\/uploads\/2024\/08\/foundry-contaminants-1138x655-1.webp\" alt=\"\"><figcaption><\/figcaption><\/figure><\/div><\/div><\/div><\/div><\/div><div class=\"vc_row wpb_row vc_row-fluid\"><div class=\"wpb_column vc_column_container vc_col-md-12\"><div class=\"vc_column-inner\"><div class=\"wpb_wrapper\"><h2 style=\"text-align: left\" class=\"vc_custom_heading vc_do_custom_heading title\" >FONDERIE<\/h2>\n\t<div class=\"wpb_text_column wpb_content_element wpb_animate_when_almost_visible wpb_slideInRight slideInRight\" >\n\t\t<div class=\"wpb_wrapper\">\n\t\t\t<p>Les processus de transformation dans les fonderies am\u00e8nent leur lot de d\u00e9fis \u00e0 relever. En connaissant les risques, vous serez mieux outill\u00e9 pour identifier les sources d\u2019\u00e9missions de poussi\u00e8res ou de particules nocives.<\/p>\n\n\t\t<\/div>\n\t<\/div>\n<h3 class='heading-left  style-1'  style='color: #9c1c20'><span>Probl\u00e9matiques rencontr\u00e9es lors de nos interventions<\/span><\/h3><div class=\"vc_row wpb_row vc_inner vc_row-fluid\"><div class=\"wpb_column vc_column_container vc_col-md-6\"><div class=\"vc_column-inner vc_custom_1722281575598\"><div class=\"wpb_wrapper\"><div class='icon icon-left'><div class='icon-header'><div class='icon-media' style='width: 40px;'><img loading=\"lazy\" decoding=\"async\" width=\"612\" height=\"612\" src=\"https:\/\/airex-industries.com\/wp-content\/uploads\/2024\/07\/icon-temperature.png\" class=\"attachment-full size-full\" alt=\"Temp\u00e9rature\" srcset=\"https:\/\/airex-industries.com\/wp-content\/uploads\/2024\/07\/icon-temperature.png 612w, https:\/\/airex-industries.com\/wp-content\/uploads\/2024\/07\/icon-temperature-300x300.png 300w, https:\/\/airex-industries.com\/wp-content\/uploads\/2024\/07\/icon-temperature-150x150.png 150w, https:\/\/airex-industries.com\/wp-content\/uploads\/2024\/07\/icon-temperature-12x12.png 12w\" sizes=\"auto, (max-width: 612px) 100vw, 612px\" \/><\/i><\/div><h3 class='icon-title text-uppercase'>Temp\u00e9rature<\/h3><\/div><p>Certains proc\u00e9d\u00e9s exigent un contr\u00f4le minutieux de la temp\u00e9rature tout au long du processus de fabrication.<\/p><\/div><\/div><\/div><\/div><div class=\"wpb_column vc_column_container vc_col-md-6\"><div class=\"vc_column-inner vc_custom_1722281582177\"><div class=\"wpb_wrapper\"><div class='icon icon-left'><div class='icon-header'><div class='icon-media' style='width: 40px;'><img loading=\"lazy\" decoding=\"async\" width=\"612\" height=\"612\" src=\"https:\/\/airex-industries.com\/wp-content\/uploads\/2024\/07\/icon-dust.png\" class=\"attachment-full size-full\" alt=\"Les poussi\u00e8res\" srcset=\"https:\/\/airex-industries.com\/wp-content\/uploads\/2024\/07\/icon-dust.png 612w, https:\/\/airex-industries.com\/wp-content\/uploads\/2024\/07\/icon-dust-300x300.png 300w, https:\/\/airex-industries.com\/wp-content\/uploads\/2024\/07\/icon-dust-150x150.png 150w, https:\/\/airex-industries.com\/wp-content\/uploads\/2024\/07\/icon-dust-12x12.png 12w\" sizes=\"auto, (max-width: 612px) 100vw, 612px\" \/><\/i><\/div><h3 class='icon-title text-uppercase'>Les poussi\u00e8res<\/h3><\/div><p>Les particules g\u00e9n\u00e9r\u00e9es par ce champ d'application s'accumulent rapidement et doivent \u00eatre pris en charge efficacement.<\/p><\/div><\/div><\/div><\/div><\/div><div class=\"vc_row wpb_row vc_inner vc_row-fluid\"><div class=\"wpb_column vc_column_container vc_col-md-6\"><div class=\"vc_column-inner vc_custom_1722281590053\"><div class=\"wpb_wrapper\"><div class='icon icon-left'><div class='icon-header'><div class='icon-media' style='width: 40px;'><img loading=\"lazy\" decoding=\"async\" width=\"612\" height=\"612\" src=\"https:\/\/airex-industries.com\/wp-content\/uploads\/2024\/07\/icon-energy.png\" class=\"attachment-full size-full\" alt=\"\u00c9nergivore\" srcset=\"https:\/\/airex-industries.com\/wp-content\/uploads\/2024\/07\/icon-energy.png 612w, https:\/\/airex-industries.com\/wp-content\/uploads\/2024\/07\/icon-energy-300x300.png 300w, https:\/\/airex-industries.com\/wp-content\/uploads\/2024\/07\/icon-energy-150x150.png 150w, https:\/\/airex-industries.com\/wp-content\/uploads\/2024\/07\/icon-energy-12x12.png 12w\" sizes=\"auto, (max-width: 612px) 100vw, 612px\" \/><\/i><\/div><h3 class='icon-title text-uppercase'>\u00c9nergivore<\/h3><\/div><p>Les proc\u00e9d\u00e9s li\u00e9s \u00e0 ce champ d'application sont de grands consommateurs d'\u00e9nergie.<\/p><\/div><\/div><\/div><\/div><div class=\"wpb_column vc_column_container vc_col-md-6\"><div class=\"vc_column-inner vc_custom_1722281595883\"><div class=\"wpb_wrapper\"><div class='icon icon-left'><div class='icon-header'><div class='icon-media' style='width: 40px;'><img loading=\"lazy\" decoding=\"async\" width=\"612\" height=\"612\" src=\"https:\/\/airex-industries.com\/wp-content\/uploads\/2024\/07\/icon-explosif.png\" class=\"attachment-full size-full\" alt=\"Risque d&#039;explosion\" srcset=\"https:\/\/airex-industries.com\/wp-content\/uploads\/2024\/07\/icon-explosif.png 612w, https:\/\/airex-industries.com\/wp-content\/uploads\/2024\/07\/icon-explosif-300x300.png 300w, https:\/\/airex-industries.com\/wp-content\/uploads\/2024\/07\/icon-explosif-150x150.png 150w, https:\/\/airex-industries.com\/wp-content\/uploads\/2024\/07\/icon-explosif-12x12.png 12w\" sizes=\"auto, (max-width: 612px) 100vw, 612px\" \/><\/i><\/div><h3 class='icon-title text-uppercase'>Risque d'explosion<\/h3><\/div><p>Les poussi\u00e8res de certains mat\u00e9riaux sont combustibles et selon les circonstances, peuvent \u00eatre \u00e0 l\u2019origine d\u2019une explosion.<\/p><\/div><\/div><\/div><\/div><\/div><div class=\"vc_separator wpb_content_element vc_separator_align_center vc_sep_width_100 vc_sep_pos_align_center vc_separator_no_text vc_sep_color_grey wpb_content_element  wpb_content_element\" ><span class=\"vc_sep_holder vc_sep_holder_l\"><span class=\"vc_sep_line\"><\/span><\/span><span class=\"vc_sep_holder vc_sep_holder_r\"><span class=\"vc_sep_line\"><\/span><\/span>\n<\/div><\/div><\/div><\/div><\/div><div class=\"vc_row wpb_row vc_row-fluid\"><div class=\"wpb_column vc_column_container vc_col-md-12\"><div class=\"vc_column-inner\"><div class=\"wpb_wrapper\"><h2 style=\"color: #9c1c20;text-align: left\" class=\"vc_custom_heading vc_do_custom_heading title\" >Les fonderies et ses contaminants: que faut-il savoir?<\/h2>\n\t<div class=\"wpb_text_column wpb_content_element wpb_animate_when_almost_visible wpb_bounceInLeft bounceInLeft\" >\n\t\t<div class=\"wpb_wrapper\">\n\t\t\t<p>Dans les fonderies, les coul\u00e9es lib\u00e8rent des vapeurs toxiques, et des particules de m\u00e9taux lourds tr\u00e8s dangereuses peuvent \u00eatre d\u00e9gag\u00e9es par les cuves. Puisque vos proc\u00e9d\u00e9s ne sont pas toujours utilis\u00e9s en continu, ce fonctionnement par intermittence facilite la captation des substances nocives. Plusieurs facteurs de risque entrent aussi en jeu:<\/p>\n<ul>\n<li>Vos installations sont-elles adapt\u00e9es aux risques de d\u00e9flagration li\u00e9s \u00e0 certains m\u00e9taux explosifs, comme l\u2019aluminium?<\/li>\n<li>Quels types de particules se d\u00e9gagent de vos proc\u00e9d\u00e9s? Produisent-ils de la poussi\u00e8re de zinc ou d'aluminium, particuli\u00e8rement\u00a0<a title=\"\" href=\"\/fr\/medias\/307-maladies-respiratoires-professionnelles-evitez-de-mordre-la-poussiere\/\">nocive pour la sant\u00e9<\/a>?<\/li>\n<li>Avez-vous mis en place des solutions de confinement et d\u2019aspiration ad\u00e9quates?<\/li>\n<\/ul>\n\n\t\t<\/div>\n\t<\/div>\n<h2 style=\"color: #9c1c20;text-align: left\" class=\"vc_custom_heading vc_do_custom_heading title\" >Connaissez-vous les risques associ\u00e9s \u00e0 vos proc\u00e9d\u00e9s?<\/h2>\n\t<div class=\"wpb_text_column wpb_content_element wpb_animate_when_almost_visible wpb_bounceInRight bounceInRight\" >\n\t\t<div class=\"wpb_wrapper\">\n\t\t\t<p>En plus des enjeux de refroidissement des vapeurs qui entrent dans le d\u00e9poussi\u00e9reur et de contr\u00f4le des \u00e9tincelles, la propret\u00e9 du syst\u00e8me est un d\u00e9fi de taille dans une fonderie, surtout pour la tr\u00e9mie du d\u00e9poussi\u00e9reur. Les particules ont tendance \u00e0 s\u2019agglom\u00e9rer sur ses parois et peuvent obstruer le passage des mati\u00e8res.<\/p>\n<p>Si les sorties sont bloqu\u00e9es, les poussi\u00e8res peuvent \u00eatre pouss\u00e9es en sens inverse, vers l\u2019int\u00e9rieur du d\u00e9poussi\u00e9reur, et m\u00eame atteindre les parois ext\u00e9rieures des filtres. Les particules qui r\u00e9ussissent \u00e0 s\u2019infiltrer \u00e0 travers l\u2019\u00e9toffe des m\u00e9dias filtrants peuvent engendrer des \u00e9carts de pression inattendus. Voil\u00e0 un beau casse-t\u00eate qui peut provoquer un dysfonctionnement du d\u00e9poussi\u00e9reur, voire des panaches d\u2019\u00e9missions fugitives lors des cycles d\u2019autonettoyage.<\/p>\n<p>Un des rem\u00e8des \u00e0 ce probl\u00e8me est d\u2019\u00e9tablir un programme d\u2019entretien syst\u00e9matique et, au besoin, d\u2019ajouter des accessoires adapt\u00e9s.<\/p>\n\n\t\t<\/div>\n\t<\/div>\n<div class=\"panel-group panel-icon-plus panel-icon-align-default panel-shape-square\" id=\"accordion-0\" role=\"tablist\" aria-multiselectable=\"true\"><div class=\"panel\" style=\"\"><div class=\"panel-heading\" role=\"tab\" id=\"acc-heading-1453278520348-82ca7492-26b767f7-73e6\"><h4 class=\"panel-title text-default small-margin\"><a data-parent=\"#accordion-0\" class=\"\" role=\"button\" data-toggle=\"collapse\" href=\"#acc-1453278520348-82ca7492-26b767f7-73e6\" aria-expanded=\"true\" aria-controls=\"acc-1453278520348-82ca7492-26b767f7-73e6\"><span>Comment r\u00e9duire les risques dans les fonderies?<\/span><\/a><\/h4><\/div><div id=\"acc-1453278520348-82ca7492-26b767f7-73e6\" class=\"panel-collapse collapse in\" role=\"tabpanel\" aria-labelledby=\"acc-heading-1453278520348-82ca7492-26b767f7-73e6\"><div class=\"panel-body\">\n\t<div class=\"wpb_text_column wpb_content_element vc_custom_1730754943436\" >\n\t\t<div class=\"wpb_wrapper\">\n\t\t\t<p>Votre industrie doit contr\u00f4ler les particules g\u00e9n\u00e9r\u00e9es par ses activit\u00e9s, en captant par exemple les fum\u00e9es et les poussi\u00e8res de m\u00e9taux lourds avec un syst\u00e8me d\u2019aspiration ad\u00e9quat. Pour diminuer les risques d\u2019incendie ou d\u2019explosion, vous devez aussi g\u00e9rer les \u00e9tincelles et \u00e9viter qu\u2019elles soient aspir\u00e9es dans le syst\u00e8me de d\u00e9poussi\u00e9rage, en plus de vous assurer que les vapeurs refroidissent. Qu\u2019il s\u2019agisse d\u2019une aci\u00e9rie, d\u2019une aluminerie ou d\u2019une fonderie sid\u00e9rurgique, nos experts peuvent vous conseiller pour le choix d\u2019un d\u00e9poussi\u00e9reur et mettre en place des mesures de pr\u00e9vention adapt\u00e9es \u00e0 vos activit\u00e9s et aux normes de sant\u00e9 et de s\u00e9curit\u00e9.<\/p>\n\n\t\t<\/div>\n\t<\/div>\n<\/div><\/div><\/div><div class=\"panel\" style=\"\"><div class=\"panel-heading\" role=\"tab\" id=\"acc-heading-1453278704996-2e48d0ff-944d67f7-73e6\"><h4 class=\"panel-title text-default small-margin\"><a data-parent=\"#accordion-0\" class=\"collapsed\" role=\"button\" data-toggle=\"collapse\" href=\"#acc-1453278704996-2e48d0ff-944d67f7-73e6\" aria-expanded=\"true\" aria-controls=\"acc-1453278704996-2e48d0ff-944d67f7-73e6\"><span>Quel est le meilleur d\u00e9poussi\u00e9reur pour les fonderies?<\/span><\/a><\/h4><\/div><div id=\"acc-1453278704996-2e48d0ff-944d67f7-73e6\" class=\"panel-collapse collapse\" role=\"tabpanel\" aria-labelledby=\"acc-heading-1453278704996-2e48d0ff-944d67f7-73e6\"><div class=\"panel-body\">\n\t<div class=\"wpb_text_column wpb_content_element vc_custom_1722279722623\" >\n\t\t<div class=\"wpb_wrapper\">\n\t\t\t<p>Puisque chaque fonderie a ses particularit\u00e9s, il n\u2019existe pas de solution universelle. Plusieurs options s\u2019offrent \u00e0 vous: les\u00a0<a href=\"\/fr\/produits\/depoussiereur\/cyclone\/\">d\u00e9poussi\u00e9reurs cyclones<\/a>\u00a0peuvent capter les particules brutes, en plus d\u2019agir comme pare-\u00e9tincelles. Les \u00e9purateurs par voie humide recueillent plut\u00f4t les particules fines et tr\u00e8s explosives. Du c\u00f4t\u00e9 de la collecte et du traitement des mati\u00e8res s\u00e8ches, les d\u00e9poussi\u00e9reurs \u00e0 manches filtrantes ou \u00e0 cartouches verticales sont aussi de bonnes solutions. Vous devriez \u00e9galement avoir un syst\u00e8me de confinement efficace au-dessus du creuset contenant le m\u00e9tal en fusion.<\/p>\n<p>Selon nous, le meilleur d\u00e9poussi\u00e9reur est celui qui r\u00e9pond parfaitement \u00e0 vos besoins. Le syst\u00e8me doit aussi vous permettre de r\u00e9aliser des \u00e9conomies! Nos experts peuvent vous sugg\u00e9rer des options durables, pens\u00e9es pour minimiser les r\u00e9parations et la consommation \u00e9nerg\u00e9tique. Voici un aper\u00e7u de ce que nous pouvons vous offrir:<\/p>\n<ul>\n<li>Solutions novatrices ayant une excellente dur\u00e9e de vie, comme notre syst\u00e8me g\u00e9rant les\u00a0<a title=\"\" href=\"\/fr\/produits\/solution-de-recuperation-d-energie\/controleur-d-entrainement-a-frequence-variable\/\">volumes variables<\/a>.<\/li>\n<li>Solutions int\u00e9gr\u00e9es pour r\u00e9cup\u00e9rer l\u2019\u00e9nergie utilis\u00e9e par vos syst\u00e8mes de s\u00e9chage, de pr\u00e9s\u00e9chage, vos chaudi\u00e8res \u00e0 la vapeur et autres appareils.<\/li>\n<li>Solutions de dilution pour refroidir l\u2019air capt\u00e9 au-dessus de vos proc\u00e9d\u00e9s.<\/li>\n<li>\u00c9quipements approuv\u00e9s par la norme NFPA pour \u00e9viter les incidents.<\/li>\n<li>Une \u00e9quipe compos\u00e9e d\u2019ing\u00e9nieurs et de sp\u00e9cialistes disponible pour les pannes et l\u2019entretien pr\u00e9ventif.<\/li>\n<\/ul>\n\n\t\t<\/div>\n\t<\/div>\n<\/div><\/div><\/div><\/div><\/div><\/div><\/div><\/div>\n<\/div>","protected":false},"excerpt":{"rendered":"FOUNDRY The processing activities in smelting facilities bring their share of challenges. By knowing the risks, you will be better equipped to identify the sources of harmful dust or particle emissions. Issues Encountered During Our InterventionsTemperatureSome tasks require precise temperature &hellip;","protected":false},"author":2,"featured_media":2387,"parent":2311,"menu_order":0,"comment_status":"closed","ping_status":"closed","template":"","meta":{"content-type":"","footnotes":""},"class_list":["post-2353","page","type-page","status-publish","has-post-thumbnail","hentry"],"_links":{"self":[{"href":"https:\/\/airex-industries.com\/fr\/wp-json\/wp\/v2\/pages\/2353","targetHints":{"allow":["GET"]}}],"collection":[{"href":"https:\/\/airex-industries.com\/fr\/wp-json\/wp\/v2\/pages"}],"about":[{"href":"https:\/\/airex-industries.com\/fr\/wp-json\/wp\/v2\/types\/page"}],"author":[{"embeddable":true,"href":"https:\/\/airex-industries.com\/fr\/wp-json\/wp\/v2\/users\/2"}],"replies":[{"embeddable":true,"href":"https:\/\/airex-industries.com\/fr\/wp-json\/wp\/v2\/comments?post=2353"}],"version-history":[{"count":0,"href":"https:\/\/airex-industries.com\/fr\/wp-json\/wp\/v2\/pages\/2353\/revisions"}],"up":[{"embeddable":true,"href":"https:\/\/airex-industries.com\/fr\/wp-json\/wp\/v2\/pages\/2311"}],"wp:featuredmedia":[{"embeddable":true,"href":"https:\/\/airex-industries.com\/fr\/wp-json\/wp\/v2\/media\/2387"}],"wp:attachment":[{"href":"https:\/\/airex-industries.com\/fr\/wp-json\/wp\/v2\/media?parent=2353"}],"curies":[{"name":"wp","href":"https:\/\/api.w.org\/{rel}","templated":true}]}}