{"id":2404,"date":"2024-07-25T14:40:34","date_gmt":"2024-07-25T14:40:34","guid":{"rendered":"https:\/\/airex-industries.com\/?page_id=2404"},"modified":"2024-11-04T21:32:21","modified_gmt":"2024-11-04T21:32:21","slug":"mines-minerais","status":"publish","type":"page","link":"https:\/\/airex-industries.com\/fr\/applications\/mining-minerals\/","title":{"rendered":"Mines et minerais"},"content":{"rendered":"<div class=\"wpb-content-wrapper\"><div class=\"vc_row wpb_row vc_row-fluid vc_custom_1453476243999\"><div class=\"wpb_animate_when_almost_visible wpb_slideInUp slideInUp wpb_column vc_column_container vc_col-md-12\"><div class=\"vc_column-inner\"><div class=\"wpb_wrapper\"><div class=\"gallery-fs\"><figure><img decoding=\"async\" src=\"https:\/\/airex-industries.com\/wp-content\/uploads\/2024\/09\/mines-1138x655-1.webp\" alt=\"\"><figcaption>Exploitation mini\u00e8re<\/figcaption><\/figure><div class=\"gallery-fs-nav\"><button class=\"gallery-fs-fullscreen\"><i class=\"fa fa-arrows-alt\"><\/i><\/button><\/div><div class=\"gallery-fs-thumbnails gallery-fs-thumbnails-col-5 owl-carousel\"><a href='https:\/\/airex-industries.com\/wp-content\/uploads\/2024\/09\/mines-1138x655-1.webp' data-caption='Mining' title='Exploitation mini\u00e8re' class=\"selected\"><img loading=\"lazy\" decoding=\"async\" width=\"280\" height=\"210\" src=\"https:\/\/airex-industries.com\/wp-content\/uploads\/2024\/09\/mines-1138x655-1-280x210.webp\" class=\"attachment-anps-gallery-thumb size-anps-gallery-thumb\" alt=\"\" \/><\/a><a href='https:\/\/airex-industries.com\/wp-content\/uploads\/2024\/09\/Untitled-1.jpg' data-caption='Mining' title='Exploitation mini\u00e8re'><img loading=\"lazy\" decoding=\"async\" width=\"280\" height=\"210\" src=\"https:\/\/airex-industries.com\/wp-content\/uploads\/2024\/09\/Untitled-1-280x210.jpg\" class=\"attachment-anps-gallery-thumb size-anps-gallery-thumb\" alt=\"Exploitation mini\u00e8re\" \/><\/a><\/div><\/div><\/div><\/div><\/div><\/div><div class=\"vc_row wpb_row vc_row-fluid\"><div class=\"wpb_column vc_column_container vc_col-md-12\"><div class=\"vc_column-inner\"><div class=\"wpb_wrapper\"><h2 style=\"text-align: left\" class=\"vc_custom_heading vc_do_custom_heading title\" >MINES ET MINERAIS<\/h2>\n\t<div class=\"wpb_text_column wpb_content_element wpb_animate_when_almost_visible wpb_slideInRight slideInRight\" >\n\t\t<div class=\"wpb_wrapper\">\n\t\t\t<p>Les \u00e9tapes de transformation et de manutention des minerais soul\u00e8vent plusieurs enjeux. Apprendre \u00e0 les reconna\u00eetre vous permettra de mieux \u00e9valuer les risques en lien avec les particules nocives et la poussi\u00e8re.<\/p>\n\n\t\t<\/div>\n\t<\/div>\n<h3 class='heading-left  style-1'  style='color: #9c1c20'><span>Probl\u00e9matiques rencontr\u00e9es lors de nos interventions<\/span><\/h3><div class=\"vc_row wpb_row vc_inner vc_row-fluid\"><div class=\"wpb_column vc_column_container vc_col-md-6\"><div class=\"vc_column-inner vc_custom_1722282674400\"><div class=\"wpb_wrapper\"><div class='icon icon-left'><div class='icon-header'><div class='icon-media' style='width: 40px;'><img loading=\"lazy\" decoding=\"async\" width=\"612\" height=\"612\" src=\"https:\/\/airex-industries.com\/wp-content\/uploads\/2024\/07\/icon-dust.png\" class=\"attachment-full size-full\" alt=\"Les poussi\u00e8res\" srcset=\"https:\/\/airex-industries.com\/wp-content\/uploads\/2024\/07\/icon-dust.png 612w, https:\/\/airex-industries.com\/wp-content\/uploads\/2024\/07\/icon-dust-300x300.png 300w, https:\/\/airex-industries.com\/wp-content\/uploads\/2024\/07\/icon-dust-150x150.png 150w, https:\/\/airex-industries.com\/wp-content\/uploads\/2024\/07\/icon-dust-12x12.png 12w\" sizes=\"auto, (max-width: 612px) 100vw, 612px\" \/><\/i><\/div><h3 class='icon-title text-uppercase'>Les poussi\u00e8res<\/h3><\/div><p>Les particules g\u00e9n\u00e9r\u00e9es par ce champ d'application s'accumulent rapidement et doivent \u00eatre pris en charge efficacement.<\/p><\/div><\/div><\/div><\/div><div class=\"wpb_column vc_column_container vc_col-md-6\"><div class=\"vc_column-inner vc_custom_1722282680832\"><div class=\"wpb_wrapper\"><div class='icon icon-left'><div class='icon-header'><div class='icon-media' style='width: 40px;'><img loading=\"lazy\" decoding=\"async\" width=\"612\" height=\"612\" src=\"https:\/\/airex-industries.com\/wp-content\/uploads\/2024\/07\/icon-toxic.png\" class=\"attachment-full size-full\" alt=\"Toxicit\u00e9\" srcset=\"https:\/\/airex-industries.com\/wp-content\/uploads\/2024\/07\/icon-toxic.png 612w, https:\/\/airex-industries.com\/wp-content\/uploads\/2024\/07\/icon-toxic-300x300.png 300w, https:\/\/airex-industries.com\/wp-content\/uploads\/2024\/07\/icon-toxic-150x150.png 150w, https:\/\/airex-industries.com\/wp-content\/uploads\/2024\/07\/icon-toxic-12x12.png 12w\" sizes=\"auto, (max-width: 612px) 100vw, 612px\" \/><\/i><\/div><h3 class='icon-title text-uppercase'>Toxicit\u00e9<\/h3><\/div><p>Les substances d\u00e9gag\u00e9es par la transformation des produits de cette application sont nocives lorsqu'elles sont absorb\u00e9es par l'organisme.<\/p><\/div><\/div><\/div><\/div><\/div><div class=\"vc_separator wpb_content_element vc_separator_align_center vc_sep_width_100 vc_sep_pos_align_center vc_separator_no_text vc_sep_color_grey wpb_content_element  wpb_content_element\" ><span class=\"vc_sep_holder vc_sep_holder_l\"><span class=\"vc_sep_line\"><\/span><\/span><span class=\"vc_sep_holder vc_sep_holder_r\"><span class=\"vc_sep_line\"><\/span><\/span>\n<\/div><\/div><\/div><\/div><\/div><div class=\"vc_row wpb_row vc_row-fluid\"><div class=\"wpb_column vc_column_container vc_col-md-12\"><div class=\"vc_column-inner\"><div class=\"wpb_wrapper\"><h2 style=\"color: #9c1c20;text-align: left\" class=\"vc_custom_heading vc_do_custom_heading title\" >Risques associ\u00e9s aux mines et minerais: que faut-il savoir?<\/h2>\n\t<div class=\"wpb_text_column wpb_content_element wpb_animate_when_almost_visible wpb_bounceInLeft bounceInLeft\" >\n\t\t<div class=\"wpb_wrapper\">\n\t\t\t<p>Les activit\u00e9s d\u2019exploitation mini\u00e8re, comme le forage, le concassage, le tamisage, le chargement et la manutention du minerai, produisent \u00e9norm\u00e9ment de particules n\u00e9fastes. La poussi\u00e8re de la silice cristalline, pr\u00e9sente dans le quartz, constitue par exemple un\u00a0<a title=\"\" href=\"\/fr\/medias\/284-silice-cristalline-l-air-exterieur-represente-aussi-un-danger\/\">contaminant invisible tr\u00e8s nocif pour les travailleurs<\/a>. Selon vos proc\u00e9d\u00e9s d\u2019exploitation, plusieurs aspects entrent en ligne de compte:<\/p>\n<ul>\n<li>Quel type de particules g\u00e9n\u00e8rent vos activit\u00e9s mini\u00e8res? Sont-elles toxiques ou canc\u00e9rig\u00e8nes?<\/li>\n<li>La fabrication du ciment n\u2019est pas sans danger. Avez-vous mis en place des mesures pour contr\u00f4ler les \u00e9missions fugitives et les poussi\u00e8res?<\/li>\n<li>Est-ce que la temp\u00e9rature et la qualit\u00e9 de l\u2019air de vos tunnels sont s\u00e9curitaires?<\/li>\n<\/ul>\n\n\t\t<\/div>\n\t<\/div>\n<h2 style=\"color: #9c1c20;text-align: left\" class=\"vc_custom_heading vc_do_custom_heading title\" >Exploitation des minerais: prot\u00e9gez la sant\u00e9 des travailleurs<\/h2>\n\t<div class=\"wpb_text_column wpb_content_element wpb_animate_when_almost_visible wpb_bounceInRight bounceInRight\" >\n\t\t<div class=\"wpb_wrapper\">\n\t\t\t<p>Que vous exploitiez une mine \u00e0 ciel ouvert ou souterraine, la s\u00e9curit\u00e9 et la sant\u00e9 de vos \u00e9quipes sont parmi vos principales responsabilit\u00e9s. Vous le savez comme nous, les proc\u00e9d\u00e9s miniers g\u00e9n\u00e8rent des poussi\u00e8res toxiques, pouvant\u00a0<a title=\"\" href=\"\/fr\/medias\/307-maladies-respiratoires-professionnelles-evitez-de-mordre-la-poussiere\/\">mener \u00e0 des maladies respiratoires ou \u00e0 des cancers<\/a>.<\/p>\n<p>\u00c0 la source de ces particules, plusieurs proc\u00e9d\u00e9s miniers sont utilis\u00e9s pour r\u00e9duire la taille de la mati\u00e8re brute, tels que:<\/p>\n<ul>\n<li>Excavation;<\/li>\n<li>Broyeurs \u00e0 marteaux;<\/li>\n<li>Concasseurs;<\/li>\n<li>Ventilation des tr\u00e9mies d\u2019entreposage (carri\u00e8res);<\/li>\n<li>Broyeurs \u00e0 boulets;<\/li>\n<li>Points ou chutes de transfert entre les convoyeurs.<\/li>\n<\/ul>\n<p>Prenez l\u2019exemple de la fabrication du ciment: il exige des mesures de contr\u00f4les strictes pour capter ou filtrer les \u00e9missions fugitives et les poussi\u00e8res issues des op\u00e9rations au fil de la transformation des mati\u00e8res. Les proc\u00e9d\u00e9s \u00e0 haute temp\u00e9rature pour l\u2019extraction de l\u2019humidit\u00e9 de la mati\u00e8re peuvent \u00e9galement encimenter les filtres des d\u00e9poussi\u00e9reurs, et la chaleur peut endommager les pi\u00e8ces. Pour prot\u00e9ger vos travailleurs, votre syst\u00e8me de d\u00e9poussi\u00e9rage doit donc \u00eatre adapt\u00e9 et entretenu ad\u00e9quatement!<\/p>\n\n\t\t<\/div>\n\t<\/div>\n<div class=\"panel-group panel-icon-plus panel-icon-align-default panel-shape-square\" id=\"accordion-0\" role=\"tablist\" aria-multiselectable=\"true\"><div class=\"panel\" style=\"\"><div class=\"panel-heading\" role=\"tab\" id=\"acc-heading-1453278520348-82ca7492-26b767f7-73e6\"><h4 class=\"panel-title text-default small-margin\"><a data-parent=\"#accordion-0\" class=\"\" role=\"button\" data-toggle=\"collapse\" href=\"#acc-1453278520348-82ca7492-26b767f7-73e6\" aria-expanded=\"true\" aria-controls=\"acc-1453278520348-82ca7492-26b767f7-73e6\"><span>Comment r\u00e9duire les risques li\u00e9s \u00e0 la poussi\u00e8re des mines et minerais?<\/span><\/a><\/h4><\/div><div id=\"acc-1453278520348-82ca7492-26b767f7-73e6\" class=\"panel-collapse collapse in\" role=\"tabpanel\" aria-labelledby=\"acc-heading-1453278520348-82ca7492-26b767f7-73e6\"><div class=\"panel-body\">\n\t<div class=\"wpb_text_column wpb_content_element vc_custom_1722282838038\" >\n\t\t<div class=\"wpb_wrapper\">\n\t\t\t<p>L\u2019industrie mini\u00e8re doit \u00eatre en mesure de g\u00e9rer les particules parfois fines et invisibles, comme celles du quartz, qui sont a\u00e9roport\u00e9es lors de ses op\u00e9rations. Le d\u00e9poussi\u00e9rage et la ventilation entrent alors en jeu: les syst\u00e8mes de captage et de collecte de particules (par voie s\u00e8che) s\u2019av\u00e8rent efficaces pour r\u00e9duire la poussi\u00e8re de silice et celle d\u2019autres minerais. Apr\u00e8s avoir analys\u00e9 votre situation, nos experts pourront vous trouver des solutions adapt\u00e9es, car les enjeux ne sont pas les m\u00eames pour tous les types de mines. Dans les tunnels, le syst\u00e8me doit par exemple contr\u00f4ler la temp\u00e9rature et la qualit\u00e9 de l\u2019air.<\/p>\n\n\t\t<\/div>\n\t<\/div>\n<\/div><\/div><\/div><div class=\"panel\" style=\"\"><div class=\"panel-heading\" role=\"tab\" id=\"acc-heading-1453278704996-2e48d0ff-944d67f7-73e6\"><h4 class=\"panel-title text-default small-margin\"><a data-parent=\"#accordion-0\" class=\"collapsed\" role=\"button\" data-toggle=\"collapse\" href=\"#acc-1453278704996-2e48d0ff-944d67f7-73e6\" aria-expanded=\"true\" aria-controls=\"acc-1453278704996-2e48d0ff-944d67f7-73e6\"><span>Quel est le meilleur d\u00e9poussi\u00e9reur pour les mines et minerais?<\/span><\/a><\/h4><\/div><div id=\"acc-1453278704996-2e48d0ff-944d67f7-73e6\" class=\"panel-collapse collapse\" role=\"tabpanel\" aria-labelledby=\"acc-heading-1453278704996-2e48d0ff-944d67f7-73e6\"><div class=\"panel-body\">\n\t<div class=\"wpb_text_column wpb_content_element vc_custom_1730755936860\" >\n\t\t<div class=\"wpb_wrapper\">\n\t\t\t<p>Compte tenu des particularit\u00e9s du secteur minier, il n\u2019y a pas de solution unique. Plusieurs enjeux doivent \u00eatre consid\u00e9r\u00e9s, comme l\u2019humidit\u00e9, la temp\u00e9rature, l\u2019espace disponible dans les tunnels ou dans l\u2019usine et le volume de particules g\u00e9n\u00e9r\u00e9es. Sans parler de la nature des poussi\u00e8res (si elles sont tr\u00e8s fines, dangereuses ou non)!<\/p>\n<p>Le\u00a0<a title=\"\" href=\"\/fr\/produits\/depoussiereur\/manches-filtrantes\/\">d\u00e9poussi\u00e9reur \u00e0 manches filtrantes AIREX<\/a>, dont les rev\u00eatements r\u00e9sistent \u00e0 l\u2019abrasion s\u00e9v\u00e8re, est souvent utilis\u00e9 dans cette industrie. La possibilit\u00e9 d\u2019ajouter des modules, de le construire en longueur et sa capacit\u00e9 \u00e0 g\u00e9rer une grande quantit\u00e9 de poussi\u00e8re en fait une solution \u00e0 consid\u00e9rer.<\/p>\n<p>Nous croyons que le meilleur d\u00e9poussi\u00e9reur est celui qui r\u00e9pond parfaitement \u00e0 vos besoins. C\u2019est aussi celui qui vous permet d\u2019\u00e9conomiser gr\u00e2ce \u00e0 son efficacit\u00e9 \u00e9nerg\u00e9tique. Nos experts peuvent vous sugg\u00e9rer des options durables et r\u00e9fl\u00e9chies pour minimiser les arr\u00eats de production. Voici un aper\u00e7u des solutions que nous pouvons offrir:<\/p>\n<ul>\n<li>Syst\u00e8mes novateurs au niveau des centrales d\u2019air pour\u00a0<a href=\"\/fr\/medias\/284-silice-cristalline-l-air-exterieur-represente-aussi-un-danger\/\">filtrer la silice cristalline<\/a>\u00a0pr\u00e9sente dans l\u2019atmosph\u00e8re.<\/li>\n<li>Solutions int\u00e9gr\u00e9es pour r\u00e9cup\u00e9rer l\u2019\u00e9nergie utilis\u00e9e par vos syst\u00e8mes de s\u00e9chage, de pr\u00e9s\u00e9chage, vos chaudi\u00e8res \u00e0 la vapeur et autres appareils.<\/li>\n<li>\u00c9quipements certifi\u00e9s par les normes de la CNESST pour pr\u00e9venir les maladies respiratoires professionnelles.<\/li>\n<li>\u00c9quipe d\u2019ing\u00e9nieurs et de sp\u00e9cialistes disponibles en cas de panne et pour l\u2019entretien pr\u00e9ventif.<\/li>\n<\/ul>\n\n\t\t<\/div>\n\t<\/div>\n<\/div><\/div><\/div><\/div><\/div><\/div><\/div><\/div>\n<\/div>","protected":false},"excerpt":{"rendered":"MiningMINING AND MINERALS There are a number of issues related to the processing and handling of minerals. Learning how to recognize them will help you better assess the risks associated with harmful particles and dust. Issues Encountered During Our InterventionsDustParticles &hellip;","protected":false},"author":2,"featured_media":2631,"parent":2311,"menu_order":0,"comment_status":"closed","ping_status":"closed","template":"","meta":{"content-type":"","footnotes":""},"class_list":["post-2404","page","type-page","status-publish","has-post-thumbnail","hentry"],"_links":{"self":[{"href":"https:\/\/airex-industries.com\/fr\/wp-json\/wp\/v2\/pages\/2404","targetHints":{"allow":["GET"]}}],"collection":[{"href":"https:\/\/airex-industries.com\/fr\/wp-json\/wp\/v2\/pages"}],"about":[{"href":"https:\/\/airex-industries.com\/fr\/wp-json\/wp\/v2\/types\/page"}],"author":[{"embeddable":true,"href":"https:\/\/airex-industries.com\/fr\/wp-json\/wp\/v2\/users\/2"}],"replies":[{"embeddable":true,"href":"https:\/\/airex-industries.com\/fr\/wp-json\/wp\/v2\/comments?post=2404"}],"version-history":[{"count":0,"href":"https:\/\/airex-industries.com\/fr\/wp-json\/wp\/v2\/pages\/2404\/revisions"}],"up":[{"embeddable":true,"href":"https:\/\/airex-industries.com\/fr\/wp-json\/wp\/v2\/pages\/2311"}],"wp:featuredmedia":[{"embeddable":true,"href":"https:\/\/airex-industries.com\/fr\/wp-json\/wp\/v2\/media\/2631"}],"wp:attachment":[{"href":"https:\/\/airex-industries.com\/fr\/wp-json\/wp\/v2\/media?parent=2404"}],"curies":[{"name":"wp","href":"https:\/\/api.w.org\/{rel}","templated":true}]}}