{"id":2605,"date":"2024-07-29T20:56:37","date_gmt":"2024-07-29T20:56:37","guid":{"rendered":"https:\/\/airex-industries.com\/?page_id=2605"},"modified":"2024-11-04T21:35:22","modified_gmt":"2024-11-04T21:35:22","slug":"pharmaceutique","status":"publish","type":"page","link":"https:\/\/airex-industries.com\/fr\/applications\/pharmaceutical\/","title":{"rendered":"Pharmaceutique"},"content":{"rendered":"<div class=\"wpb-content-wrapper\"><div class=\"vc_row wpb_row vc_row-fluid vc_custom_1453476243999\"><div class=\"wpb_animate_when_almost_visible wpb_slideInUp slideInUp wpb_column vc_column_container vc_col-md-12\"><div class=\"vc_column-inner\"><div class=\"wpb_wrapper\"><div class=\"gallery-fs\"><figure><img decoding=\"async\" src=\"https:\/\/airex-industries.com\/wp-content\/uploads\/2024\/10\/pharmaceutical_worker_risks_1138x655.webp\" alt=\"Syst\u00e8me laminaire d&#039;Airex dans un environnement pharmaceutique\"><figcaption>Syst\u00e8me laminaire d'Airex dans un environnement pharmaceutique<\/figcaption><\/figure><div class=\"gallery-fs-nav\"><button class=\"gallery-fs-fullscreen\"><i class=\"fa fa-arrows-alt\"><\/i><\/button><\/div><div class=\"gallery-fs-thumbnails gallery-fs-thumbnails-col-5 owl-carousel\"><a href='https:\/\/airex-industries.com\/wp-content\/uploads\/2024\/10\/pharmaceutical_worker_risks_1138x655.webp' data-caption='Airex Laminar System in a Pharmaceutical Setting' title='Syst\u00e8me laminaire d&#039;Airex dans un environnement pharmaceutique' class=\"selected\"><img loading=\"lazy\" decoding=\"async\" width=\"280\" height=\"210\" src=\"https:\/\/airex-industries.com\/wp-content\/uploads\/2024\/10\/pharmaceutical_worker_risks_1138x655-280x210.webp\" class=\"attachment-anps-gallery-thumb size-anps-gallery-thumb\" alt=\"Syst\u00e8me laminaire d&#039;Airex dans un environnement pharmaceutique\" \/><\/a><a href='https:\/\/airex-industries.com\/wp-content\/uploads\/2024\/10\/pharmaceutical_best_DC_1138x655.webp' data-caption='Airex Dust Collection System' title='Syst\u00e8me de collecte de poussi\u00e8re Airex'><img loading=\"lazy\" decoding=\"async\" width=\"280\" height=\"210\" src=\"https:\/\/airex-industries.com\/wp-content\/uploads\/2024\/10\/pharmaceutical_best_DC_1138x655-280x210.webp\" class=\"attachment-anps-gallery-thumb size-anps-gallery-thumb\" alt=\"Syst\u00e8me de collecte de poussi\u00e8re Airex\" \/><\/a><\/div><\/div><\/div><\/div><\/div><\/div><div class=\"vc_row wpb_row vc_row-fluid\"><div class=\"wpb_column vc_column_container vc_col-md-12\"><div class=\"vc_column-inner\"><div class=\"wpb_wrapper\"><h2 style=\"text-align: left\" class=\"vc_custom_heading vc_do_custom_heading title\" >PHARMACEUTIQUE<\/h2>\n\t<div class=\"wpb_text_column wpb_content_element wpb_animate_when_almost_visible wpb_slideInRight slideInRight\" >\n\t\t<div class=\"wpb_wrapper\">\n\t\t\t<p>\u00cates-vous familier avec les enjeux li\u00e9s aux proc\u00e9d\u00e9s de fabrication de produits pharmaceutiques? En prendre connaissance vous aidera \u00e0 identifier les sources d\u2019\u00e9missions des particules, poussi\u00e8res et bioa\u00e9rosols.<\/p>\n\n\t\t<\/div>\n\t<\/div>\n<h3 class='heading-left  style-1'  style='color: #9c1c20'><span>Probl\u00e9matiques rencontr\u00e9es lors de nos interventions<\/span><\/h3><div class=\"vc_row wpb_row vc_inner vc_row-fluid\"><div class=\"wpb_column vc_column_container vc_col-md-4\"><div class=\"vc_column-inner vc_custom_1722282674400\"><div class=\"wpb_wrapper\"><div class='icon icon-left'><div class='icon-header'><div class='icon-media' style='width: 40px;'><img loading=\"lazy\" decoding=\"async\" width=\"612\" height=\"612\" src=\"https:\/\/airex-industries.com\/wp-content\/uploads\/2024\/07\/icon-humidity.png\" class=\"attachment-full size-full\" alt=\"Humidit\u00e9\" srcset=\"https:\/\/airex-industries.com\/wp-content\/uploads\/2024\/07\/icon-humidity.png 612w, https:\/\/airex-industries.com\/wp-content\/uploads\/2024\/07\/icon-humidity-300x300.png 300w, https:\/\/airex-industries.com\/wp-content\/uploads\/2024\/07\/icon-humidity-150x150.png 150w, https:\/\/airex-industries.com\/wp-content\/uploads\/2024\/07\/icon-humidity-12x12.png 12w\" sizes=\"auto, (max-width: 612px) 100vw, 612px\" \/><\/i><\/div><h3 class='icon-title text-uppercase'>Humidit\u00e9<\/h3><\/div><p>Le contr\u00f4le du taux d'humidit\u00e9 est un facteur essentiel pour la production de ce type d'application<\/p><\/div><\/div><\/div><\/div><div class=\"wpb_column vc_column_container vc_col-md-4\"><div class=\"vc_column-inner vc_custom_1722282680832\"><div class=\"wpb_wrapper\"><div class='icon icon-left'><div class='icon-header'><div class='icon-media' style='width: 40px;'><img loading=\"lazy\" decoding=\"async\" width=\"612\" height=\"612\" src=\"https:\/\/airex-industries.com\/wp-content\/uploads\/2024\/07\/icon-temperature.png\" class=\"attachment-full size-full\" alt=\"Temp\u00e9rature\" srcset=\"https:\/\/airex-industries.com\/wp-content\/uploads\/2024\/07\/icon-temperature.png 612w, https:\/\/airex-industries.com\/wp-content\/uploads\/2024\/07\/icon-temperature-300x300.png 300w, https:\/\/airex-industries.com\/wp-content\/uploads\/2024\/07\/icon-temperature-150x150.png 150w, https:\/\/airex-industries.com\/wp-content\/uploads\/2024\/07\/icon-temperature-12x12.png 12w\" sizes=\"auto, (max-width: 612px) 100vw, 612px\" \/><\/i><\/div><h3 class='icon-title text-uppercase'>Temp\u00e9rature<\/h3><\/div><p>Certains proc\u00e9d\u00e9s exigent un contr\u00f4le minutieux de la temp\u00e9rature tout au long du processus de fabrication.<\/p><\/div><\/div><\/div><\/div><div class=\"wpb_column vc_column_container vc_col-md-4\"><div class=\"vc_column-inner vc_custom_1722287306346\"><div class=\"wpb_wrapper\"><div class='icon icon-left'><div class='icon-header'><div class='icon-media' style='width: 40px;'><img loading=\"lazy\" decoding=\"async\" width=\"612\" height=\"612\" src=\"https:\/\/airex-industries.com\/wp-content\/uploads\/2024\/07\/icon-dust.png\" class=\"attachment-full size-full\" alt=\"Les poussi\u00e8res\" srcset=\"https:\/\/airex-industries.com\/wp-content\/uploads\/2024\/07\/icon-dust.png 612w, https:\/\/airex-industries.com\/wp-content\/uploads\/2024\/07\/icon-dust-300x300.png 300w, https:\/\/airex-industries.com\/wp-content\/uploads\/2024\/07\/icon-dust-150x150.png 150w, https:\/\/airex-industries.com\/wp-content\/uploads\/2024\/07\/icon-dust-12x12.png 12w\" sizes=\"auto, (max-width: 612px) 100vw, 612px\" \/><\/i><\/div><h3 class='icon-title text-uppercase'>Les poussi\u00e8res<\/h3><\/div><p>Les particules g\u00e9n\u00e9r\u00e9es par ce champ d'application s'accumulent rapidement et doivent \u00eatre pris en charge efficacement.<\/p><\/div><\/div><\/div><\/div><\/div><div class=\"vc_row wpb_row vc_inner vc_row-fluid\"><div class=\"wpb_column vc_column_container vc_col-md-4\"><div class=\"vc_column-inner vc_custom_1722282674400\"><div class=\"wpb_wrapper\"><div class='icon icon-left'><div class='icon-header'><div class='icon-media' style='width: 40px;'><img loading=\"lazy\" decoding=\"async\" width=\"612\" height=\"612\" src=\"https:\/\/airex-industries.com\/wp-content\/uploads\/2024\/07\/icon-energy.png\" class=\"attachment-full size-full\" alt=\"\u00c9nergivore\" srcset=\"https:\/\/airex-industries.com\/wp-content\/uploads\/2024\/07\/icon-energy.png 612w, https:\/\/airex-industries.com\/wp-content\/uploads\/2024\/07\/icon-energy-300x300.png 300w, https:\/\/airex-industries.com\/wp-content\/uploads\/2024\/07\/icon-energy-150x150.png 150w, https:\/\/airex-industries.com\/wp-content\/uploads\/2024\/07\/icon-energy-12x12.png 12w\" sizes=\"auto, (max-width: 612px) 100vw, 612px\" \/><\/i><\/div><h3 class='icon-title text-uppercase'>\u00c9nergivore<\/h3><\/div><p>Les proc\u00e9d\u00e9s li\u00e9s \u00e0 ce champ d'application sont de grands consommateurs d'\u00e9nergie.<\/p><\/div><\/div><\/div><\/div><div class=\"wpb_column vc_column_container vc_col-md-4\"><div class=\"vc_column-inner vc_custom_1722282680832\"><div class=\"wpb_wrapper\"><div class='icon icon-left'><div class='icon-header'><div class='icon-media' style='width: 40px;'><img loading=\"lazy\" decoding=\"async\" width=\"612\" height=\"612\" src=\"https:\/\/airex-industries.com\/wp-content\/uploads\/2024\/07\/icon-air.png\" class=\"attachment-full size-full\" alt=\"Changement d&#039;air\" srcset=\"https:\/\/airex-industries.com\/wp-content\/uploads\/2024\/07\/icon-air.png 612w, https:\/\/airex-industries.com\/wp-content\/uploads\/2024\/07\/icon-air-300x300.png 300w, https:\/\/airex-industries.com\/wp-content\/uploads\/2024\/07\/icon-air-150x150.png 150w, https:\/\/airex-industries.com\/wp-content\/uploads\/2024\/07\/icon-air-12x12.png 12w\" sizes=\"auto, (max-width: 612px) 100vw, 612px\" \/><\/i><\/div><h3 class='icon-title text-uppercase'>Changement d'air<\/h3><\/div><p>Plusieurs changement d'air par heure doivent \u00eatre effectuer afin d'assurer une qualit\u00e9 d'air ambiant respectant les normes.<\/p><\/div><\/div><\/div><\/div><div class=\"wpb_column vc_column_container vc_col-md-4\"><div class=\"vc_column-inner vc_custom_1722287324994\"><div class=\"wpb_wrapper\"><div class='icon icon-left'><div class='icon-header'><div class='icon-media' style='width: 40px;'><img loading=\"lazy\" decoding=\"async\" width=\"612\" height=\"612\" src=\"https:\/\/airex-industries.com\/wp-content\/uploads\/2024\/07\/icon-toxic.png\" class=\"attachment-full size-full\" alt=\"Toxicit\u00e9\" srcset=\"https:\/\/airex-industries.com\/wp-content\/uploads\/2024\/07\/icon-toxic.png 612w, https:\/\/airex-industries.com\/wp-content\/uploads\/2024\/07\/icon-toxic-300x300.png 300w, https:\/\/airex-industries.com\/wp-content\/uploads\/2024\/07\/icon-toxic-150x150.png 150w, https:\/\/airex-industries.com\/wp-content\/uploads\/2024\/07\/icon-toxic-12x12.png 12w\" sizes=\"auto, (max-width: 612px) 100vw, 612px\" \/><\/i><\/div><h3 class='icon-title text-uppercase'>Toxicit\u00e9<\/h3><\/div><p>Les substances d\u00e9gag\u00e9es par la transformation des produits de cette application sont nocives lorsqu'elles sont absorb\u00e9es par l'organisme.<\/p><\/div><\/div><\/div><\/div><\/div><div class=\"vc_row wpb_row vc_inner vc_row-fluid\"><div class=\"wpb_column vc_column_container vc_col-md-4\"><div class=\"vc_column-inner vc_custom_1722287456529\"><div class=\"wpb_wrapper\"><div class='icon icon-left'><div class='icon-header'><div class='icon-media' style='width: 40px;'><img loading=\"lazy\" decoding=\"async\" width=\"612\" height=\"612\" src=\"https:\/\/airex-industries.com\/wp-content\/uploads\/2024\/07\/icon-explosif.png\" class=\"attachment-full size-full\" alt=\"Risque d&#039;explosion\" srcset=\"https:\/\/airex-industries.com\/wp-content\/uploads\/2024\/07\/icon-explosif.png 612w, https:\/\/airex-industries.com\/wp-content\/uploads\/2024\/07\/icon-explosif-300x300.png 300w, https:\/\/airex-industries.com\/wp-content\/uploads\/2024\/07\/icon-explosif-150x150.png 150w, https:\/\/airex-industries.com\/wp-content\/uploads\/2024\/07\/icon-explosif-12x12.png 12w\" sizes=\"auto, (max-width: 612px) 100vw, 612px\" \/><\/i><\/div><h3 class='icon-title text-uppercase'>Risque d'explosion<\/h3><\/div><p>Les poussi\u00e8res de certains mat\u00e9riaux sont combustibles et selon les circonstances, peuvent \u00eatre \u00e0 l\u2019origine d\u2019une explosion.<\/p><\/div><\/div><\/div><\/div><div class=\"wpb_column vc_column_container vc_col-md-4\"><div class=\"vc_column-inner vc_custom_1722287464955\"><div class=\"wpb_wrapper\"><\/div><\/div><\/div><div class=\"wpb_column vc_column_container vc_col-md-4\"><div class=\"vc_column-inner\"><div class=\"wpb_wrapper\"><\/div><\/div><\/div><\/div><div class=\"vc_separator wpb_content_element vc_separator_align_center vc_sep_width_100 vc_sep_pos_align_center vc_separator_no_text vc_sep_color_grey wpb_content_element  wpb_content_element\" ><span class=\"vc_sep_holder vc_sep_holder_l\"><span class=\"vc_sep_line\"><\/span><\/span><span class=\"vc_sep_holder vc_sep_holder_r\"><span class=\"vc_sep_line\"><\/span><\/span>\n<\/div><\/div><\/div><\/div><\/div><div class=\"vc_row wpb_row vc_row-fluid\"><div class=\"wpb_column vc_column_container vc_col-md-12\"><div class=\"vc_column-inner\"><div class=\"wpb_wrapper\"><h2 style=\"color: #9c1c20;text-align: left\" class=\"vc_custom_heading vc_do_custom_heading title\" >L\u2019industrie pharmaceutique et ses contaminants: que faut-il savoir?<\/h2>\n\t<div class=\"wpb_text_column wpb_content_element wpb_animate_when_almost_visible wpb_bounceInLeft bounceInLeft\" >\n\t\t<div class=\"wpb_wrapper\">\n\t\t\t<p>Lors de la fabrication de produits pharmaceutiques, des manipulations d\u00e9licates de poudres et de pigments sont faites au quotidien. Vous devez tenir compte de nombreux param\u00e8tres dans l\u2019am\u00e9nagement et le design de vos syst\u00e8mes de d\u00e9poussi\u00e9rage et de ventilation. R\u00e9fl\u00e9chissez \u00e0 ces facteurs:<\/p>\n<ul>\n<li>Avez-vous un contr\u00f4le ad\u00e9quat de votre environnement interne, notamment dans les salles blanches? La temp\u00e9rature, l\u2019humidit\u00e9 et la pression sont des aspects \u00e0 surveiller, tout comme les caract\u00e9ristiques du flux d\u2019air.<\/li>\n<li>Vos proc\u00e9d\u00e9s g\u00e9n\u00e8rent plusieurs types de particules, qui peuvent cr\u00e9er des m\u00e9langes chimiques potentiellement nocifs et explosifs: \u00eates-vous \u00e9quip\u00e9 pour en contr\u00f4ler la propagation et r\u00e9duire les risques de d\u00e9flagration?<\/li>\n<li>Vos mesures de captation sont-elles efficaces pour \u00e9viter la prolif\u00e9ration des micro-organismes a\u00e9riens ou des bioa\u00e9rosols?<\/li>\n<\/ul>\n\n\t\t<\/div>\n\t<\/div>\n<h2 style=\"color: #9c1c20;text-align: left\" class=\"vc_custom_heading vc_do_custom_heading title\" >Connaissez-vous les risques associ\u00e9s \u00e0 vos proc\u00e9d\u00e9s?<\/h2>\n\t<div class=\"wpb_text_column wpb_content_element wpb_animate_when_almost_visible wpb_bounceInRight bounceInRight\" >\n\t\t<div class=\"wpb_wrapper\">\n\t\t\t<p>Vous savez comme nous que votre industrie comporte son lot de contraintes. Lorsque vous fabriquez des m\u00e9dicaments ou autres produits pharmaceutiques, vous devez composer avec des risques li\u00e9s aux \u00e9missions des particules, poussi\u00e8res et bioa\u00e9rosols, tout en r\u00e9duisant les contaminations crois\u00e9es. Le contact entre certains contaminants pourrait par exemple causer une r\u00e9action chimique d\u00e9clenchant un incendie ou une explosion. Au-del\u00e0 de vos proc\u00e9d\u00e9s, le traitement de l\u2019air de votre \u00e9tablissement est important \u2014 des laboratoires jusqu\u2019\u00e0 l\u2019entreposage \u2014 pour \u00e9viter la d\u00e9gradation des produits.<\/p>\n<p>La capacit\u00e9 de r\u00e9tention des filtres de votre d\u00e9poussi\u00e9reur est aussi un aspect important de la performance de votre syst\u00e8me. Un autre aspect est son entretien: en fonction du mod\u00e8le, vous devrez r\u00e9duire le contact entre l\u2019humain et le m\u00e9dia filtrant contamin\u00e9 au moment de remplacer ses filtres ou de vider la tr\u00e9mie sous le d\u00e9poussi\u00e9reur. Un d\u00e9fi suppl\u00e9mentaire: \u00e9viter que l\u2019air charg\u00e9 de particules s\u2019\u00e9chappe pendant cet entretien. Parmi les diverses fa\u00e7ons de\u00a0<a title=\"\" href=\"\/fr\/medias\/309-comment-proteger-la-zone-respiratoire-des-travailleurs\/\">prot\u00e9ger la zone respiratoire des travailleurs<\/a>, le remplacement des filtres \u00e0 l\u2019aide d\u2019une solution \u00abBag-In\/Bag-Out\u00bb peut diminuer ce risque.<\/p>\n\n\t\t<\/div>\n\t<\/div>\n<div class=\"panel-group panel-icon-plus panel-icon-align-default panel-shape-square\" id=\"accordion-0\" role=\"tablist\" aria-multiselectable=\"true\"><div class=\"panel\" style=\"\"><div class=\"panel-heading\" role=\"tab\" id=\"acc-heading-1453278520348-82ca7492-26b767f7-73e6\"><h4 class=\"panel-title text-default small-margin\"><a data-parent=\"#accordion-0\" class=\"\" role=\"button\" data-toggle=\"collapse\" href=\"#acc-1453278520348-82ca7492-26b767f7-73e6\" aria-expanded=\"true\" aria-controls=\"acc-1453278520348-82ca7492-26b767f7-73e6\"><span>Comment r\u00e9duire les risques d\u2019incendie et d\u2019explosion?<\/span><\/a><\/h4><\/div><div id=\"acc-1453278520348-82ca7492-26b767f7-73e6\" class=\"panel-collapse collapse in\" role=\"tabpanel\" aria-labelledby=\"acc-heading-1453278520348-82ca7492-26b767f7-73e6\"><div class=\"panel-body\">\n\t<div class=\"wpb_text_column wpb_content_element vc_custom_1722287171719\" >\n\t\t<div class=\"wpb_wrapper\">\n\t\t\t<p>Dans l\u2019industrie pharmaceutique, certaines des substances qui entrent en jeu sont extr\u00eamement combustibles, comme les particules organiques. Nos experts peuvent vous proposer des solutions de d\u00e9poussi\u00e9rage et de pr\u00e9vention efficaces qui respectent les normes en vigueur. Vous pourrez r\u00e9duire les risques d\u2019incendie et d\u2019explosion dans vos laboratoires et lors de manipulations de produits chimiques (selon la norme NFPA 45).<\/p>\n\n\t\t<\/div>\n\t<\/div>\n<\/div><\/div><\/div><div class=\"panel\" style=\"\"><div class=\"panel-heading\" role=\"tab\" id=\"acc-heading-1453278704996-2e48d0ff-944d67f7-73e6\"><h4 class=\"panel-title text-default small-margin\"><a data-parent=\"#accordion-0\" class=\"collapsed\" role=\"button\" data-toggle=\"collapse\" href=\"#acc-1453278704996-2e48d0ff-944d67f7-73e6\" aria-expanded=\"true\" aria-controls=\"acc-1453278704996-2e48d0ff-944d67f7-73e6\"><span>Quel est le meilleur d\u00e9poussi\u00e9reur pour l\u2019industrie pharmaceutique?<\/span><\/a><\/h4><\/div><div id=\"acc-1453278704996-2e48d0ff-944d67f7-73e6\" class=\"panel-collapse collapse\" role=\"tabpanel\" aria-labelledby=\"acc-heading-1453278704996-2e48d0ff-944d67f7-73e6\"><div class=\"panel-body\">\n\t<div class=\"wpb_text_column wpb_content_element vc_custom_1730756119060\" >\n\t\t<div class=\"wpb_wrapper\">\n\t\t\t<p>Chaque acteur de votre industrie a des enjeux uniques, c\u2019est pourquoi nous ne pouvons recommander une solution universelle! En pr\u00e9sence de fines poussi\u00e8res, de micro-organismes ou de bioa\u00e9rosols, la filtration HEPA \u2013 ULPA constitue une bonne option. Saviez-vous que le filtre ULPA, que l\u2019on retrouve notamment dans la <a href=\"\/fr\/produits\/solution-de-controle-de-l-environnement\/douche-d-air\/\">douche d\u2019air<\/a>, filtre 99,99% des micro-gouttelettes de microbes? Pour les encapsuleuses, il est \u00e9galement possible de\u00a0<a title=\"\" href=\"\/fr\/medias\/272-mieux-comprendre-les-appareils-de-capture-a-la-source\/\">capter les particules \u00e0 la source<\/a>, sans absorber le produit introduit dans les capsules, en cr\u00e9ant notamment un environnement \u00e0 pression n\u00e9gative.<\/p>\n<p>Selon nous, le meilleur d\u00e9poussi\u00e9reur est celui qui r\u00e9pond parfaitement \u00e0 vos besoins. Le syst\u00e8me doit aussi vous permettre de r\u00e9aliser des \u00e9conomies. Nos experts peuvent vous sugg\u00e9rer des options durables, pens\u00e9es pour minimiser les arr\u00eats de production, les r\u00e9parations et \u00e9videmment la consommation \u00e9nerg\u00e9tique. Voici un aper\u00e7u de ce que nous pouvons vous offrir :<\/p>\n<ul>\n<li>Des solutions innovantes avec une excellente dur\u00e9e de vie, comme notre syst\u00e8me de contr\u00f4le de la temp\u00e9rature ambiante pour les laboratoires et les zones d\u2019entreposage.<\/li>\n<li>De l\u2019\u00e9quipement conforme aux normes NFPA pour la pr\u00e9vention des incidents.<\/li>\n<li>Une \u00e9quipe compos\u00e9e d\u2019ing\u00e9nieurs et de sp\u00e9cialistes disponible pour les pannes et l\u2019entretien pr\u00e9ventif.<\/li>\n<\/ul>\n\n\t\t<\/div>\n\t<\/div>\n<\/div><\/div><\/div><\/div><\/div><\/div><\/div><\/div>\n<\/div>","protected":false},"excerpt":{"rendered":"Airex Laminar System in a Pharmaceutical SettingPHARMACEUTICAL Are you familiar with the issues involved in the processes for manufacturing pharmaceutical products? Being aware of them will help you identify the sources of particle, dust, and bioaerosol emissions. Issues Encountered During &hellip;","protected":false},"author":2,"featured_media":2606,"parent":2311,"menu_order":0,"comment_status":"closed","ping_status":"closed","template":"","meta":{"content-type":"","footnotes":""},"class_list":["post-2605","page","type-page","status-publish","has-post-thumbnail","hentry"],"_links":{"self":[{"href":"https:\/\/airex-industries.com\/fr\/wp-json\/wp\/v2\/pages\/2605","targetHints":{"allow":["GET"]}}],"collection":[{"href":"https:\/\/airex-industries.com\/fr\/wp-json\/wp\/v2\/pages"}],"about":[{"href":"https:\/\/airex-industries.com\/fr\/wp-json\/wp\/v2\/types\/page"}],"author":[{"embeddable":true,"href":"https:\/\/airex-industries.com\/fr\/wp-json\/wp\/v2\/users\/2"}],"replies":[{"embeddable":true,"href":"https:\/\/airex-industries.com\/fr\/wp-json\/wp\/v2\/comments?post=2605"}],"version-history":[{"count":0,"href":"https:\/\/airex-industries.com\/fr\/wp-json\/wp\/v2\/pages\/2605\/revisions"}],"up":[{"embeddable":true,"href":"https:\/\/airex-industries.com\/fr\/wp-json\/wp\/v2\/pages\/2311"}],"wp:featuredmedia":[{"embeddable":true,"href":"https:\/\/airex-industries.com\/fr\/wp-json\/wp\/v2\/media\/2606"}],"wp:attachment":[{"href":"https:\/\/airex-industries.com\/fr\/wp-json\/wp\/v2\/media?parent=2605"}],"curies":[{"name":"wp","href":"https:\/\/api.w.org\/{rel}","templated":true}]}}