{"id":2615,"date":"2024-07-29T21:17:44","date_gmt":"2024-07-29T21:17:44","guid":{"rendered":"https:\/\/airex-industries.com\/?page_id=2615"},"modified":"2024-11-04T21:37:58","modified_gmt":"2024-11-04T21:37:58","slug":"plastiques-resines","status":"publish","type":"page","link":"https:\/\/airex-industries.com\/fr\/applications\/plastics-resins\/","title":{"rendered":"Plastiques et r\u00e9sines"},"content":{"rendered":"<div class=\"wpb-content-wrapper\"><div class=\"vc_row wpb_row vc_row-fluid vc_custom_1453476243999\"><div class=\"wpb_animate_when_almost_visible wpb_slideInUp slideInUp wpb_column vc_column_container vc_col-md-12\"><div class=\"vc_column-inner\"><div class=\"wpb_wrapper\"><div class=\"gallery-fs\"><figure><img decoding=\"async\" src=\"https:\/\/airex-industries.com\/wp-content\/uploads\/2024\/10\/plastics_DC_4-1138x655-1.webp\" alt=\"Syst\u00e8me central de collecte de poussi\u00e8re Airex Industries\"><figcaption>Syst\u00e8me central de collecte de poussi\u00e8re Airex Industries<\/figcaption><\/figure><div class=\"gallery-fs-nav\"><button class=\"gallery-fs-fullscreen\"><i class=\"fa fa-arrows-alt\"><\/i><\/button><\/div><div class=\"gallery-fs-thumbnails gallery-fs-thumbnails-col-5 owl-carousel\"><a href='https:\/\/airex-industries.com\/wp-content\/uploads\/2024\/10\/plastics_DC_4-1138x655-1.webp' data-caption='Airex Industries Central Dust Collection System' title='Syst\u00e8me central de collecte de poussi\u00e8re Airex Industries' class=\"selected\"><img loading=\"lazy\" decoding=\"async\" width=\"280\" height=\"210\" src=\"https:\/\/airex-industries.com\/wp-content\/uploads\/2024\/10\/plastics_DC_4-1138x655-1-280x210.webp\" class=\"attachment-anps-gallery-thumb size-anps-gallery-thumb\" alt=\"Syst\u00e8me central de collecte de poussi\u00e8re Airex Industries\" \/><\/a><a href='https:\/\/airex-industries.com\/wp-content\/uploads\/2024\/10\/plastics_contaminants_1-1138x655-1.webp' data-caption='Dust collection system for plastics' title='Syst\u00e8me de collecte de poussi\u00e8re pour les plastiques'><img loading=\"lazy\" decoding=\"async\" width=\"280\" height=\"210\" src=\"https:\/\/airex-industries.com\/wp-content\/uploads\/2024\/10\/plastics_contaminants_1-1138x655-1-280x210.webp\" class=\"attachment-anps-gallery-thumb size-anps-gallery-thumb\" alt=\"Syst\u00e8me de collecte de poussi\u00e8re pour les plastiques\" \/><\/a><\/div><\/div><\/div><\/div><\/div><\/div><div class=\"vc_row wpb_row vc_row-fluid\"><div class=\"wpb_column vc_column_container vc_col-md-12\"><div class=\"vc_column-inner\"><div class=\"wpb_wrapper\"><h2 style=\"text-align: left\" class=\"vc_custom_heading vc_do_custom_heading title\" >Plastiques et r\u00e9sines<\/h2>\n\t<div class=\"wpb_text_column wpb_content_element wpb_animate_when_almost_visible wpb_slideInRight slideInRight\" >\n\t\t<div class=\"wpb_wrapper\">\n\t\t\t<p>Les proc\u00e9d\u00e9s de transformation \u00e0 base de plastiques et de r\u00e9sines soul\u00e8vent de nombreux enjeux. Bien les conna\u00eetre vous permettra de mieux cibler les sources d\u2019\u00e9missions des contaminants et poussi\u00e8res.<\/p>\n\n\t\t<\/div>\n\t<\/div>\n<h3 class='heading-left  style-1'  style='color: #9c1c20'><span>Probl\u00e9matiques rencontr\u00e9es lors de nos interventions<\/span><\/h3><div class=\"vc_row wpb_row vc_inner vc_row-fluid\"><div class=\"wpb_column vc_column_container vc_col-md-4\"><div class=\"vc_column-inner vc_custom_1722282674400\"><div class=\"wpb_wrapper\"><div class='icon icon-left'><div class='icon-header'><div class='icon-media' style='width: 40px;'><img loading=\"lazy\" decoding=\"async\" width=\"612\" height=\"612\" src=\"https:\/\/airex-industries.com\/wp-content\/uploads\/2024\/07\/icon-dust.png\" class=\"attachment-full size-full\" alt=\"Les poussi\u00e8res\" srcset=\"https:\/\/airex-industries.com\/wp-content\/uploads\/2024\/07\/icon-dust.png 612w, https:\/\/airex-industries.com\/wp-content\/uploads\/2024\/07\/icon-dust-300x300.png 300w, https:\/\/airex-industries.com\/wp-content\/uploads\/2024\/07\/icon-dust-150x150.png 150w, https:\/\/airex-industries.com\/wp-content\/uploads\/2024\/07\/icon-dust-12x12.png 12w\" sizes=\"auto, (max-width: 612px) 100vw, 612px\" \/><\/i><\/div><h3 class='icon-title text-uppercase'>Les poussi\u00e8res<\/h3><\/div><p>Les particules g\u00e9n\u00e9r\u00e9es par ce champ d'application s'accumulent rapidement et doivent \u00eatre pris en charge efficacement.<\/p><\/div><\/div><\/div><\/div><div class=\"wpb_column vc_column_container vc_col-md-4\"><div class=\"vc_column-inner vc_custom_1722282680832\"><div class=\"wpb_wrapper\"><div class='icon icon-left'><div class='icon-header'><div class='icon-media' style='width: 40px;'><img loading=\"lazy\" decoding=\"async\" width=\"612\" height=\"612\" src=\"https:\/\/airex-industries.com\/wp-content\/uploads\/2024\/07\/icon-air.png\" class=\"attachment-full size-full\" alt=\"Changement d&#039;air\" srcset=\"https:\/\/airex-industries.com\/wp-content\/uploads\/2024\/07\/icon-air.png 612w, https:\/\/airex-industries.com\/wp-content\/uploads\/2024\/07\/icon-air-300x300.png 300w, https:\/\/airex-industries.com\/wp-content\/uploads\/2024\/07\/icon-air-150x150.png 150w, https:\/\/airex-industries.com\/wp-content\/uploads\/2024\/07\/icon-air-12x12.png 12w\" sizes=\"auto, (max-width: 612px) 100vw, 612px\" \/><\/i><\/div><h3 class='icon-title text-uppercase'>Changement d'air<\/h3><\/div><p>Plusieurs changement d'air par heure doivent \u00eatre effectuer afin d'assurer une qualit\u00e9 d'air ambiant respectant les normes.<\/p><\/div><\/div><\/div><\/div><div class=\"wpb_column vc_column_container vc_col-md-4\"><div class=\"vc_column-inner vc_custom_1722287306346\"><div class=\"wpb_wrapper\"><div class='icon icon-left'><div class='icon-header'><div class='icon-media' style='width: 40px;'><img loading=\"lazy\" decoding=\"async\" width=\"612\" height=\"612\" src=\"https:\/\/airex-industries.com\/wp-content\/uploads\/2024\/07\/icon-toxic.png\" class=\"attachment-full size-full\" alt=\"Toxicit\u00e9\" srcset=\"https:\/\/airex-industries.com\/wp-content\/uploads\/2024\/07\/icon-toxic.png 612w, https:\/\/airex-industries.com\/wp-content\/uploads\/2024\/07\/icon-toxic-300x300.png 300w, https:\/\/airex-industries.com\/wp-content\/uploads\/2024\/07\/icon-toxic-150x150.png 150w, https:\/\/airex-industries.com\/wp-content\/uploads\/2024\/07\/icon-toxic-12x12.png 12w\" sizes=\"auto, (max-width: 612px) 100vw, 612px\" \/><\/i><\/div><h3 class='icon-title text-uppercase'>Toxicit\u00e9<\/h3><\/div><p>Les substances d\u00e9gag\u00e9es par la transformation des produits de cette application sont nocives lorsqu'elles sont absorb\u00e9es par l'organisme.<\/p><\/div><\/div><\/div><\/div><\/div><div class=\"vc_row wpb_row vc_inner vc_row-fluid\"><div class=\"wpb_column vc_column_container vc_col-md-4\"><div class=\"vc_column-inner vc_custom_1722282674400\"><div class=\"wpb_wrapper\"><div class='icon icon-left'><div class='icon-header'><div class='icon-media' style='width: 40px;'><img loading=\"lazy\" decoding=\"async\" width=\"612\" height=\"612\" src=\"https:\/\/airex-industries.com\/wp-content\/uploads\/2024\/07\/icon-energy.png\" class=\"attachment-full size-full\" alt=\"\u00c9nergivore\" srcset=\"https:\/\/airex-industries.com\/wp-content\/uploads\/2024\/07\/icon-energy.png 612w, https:\/\/airex-industries.com\/wp-content\/uploads\/2024\/07\/icon-energy-300x300.png 300w, https:\/\/airex-industries.com\/wp-content\/uploads\/2024\/07\/icon-energy-150x150.png 150w, https:\/\/airex-industries.com\/wp-content\/uploads\/2024\/07\/icon-energy-12x12.png 12w\" sizes=\"auto, (max-width: 612px) 100vw, 612px\" \/><\/i><\/div><h3 class='icon-title text-uppercase'>\u00c9nergivore<\/h3><\/div><p>Les proc\u00e9d\u00e9s li\u00e9s \u00e0 ce champ d'application sont de grands consommateurs d'\u00e9nergie.<\/p><\/div><\/div><\/div><\/div><div class=\"wpb_column vc_column_container vc_col-md-4\"><div class=\"vc_column-inner vc_custom_1722282680832\"><div class=\"wpb_wrapper\"><div class='icon icon-left'><div class='icon-header'><div class='icon-media' style='width: 40px;'><img loading=\"lazy\" decoding=\"async\" width=\"612\" height=\"612\" src=\"https:\/\/airex-industries.com\/wp-content\/uploads\/2024\/07\/icon-explosif.png\" class=\"attachment-full size-full\" alt=\"Risque d&#039;explosion\" srcset=\"https:\/\/airex-industries.com\/wp-content\/uploads\/2024\/07\/icon-explosif.png 612w, https:\/\/airex-industries.com\/wp-content\/uploads\/2024\/07\/icon-explosif-300x300.png 300w, https:\/\/airex-industries.com\/wp-content\/uploads\/2024\/07\/icon-explosif-150x150.png 150w, https:\/\/airex-industries.com\/wp-content\/uploads\/2024\/07\/icon-explosif-12x12.png 12w\" sizes=\"auto, (max-width: 612px) 100vw, 612px\" \/><\/i><\/div><h3 class='icon-title text-uppercase'>Risque d'explosion<\/h3><\/div><p>Les poussi\u00e8res de certains mat\u00e9riaux sont combustibles et selon les circonstances, peuvent \u00eatre \u00e0 l\u2019origine d\u2019une explosion.<\/p><\/div><\/div><\/div><\/div><div class=\"wpb_column vc_column_container vc_col-md-4\"><div class=\"vc_column-inner\"><div class=\"wpb_wrapper\"><\/div><\/div><\/div><\/div><div class=\"vc_separator wpb_content_element vc_separator_align_center vc_sep_width_100 vc_sep_pos_align_center vc_separator_no_text vc_sep_color_grey wpb_content_element  wpb_content_element\" ><span class=\"vc_sep_holder vc_sep_holder_l\"><span class=\"vc_sep_line\"><\/span><\/span><span class=\"vc_sep_holder vc_sep_holder_r\"><span class=\"vc_sep_line\"><\/span><\/span>\n<\/div><\/div><\/div><\/div><\/div><div class=\"vc_row wpb_row vc_row-fluid\"><div class=\"wpb_column vc_column_container vc_col-md-12\"><div class=\"vc_column-inner\"><div class=\"wpb_wrapper\"><h2 style=\"color: #9c1c20;text-align: left\" class=\"vc_custom_heading vc_do_custom_heading title\" >Les plastiques, les r\u00e9sines et leurs contaminants: que faut-il savoir?<\/h2>\n\t<div class=\"wpb_text_column wpb_content_element wpb_animate_when_almost_visible wpb_bounceInLeft bounceInLeft\" >\n\t\t<div class=\"wpb_wrapper\">\n\t\t\t<p>Comme vous le savez, la manutention, le transport par convoyeur et les m\u00e9thodes de fabrication des r\u00e9sines et des plastiques g\u00e9n\u00e8rent des particules volatiles toxiques. Examinez vos proc\u00e9d\u00e9s et demandez-vous:<\/p>\n<ul>\n<li>Quels types de composantes et de poussi\u00e8res entrent en jeu? Les r\u00e9sidus de compos\u00e9s p\u00e9trochimiques, les polym\u00e8res et autres additifs (comme les plastifiants, les stabilisateurs, les pigments) sont des \u00e9l\u00e9ments \u00e0 risque. Les ignifugeants, les agents catalyseurs et les lubrifiants s\u2019ajoutent \u00e0 cette liste!<\/li>\n<li>Y a-t-il des risques d\u2019incendie? Pour certaines de ces mati\u00e8res, une \u00e9tincelle d'\u00e9lectricit\u00e9 statique suffit pour provoquer une explosion.<\/li>\n<li>Avez-vous un syst\u00e8me ad\u00e9quat pour g\u00e9rer les probl\u00e8mes d\u2019odeurs li\u00e9s \u00e0 la transformation de certaines r\u00e9sines et de compos\u00e9s organiques volatils (COV)?<\/li>\n<\/ul>\n\n\t\t<\/div>\n\t<\/div>\n<h2 style=\"color: #9c1c20;text-align: left\" class=\"vc_custom_heading vc_do_custom_heading title\" >Connaissez-vous les risques associ\u00e9s \u00e0 vos proc\u00e9d\u00e9s?<\/h2>\n\t<div class=\"wpb_text_column wpb_content_element wpb_animate_when_almost_visible wpb_bounceInRight bounceInRight\" >\n\t\t<div class=\"wpb_wrapper\">\n\t\t\t<p>Que vous fabriquiez des canalisations, des c\u00e2bles, des contenants, des r\u00e9servoirs \u00e0 carburant ou des rev\u00eatements, vos proc\u00e9d\u00e9s g\u00e9n\u00e8rent des poussi\u00e8res nocives et inflammables. Saviez-vous que 15 substances qui entrent dans la fabrication des mati\u00e8res plastiques sont aussi des\u00a0<a href=\"\/fr\/medias\/307-maladies-respiratoires-professionnelles-evitez-de-mordre-la-poussiere\/\">agents canc\u00e9rig\u00e8nes ou mutag\u00e8nes<\/a>? Respirer ces contaminants a\u00e9roport\u00e9s peut \u00eatre extr\u00eamement n\u00e9faste pour la sant\u00e9 de vos travailleurs. Les facteurs de risques ne s\u2019arr\u00eatent pas l\u00e0:<\/p>\n<ul>\n<li>L'abrasivit\u00e9 des particules dans les conduits du syst\u00e8me de d\u00e9poussi\u00e9rage accro\u00eet les risques d\u2019autocombustion.<\/li>\n<li>L\u2019\u00e9coulement de mati\u00e8res plastiques en poudre des silos d\u2019entreposage, conteneurs, convoyeurs pneumatiques ou m\u00e9caniques peut soulever des nuages de contaminants.<\/li>\n<li>\u00c0 l\u2019\u00e9tape de durcissement des m\u00e9langes de r\u00e9sines, leurs r\u00e9sidus peuvent provoquer une r\u00e9action exothermique dans le d\u00e9poussi\u00e9reur, pouvant mener \u00e0 un incendie ou une explosion!<\/li>\n<\/ul>\n\n\t\t<\/div>\n\t<\/div>\n<div class=\"panel-group panel-icon-plus panel-icon-align-default panel-shape-square\" id=\"accordion-0\" role=\"tablist\" aria-multiselectable=\"true\"><div class=\"panel\" style=\"\"><div class=\"panel-heading\" role=\"tab\" id=\"acc-heading-1453278704996-2e48d0ff-944d67f7-73e6\"><h4 class=\"panel-title text-default small-margin\"><a data-parent=\"#accordion-0\" class=\"\" role=\"button\" data-toggle=\"collapse\" href=\"#acc-1453278704996-2e48d0ff-944d67f7-73e6\" aria-expanded=\"true\" aria-controls=\"acc-1453278704996-2e48d0ff-944d67f7-73e6\"><span>Comment r\u00e9duire les risques pour la sant\u00e9 et les explosions?<\/span><\/a><\/h4><\/div><div id=\"acc-1453278704996-2e48d0ff-944d67f7-73e6\" class=\"panel-collapse collapse in\" role=\"tabpanel\" aria-labelledby=\"acc-heading-1453278704996-2e48d0ff-944d67f7-73e6\"><div class=\"panel-body\">\n\t<div class=\"wpb_text_column wpb_content_element vc_custom_1722288287149\" >\n\t\t<div class=\"wpb_wrapper\">\n\t\t\t<p>Dans votre industrie, le d\u00e9poussi\u00e9rage doit faire l\u2019objet d\u2019une planification rigoureuse: vous devez capter les vapeurs et particules lors de la formation des pi\u00e8ces de plastique, en plus de r\u00e9colter les poussi\u00e8res li\u00e9es \u00e0 l\u2019ensemble de leur transformation. Aussi, vos conduits, proc\u00e9d\u00e9s et d\u00e9poussi\u00e9reurs devraient \u00eatre mis \u00e0 la terre pour limiter les d\u00e9charges \u00e9lectrostatiques et les dangers d\u2019explosion. Pour vous aider \u00e0 implanter un syst\u00e8me qui respecte les normes, prot\u00e8ge la sant\u00e9 des travailleurs et qui r\u00e9duit les risques de d\u00e9flagration, nos experts en d\u00e9poussi\u00e9rage peuvent vous recommander des solutions adapt\u00e9es.<\/p>\n\n\t\t<\/div>\n\t<\/div>\n<\/div><\/div><\/div><div class=\"panel\" style=\"\"><div class=\"panel-heading\" role=\"tab\" id=\"acc-heading-1722288171152-9be62fd6-525d\"><h4 class=\"panel-title text-default small-margin\"><a data-parent=\"#accordion-0\" class=\"collapsed\" role=\"button\" data-toggle=\"collapse\" href=\"#acc-1722288171152-9be62fd6-525d\" aria-expanded=\"true\" aria-controls=\"acc-1722288171152-9be62fd6-525d\"><span>Quel est le meilleur d\u00e9poussi\u00e9reur pour les plastiques et r\u00e9sines?<\/span><\/a><\/h4><\/div><div id=\"acc-1722288171152-9be62fd6-525d\" class=\"panel-collapse collapse\" role=\"tabpanel\" aria-labelledby=\"acc-heading-1722288171152-9be62fd6-525d\"><div class=\"panel-body\">\n\t<div class=\"wpb_text_column wpb_content_element vc_custom_1722288335747\" >\n\t\t<div class=\"wpb_wrapper\">\n\t\t\t<p>Chaque industrie a ses particularit\u00e9s, et la v\u00f4tre ne fait pas exception! Compte tenu de ces nombreuses variables, le choix d\u2019un d\u00e9poussi\u00e9reur doit \u00eatre fait en examinant de pr\u00e8s le type de particules g\u00e9n\u00e9r\u00e9 par vos activit\u00e9s, leurs dangers, vos proc\u00e9d\u00e9s de transformation ainsi que les caract\u00e9ristiques de vos op\u00e9rations. Par exemple, si vos activit\u00e9s comportent de la r\u00e9sine et des COV, votre syst\u00e8me doit respecter les\u00a0<a title=\"\" href=\"\/fr\/medias\/28-emissions-atmospheriques-et-depoussierage-ce-qu-il-faut-savoir\/\">normes environnementales relatives aux \u00e9missions dans l\u2019atmosph\u00e8re<\/a>\u00a0et faire une extraction de l\u2019air ad\u00e9quate afin de g\u00e9rer les probl\u00e8mes d\u2019odeur.<\/p>\n<p>Dans tous les cas, selon nous, le meilleur d\u00e9poussi\u00e9reur est celui qui r\u00e9pond parfaitement \u00e0 vos besoins. C\u2019est aussi un syst\u00e8me qui permet de r\u00e9aliser des \u00e9conomies. Nos experts peuvent vous sugg\u00e9rer des options durables, pens\u00e9es pour minimiser les arr\u00eats de production, les r\u00e9parations et la consommation \u00e9nerg\u00e9tique. Voici un aper\u00e7u de ce que nous pouvons vous offrir :<\/p>\n<ul>\n<li>Solutions novatrices ayant une excellente dur\u00e9e de vie, comme notre syst\u00e8me de captation des compos\u00e9s organiques volatils (COV) \u00e0 l\u2019aide de filtres au charbon activ\u00e9.<\/li>\n<li>Solutions int\u00e9gr\u00e9es pour r\u00e9cup\u00e9rer l\u2019\u00e9nergie en conjonction avec une unit\u00e9 d'air neuf et un d\u00e9poussi\u00e9reur afin de pr\u00e9conditionner l'air frais.<\/li>\n<li>\u00c9quipements approuv\u00e9s par les normes de la CNESST pour \u00e9viter les incidents.<\/li>\n<li>Une \u00e9quipe compos\u00e9e d\u2019ing\u00e9nieurs et de sp\u00e9cialistes disponible pour les pannes et l\u2019entretien pr\u00e9ventif.<\/li>\n<\/ul>\n\n\t\t<\/div>\n\t<\/div>\n<\/div><\/div><\/div><\/div><\/div><\/div><\/div><\/div>\n<\/div>","protected":false},"excerpt":{"rendered":"Airex Industries Central Dust Collection SystemPLASTICS AND RESINS There are many issues involved in processing plastics and resins. Being familiar with them will enable you to better target the sources of contaminant and dust emissions. Issues Encountered During Our InterventionsDustParticles &hellip;","protected":false},"author":2,"featured_media":2616,"parent":2311,"menu_order":0,"comment_status":"closed","ping_status":"closed","template":"","meta":{"content-type":"","footnotes":""},"class_list":["post-2615","page","type-page","status-publish","has-post-thumbnail","hentry"],"_links":{"self":[{"href":"https:\/\/airex-industries.com\/fr\/wp-json\/wp\/v2\/pages\/2615","targetHints":{"allow":["GET"]}}],"collection":[{"href":"https:\/\/airex-industries.com\/fr\/wp-json\/wp\/v2\/pages"}],"about":[{"href":"https:\/\/airex-industries.com\/fr\/wp-json\/wp\/v2\/types\/page"}],"author":[{"embeddable":true,"href":"https:\/\/airex-industries.com\/fr\/wp-json\/wp\/v2\/users\/2"}],"replies":[{"embeddable":true,"href":"https:\/\/airex-industries.com\/fr\/wp-json\/wp\/v2\/comments?post=2615"}],"version-history":[{"count":0,"href":"https:\/\/airex-industries.com\/fr\/wp-json\/wp\/v2\/pages\/2615\/revisions"}],"up":[{"embeddable":true,"href":"https:\/\/airex-industries.com\/fr\/wp-json\/wp\/v2\/pages\/2311"}],"wp:featuredmedia":[{"embeddable":true,"href":"https:\/\/airex-industries.com\/fr\/wp-json\/wp\/v2\/media\/2616"}],"wp:attachment":[{"href":"https:\/\/airex-industries.com\/fr\/wp-json\/wp\/v2\/media?parent=2615"}],"curies":[{"name":"wp","href":"https:\/\/api.w.org\/{rel}","templated":true}]}}