{"id":2622,"date":"2024-07-29T21:31:47","date_gmt":"2024-07-29T21:31:47","guid":{"rendered":"https:\/\/airex-industries.com\/?page_id=2622"},"modified":"2024-11-04T21:40:34","modified_gmt":"2024-11-04T21:40:34","slug":"pate-papier","status":"publish","type":"page","link":"https:\/\/airex-industries.com\/fr\/applications\/pulp-paper\/","title":{"rendered":"P\u00e2tes et papiers"},"content":{"rendered":"<div class=\"wpb-content-wrapper\"><div class=\"vc_row wpb_row vc_row-fluid vc_custom_1453476243999\"><div class=\"wpb_animate_when_almost_visible wpb_slideInUp slideInUp wpb_column vc_column_container vc_col-md-12\"><div class=\"vc_column-inner\"><div class=\"wpb_wrapper\"><div class=\"gallery-fs\"><figure><img decoding=\"async\" src=\"https:\/\/airex-industries.com\/wp-content\/uploads\/2024\/10\/paper_DC_5-1138x655-1.webp\" alt=\"Usine de fabrication de papier\"><figcaption>Usine de fabrication de papier<\/figcaption><\/figure><\/div><\/div><\/div><\/div><\/div><div class=\"vc_row wpb_row vc_row-fluid\"><div class=\"wpb_column vc_column_container vc_col-md-12\"><div class=\"vc_column-inner\"><div class=\"wpb_wrapper\"><h2 style=\"text-align: left\" class=\"vc_custom_heading vc_do_custom_heading title\" >P\u00e2tes et papiers<\/h2>\n\t<div class=\"wpb_text_column wpb_content_element wpb_animate_when_almost_visible wpb_slideInRight slideInRight\" >\n\t\t<div class=\"wpb_wrapper\">\n\t\t\t<p>Les proc\u00e9d\u00e9s de fabrication et de transformation de p\u00e2tes et papiers soul\u00e8vent de nombreux enjeux. Bien les comprendre vous aidera \u00e0 identifier les sources d\u2019\u00e9mission de poussi\u00e8res et de particules nocives.<\/p>\n\n\t\t<\/div>\n\t<\/div>\n<h3 class='heading-left  style-1'  style='color: #9c1c20'><span>Probl\u00e9matiques rencontr\u00e9es lors de nos interventions<\/span><\/h3><div class=\"vc_row wpb_row vc_inner vc_row-fluid\"><div class=\"wpb_column vc_column_container vc_col-md-4\"><div class=\"vc_column-inner vc_custom_1722282674400\"><div class=\"wpb_wrapper\"><div class='icon icon-left'><div class='icon-header'><div class='icon-media' style='width: 40px;'><img loading=\"lazy\" decoding=\"async\" width=\"612\" height=\"612\" src=\"https:\/\/airex-industries.com\/wp-content\/uploads\/2024\/07\/icon-dust.png\" class=\"attachment-full size-full\" alt=\"Les poussi\u00e8res\" srcset=\"https:\/\/airex-industries.com\/wp-content\/uploads\/2024\/07\/icon-dust.png 612w, https:\/\/airex-industries.com\/wp-content\/uploads\/2024\/07\/icon-dust-300x300.png 300w, https:\/\/airex-industries.com\/wp-content\/uploads\/2024\/07\/icon-dust-150x150.png 150w, https:\/\/airex-industries.com\/wp-content\/uploads\/2024\/07\/icon-dust-12x12.png 12w\" sizes=\"auto, (max-width: 612px) 100vw, 612px\" \/><\/i><\/div><h3 class='icon-title text-uppercase'>Les poussi\u00e8res<\/h3><\/div><p>Les particules g\u00e9n\u00e9r\u00e9es par ce champ d'application s'accumulent rapidement et doivent \u00eatre pris en charge efficacement.<\/p><\/div><\/div><\/div><\/div><div class=\"wpb_column vc_column_container vc_col-md-4\"><div class=\"vc_column-inner vc_custom_1722282680832\"><div class=\"wpb_wrapper\"><div class='icon icon-left'><div class='icon-header'><div class='icon-media' style='width: 40px;'><img loading=\"lazy\" decoding=\"async\" width=\"612\" height=\"612\" src=\"https:\/\/airex-industries.com\/wp-content\/uploads\/2024\/07\/icon-humidity.png\" class=\"attachment-full size-full\" alt=\"Humidit\u00e9\" srcset=\"https:\/\/airex-industries.com\/wp-content\/uploads\/2024\/07\/icon-humidity.png 612w, https:\/\/airex-industries.com\/wp-content\/uploads\/2024\/07\/icon-humidity-300x300.png 300w, https:\/\/airex-industries.com\/wp-content\/uploads\/2024\/07\/icon-humidity-150x150.png 150w, https:\/\/airex-industries.com\/wp-content\/uploads\/2024\/07\/icon-humidity-12x12.png 12w\" sizes=\"auto, (max-width: 612px) 100vw, 612px\" \/><\/i><\/div><h3 class='icon-title text-uppercase'>Humidit\u00e9<\/h3><\/div><p>Le contr\u00f4le du taux d'humidit\u00e9 est un facteur essentiel pour la production de ce type d'application<\/p><\/div><\/div><\/div><\/div><div class=\"wpb_column vc_column_container vc_col-md-4\"><div class=\"vc_column-inner vc_custom_1722287306346\"><div class=\"wpb_wrapper\"><div class='icon icon-left'><div class='icon-header'><div class='icon-media' style='width: 40px;'><img loading=\"lazy\" decoding=\"async\" width=\"612\" height=\"612\" src=\"https:\/\/airex-industries.com\/wp-content\/uploads\/2024\/07\/icon-temperature.png\" class=\"attachment-full size-full\" alt=\"Temp\u00e9rature\" srcset=\"https:\/\/airex-industries.com\/wp-content\/uploads\/2024\/07\/icon-temperature.png 612w, https:\/\/airex-industries.com\/wp-content\/uploads\/2024\/07\/icon-temperature-300x300.png 300w, https:\/\/airex-industries.com\/wp-content\/uploads\/2024\/07\/icon-temperature-150x150.png 150w, https:\/\/airex-industries.com\/wp-content\/uploads\/2024\/07\/icon-temperature-12x12.png 12w\" sizes=\"auto, (max-width: 612px) 100vw, 612px\" \/><\/i><\/div><h3 class='icon-title text-uppercase'>Temp\u00e9rature<\/h3><\/div><p>Certains proc\u00e9d\u00e9s exigent un contr\u00f4le minutieux de la temp\u00e9rature tout au long du processus de fabrication.<\/p><\/div><\/div><\/div><\/div><\/div><div class=\"vc_row wpb_row vc_inner vc_row-fluid\"><div class=\"wpb_column vc_column_container vc_col-md-4\"><div class=\"vc_column-inner vc_custom_1722282674400\"><div class=\"wpb_wrapper\"><div class='icon icon-left'><div class='icon-header'><div class='icon-media' style='width: 40px;'><img loading=\"lazy\" decoding=\"async\" width=\"612\" height=\"612\" src=\"https:\/\/airex-industries.com\/wp-content\/uploads\/2024\/07\/icon-air.png\" class=\"attachment-full size-full\" alt=\"Changement d&#039;air\" srcset=\"https:\/\/airex-industries.com\/wp-content\/uploads\/2024\/07\/icon-air.png 612w, https:\/\/airex-industries.com\/wp-content\/uploads\/2024\/07\/icon-air-300x300.png 300w, https:\/\/airex-industries.com\/wp-content\/uploads\/2024\/07\/icon-air-150x150.png 150w, https:\/\/airex-industries.com\/wp-content\/uploads\/2024\/07\/icon-air-12x12.png 12w\" sizes=\"auto, (max-width: 612px) 100vw, 612px\" \/><\/i><\/div><h3 class='icon-title text-uppercase'>Changement d'air<\/h3><\/div><p>Plusieurs changement d'air par heure doivent \u00eatre effectuer afin d'assurer une qualit\u00e9 d'air ambiant respectant les normes.<\/p><\/div><\/div><\/div><\/div><div class=\"wpb_column vc_column_container vc_col-md-4\"><div class=\"vc_column-inner vc_custom_1722282680832\"><div class=\"wpb_wrapper\"><div class='icon icon-left'><div class='icon-header'><div class='icon-media' style='width: 40px;'><img loading=\"lazy\" decoding=\"async\" width=\"612\" height=\"612\" src=\"https:\/\/airex-industries.com\/wp-content\/uploads\/2024\/07\/icon-energy.png\" class=\"attachment-full size-full\" alt=\"\u00c9nergivore\" srcset=\"https:\/\/airex-industries.com\/wp-content\/uploads\/2024\/07\/icon-energy.png 612w, https:\/\/airex-industries.com\/wp-content\/uploads\/2024\/07\/icon-energy-300x300.png 300w, https:\/\/airex-industries.com\/wp-content\/uploads\/2024\/07\/icon-energy-150x150.png 150w, https:\/\/airex-industries.com\/wp-content\/uploads\/2024\/07\/icon-energy-12x12.png 12w\" sizes=\"auto, (max-width: 612px) 100vw, 612px\" \/><\/i><\/div><h3 class='icon-title text-uppercase'>\u00c9nergivore<\/h3><\/div><p>Les proc\u00e9d\u00e9s li\u00e9s \u00e0 ce champ d'application sont de grands consommateurs d'\u00e9nergie.<\/p><\/div><\/div><\/div><\/div><div class=\"wpb_column vc_column_container vc_col-md-4\"><div class=\"vc_column-inner vc_custom_1722289015632\"><div class=\"wpb_wrapper\"><div class='icon icon-left'><div class='icon-header'><div class='icon-media' style='width: 40px;'><img loading=\"lazy\" decoding=\"async\" width=\"612\" height=\"612\" src=\"https:\/\/airex-industries.com\/wp-content\/uploads\/2024\/07\/icon-explosif.png\" class=\"attachment-full size-full\" alt=\"Risque d&#039;explosion\" srcset=\"https:\/\/airex-industries.com\/wp-content\/uploads\/2024\/07\/icon-explosif.png 612w, https:\/\/airex-industries.com\/wp-content\/uploads\/2024\/07\/icon-explosif-300x300.png 300w, https:\/\/airex-industries.com\/wp-content\/uploads\/2024\/07\/icon-explosif-150x150.png 150w, https:\/\/airex-industries.com\/wp-content\/uploads\/2024\/07\/icon-explosif-12x12.png 12w\" sizes=\"auto, (max-width: 612px) 100vw, 612px\" \/><\/i><\/div><h3 class='icon-title text-uppercase'>Risque d'explosion<\/h3><\/div><p>Les poussi\u00e8res de certains mat\u00e9riaux sont combustibles et selon les circonstances, peuvent \u00eatre \u00e0 l\u2019origine d\u2019une explosion.<\/p><\/div><\/div><\/div><\/div><\/div><div class=\"vc_separator wpb_content_element vc_separator_align_center vc_sep_width_100 vc_sep_pos_align_center vc_separator_no_text vc_sep_color_grey wpb_content_element  wpb_content_element\" ><span class=\"vc_sep_holder vc_sep_holder_l\"><span class=\"vc_sep_line\"><\/span><\/span><span class=\"vc_sep_holder vc_sep_holder_r\"><span class=\"vc_sep_line\"><\/span><\/span>\n<\/div><\/div><\/div><\/div><\/div><div class=\"vc_row wpb_row vc_row-fluid\"><div class=\"wpb_column vc_column_container vc_col-md-12\"><div class=\"vc_column-inner\"><div class=\"wpb_wrapper\"><h2 style=\"color: #9c1c20;text-align: left\" class=\"vc_custom_heading vc_do_custom_heading title\" >Risques li\u00e9s aux p\u00e2tes et papiers: que faut-il savoir?<\/h2>\n\t<div class=\"wpb_text_column wpb_content_element wpb_animate_when_almost_visible wpb_bounceInLeft bounceInLeft\" >\n\t\t<div class=\"wpb_wrapper\">\n\t\t\t<p>Des languettes de papier ou de carton aux nuages de fines particules volatiles, vous savez comme nous que vos proc\u00e9d\u00e9s g\u00e9n\u00e8rent \u00e9norm\u00e9ment de poussi\u00e8re. Qu\u2019en est-il des dangers li\u00e9s \u00e0 vos activit\u00e9s et des normes \u00e0 respecter? Examinez vos installations et demandez-vous:<\/p>\n<ul>\n<li>Y a-t-il un risque de d\u00e9flagration li\u00e9 aux particules \u00e9mises? Puisque le papier et le carton sont des compos\u00e9s organiques, ils sont hautement explosifs. Avez-vous mis en place les mesures n\u00e9cessaires pour contenir une explosion et prot\u00e9ger votre main-d\u2019\u0153uvre?<\/li>\n<li>Quels types de poussi\u00e8re sont produits par vos activit\u00e9s? Leurs diff\u00e9rentes formes et fibres ont-elles un impact sur leur captation?<\/li>\n<li>Vous devez g\u00e9rer un\u00a0<a title=\"\" href=\"\/fr\/medias\/285-depoussierage-et-industrie-du-carton-les-enjeux-meconnus-de-l-usine-4-0\/\">grand volume de production \u00e0 une cadence \u00e9lev\u00e9e<\/a>. Avez-vous mis en place des solutions de d\u00e9poussi\u00e9rage afin d\u2019\u00e9viter les arr\u00eats de service li\u00e9s au blocage de vos proc\u00e9d\u00e9s par le papier?<\/li>\n<\/ul>\n\n\t\t<\/div>\n\t<\/div>\n<h2 style=\"color: #9c1c20;text-align: left\" class=\"vc_custom_heading vc_do_custom_heading title\" >P\u00e2tes et papiers: prot\u00e9gez la sant\u00e9 de vos travailleurs<\/h2>\n\t<div class=\"wpb_text_column wpb_content_element wpb_animate_when_almost_visible wpb_bounceInRight bounceInRight\" >\n\t\t<div class=\"wpb_wrapper\">\n\t\t\t<p>Que vous op\u00e9riez une usine de fabrication de papier, un centre de tri, ou une imprimerie, votre d\u00e9poussi\u00e9reur est votre meilleur alli\u00e9. \u00c0 vos enjeux de gros volume de production et de la comp\u00e9titivit\u00e9 de votre industrie s\u2019ajoute celui de la sant\u00e9 et de la s\u00e9curit\u00e9 de votre main-d\u2019\u0153uvre. La respiration de poussi\u00e8res de papiers fins, de papiers sanitaires et de cartons sur une p\u00e9riode prolong\u00e9e pr\u00e9sente un risque pour la sant\u00e9 des travailleurs.<\/p>\n<p>Si ces particules ne sont pas contr\u00f4l\u00e9es \u00e0 l\u2019aide d\u2019une ventilation ad\u00e9quate, elles peuvent causer des probl\u00e8mes de sant\u00e9 respiratoire. Votre main-d\u2019\u0153uvre pourrait par exemple d\u00e9velopper des allergies \u00e0 la poussi\u00e8re de cellulose (principale composante du papier), de l\u2019asthme et <a href=\"\/fr\/medias\/307-maladies-respiratoires-professionnelles-evitez-de-mordre-la-poussiere\/\">autres maladies pulmonaires<\/a>. La r\u00e9glementation f\u00e9d\u00e9rale canadienne et le RSST au Qu\u00e9bec ont \u00e9tabli des limites d\u2019exposition \u00e0 la poussi\u00e8re en milieu de travail (LEMT): la cellulose affiche une LEMT \u00e0 10 mg\/m3 de poussi\u00e8res inhalables. Une limite \u00e0 garder \u00e0 l\u2019\u0153il!<sup>3<\/sup> of respirable dust &#8211; a limit to keep an eye on!<\/p>\n\n\t\t<\/div>\n\t<\/div>\n<div class=\"panel-group panel-icon-plus panel-icon-align-default panel-shape-square\" id=\"accordion-0\" role=\"tablist\" aria-multiselectable=\"true\"><div class=\"panel\" style=\"\"><div class=\"panel-heading\" role=\"tab\" id=\"acc-heading-1453278704996-2e48d0ff-944d67f7-73e6\"><h4 class=\"panel-title text-default small-margin\"><a data-parent=\"#accordion-0\" class=\"\" role=\"button\" data-toggle=\"collapse\" href=\"#acc-1453278704996-2e48d0ff-944d67f7-73e6\" aria-expanded=\"true\" aria-controls=\"acc-1453278704996-2e48d0ff-944d67f7-73e6\"><span>Papier et carton: comment r\u00e9duire les risques d\u2019explosion?<\/span><\/a><\/h4><\/div><div id=\"acc-1453278704996-2e48d0ff-944d67f7-73e6\" class=\"panel-collapse collapse in\" role=\"tabpanel\" aria-labelledby=\"acc-heading-1453278704996-2e48d0ff-944d67f7-73e6\"><div class=\"panel-body\">\n\t<div class=\"wpb_text_column wpb_content_element vc_custom_1722289161085\" >\n\t\t<div class=\"wpb_wrapper\">\n\t\t\t<p>Saviez-vous que la poussi\u00e8re de cellulose est hautement explosive? Il suffit d\u2019une \u00e9tincelle, d\u2019une d\u00e9charge d\u2019\u00e9lectricit\u00e9 statique ou, encore, de la friction entre des particules en mouvement pour provoquer une d\u00e9flagration. Vous devez donc vous assurer des respecter les normes de la NFPA quant aux risques d\u2019incendie et d\u2019explosion. Pour vous y conformer et vous aider \u00e0 prot\u00e9ger vos travailleurs, nos experts peuvent vous accompagner dans le choix d\u2019un d\u00e9poussi\u00e9reur adapt\u00e9 \u00e0 vos besoins.<\/p>\n\n\t\t<\/div>\n\t<\/div>\n<\/div><\/div><\/div><div class=\"panel\" style=\"\"><div class=\"panel-heading\" role=\"tab\" id=\"acc-heading-1722288171152-9be62fd6-525d\"><h4 class=\"panel-title text-default small-margin\"><a data-parent=\"#accordion-0\" class=\"collapsed\" role=\"button\" data-toggle=\"collapse\" href=\"#acc-1722288171152-9be62fd6-525d\" aria-expanded=\"true\" aria-controls=\"acc-1722288171152-9be62fd6-525d\"><span>Quel est le meilleur d\u00e9poussi\u00e9reur pour les p\u00e2tes et papiers?<\/span><\/a><\/h4><\/div><div id=\"acc-1722288171152-9be62fd6-525d\" class=\"panel-collapse collapse\" role=\"tabpanel\" aria-labelledby=\"acc-heading-1722288171152-9be62fd6-525d\"><div class=\"panel-body\">\n\t<div class=\"wpb_text_column wpb_content_element vc_custom_1722289219443\" >\n\t\t<div class=\"wpb_wrapper\">\n\t\t\t<p>Votre syst\u00e8me de d\u00e9poussi\u00e9rage d\u00e9pend de vos installations: selon vos proc\u00e9d\u00e9s et la taille de l\u2019entreprise, plusieurs options s\u2019offrent \u00e0 vous. Plus l\u2019environnement de travail est vaste, plus le volume d\u2019air \u00e0 g\u00e9rer est important, ce qui influence le choix du d\u00e9poussi\u00e9reur. Votre syst\u00e8me doit \u00e9galement offrir une <a href=\"\/fr\/medias\/272-mieux-comprendre-les-appareils-de-capture-a-la-source\/\">bonne captation \u00e0 la source<\/a> pour \u00e9viter la formation de nuages de poussi\u00e8re nocive et explosive. Il doit aussi \u00eatre r\u00e9fl\u00e9chi afin d\u2019\u00e9viter que des morceaux de papier ou de carton se coincent dans vos proc\u00e9d\u00e9s.<strong><br \/>\n<\/strong><\/p>\n<p>Selon nous, le meilleur d\u00e9poussi\u00e9reur doit r\u00e9pondre parfaitement \u00e0 vos besoins. C\u2019est aussi celui qui vous permet de r\u00e9aliser des \u00e9conomies! Nos experts peuvent vous sugg\u00e9rer des options durables, pens\u00e9es pour minimiser les arr\u00eats de production, les r\u00e9parations et la consommation \u00e9nerg\u00e9tique. Voici un aper\u00e7u de ce que nous pouvons vous offrir:<\/p>\n<ul>\n<li>Syst\u00e8me de contr\u00f4les centralis\u00e9 permettant une optimisation des co\u00fbts d\u2019op\u00e9ration au niveau des proc\u00e9d\u00e9s.<\/li>\n<li>Solutions int\u00e9gr\u00e9es de captation des rognures de papier au niveau des syst\u00e8mes de broyage et de convoyage pneumatique.<\/li>\n<li>\u00c9quipements approuv\u00e9s par la norme NFPA pour \u00e9viter les incidents.<\/li>\n<li>Une \u00e9quipe compos\u00e9e d\u2019ing\u00e9nieurs et de sp\u00e9cialistes disponible pour les pannes et l\u2019entretien pr\u00e9ventif.<\/li>\n<\/ul>\n\n\t\t<\/div>\n\t<\/div>\n<\/div><\/div><\/div><\/div><\/div><\/div><\/div><\/div>\n<\/div>","protected":false},"excerpt":{"rendered":"Paper manufacturing plantPULP AND PAPER The processes for manufacturing and processing pulp and paper raise many issues. Understanding them well will help you identify the various sources of harmful dust and particle emissions. Issues Encountered During Our InterventionsDustParticles generated by &hellip;","protected":false},"author":2,"featured_media":2623,"parent":2311,"menu_order":0,"comment_status":"closed","ping_status":"closed","template":"","meta":{"content-type":"","footnotes":""},"class_list":["post-2622","page","type-page","status-publish","has-post-thumbnail","hentry"],"_links":{"self":[{"href":"https:\/\/airex-industries.com\/fr\/wp-json\/wp\/v2\/pages\/2622","targetHints":{"allow":["GET"]}}],"collection":[{"href":"https:\/\/airex-industries.com\/fr\/wp-json\/wp\/v2\/pages"}],"about":[{"href":"https:\/\/airex-industries.com\/fr\/wp-json\/wp\/v2\/types\/page"}],"author":[{"embeddable":true,"href":"https:\/\/airex-industries.com\/fr\/wp-json\/wp\/v2\/users\/2"}],"replies":[{"embeddable":true,"href":"https:\/\/airex-industries.com\/fr\/wp-json\/wp\/v2\/comments?post=2622"}],"version-history":[{"count":0,"href":"https:\/\/airex-industries.com\/fr\/wp-json\/wp\/v2\/pages\/2622\/revisions"}],"up":[{"embeddable":true,"href":"https:\/\/airex-industries.com\/fr\/wp-json\/wp\/v2\/pages\/2311"}],"wp:featuredmedia":[{"embeddable":true,"href":"https:\/\/airex-industries.com\/fr\/wp-json\/wp\/v2\/media\/2623"}],"wp:attachment":[{"href":"https:\/\/airex-industries.com\/fr\/wp-json\/wp\/v2\/media?parent=2622"}],"curies":[{"name":"wp","href":"https:\/\/api.w.org\/{rel}","templated":true}]}}