{"id":2639,"date":"2024-07-29T22:14:47","date_gmt":"2024-07-29T22:14:47","guid":{"rendered":"https:\/\/airex-industries.com\/?page_id=2639"},"modified":"2024-10-01T13:26:49","modified_gmt":"2024-10-01T13:26:49","slug":"transformation-du-bois","status":"publish","type":"page","link":"https:\/\/airex-industries.com\/fr\/applications\/woodworking\/","title":{"rendered":"Transformation du bois"},"content":{"rendered":"<div class=\"wpb-content-wrapper\"><div class=\"vc_row wpb_row vc_row-fluid vc_custom_1453476243999\"><div class=\"wpb_animate_when_almost_visible wpb_slideInUp slideInUp wpb_column vc_column_container vc_col-md-12\"><div class=\"vc_column-inner\"><div class=\"wpb_wrapper\"><div class=\"gallery-fs\"><figure><img decoding=\"async\" src=\"https:\/\/airex-industries.com\/wp-content\/uploads\/2024\/10\/avantages-1138x655-1.webp\" alt=\"D\u00e9poussi\u00e9reur \u00e0 manches filtrantes avec effet cyclonique Cyclopulse pour la poussi\u00e8re de bois\"><figcaption>D\u00e9poussi\u00e9reur \u00e0 manches filtrantes avec effet cyclonique Cyclopulse pour la poussi\u00e8re de bois<\/figcaption><\/figure><\/div><\/div><\/div><\/div><\/div><div class=\"vc_row wpb_row vc_row-fluid\"><div class=\"wpb_column vc_column_container vc_col-md-12\"><div class=\"vc_column-inner\"><div class=\"wpb_wrapper\"><h2 style=\"text-align: left\" class=\"vc_custom_heading vc_do_custom_heading title\" >Transformation du bois<\/h2>\n\t<div class=\"wpb_text_column wpb_content_element wpb_animate_when_almost_visible wpb_slideInRight slideInRight\" >\n\t\t<div class=\"wpb_wrapper\">\n\t\t\t<p>Chaque proc\u00e9d\u00e9 et chaque \u00e9tape de transformation du bois vient avec son lot d\u2019enjeux. Bien les comprendre vous permettra de mieux cibler les diff\u00e9rentes sources d\u2019\u00e9mission de poussi\u00e8res et de particules nocives.<\/p>\n\n\t\t<\/div>\n\t<\/div>\n<h3 class='heading-left  style-1'  style='color: #9c1c20'><span>Probl\u00e9matiques rencontr\u00e9es lors de nos interventions<\/span><\/h3><div class=\"vc_row wpb_row vc_inner vc_row-fluid\"><div class=\"wpb_column vc_column_container vc_col-md-4\"><div class=\"vc_column-inner vc_custom_1722291044729\"><div class=\"wpb_wrapper\"><div class='icon icon-left'><div class='icon-header'><div class='icon-media' style='width: 40px;'><img loading=\"lazy\" decoding=\"async\" width=\"612\" height=\"612\" src=\"https:\/\/airex-industries.com\/wp-content\/uploads\/2024\/07\/icon-dust.png\" class=\"attachment-full size-full\" alt=\"Les poussi\u00e8res\" srcset=\"https:\/\/airex-industries.com\/wp-content\/uploads\/2024\/07\/icon-dust.png 612w, https:\/\/airex-industries.com\/wp-content\/uploads\/2024\/07\/icon-dust-300x300.png 300w, https:\/\/airex-industries.com\/wp-content\/uploads\/2024\/07\/icon-dust-150x150.png 150w, https:\/\/airex-industries.com\/wp-content\/uploads\/2024\/07\/icon-dust-12x12.png 12w\" sizes=\"auto, (max-width: 612px) 100vw, 612px\" \/><\/i><\/div><h3 class='icon-title text-uppercase'>Les poussi\u00e8res<\/h3><\/div><p>Les particules g\u00e9n\u00e9r\u00e9es par ce champ d'application s'accumulent rapidement et doivent \u00eatre pris en charge efficacement.<\/p><\/div><\/div><\/div><\/div><div class=\"wpb_column vc_column_container vc_col-md-4\"><div class=\"vc_column-inner vc_custom_1722291051585\"><div class=\"wpb_wrapper\"><div class='icon icon-left'><div class='icon-header'><div class='icon-media' style='width: 40px;'><img loading=\"lazy\" decoding=\"async\" width=\"612\" height=\"612\" src=\"https:\/\/airex-industries.com\/wp-content\/uploads\/2024\/07\/icon-humidity.png\" class=\"attachment-full size-full\" alt=\"Humidit\u00e9\" srcset=\"https:\/\/airex-industries.com\/wp-content\/uploads\/2024\/07\/icon-humidity.png 612w, https:\/\/airex-industries.com\/wp-content\/uploads\/2024\/07\/icon-humidity-300x300.png 300w, https:\/\/airex-industries.com\/wp-content\/uploads\/2024\/07\/icon-humidity-150x150.png 150w, https:\/\/airex-industries.com\/wp-content\/uploads\/2024\/07\/icon-humidity-12x12.png 12w\" sizes=\"auto, (max-width: 612px) 100vw, 612px\" \/><\/i><\/div><h3 class='icon-title text-uppercase'>Humidit\u00e9<\/h3><\/div><p>Le contr\u00f4le du taux d'humidit\u00e9 est un facteur essentiel pour la production de ce type d'application<\/p><\/div><\/div><\/div><\/div><div class=\"wpb_column vc_column_container vc_col-md-4\"><div class=\"vc_column-inner vc_custom_1722291064058\"><div class=\"wpb_wrapper\"><div class='icon icon-left'><div class='icon-header'><div class='icon-media' style='width: 40px;'><img loading=\"lazy\" decoding=\"async\" width=\"612\" height=\"612\" src=\"https:\/\/airex-industries.com\/wp-content\/uploads\/2024\/07\/icon-air.png\" class=\"attachment-full size-full\" alt=\"Changement d&#039;air\" srcset=\"https:\/\/airex-industries.com\/wp-content\/uploads\/2024\/07\/icon-air.png 612w, https:\/\/airex-industries.com\/wp-content\/uploads\/2024\/07\/icon-air-300x300.png 300w, https:\/\/airex-industries.com\/wp-content\/uploads\/2024\/07\/icon-air-150x150.png 150w, https:\/\/airex-industries.com\/wp-content\/uploads\/2024\/07\/icon-air-12x12.png 12w\" sizes=\"auto, (max-width: 612px) 100vw, 612px\" \/><\/i><\/div><h3 class='icon-title text-uppercase'>Changement d'air<\/h3><\/div><p>Plusieurs changement d'air par heure doivent \u00eatre effectuer afin d'assurer une qualit\u00e9 d'air ambiant respectant les normes.<\/p><\/div><\/div><\/div><\/div><\/div><div class=\"vc_row wpb_row vc_inner vc_row-fluid\"><div class=\"wpb_column vc_column_container vc_col-md-4\"><div class=\"vc_column-inner vc_custom_1722291069242\"><div class=\"wpb_wrapper\"><div class='icon icon-left'><div class='icon-header'><div class='icon-media' style='width: 40px;'><img loading=\"lazy\" decoding=\"async\" width=\"612\" height=\"612\" src=\"https:\/\/airex-industries.com\/wp-content\/uploads\/2024\/07\/icon-energy.png\" class=\"attachment-full size-full\" alt=\"\u00c9nergivore\" srcset=\"https:\/\/airex-industries.com\/wp-content\/uploads\/2024\/07\/icon-energy.png 612w, https:\/\/airex-industries.com\/wp-content\/uploads\/2024\/07\/icon-energy-300x300.png 300w, https:\/\/airex-industries.com\/wp-content\/uploads\/2024\/07\/icon-energy-150x150.png 150w, https:\/\/airex-industries.com\/wp-content\/uploads\/2024\/07\/icon-energy-12x12.png 12w\" sizes=\"auto, (max-width: 612px) 100vw, 612px\" \/><\/i><\/div><h3 class='icon-title text-uppercase'>\u00c9nergivore<\/h3><\/div><p>Les proc\u00e9d\u00e9s li\u00e9s \u00e0 ce champ d'application sont de grands consommateurs d'\u00e9nergie.<\/p><\/div><\/div><\/div><\/div><div class=\"wpb_column vc_column_container vc_col-md-4\"><div class=\"vc_column-inner vc_custom_1722291074925\"><div class=\"wpb_wrapper\"><div class='icon icon-left'><div class='icon-header'><div class='icon-media' style='width: 40px;'><img loading=\"lazy\" decoding=\"async\" width=\"612\" height=\"612\" src=\"https:\/\/airex-industries.com\/wp-content\/uploads\/2024\/07\/icon-explosif.png\" class=\"attachment-full size-full\" alt=\"Risque d&#039;explosion\" srcset=\"https:\/\/airex-industries.com\/wp-content\/uploads\/2024\/07\/icon-explosif.png 612w, https:\/\/airex-industries.com\/wp-content\/uploads\/2024\/07\/icon-explosif-300x300.png 300w, https:\/\/airex-industries.com\/wp-content\/uploads\/2024\/07\/icon-explosif-150x150.png 150w, https:\/\/airex-industries.com\/wp-content\/uploads\/2024\/07\/icon-explosif-12x12.png 12w\" sizes=\"auto, (max-width: 612px) 100vw, 612px\" \/><\/i><\/div><h3 class='icon-title text-uppercase'>Risque d'explosion<\/h3><\/div><p>Les poussi\u00e8res de certains mat\u00e9riaux sont combustibles et selon les circonstances, peuvent \u00eatre \u00e0 l\u2019origine d\u2019une explosion.<\/p><\/div><\/div><\/div><\/div><div class=\"wpb_column vc_column_container vc_col-md-4\"><div class=\"vc_column-inner\"><div class=\"wpb_wrapper\"><\/div><\/div><\/div><\/div><div class=\"vc_separator wpb_content_element vc_separator_align_center vc_sep_width_100 vc_sep_pos_align_center vc_separator_no_text vc_sep_color_grey wpb_content_element  wpb_content_element\" ><span class=\"vc_sep_holder vc_sep_holder_l\"><span class=\"vc_sep_line\"><\/span><\/span><span class=\"vc_sep_holder vc_sep_holder_r\"><span class=\"vc_sep_line\"><\/span><\/span>\n<\/div><\/div><\/div><\/div><\/div><div class=\"vc_row wpb_row vc_row-fluid\"><div class=\"wpb_column vc_column_container vc_col-md-12\"><div class=\"vc_column-inner\"><div class=\"wpb_wrapper\"><h2 style=\"color: #9c1c20;text-align: left\" class=\"vc_custom_heading vc_do_custom_heading title\" >Industrie du bois et poussi\u00e8res: que faut-il savoir?<\/h2>\n\t<div class=\"wpb_text_column wpb_content_element wpb_animate_when_almost_visible wpb_bounceInLeft bounceInLeft\" >\n\t\t<div class=\"wpb_wrapper\">\n\t\t\t<p>Copeaux, sciures, poussi\u00e8res fines, vous savez comme nous que la transformation du bois g\u00e9n\u00e8re une quantit\u00e9 impressionnante de particules. L\u00e0 o\u00f9 il y a de la poussi\u00e8re, il y a des risques\u2026 et des normes! En fonction de vos proc\u00e9d\u00e9s, plusieurs facteurs sont \u00e0 consid\u00e9rer :<\/p>\n<ul>\n<li>Quel type de poussi\u00e8res sont g\u00e9n\u00e9r\u00e9es? Le bois dur (comme le bouleau, le peuplier faux-tremble et l\u2019\u00e9rable), cr\u00e9e des particules plus fines que le bois mou (comme l\u2019\u00e9pinette, le pin ou le c\u00e8dre).<\/li>\n<li>Des composantes dangereuses entrent-elles en jeu dans votre usine? (Scier, percer ou usiner un panneau de MDF, par exemple, expose les travailleurs \u00e0 de tr\u00e8s fines poussi\u00e8res et au Formald\u00e9hyde, un ingr\u00e9dient canc\u00e9rig\u00e8ne pr\u00e9sent dans la r\u00e9sine).<\/li>\n<li>Y a-t-il un risque de d\u00e9flagration li\u00e9e \u00e0 la nature des particules pr\u00e9sentes dans votre usine?<\/li>\n<\/ul>\n\n\t\t<\/div>\n\t<\/div>\n<h2 style=\"color: #9c1c20;text-align: left\" class=\"vc_custom_heading vc_do_custom_heading title\" >Transformation du bois: la s\u00e9curit\u00e9 des travailleurs avant tout<\/h2>\n\t<div class=\"wpb_text_column wpb_content_element wpb_animate_when_almost_visible wpb_bounceInRight bounceInRight\" >\n\t\t<div class=\"wpb_wrapper\">\n\t\t\t<div class=\"uk-width-large-1-2\">\n<p>Que vous op\u00e9riez une usine de transformation du bois, de granules ou un atelier de menuiserie, votre d\u00e9poussi\u00e9reur est votre meilleur alli\u00e9. S\u2019il est adapt\u00e9 aux besoins sp\u00e9cifiques de votre entreprise, il peut vous aider \u00e0 prot\u00e9ger vos travailleurs. Saviez-vous que plusieurs essences de bois contiennent des compos\u00e9s actifs biologiquement? La respiration de leurs poussi\u00e8res peut, \u00e0 court et \u00e0 long terme, entra\u00eener :<\/p>\n<ul>\n<li>Des irritations aux yeux, au nez et \u00e0 la gorge;<\/li>\n<li>Des r\u00e9actions allergiques aggrav\u00e9es;<\/li>\n<li>Des maladies respiratoires, comme l\u2019asthme professionnel;<\/li>\n<li>Des cancers des cavit\u00e9s nasales \u2013 surtout lorsque la poussi\u00e8re provient de bois dur.<\/li>\n<\/ul>\n<\/div>\n\n\t\t<\/div>\n\t<\/div>\n<div class=\"panel-group panel-icon-plus panel-icon-align-default panel-shape-square\" id=\"accordion-0\" role=\"tablist\" aria-multiselectable=\"true\"><div class=\"panel\" style=\"\"><div class=\"panel-heading\" role=\"tab\" id=\"acc-heading-1453278704996-2e48d0ff-944d67f7-73e6\"><h4 class=\"panel-title text-default small-margin\"><a data-parent=\"#accordion-0\" class=\"\" role=\"button\" data-toggle=\"collapse\" href=\"#acc-1453278704996-2e48d0ff-944d67f7-73e6\" aria-expanded=\"true\" aria-controls=\"acc-1453278704996-2e48d0ff-944d67f7-73e6\"><span>Comment minimiser les risques en mati\u00e8re d\u2019incendie et d\u2019explosion?<\/span><\/a><\/h4><\/div><div id=\"acc-1453278704996-2e48d0ff-944d67f7-73e6\" class=\"panel-collapse collapse in\" role=\"tabpanel\" aria-labelledby=\"acc-heading-1453278704996-2e48d0ff-944d67f7-73e6\"><div class=\"panel-body\">\n\t<div class=\"wpb_text_column wpb_content_element vc_custom_1722291211697\" >\n\t\t<div class=\"wpb_wrapper\">\n\t\t\t<p>Dans l\u2019industrie foresti\u00e8re et l\u2019industrie du bois, les d\u00e9flagrations sont toujours un risque. La nature combustible des poussi\u00e8res g\u00e9n\u00e9r\u00e9es par chaque \u00e9tape des proc\u00e9d\u00e9s de transformation rend le respect de la norme NFPA-664 primordial. Nos experts connaissent ce standard dans ses moindres d\u00e9tails, et peuvent donc vous aider \u00e0 mettre en place des dispositifs de s\u00e9curit\u00e9 r\u00e9duisant les risques et les cons\u00e9quences d\u2019un accident. Si une d\u00e9flagration devait se produire, les m\u00e9canismes de contr\u00f4le en place prot\u00e9geraient donc vos installations et votre main-d\u2019\u0153uvre.<\/p>\n\n\t\t<\/div>\n\t<\/div>\n<\/div><\/div><\/div><div class=\"panel\" style=\"\"><div class=\"panel-heading\" role=\"tab\" id=\"acc-heading-1722288171152-9be62fd6-525d\"><h4 class=\"panel-title text-default small-margin\"><a data-parent=\"#accordion-0\" class=\"collapsed\" role=\"button\" data-toggle=\"collapse\" href=\"#acc-1722288171152-9be62fd6-525d\" aria-expanded=\"true\" aria-controls=\"acc-1722288171152-9be62fd6-525d\"><span>Quel est le meilleur d\u00e9poussi\u00e9reur pour le bois?<\/span><\/a><\/h4><\/div><div id=\"acc-1722288171152-9be62fd6-525d\" class=\"panel-collapse collapse\" role=\"tabpanel\" aria-labelledby=\"acc-heading-1722288171152-9be62fd6-525d\"><div class=\"panel-body\">\n\t<div class=\"wpb_text_column wpb_content_element vc_custom_1722291263277\" >\n\t\t<div class=\"wpb_wrapper\">\n\t\t\t<p>Am\u00e9nager et concevoir un syst\u00e8me de collecte des poussi\u00e8res pour l\u2019industrie de la transformation du bois comporte son lot d\u2019enjeux. Un d\u00e9poussi\u00e9reur-cyclone, par exemple, peut \u00eatre utilis\u00e9 pour filtrer les particules avant leur acheminement au syst\u00e8me principal. On recommande aussi g\u00e9n\u00e9ralement d\u2019utiliser un syst\u00e8me de collecte de poussi\u00e8res avec des filtres \u00e0 cartouche ou \u00e0 sac filtrant. Dans d\u2019autres cas, un d\u00e9poussi\u00e9reur \u00e0 secouage est aussi envisageable \u2013 c\u2019est notamment le cas pour plusieurs ateliers d\u2019\u00e9coles techniques ou professionnelles.<\/p>\n<p>Selon nous, le meilleur d\u00e9poussi\u00e9reur est celui qui r\u00e9pond parfaitement \u00e0 vos besoins, et qui vous permet de r\u00e9aliser des \u00e9conomies. Nos experts peuvent vous sugg\u00e9rer des options durables, pens\u00e9es pour minimiser les arr\u00eats de production, les r\u00e9parations et la consommation \u00e9nerg\u00e9tique. Voici un aper\u00e7u de ce que nous pouvons vous offrir :<\/p>\n<ul>\n<li>Solutions novatrices ayant une excellente dur\u00e9e de vie, comme notre syst\u00e8me g\u00e9rant\u00a0<a href=\"\/fr\/produits\/solution-de-recuperation-d-energie\/controleur-d-entrainement-a-frequence-variable\/\">volumes variables<\/a>.<\/li>\n<li>Solutions int\u00e9gr\u00e9es pour r\u00e9cup\u00e9rer l\u2019\u00e9nergie utilis\u00e9e par vos syst\u00e8mes de s\u00e9chage, de pr\u00e9s\u00e9chage, vos chaudi\u00e8res \u00e0 la vapeur et autres appareils.<\/li>\n<li>\u00c9quipements approuv\u00e9s par la norme ATEX pour \u00e9viter les incidents.<\/li>\n<li>Une \u00e9quipe compos\u00e9e d\u2019ing\u00e9nieurs et de sp\u00e9cialistes disponible pour les pannes et l\u2019entretien pr\u00e9ventif.<\/li>\n<\/ul>\n\n\t\t<\/div>\n\t<\/div>\n<\/div><\/div><\/div><\/div><\/div><\/div><\/div><\/div>\n<\/div>","protected":false},"excerpt":{"rendered":"Cyclopulse Cyclonic Effect Baghouse Dust Collector for wood dustWOODWORKING Every process and stage in woodworking comes with its own set of issues. Understanding them well will enable you to better target the various sources of harmful dust and particulate emissions. &hellip;","protected":false},"author":2,"featured_media":2640,"parent":2311,"menu_order":0,"comment_status":"closed","ping_status":"closed","template":"","meta":{"content-type":"","footnotes":""},"class_list":["post-2639","page","type-page","status-publish","has-post-thumbnail","hentry"],"_links":{"self":[{"href":"https:\/\/airex-industries.com\/fr\/wp-json\/wp\/v2\/pages\/2639","targetHints":{"allow":["GET"]}}],"collection":[{"href":"https:\/\/airex-industries.com\/fr\/wp-json\/wp\/v2\/pages"}],"about":[{"href":"https:\/\/airex-industries.com\/fr\/wp-json\/wp\/v2\/types\/page"}],"author":[{"embeddable":true,"href":"https:\/\/airex-industries.com\/fr\/wp-json\/wp\/v2\/users\/2"}],"replies":[{"embeddable":true,"href":"https:\/\/airex-industries.com\/fr\/wp-json\/wp\/v2\/comments?post=2639"}],"version-history":[{"count":0,"href":"https:\/\/airex-industries.com\/fr\/wp-json\/wp\/v2\/pages\/2639\/revisions"}],"up":[{"embeddable":true,"href":"https:\/\/airex-industries.com\/fr\/wp-json\/wp\/v2\/pages\/2311"}],"wp:featuredmedia":[{"embeddable":true,"href":"https:\/\/airex-industries.com\/fr\/wp-json\/wp\/v2\/media\/2640"}],"wp:attachment":[{"href":"https:\/\/airex-industries.com\/fr\/wp-json\/wp\/v2\/media?parent=2639"}],"curies":[{"name":"wp","href":"https:\/\/api.w.org\/{rel}","templated":true}]}}