{"id":2736,"date":"2024-07-30T20:21:49","date_gmt":"2024-07-30T20:21:49","guid":{"rendered":"https:\/\/airex-industries.com\/?page_id=2736"},"modified":"2024-07-30T21:14:38","modified_gmt":"2024-07-30T21:14:38","slug":"ingenierie","status":"publish","type":"page","link":"https:\/\/airex-industries.com\/fr\/services\/design-build-engineering\/engineering\/","title":{"rendered":"Ing\u00e9nierie"},"content":{"rendered":"<div class=\"wpb-content-wrapper\"><div class=\"vc_row wpb_row vc_row-fluid\"><div class=\"wpb_column vc_column_container vc_col-md-12\"><div class=\"vc_column-inner\"><div class=\"wpb_wrapper\"><h2 style=\"text-align: left\" class=\"vc_custom_heading vc_do_custom_heading title wpb_animate_when_almost_visible wpb_slideInRight slideInRight\" >DES SOLUTIONS ADAPT\u00c9ES \u00c0 VOS BESOINS<\/h2>\n\t<div class=\"wpb_text_column wpb_content_element wpb_animate_when_almost_visible wpb_slideInLeft slideInLeft\" >\n\t\t<div class=\"wpb_wrapper\">\n\t\t\t<h3 style=\"color: #9c1c20;\">Notre \u00e9quipe<\/h3>\n<div><\/div>\n<p>Bien que la d\u00e9contamination de l\u2019air soit notre sp\u00e9cialit\u00e9, l\u2019\u00e9quipe d\u2019Airex Industries a su d\u00e9montrer sa comp\u00e9tence en r\u00e9alisant des projets touchant \u00e0 de multiples domaines. Ce savoir-faire complexe, forg\u00e9 par nos <strong>40 ans d\u2019exp\u00e9rience<\/strong>, nous d\u00e9marque par une\u00a0<strong>connaissance pointue<\/strong>\u00a0des contraintes en milieu industriel.<\/p>\n<p>Nos experts sont en mesure\u00a0<strong>d\u2019adapter leur conception<\/strong> afin de proposer des solutions tout en minimisant les impacts sur la productivit\u00e9. Nous accordons une importance particuli\u00e8re aux r\u00e9glementations en vigueur en appliquant les\u00a0<strong>meilleures pratiques<\/strong> dans le but d\u2019\u00a0<strong>\u00e9liminer tout risque en mati\u00e8re de s\u00e9curit\u00e9<\/strong>.<\/p>\n\n\t\t<\/div>\n\t<\/div>\n<\/div><\/div><\/div><\/div><div class=\"vc_row wpb_row vc_row-fluid\"><div class=\"wpb_column vc_column_container vc_col-md-12\"><div class=\"vc_column-inner\"><div class=\"wpb_wrapper\">\n\t<div class=\"wpb_text_column wpb_content_element wpb_animate_when_almost_visible wpb_slideInLeft slideInLeft\" >\n\t\t<div class=\"wpb_wrapper\">\n\t\t\t<h3 style=\"color: #9c1c20;\">Notre philosophie<\/h3>\n<p>En confiant votre projet \u00e0 Airex Industries, vous avez la garantie :<\/p>\n<ul>\n<li>d\u2019une solution adapt\u00e9e \u00e0 vos besoins,<\/li>\n<li>d\u2019un syst\u00e8me \u00e0 la fois durable et fiable.<\/li>\n<\/ul>\n\n\t\t<\/div>\n\t<\/div>\n<\/div><\/div><\/div><\/div><div class=\"vc_row wpb_row vc_row-fluid\"><div class=\"wpb_column vc_column_container vc_col-md-12\"><div class=\"vc_column-inner\"><div class=\"wpb_wrapper\"><h2 class='heading-left  divider-sm'  style='color: #9c1c20'><span>Les cl\u00e9s de notre succ\u00e8s<\/span><\/h2><\/div><\/div><\/div><\/div><div class=\"vc_row wpb_row vc_row-fluid\"><div class=\"wpb_column vc_column_container vc_col-md-3\"><div class=\"vc_column-inner\"><div class=\"wpb_wrapper\"><div class=\"vc-hoverbox-wrapper  vc_custom_1722368406809 wpb_animate_when_almost_visible wpb_zoomInUp zoomInUp vc-hoverbox-shape--square vc-hoverbox-align--center vc-hoverbox-direction--default vc-hoverbox-width--100\"  ontouchstart=\"\">\n  <div class=\"vc-hoverbox\">\n    <div class=\"vc-hoverbox-inner\">\n      <div class=\"vc-hoverbox-block vc-hoverbox-front\" style=\"background-image: url(https:\/\/airex-industries.com\/wp-content\/uploads\/2024\/07\/engineering-icon-190x260-1.jpg);\">\n        <div class=\"vc-hoverbox-block-inner vc-hoverbox-front-inner\">\n            <h2 style=\"text-align:center\">Ing\u00e9nierie<\/h2>\n        <\/div>\n      <\/div>\n      <div class=\"vc-hoverbox-block vc-hoverbox-back\" style=\"background-color: #9c1c20;\">\n        <div class=\"vc-hoverbox-block-inner vc-hoverbox-back-inner\">\n            <h2 style=\"text-align:center\">Ing\u00e9nierie<\/h2>\n            <p>Conception de solution adapt\u00e9e.<\/p>\n\n            <div class=\"vc_btn3-container vc_btn3-inline\"><a class=\"vc_general vc_btn3 vc_btn3-size-md vc_btn3-shape-rounded vc_btn3-style-modern vc_btn3-color-white\" href=\"\/fr\/services\/ingenierie-construction\/ingenierie\/\" title=\"EN SAVOIR PLUS\" target=\"_self\">EN SAVOIR PLUS<\/a><\/div>\n\n        <\/div>\n      <\/div>\n    <\/div>\n  <\/div>\n<\/div><\/div><\/div><\/div><div class=\"wpb_column vc_column_container vc_col-md-3\"><div class=\"vc_column-inner\"><div class=\"wpb_wrapper\"><div class=\"vc-hoverbox-wrapper  vc_custom_1722368288676 wpb_animate_when_almost_visible wpb_zoomInUp zoomInUp vc-hoverbox-shape--square vc-hoverbox-align--center vc-hoverbox-direction--default vc-hoverbox-width--100\"  ontouchstart=\"\">\n  <div class=\"vc-hoverbox\">\n    <div class=\"vc-hoverbox-inner\">\n      <div class=\"vc-hoverbox-block vc-hoverbox-front\" style=\"background-image: url(https:\/\/airex-industries.com\/wp-content\/uploads\/2024\/07\/integrated-design-190x260-1.jpg);\">\n        <div class=\"vc-hoverbox-block-inner vc-hoverbox-front-inner\">\n            <h2 style=\"text-align:center\">Conception int\u00e9gr\u00e9e<\/h2>\n        <\/div>\n      <\/div>\n      <div class=\"vc-hoverbox-block vc-hoverbox-back\" style=\"background-color: #9c1c20;\">\n        <div class=\"vc-hoverbox-block-inner vc-hoverbox-back-inner\">\n            <h2 style=\"text-align:center\">Conception int\u00e9gr\u00e9e<\/h2>\n            <p>Am\u00e9lioration g\u00e9n\u00e9ralis\u00e9 des proc\u00e9d\u00e9s.<\/p>\n\n            <div class=\"vc_btn3-container vc_btn3-inline\"><a class=\"vc_general vc_btn3 vc_btn3-size-md vc_btn3-shape-rounded vc_btn3-style-modern vc_btn3-color-white\" href=\"\/fr\/services\/ingenierie-construction\/conception-de-projet-integree\/\" title=\"EN SAVOIR PLUS\" target=\"_self\">EN SAVOIR PLUS<\/a><\/div>\n\n        <\/div>\n      <\/div>\n    <\/div>\n  <\/div>\n<\/div><\/div><\/div><\/div><div class=\"wpb_column vc_column_container vc_col-md-3\"><div class=\"vc_column-inner\"><div class=\"wpb_wrapper\"><div class=\"vc-hoverbox-wrapper  vc_custom_1722368776071 wpb_animate_when_almost_visible wpb_zoomInUp zoomInUp vc-hoverbox-shape--square vc-hoverbox-align--center vc-hoverbox-direction--default vc-hoverbox-width--100\"  ontouchstart=\"\">\n  <div class=\"vc-hoverbox\">\n    <div class=\"vc-hoverbox-inner\">\n      <div class=\"vc-hoverbox-block vc-hoverbox-front\" style=\"background-image: url(https:\/\/airex-industries.com\/wp-content\/uploads\/2024\/07\/grants-190x260-1.jpg);\">\n        <div class=\"vc-hoverbox-block-inner vc-hoverbox-front-inner\">\n            <h2 style=\"text-align:center\">Subventions<\/h2>\n        <\/div>\n      <\/div>\n      <div class=\"vc-hoverbox-block vc-hoverbox-back\" style=\"background-color: #9c1c20;\">\n        <div class=\"vc-hoverbox-block-inner vc-hoverbox-back-inner\">\n            <h2 style=\"text-align:center\">Subventions<\/h2>\n            <p>Optimisation des subventions admissibles.<\/p>\n\n            <div class=\"vc_btn3-container vc_btn3-inline\"><a class=\"vc_general vc_btn3 vc_btn3-size-md vc_btn3-shape-rounded vc_btn3-style-modern vc_btn3-color-white\" href=\"\/fr\/services\/ingenierie-construction\/subventions\/\" title=\"EN SAVOIR PLUS\" target=\"_self\">EN SAVOIR PLUS<\/a><\/div>\n\n        <\/div>\n      <\/div>\n    <\/div>\n  <\/div>\n<\/div><\/div><\/div><\/div><div class=\"wpb_column vc_column_container vc_col-md-3\"><div class=\"vc_column-inner\"><div class=\"wpb_wrapper\"><div class=\"vc-hoverbox-wrapper  vc_custom_1722369232111 wpb_animate_when_almost_visible wpb_zoomInUp zoomInUp vc-hoverbox-shape--square vc-hoverbox-align--center vc-hoverbox-direction--default vc-hoverbox-width--100\"  ontouchstart=\"\">\n  <div class=\"vc-hoverbox\">\n    <div class=\"vc-hoverbox-inner\">\n      <div class=\"vc-hoverbox-block vc-hoverbox-front\" style=\"background-image: url(https:\/\/airex-industries.com\/wp-content\/uploads\/2024\/07\/industrial-manufacturing-190x260-1.jpg);\">\n        <div class=\"vc-hoverbox-block-inner vc-hoverbox-front-inner\">\n            <h2 style=\"text-align:center\">Manufacturier industriel<\/h2>\n        <\/div>\n      <\/div>\n      <div class=\"vc-hoverbox-block vc-hoverbox-back\" style=\"background-color: #9c1c20;\">\n        <div class=\"vc-hoverbox-block-inner vc-hoverbox-back-inner\">\n            <h2 style=\"text-align:center\">Manufacturier industriel<\/h2>\n            <p>Flexibilit\u00e9 de fabrication sur mesure.<\/p>\n\n            <div class=\"vc_btn3-container vc_btn3-inline\"><a class=\"vc_general vc_btn3 vc_btn3-size-md vc_btn3-shape-rounded vc_btn3-style-modern vc_btn3-color-white\" href=\"\/fr\/services\/manufacturier-industriel\/\" title=\"EN SAVOIR PLUS\" target=\"_self\">EN SAVOIR PLUS<\/a><\/div>\n\n        <\/div>\n      <\/div>\n    <\/div>\n  <\/div>\n<\/div><\/div><\/div><\/div><\/div><div class=\"vc_row wpb_row vc_row-fluid\"><div class=\"wpb_column vc_column_container vc_col-md-12\"><div class=\"vc_column-inner\"><div class=\"wpb_wrapper\">\n\t<div class=\"wpb_raw_code wpb_raw_html wpb_content_element\" >\n\t\t<div class=\"wpb_wrapper\">\n\t\t\t<style>\n.vc-hoverbox-block-inner,.vc-hoverbox-back-inner > h2{\ncolor:#ffffff!important;\n}\n.vc-hoverbox-block-inner, .vc-hoverbox-front-inner > h2{\ncolor:#ffffff!important;\n}\n\n.vc-hoverbox-back-inner > h2{\nfont-size:20px;\n}\n\n.vc-hoverbox-back-inner > p{\nline-height:18px;\nmargin-bottom:16px;\n}\n\n.vc-hoverbox-front-inner > h2{\nfont-size:20px;\n}\n<\/style>\n\t\t<\/div>\n\t<\/div>\n<\/div><\/div><\/div><\/div>\n<\/div>","protected":false},"excerpt":{"rendered":"SOLUTIONS TAILORED TO MEET YOUR NEEDS Our Team Although air decontamination is our specialty, Airex Industries has successfully demonstrated its ability to carry out projects in various fields. Our expertise, developed over the last 40 years in industry, sets us &hellip;","protected":false},"author":2,"featured_media":2738,"parent":1514,"menu_order":0,"comment_status":"closed","ping_status":"closed","template":"","meta":{"content-type":"","footnotes":""},"class_list":["post-2736","page","type-page","status-publish","has-post-thumbnail","hentry"],"_links":{"self":[{"href":"https:\/\/airex-industries.com\/fr\/wp-json\/wp\/v2\/pages\/2736","targetHints":{"allow":["GET"]}}],"collection":[{"href":"https:\/\/airex-industries.com\/fr\/wp-json\/wp\/v2\/pages"}],"about":[{"href":"https:\/\/airex-industries.com\/fr\/wp-json\/wp\/v2\/types\/page"}],"author":[{"embeddable":true,"href":"https:\/\/airex-industries.com\/fr\/wp-json\/wp\/v2\/users\/2"}],"replies":[{"embeddable":true,"href":"https:\/\/airex-industries.com\/fr\/wp-json\/wp\/v2\/comments?post=2736"}],"version-history":[{"count":0,"href":"https:\/\/airex-industries.com\/fr\/wp-json\/wp\/v2\/pages\/2736\/revisions"}],"up":[{"embeddable":true,"href":"https:\/\/airex-industries.com\/fr\/wp-json\/wp\/v2\/pages\/1514"}],"wp:featuredmedia":[{"embeddable":true,"href":"https:\/\/airex-industries.com\/fr\/wp-json\/wp\/v2\/media\/2738"}],"wp:attachment":[{"href":"https:\/\/airex-industries.com\/fr\/wp-json\/wp\/v2\/media?parent=2736"}],"curies":[{"name":"wp","href":"https:\/\/api.w.org\/{rel}","templated":true}]}}