{"id":2761,"date":"2024-07-31T13:13:52","date_gmt":"2024-07-31T13:13:52","guid":{"rendered":"https:\/\/airex-industries.com\/?page_id=2761"},"modified":"2026-03-26T11:47:31","modified_gmt":"2026-03-26T15:47:31","slug":"manufacturier-industriel","status":"publish","type":"page","link":"https:\/\/airex-industries.com\/fr\/services\/industrial-manufacturing\/","title":{"rendered":"Manufacturier industriel"},"content":{"rendered":"<div class=\"wpb-content-wrapper\"><div class=\"vc_row wpb_row vc_row-fluid\"><div class=\"wpb_column vc_column_container vc_col-md-12\"><div class=\"vc_column-inner\"><div class=\"wpb_wrapper\"><h2 style=\"text-align: left\" class=\"vc_custom_heading vc_do_custom_heading title wpb_animate_when_almost_visible wpb_slideInRight slideInRight\" >PERSONNALISATION FLEXIBLE<\/h2>\n\t<div class=\"wpb_text_column wpb_content_element wpb_animate_when_almost_visible wpb_slideInLeft slideInLeft\" >\n\t\t<div class=\"wpb_wrapper\">\n\t\t\t<p>L\u2019usine d'Airex Industries affiche une capacit\u00e9 annuelle de 900 client satisfait et compte 85 employ\u00e9s. Les appareils construits \u00e0 Drummondville sont vendus partout au Canada, aux \u00c9tats-Unis et dans de nombreux pays d\u2019outre-mer.<\/p>\n<p>Nous sommes sp\u00e9cialis\u00e9s dans les projets\u00a0<strong>cl\u00e9 en main<\/strong>. Nous ne vendons pas que des appareils; nous vous fournissons des syst\u00e8mes complets con\u00e7us dans leurs moindres d\u00e9tails.<\/p>\n\n\t\t<\/div>\n\t<\/div>\n<\/div><\/div><\/div><\/div><div class=\"vc_row wpb_row vc_row-fluid wpb_animate_when_almost_visible wpb_slideInRight slideInRight\"><div class=\"wpb_column vc_column_container vc_col-md-12\"><div class=\"vc_column-inner\"><div class=\"wpb_wrapper\"><div class='featured-horizontal'><div class='featured-horizontal-header'><img alt='Innovation technologique' src='https:\/\/airex-industries.com\/wp-content\/uploads\/2024\/07\/technological-innovation.webp'><\/div><div class='featured-horizontal-content'><h3 class='featured-horizontal-title'>Innovation technologique<\/h3><p class='featured-horizontal-desc'>L\u2019innovation est au c\u0153ur de tous les aspects de la fabrication.  De nouveaux produits sont con\u00e7us, mis au point et commercialis\u00e9s dans le but de r\u00e9pondre aux probl\u00e8mes r\u00e9currents au sein de diverses industries.<\/p><\/div><\/div><div class='featured-horizontal'><div class='featured-horizontal-header'><img alt='R&amp;D au rendez-vous' src='https:\/\/airex-industries.com\/wp-content\/uploads\/2024\/08\/research-and-development.webp'><\/div><div class='featured-horizontal-content'><h3 class='featured-horizontal-title'>R&amp;D au rendez-vous<\/h3><p class='featured-horizontal-desc'>Gr\u00e2ce aux efforts en recherche et d\u00e9veloppement, la qualit\u00e9 des produits Airex s\u2019am\u00e9liore continuellement. Les syst\u00e8mes fabriqu\u00e9s offrent ainsi une fiabilit\u00e9s accrues, une s\u00e9curit\u00e9 hors pair et un design \u00e9co\u00e9nerg\u00e9tique n\u2019ayant aucune incidence sur leur performance.<\/p><\/div><\/div><div class='featured-horizontal'><div class='featured-horizontal-header'><img alt='Produits faits sur mesure' src='https:\/\/airex-industries.com\/wp-content\/uploads\/2024\/08\/product-customization.jpeg'><\/div><div class='featured-horizontal-content'><h3 class='featured-horizontal-title'>Produits faits sur mesure<\/h3><p class='featured-horizontal-desc'>L\u2019usine se d\u00e9marque en fabriquant des unit\u00e9s enti\u00e8rement sur mesure selon les exigences de ses clients. Cette approche collaborative permet d\u2019offrir \u00e0 ces derniers la certitude d\u2019une compatibilit\u00e9 optimale entre leur proc\u00e9d\u00e9 et le syst\u00e8me propos\u00e9.<\/p><\/div><\/div><div class=\"vc_empty_space\"   style=\"height: 32px\"><span class=\"vc_empty_space_inner\"><\/span><\/div><\/div><\/div><\/div><\/div><div class=\"vc_row wpb_row vc_row-fluid wpb_animate_when_almost_visible wpb_slideInRight slideInRight\"><div class=\"wpb_column vc_column_container vc_col-md-12\"><div class=\"vc_column-inner\"><div class=\"wpb_wrapper\"><h2 class='heading-left  divider-sm'  style='color: #9c1c20'><span>Un gage de qualit\u00e9<\/span><\/h2><\/div><\/div><\/div><div class=\"wpb_column vc_column_container vc_col-md-6\"><div class=\"vc_column-inner\"><div class=\"wpb_wrapper\"><div class='featured featured-has-icon featured-has-content'><div class='featured-header'><img alt='Une main-d\u2019\u0153uvre qualifi\u00e9e' src='https:\/\/airex-industries.com\/wp-content\/uploads\/2024\/07\/workforce-722x368.webp'\/><\/div><div class='featured-content'><h3 class='featured-title text-uppercase'><i class='fas fa-lightbulb'><\/i>Une main-d\u2019\u0153uvre qualifi\u00e9e<\/h3><p class='featured-desc'>Notre personnel \u00e0 l\u2019usine de Drummondville poss\u00e8de un savoir-faire unique dans la r\u00e9alisation des projets qui r\u00e9pond ou d\u00e9passe les normes de l\u2019industrie en mati\u00e8re de qualit\u00e9, de performance et de s\u00e9curit\u00e9.\nUn grand nombre de nos membres poss\u00e8dent plus de 15 et m\u00eame 20 ans d\u2019exp\u00e9rience au sein de l\u2019association.<\/p><\/div><\/div><\/div><\/div><\/div><div class=\"wpb_column vc_column_container vc_col-md-6\"><div class=\"vc_column-inner\"><div class=\"wpb_wrapper\"><div class='featured featured-has-icon featured-has-content'><div class='featured-header'><img alt='Contr\u00f4le de la qualit\u00e9' src='https:\/\/airex-industries.com\/wp-content\/uploads\/2024\/07\/quality-control-722x368.webp'\/><\/div><div class='featured-content'><h3 class='featured-title text-uppercase'><i class='fas fa-thumbs-up'><\/i>Contr\u00f4le de la qualit\u00e9<\/h3><p class='featured-desc'>Les proc\u00e9dures de fabrication de l\u2019usine sont encadr\u00e9es par un programme de contr\u00f4le de la qualit\u00e9 afin de se conformer aux normes de l\u2019entreprise qui n\u2019ont pas leur \u00e9quivalent dans l\u2019industrie.<\/p><\/div><\/div><\/div><\/div><\/div><\/div><div class=\"vc_row wpb_row vc_row-fluid\"><div class=\"wpb_column vc_column_container vc_col-md-12\"><div class=\"vc_column-inner\"><div class=\"wpb_wrapper\"><div class=\"vc_empty_space\"   style=\"height: 22px\"><span class=\"vc_empty_space_inner\"><\/span><\/div><h2 class='heading-left  divider-sm'  style='color: #9c1c20'><span>Les cl\u00e9s de notre succ\u00e8s<\/span><\/h2><\/div><\/div><\/div><\/div><div class=\"vc_row wpb_row vc_row-fluid\"><div class=\"wpb_column vc_column_container vc_col-md-3\"><div class=\"vc_column-inner\"><div class=\"wpb_wrapper\"><div class=\"vc-hoverbox-wrapper  vc_custom_1722368406809 wpb_animate_when_almost_visible wpb_zoomInUp zoomInUp vc-hoverbox-shape--square vc-hoverbox-align--center vc-hoverbox-direction--default vc-hoverbox-width--100\"  ontouchstart=\"\">\n  <div class=\"vc-hoverbox\">\n    <div class=\"vc-hoverbox-inner\">\n      <div class=\"vc-hoverbox-block vc-hoverbox-front\" style=\"background-image: url(https:\/\/airex-industries.com\/wp-content\/uploads\/2024\/07\/engineering-icon-190x260-1.jpg);\">\n        <div class=\"vc-hoverbox-block-inner vc-hoverbox-front-inner\">\n            <h2 style=\"text-align:center\">Ing\u00e9nierie<\/h2>\n        <\/div>\n      <\/div>\n      <div class=\"vc-hoverbox-block vc-hoverbox-back\" style=\"background-color: #9c1c20;\">\n        <div class=\"vc-hoverbox-block-inner vc-hoverbox-back-inner\">\n            <h2 style=\"text-align:center\">Ing\u00e9nierie<\/h2>\n            <p>Conception de solution adapt\u00e9e.<\/p>\n\n            <div class=\"vc_btn3-container vc_btn3-inline\"><a class=\"vc_general vc_btn3 vc_btn3-size-md vc_btn3-shape-rounded vc_btn3-style-modern vc_btn3-color-white\" href=\"\/fr\/services\/ingenierie-construction\/ingenierie\/\" title=\"EN SAVOIR PLUS\" target=\"_self\">EN SAVOIR PLUS<\/a><\/div>\n\n        <\/div>\n      <\/div>\n    <\/div>\n  <\/div>\n<\/div><\/div><\/div><\/div><div class=\"wpb_column vc_column_container vc_col-md-3\"><div class=\"vc_column-inner\"><div class=\"wpb_wrapper\"><div class=\"vc-hoverbox-wrapper  vc_custom_1722368288676 wpb_animate_when_almost_visible wpb_zoomInUp zoomInUp vc-hoverbox-shape--square vc-hoverbox-align--center vc-hoverbox-direction--default vc-hoverbox-width--100\"  ontouchstart=\"\">\n  <div class=\"vc-hoverbox\">\n    <div class=\"vc-hoverbox-inner\">\n      <div class=\"vc-hoverbox-block vc-hoverbox-front\" style=\"background-image: url(https:\/\/airex-industries.com\/wp-content\/uploads\/2024\/07\/integrated-design-190x260-1.jpg);\">\n        <div class=\"vc-hoverbox-block-inner vc-hoverbox-front-inner\">\n            <h2 style=\"text-align:center\">Conception int\u00e9gr\u00e9e<\/h2>\n        <\/div>\n      <\/div>\n      <div class=\"vc-hoverbox-block vc-hoverbox-back\" style=\"background-color: #9c1c20;\">\n        <div class=\"vc-hoverbox-block-inner vc-hoverbox-back-inner\">\n            <h2 style=\"text-align:center\">Conception int\u00e9gr\u00e9e<\/h2>\n            <p>Am\u00e9lioration g\u00e9n\u00e9ralis\u00e9 des proc\u00e9d\u00e9s.<\/p>\n\n            <div class=\"vc_btn3-container vc_btn3-inline\"><a class=\"vc_general vc_btn3 vc_btn3-size-md vc_btn3-shape-rounded vc_btn3-style-modern vc_btn3-color-white\" href=\"\/fr\/services\/ingenierie-construction\/conception-de-projet-integree\/\" title=\"EN SAVOIR PLUS\" target=\"_self\">EN SAVOIR PLUS<\/a><\/div>\n\n        <\/div>\n      <\/div>\n    <\/div>\n  <\/div>\n<\/div><\/div><\/div><\/div><div class=\"wpb_column vc_column_container vc_col-md-3\"><div class=\"vc_column-inner\"><div class=\"wpb_wrapper\"><div class=\"vc-hoverbox-wrapper  vc_custom_1722368776071 wpb_animate_when_almost_visible wpb_zoomInUp zoomInUp vc-hoverbox-shape--square vc-hoverbox-align--center vc-hoverbox-direction--default vc-hoverbox-width--100\"  ontouchstart=\"\">\n  <div class=\"vc-hoverbox\">\n    <div class=\"vc-hoverbox-inner\">\n      <div class=\"vc-hoverbox-block vc-hoverbox-front\" style=\"background-image: url(https:\/\/airex-industries.com\/wp-content\/uploads\/2024\/07\/grants-190x260-1.jpg);\">\n        <div class=\"vc-hoverbox-block-inner vc-hoverbox-front-inner\">\n            <h2 style=\"text-align:center\">Subventions<\/h2>\n        <\/div>\n      <\/div>\n      <div class=\"vc-hoverbox-block vc-hoverbox-back\" style=\"background-color: #9c1c20;\">\n        <div class=\"vc-hoverbox-block-inner vc-hoverbox-back-inner\">\n            <h2 style=\"text-align:center\">Subventions<\/h2>\n            <p>Optimisation des subventions admissibles.<\/p>\n\n            <div class=\"vc_btn3-container vc_btn3-inline\"><a class=\"vc_general vc_btn3 vc_btn3-size-md vc_btn3-shape-rounded vc_btn3-style-modern vc_btn3-color-white\" href=\"\/fr\/services\/ingenierie-construction\/subventions\/\" title=\"EN SAVOIR PLUS\" target=\"_self\">EN SAVOIR PLUS<\/a><\/div>\n\n        <\/div>\n      <\/div>\n    <\/div>\n  <\/div>\n<\/div><\/div><\/div><\/div><div class=\"wpb_column vc_column_container vc_col-md-3\"><div class=\"vc_column-inner\"><div class=\"wpb_wrapper\"><div class=\"vc-hoverbox-wrapper  vc_custom_1722369232111 wpb_animate_when_almost_visible wpb_zoomInUp zoomInUp vc-hoverbox-shape--square vc-hoverbox-align--center vc-hoverbox-direction--default vc-hoverbox-width--100\"  ontouchstart=\"\">\n  <div class=\"vc-hoverbox\">\n    <div class=\"vc-hoverbox-inner\">\n      <div class=\"vc-hoverbox-block vc-hoverbox-front\" style=\"background-image: url(https:\/\/airex-industries.com\/wp-content\/uploads\/2024\/07\/industrial-manufacturing-190x260-1.jpg);\">\n        <div class=\"vc-hoverbox-block-inner vc-hoverbox-front-inner\">\n            <h2 style=\"text-align:center\">Manufacturier industriel<\/h2>\n        <\/div>\n      <\/div>\n      <div class=\"vc-hoverbox-block vc-hoverbox-back\" style=\"background-color: #9c1c20;\">\n        <div class=\"vc-hoverbox-block-inner vc-hoverbox-back-inner\">\n            <h2 style=\"text-align:center\">Manufacturier industriel<\/h2>\n            <p>Flexibilit\u00e9 de fabrication sur mesure.<\/p>\n\n            <div class=\"vc_btn3-container vc_btn3-inline\"><a class=\"vc_general vc_btn3 vc_btn3-size-md vc_btn3-shape-rounded vc_btn3-style-modern vc_btn3-color-white\" href=\"\/fr\/services\/manufacturier-industriel\/\" title=\"EN SAVOIR PLUS\" target=\"_self\">EN SAVOIR PLUS<\/a><\/div>\n\n        <\/div>\n      <\/div>\n    <\/div>\n  <\/div>\n<\/div><\/div><\/div><\/div><\/div><div class=\"vc_row wpb_row vc_row-fluid\"><div class=\"wpb_column vc_column_container vc_col-md-12\"><div class=\"vc_column-inner\"><div class=\"wpb_wrapper\">\n\t<div class=\"wpb_raw_code wpb_raw_html wpb_content_element\" >\n\t\t<div class=\"wpb_wrapper\">\n\t\t\t<style>\n.vc-hoverbox-block-inner,.vc-hoverbox-back-inner > h2{\ncolor:#ffffff!important;\n}\n.vc-hoverbox-block-inner, .vc-hoverbox-front-inner > h2{\ncolor:#ffffff!important;\n}\n\n.vc-hoverbox-back-inner > h2{\nfont-size:20px;\n}\n\n.vc-hoverbox-back-inner > p{\nline-height:18px;\nmargin-bottom:16px;\n}\n\n.vc-hoverbox-front-inner > h2{\nfont-size:20px;\n}\n\n.featured-horizontal {\n    min-height: 120px;\n}\n\n.featured-horizontal-header {\n    width: 200px;\n}\n\n.featured-horizontal-content {\n    padding-left: 230px;\n}\n\n.featured-horizontal-title {\n    color: #9c1c20;\n}\n<\/style>\n\t\t<\/div>\n\t<\/div>\n<\/div><\/div><\/div><\/div>\n<\/div>","protected":false},"excerpt":{"rendered":"FLEXIBLE CUSTOMIZATION The Airex Industries manufacturing facility in Drummondville, Quebec manages 900 satisfied client annually with a 85-person workforce. Our air cleaning solutions are sold worldwide. We specialize in\u00a0turn-key projects. We just don\u2019t sell equipment; we provide complete systems designed &hellip;","protected":false},"author":2,"featured_media":2762,"parent":1436,"menu_order":0,"comment_status":"closed","ping_status":"closed","template":"","meta":{"content-type":"","footnotes":""},"class_list":["post-2761","page","type-page","status-publish","has-post-thumbnail","hentry"],"_links":{"self":[{"href":"https:\/\/airex-industries.com\/fr\/wp-json\/wp\/v2\/pages\/2761","targetHints":{"allow":["GET"]}}],"collection":[{"href":"https:\/\/airex-industries.com\/fr\/wp-json\/wp\/v2\/pages"}],"about":[{"href":"https:\/\/airex-industries.com\/fr\/wp-json\/wp\/v2\/types\/page"}],"author":[{"embeddable":true,"href":"https:\/\/airex-industries.com\/fr\/wp-json\/wp\/v2\/users\/2"}],"replies":[{"embeddable":true,"href":"https:\/\/airex-industries.com\/fr\/wp-json\/wp\/v2\/comments?post=2761"}],"version-history":[{"count":0,"href":"https:\/\/airex-industries.com\/fr\/wp-json\/wp\/v2\/pages\/2761\/revisions"}],"up":[{"embeddable":true,"href":"https:\/\/airex-industries.com\/fr\/wp-json\/wp\/v2\/pages\/1436"}],"wp:featuredmedia":[{"embeddable":true,"href":"https:\/\/airex-industries.com\/fr\/wp-json\/wp\/v2\/media\/2762"}],"wp:attachment":[{"href":"https:\/\/airex-industries.com\/fr\/wp-json\/wp\/v2\/media?parent=2761"}],"curies":[{"name":"wp","href":"https:\/\/api.w.org\/{rel}","templated":true}]}}