{"id":2818,"date":"2024-08-02T18:51:03","date_gmt":"2024-08-02T18:51:03","guid":{"rendered":"https:\/\/airex-industries.com\/?page_id=2818"},"modified":"2024-10-09T14:40:28","modified_gmt":"2024-10-09T14:40:28","slug":"developpement-durable","status":"publish","type":"page","link":"https:\/\/airex-industries.com\/fr\/services\/sustainable-development\/","title":{"rendered":"D\u00e9veloppement durable"},"content":{"rendered":"<div class=\"wpb-content-wrapper\"><div class=\"vc_row wpb_row vc_row-fluid\"><div class=\"wpb_column vc_column_container vc_col-md-12\"><div class=\"vc_column-inner\"><div class=\"wpb_wrapper\"><h2 style=\"text-align: left\" class=\"vc_custom_heading vc_do_custom_heading title wpb_animate_when_almost_visible wpb_slideInRight slideInRight\" >QUE VEUT DIRE LE D\u00c9VELOPPEMENT DURABLE ?<\/h2>\n\t<div class=\"wpb_text_column wpb_content_element wpb_animate_when_almost_visible wpb_zoomInUp zoomInUp\" >\n\t\t<div class=\"wpb_wrapper\">\n\t\t\t<p style=\"text-align: center; font-size: 18px; color: #999999;\"><em>&#8220;<span style=\"color: #9c1c20;\">D\u00e9veloppement r\u00e9pondant aux besoins du pr\u00e9sent sans compromettre la capacit\u00e9 des g\u00e9n\u00e9rations futures de r\u00e9pondre aux leurs.<\/span>&#8220;<\/em><\/p>\n\n\t\t<\/div>\n\t<\/div>\n<\/div><\/div><\/div><\/div><div class=\"vc_row wpb_row vc_row-fluid wpb_animate_when_almost_visible wpb_slideInRight slideInRight\"><div class=\"wpb_column vc_column_container vc_col-md-12\"><div class=\"vc_column-inner\"><div class=\"wpb_wrapper\"><div class='featured-horizontal'><div class='featured-horizontal-header'><img alt='Prot\u00e9ger l&#039;environnement' src='https:\/\/airex-industries.com\/wp-content\/uploads\/2024\/08\/sustainable-development-2-1.jpg'><\/div><div class='featured-horizontal-content'><h3 class='featured-horizontal-title'>Prot\u00e9ger l'environnement<\/h3><p class='featured-horizontal-desc'>Les ressources \u00e9nerg\u00e9tiques requises par les entreprises manufacturi\u00e8res pour op\u00e9rer g\u00e9n\u00e8rent des cons\u00e9quences n\u00e9fastes sur l\u2019environnement . Celles-ci sont, pour la plupart, aux prises avec d\u2019importants rejets de gaz \u00e0 effet de serre et de contaminants a\u00e9rauliques.<\/p>\n<p>Nous r\u00e9alisons donc nos projets en consid\u00e9rant cette r\u00e9alit\u00e9. Ainsi, en optimisant la consommation \u00e9nerg\u00e9tique de nos clients, nous r\u00e9duisons leur taux de pollution lib\u00e9r\u00e9e \u00e0 l\u2019atmosph\u00e8re.<\/p><\/div><\/div><div class='featured-horizontal'><div class='featured-horizontal-header'><img alt='Efficacit\u00e9 \u00e9nerg\u00e9tique' src='https:\/\/airex-industries.com\/wp-content\/uploads\/2024\/08\/energy_efficiency-2.jpg'><\/div><div class='featured-horizontal-content'><h3 class='featured-horizontal-title'>Efficacit\u00e9 \u00e9nerg\u00e9tique<\/h3><p class='featured-horizontal-desc'>Le secteur industriel consomme \u00e0 lui seul 37.2 % des ressources \u00e9nerg\u00e9tiques disponibles (toutes formes confondues). Les syst\u00e8mes de chauffage, de ventilation et d\u2019air conditionn\u00e9 (CVAC) ainsi que les proc\u00e9d\u00e9s industriels repr\u00e9sentent une pr\u00e9occupation majeure car les frais associ\u00e9s \u00e0 leur fonctionnement sont consid\u00e9rables. La motivation des clients de nous confier leurs mandats s\u2019explique par des \u00e9conomies financi\u00e8res substantielles et un d\u00e9lais r\u00e9duit du retour sur investissement. Il est aussi int\u00e9ressant de noter que plusieurs instances priv\u00e9es et publiques offrent des programmes de subventions pouvant all\u00e9ger consid\u00e9rablement les co\u00fbts de projets. <a href=\"\/fr\/services\/ingenierie-construction\/subventions\/\">Les demandes de subventions<\/a> font partie int\u00e9grante de notre service cl\u00e9 en main.<\/p><\/div><\/div><div class=\"vc_empty_space\"   style=\"height: 32px\"><span class=\"vc_empty_space_inner\"><\/span><\/div><\/div><\/div><\/div><\/div><div class=\"vc_row wpb_row vc_row-fluid wpb_animate_when_almost_visible wpb_slideInRight slideInRight\"><div class=\"wpb_column vc_column_container vc_col-md-12\"><div class=\"vc_column-inner\"><div class=\"wpb_wrapper\"><h2 class='heading-left  divider-sm'  style='color: #9c1c20'><span>Nos interventions<\/span><\/h2><\/div><\/div><\/div><div class=\"wpb_column vc_column_container vc_col-md-6\"><div class=\"vc_column-inner\"><div class=\"wpb_wrapper\"><div class='featured featured-has-icon featured-has-content'><div class='featured-header'><img alt='R\u00e9duction des gaz \u00e0 effet de serre' src='https:\/\/airex-industries.com\/wp-content\/uploads\/2024\/08\/greenhouse-gases.jpg'\/><\/div><div class='featured-content'><h3 class='featured-title text-uppercase'><i class='fas fa-solar-panel'><\/i>R\u00e9duction des gaz \u00e0 effet de serre<\/h3><p class='featured-desc'>Chef de file en solutions \u00e9co\u00e9nerg\u00e9tiques, nous assistons les entreprises dans leurs efforts \u00e0 r\u00e9duire leurs \u00e9missions de gaz \u00e0 effet de serre. Notre personnel affect\u00e9 aux divers mandats de r\u00e9duction des GES applique la norme ISO 14064 et s\u2019assure que nos clients obtiennent leur certification GES.<\/p><\/div><\/div><\/div><\/div><\/div><div class=\"wpb_column vc_column_container vc_col-md-6\"><div class=\"vc_column-inner\"><div class=\"wpb_wrapper\"><div class='featured featured-has-icon featured-has-content'><div class='featured-header'><img alt='R\u00e9duction de contaminants a\u00e9rauliques' src='https:\/\/airex-industries.com\/wp-content\/uploads\/2024\/08\/airborne-contaminants.jpg'\/><\/div><div class='featured-content'><h3 class='featured-title text-uppercase'><i class='fas fa-smog'><\/i>R\u00e9duction de contaminants a\u00e9rauliques<\/h3><p class='featured-desc'>Notre sp\u00e9cialit\u00e9 en contr\u00f4le de la pollution de l\u2019air nous a permis de nous d\u00e9marquer dans le domaine du d\u00e9poussi\u00e9rage et de la ventilation en milieu industriel, et ce, en appliquant depuis plus de 45 ans les meilleures fa\u00e7ons de faire de l\u2019industrie.<\/p><\/div><\/div><\/div><\/div><\/div><\/div><div class=\"vc_row wpb_row vc_row-fluid\"><div class=\"wpb_column vc_column_container vc_col-md-12\"><div class=\"vc_column-inner\"><div class=\"wpb_wrapper\"><div class=\"vc_empty_space\"   style=\"height: 22px\"><span class=\"vc_empty_space_inner\"><\/span><\/div><h2 class='heading-left  divider-sm'  style='color: #9c1c20'><span>Interventions typiques<\/span><\/h2><\/div><\/div><\/div><\/div><div class=\"vc_row wpb_row vc_row-fluid\"><div class=\"wpb_column vc_column_container vc_col-md-4\"><div class=\"vc_column-inner\"><div class=\"wpb_wrapper\"><div class=\"vc-hoverbox-wrapper  vc_custom_1722627199744 wpb_animate_when_almost_visible wpb_zoomInUp zoomInUp vc-hoverbox-shape--square vc-hoverbox-align--center vc-hoverbox-direction--default vc-hoverbox-width--100\"  ontouchstart=\"\">\n  <div class=\"vc-hoverbox\">\n    <div class=\"vc-hoverbox-inner\">\n      <div class=\"vc-hoverbox-block vc-hoverbox-front\" style=\"background-image: url(https:\/\/airex-industries.com\/wp-content\/uploads\/2024\/08\/thermal-190x260-1.jpg);\">\n        <div class=\"vc-hoverbox-block-inner vc-hoverbox-front-inner\">\n            <h2 style=\"text-align:center\">Thermique<\/h2>\n        <\/div>\n      <\/div>\n      <div class=\"vc-hoverbox-block vc-hoverbox-back\" style=\"background-color: #9c1c20;\">\n        <div class=\"vc-hoverbox-block-inner vc-hoverbox-back-inner\">\n            <h2 style=\"text-align:center\">Thermique<\/h2>\n            <p>Recirculation et r\u00e9cup\u00e9ration de chaleur.<\/p>\n\n            <div class=\"vc_btn3-container vc_btn3-inline\"><a class=\"vc_general vc_btn3 vc_btn3-size-md vc_btn3-shape-rounded vc_btn3-style-modern vc_btn3-color-white\" href=\"\/fr\/services\/developpement-durable\/thermique\/\" title=\"EN SAVOIR PLUS\" target=\"_self\">EN SAVOIR PLUS<\/a><\/div>\n\n        <\/div>\n      <\/div>\n    <\/div>\n  <\/div>\n<\/div><\/div><\/div><\/div><div class=\"wpb_column vc_column_container vc_col-md-4\"><div class=\"vc_column-inner\"><div class=\"wpb_wrapper\"><div class=\"vc-hoverbox-wrapper  vc_custom_1722625408204 wpb_animate_when_almost_visible wpb_zoomInUp zoomInUp vc-hoverbox-shape--square vc-hoverbox-align--center vc-hoverbox-direction--default vc-hoverbox-width--100\"  ontouchstart=\"\">\n  <div class=\"vc-hoverbox\">\n    <div class=\"vc-hoverbox-inner\">\n      <div class=\"vc-hoverbox-block vc-hoverbox-front\" style=\"background-image: url(https:\/\/airex-industries.com\/wp-content\/uploads\/2024\/08\/electricity-190x260-1.jpg);\">\n        <div class=\"vc-hoverbox-block-inner vc-hoverbox-front-inner\">\n            <h2 style=\"text-align:center\">\u00c9lectricit\u00e9<\/h2>\n        <\/div>\n      <\/div>\n      <div class=\"vc-hoverbox-block vc-hoverbox-back\" style=\"background-color: #9c1c20;\">\n        <div class=\"vc-hoverbox-block-inner vc-hoverbox-back-inner\">\n            <h2 style=\"text-align:center\">\u00c9lectricit\u00e9<\/h2>\n            <p>Optimisation de la consommation et r\u00e9duction de la pointe.<\/p>\n\n            <div class=\"vc_btn3-container vc_btn3-inline\"><a class=\"vc_general vc_btn3 vc_btn3-size-md vc_btn3-shape-rounded vc_btn3-style-modern vc_btn3-color-white\" href=\"\/fr\/services\/developpement-durable\/electricite\/\" title=\"EN SAVOIR PLUS\" target=\"_self\">EN SAVOIR PLUS<\/a><\/div>\n\n        <\/div>\n      <\/div>\n    <\/div>\n  <\/div>\n<\/div><\/div><\/div><\/div><div class=\"wpb_column vc_column_container vc_col-md-4\"><div class=\"vc_column-inner\"><div class=\"wpb_wrapper\"><div class=\"vc-hoverbox-wrapper  vc_custom_1722624775607 wpb_animate_when_almost_visible wpb_zoomInUp zoomInUp vc-hoverbox-shape--square vc-hoverbox-align--center vc-hoverbox-direction--default vc-hoverbox-width--100\"  ontouchstart=\"\">\n  <div class=\"vc-hoverbox\">\n    <div class=\"vc-hoverbox-inner\">\n      <div class=\"vc-hoverbox-block vc-hoverbox-front\" style=\"background-image: url(https:\/\/airex-industries.com\/wp-content\/uploads\/2024\/08\/technological-innovation-190x260-1.jpg);\">\n        <div class=\"vc-hoverbox-block-inner vc-hoverbox-front-inner\">\n            <h2 style=\"text-align:center\">Innovation technologique<\/h2>\n        <\/div>\n      <\/div>\n      <div class=\"vc-hoverbox-block vc-hoverbox-back\" style=\"background-color: #9c1c20;\">\n        <div class=\"vc-hoverbox-block-inner vc-hoverbox-back-inner\">\n            <h2 style=\"text-align:center\">Innovation technologique<\/h2>\n            <p>Recherche continue et d\u00e9veloppement exp\u00e9rimental.<\/p>\n\n            <div class=\"vc_btn3-container vc_btn3-inline\"><a class=\"vc_general vc_btn3 vc_btn3-size-md vc_btn3-shape-rounded vc_btn3-style-modern vc_btn3-color-white\" href=\"\/fr\/services\/developpement-durable\/innovation\/\" title=\"EN SAVOIR PLUS\" target=\"_self\">EN SAVOIR PLUS<\/a><\/div>\n\n        <\/div>\n      <\/div>\n    <\/div>\n  <\/div>\n<\/div><\/div><\/div><\/div><\/div><div class=\"vc_row wpb_row vc_row-fluid\"><div class=\"wpb_column vc_column_container vc_col-md-12\"><div class=\"vc_column-inner\"><div class=\"wpb_wrapper\">\n\t<div class=\"wpb_raw_code wpb_raw_html wpb_content_element\" >\n\t\t<div class=\"wpb_wrapper\">\n\t\t\t<style>\n.vc-hoverbox-block-inner,.vc-hoverbox-back-inner > h2{\ncolor:#ffffff!important;\n}\n.vc-hoverbox-block-inner, .vc-hoverbox-front-inner > h2{\ncolor:#ffffff!important;\n}\n\n.vc-hoverbox-back-inner > h2{\nfont-size:20px;\n}\n\n.vc-hoverbox-back-inner > p{\nline-height:18px;\nmargin-bottom:16px;\n}\n\n.vc-hoverbox-front-inner > h2{\nfont-size:20px;\n}\n\n.featured-horizontal {\n    min-height: 120px;\n}\n\n.featured-horizontal-header {\n    width: 200px;\n}\n\n.featured-horizontal-content {\n    padding-left: 230px;\n}\n\n.featured-horizontal-title {\n    color: #9c1c20;\n}\n<\/style>\n\t\t<\/div>\n\t<\/div>\n<\/div><\/div><\/div><\/div>\n<\/div>","protected":false},"excerpt":{"rendered":"WHAT DO WE MEAN BY SUSTAINABLE DEVELOPMENT? \"Development that meets the needs of the present without compromising the ability of future generations to meet their own.\" Protecting the EnvironmentThe continued use of energy resources by manufacturing companies, unfortunately, harms the &hellip;","protected":false},"author":2,"featured_media":2819,"parent":1436,"menu_order":0,"comment_status":"closed","ping_status":"closed","template":"","meta":{"content-type":"","footnotes":""},"class_list":["post-2818","page","type-page","status-publish","has-post-thumbnail","hentry"],"_links":{"self":[{"href":"https:\/\/airex-industries.com\/fr\/wp-json\/wp\/v2\/pages\/2818","targetHints":{"allow":["GET"]}}],"collection":[{"href":"https:\/\/airex-industries.com\/fr\/wp-json\/wp\/v2\/pages"}],"about":[{"href":"https:\/\/airex-industries.com\/fr\/wp-json\/wp\/v2\/types\/page"}],"author":[{"embeddable":true,"href":"https:\/\/airex-industries.com\/fr\/wp-json\/wp\/v2\/users\/2"}],"replies":[{"embeddable":true,"href":"https:\/\/airex-industries.com\/fr\/wp-json\/wp\/v2\/comments?post=2818"}],"version-history":[{"count":0,"href":"https:\/\/airex-industries.com\/fr\/wp-json\/wp\/v2\/pages\/2818\/revisions"}],"up":[{"embeddable":true,"href":"https:\/\/airex-industries.com\/fr\/wp-json\/wp\/v2\/pages\/1436"}],"wp:featuredmedia":[{"embeddable":true,"href":"https:\/\/airex-industries.com\/fr\/wp-json\/wp\/v2\/media\/2819"}],"wp:attachment":[{"href":"https:\/\/airex-industries.com\/fr\/wp-json\/wp\/v2\/media?parent=2818"}],"curies":[{"name":"wp","href":"https:\/\/api.w.org\/{rel}","templated":true}]}}