{"id":2856,"date":"2024-08-02T19:39:31","date_gmt":"2024-08-02T19:39:31","guid":{"rendered":"https:\/\/airex-industries.com\/?page_id=2856"},"modified":"2024-10-09T14:41:43","modified_gmt":"2024-10-09T14:41:43","slug":"electricite","status":"publish","type":"page","link":"https:\/\/airex-industries.com\/fr\/services\/sustainable-development\/electricity\/","title":{"rendered":"\u00c9lectricit\u00e9"},"content":{"rendered":"<div class=\"wpb-content-wrapper\"><div class=\"vc_row wpb_row vc_row-fluid\"><div class=\"wpb_column vc_column_container vc_col-md-12\"><div class=\"vc_column-inner\"><div class=\"wpb_wrapper\"><h2 style=\"text-align: left\" class=\"vc_custom_heading vc_do_custom_heading title wpb_animate_when_almost_visible wpb_slideInRight slideInRight\" >OPTIMISATION DE LA CONSOMMATION ET R\u00c9DUCTION DE LA POINTE<\/h2>\n\t<div class=\"wpb_text_column wpb_content_element wpb_animate_when_almost_visible wpb_zoomInUp zoomInUp\" >\n\t\t<div class=\"wpb_wrapper\">\n\t\t\t<p>La r\u00e9duction de la consommation \u00e9lectrique fait partie int\u00e9grante de notre expertise.<\/p>\n\n\t\t<\/div>\n\t<\/div>\n<\/div><\/div><\/div><\/div><div class=\"vc_row wpb_row vc_row-fluid wpb_animate_when_almost_visible wpb_slideInRight slideInRight\"><div class=\"wpb_column vc_column_container vc_col-md-12\"><div class=\"vc_column-inner\"><div class=\"wpb_wrapper\">\n\t<div class=\"wpb_text_column wpb_content_element\" >\n\t\t<div class=\"wpb_wrapper\">\n\t\t\t<h3 class=\"featured-horizontal-title\">R\u00e9duction de charge des d\u00e9poussi\u00e9reurs<\/h3>\n<p>Avec plus d\u2019un demi-si\u00e8cle d\u2019exp\u00e9rience dans la conception, la fabrication et l\u2019installation de syst\u00e8mes de captation a\u00e9raulique au sein d\u2019Airex Industries, la division \u00e9nergie est la mieux positionn\u00e9e pour optimiser votre d\u00e9poussi\u00e9reur. En prenant soin d\u2019ajuster le d\u00e9bit d\u2019air en fonction de l\u2019utilisation r\u00e9elle aux diff\u00e9rents postes de travail repartis dans l\u2019usine, vous ferez des \u00e9conomies surprenantes. Ces projets sont admissibles \u00e0 des subventions non remboursables.<\/p>\n\n\t\t<\/div>\n\t<\/div>\n\n\t<div class=\"wpb_text_column wpb_content_element\" >\n\t\t<div class=\"wpb_wrapper\">\n\t\t\t<h3 class=\"featured-horizontal-title\">Entra\u00eenement \u00e0 fr\u00e9quences variables<\/h3>\n<p>L\u2019ajout de variateurs de vitesse sur les moteurs de syst\u00e8mes, tels que les pompes, les \u00e9vacuateurs, les unit\u00e9s d\u2019apport d\u2019air frais, etc., permet des \u00e9conomies appr\u00e9ciables.<\/p>\n\n\t\t<\/div>\n\t<\/div>\n\n\t<div class=\"wpb_text_column wpb_content_element\" >\n\t\t<div class=\"wpb_wrapper\">\n\t\t\t<h3 class=\"featured-horizontal-title\">Contr\u00f4leur de charge<\/h3>\n<p>En cas de pics de puissance \u00e9lev\u00e9s, un contr\u00f4leur de charge d\u00e9leste strat\u00e9giquement certains \u00e9quipements permettant ainsi des \u00e9conomies de facturation.<\/p>\n\n\t\t<\/div>\n\t<\/div>\n<\/div><\/div><\/div><\/div><div class=\"vc_row wpb_row vc_row-fluid\"><div class=\"wpb_column vc_column_container vc_col-md-12\"><div class=\"vc_column-inner\"><div class=\"wpb_wrapper\"><div class=\"vc_empty_space\"   style=\"height: 22px\"><span class=\"vc_empty_space_inner\"><\/span><\/div><h2 class='heading-left  divider-sm'  style='color: #9c1c20'><span>Interventions typiques<\/span><\/h2><\/div><\/div><\/div><\/div><div class=\"vc_row wpb_row vc_row-fluid\"><div class=\"wpb_column vc_column_container vc_col-md-4\"><div class=\"vc_column-inner\"><div class=\"wpb_wrapper\"><div class=\"vc-hoverbox-wrapper  vc_custom_1722627034729 wpb_animate_when_almost_visible wpb_zoomInUp zoomInUp vc-hoverbox-shape--square vc-hoverbox-align--center vc-hoverbox-direction--default vc-hoverbox-width--100\"  ontouchstart=\"\">\n  <div class=\"vc-hoverbox\">\n    <div class=\"vc-hoverbox-inner\">\n      <div class=\"vc-hoverbox-block vc-hoverbox-front\" style=\"background-image: url(https:\/\/airex-industries.com\/wp-content\/uploads\/2024\/08\/thermal-190x260-1.jpg);\">\n        <div class=\"vc-hoverbox-block-inner vc-hoverbox-front-inner\">\n            <h2 style=\"text-align:center\">Thermique<\/h2>\n        <\/div>\n      <\/div>\n      <div class=\"vc-hoverbox-block vc-hoverbox-back\" style=\"background-color: #9c1c20;\">\n        <div class=\"vc-hoverbox-block-inner vc-hoverbox-back-inner\">\n            <h2 style=\"text-align:center\">Thermique<\/h2>\n            <p>Recirculation et r\u00e9cup\u00e9ration de chaleur.<\/p>\n\n            <div class=\"vc_btn3-container vc_btn3-inline\"><a class=\"vc_general vc_btn3 vc_btn3-size-md vc_btn3-shape-rounded vc_btn3-style-modern vc_btn3-color-white\" href=\"\/fr\/services\/developpement-durable\/thermique\/\" title=\"EN SAVOIR PLUS\" target=\"_self\">EN SAVOIR PLUS<\/a><\/div>\n\n        <\/div>\n      <\/div>\n    <\/div>\n  <\/div>\n<\/div><\/div><\/div><\/div><div class=\"wpb_column vc_column_container vc_col-md-4\"><div class=\"vc_column-inner\"><div class=\"wpb_wrapper\"><div class=\"vc-hoverbox-wrapper  vc_custom_1722625408204 wpb_animate_when_almost_visible wpb_zoomInUp zoomInUp vc-hoverbox-shape--square vc-hoverbox-align--center vc-hoverbox-direction--default vc-hoverbox-width--100\"  ontouchstart=\"\">\n  <div class=\"vc-hoverbox\">\n    <div class=\"vc-hoverbox-inner\">\n      <div class=\"vc-hoverbox-block vc-hoverbox-front\" style=\"background-image: url(https:\/\/airex-industries.com\/wp-content\/uploads\/2024\/08\/electricity-190x260-1.jpg);\">\n        <div class=\"vc-hoverbox-block-inner vc-hoverbox-front-inner\">\n            <h2 style=\"text-align:center\">\u00c9lectricit\u00e9<\/h2>\n        <\/div>\n      <\/div>\n      <div class=\"vc-hoverbox-block vc-hoverbox-back\" style=\"background-color: #9c1c20;\">\n        <div class=\"vc-hoverbox-block-inner vc-hoverbox-back-inner\">\n            <h2 style=\"text-align:center\">\u00c9lectricit\u00e9<\/h2>\n            <p>Optimisation de la consommation et r\u00e9duction de la pointe.<\/p>\n\n            <div class=\"vc_btn3-container vc_btn3-inline\"><a class=\"vc_general vc_btn3 vc_btn3-size-md vc_btn3-shape-rounded vc_btn3-style-modern vc_btn3-color-white\" href=\"\/fr\/services\/developpement-durable\/electricite\/\" title=\"EN SAVOIR PLUS\" target=\"_self\">EN SAVOIR PLUS<\/a><\/div>\n\n        <\/div>\n      <\/div>\n    <\/div>\n  <\/div>\n<\/div><\/div><\/div><\/div><div class=\"wpb_column vc_column_container vc_col-md-4\"><div class=\"vc_column-inner\"><div class=\"wpb_wrapper\"><div class=\"vc-hoverbox-wrapper  vc_custom_1722624775607 wpb_animate_when_almost_visible wpb_zoomInUp zoomInUp vc-hoverbox-shape--square vc-hoverbox-align--center vc-hoverbox-direction--default vc-hoverbox-width--100\"  ontouchstart=\"\">\n  <div class=\"vc-hoverbox\">\n    <div class=\"vc-hoverbox-inner\">\n      <div class=\"vc-hoverbox-block vc-hoverbox-front\" style=\"background-image: url(https:\/\/airex-industries.com\/wp-content\/uploads\/2024\/08\/technological-innovation-190x260-1.jpg);\">\n        <div class=\"vc-hoverbox-block-inner vc-hoverbox-front-inner\">\n            <h2 style=\"text-align:center\">Innovation technologique<\/h2>\n        <\/div>\n      <\/div>\n      <div class=\"vc-hoverbox-block vc-hoverbox-back\" style=\"background-color: #9c1c20;\">\n        <div class=\"vc-hoverbox-block-inner vc-hoverbox-back-inner\">\n            <h2 style=\"text-align:center\">Innovation technologique<\/h2>\n            <p>Recherche continue et d\u00e9veloppement exp\u00e9rimental.<\/p>\n\n            <div class=\"vc_btn3-container vc_btn3-inline\"><a class=\"vc_general vc_btn3 vc_btn3-size-md vc_btn3-shape-rounded vc_btn3-style-modern vc_btn3-color-white\" href=\"\/fr\/services\/developpement-durable\/innovation\/\" title=\"EN SAVOIR PLUS\" target=\"_self\">EN SAVOIR PLUS<\/a><\/div>\n\n        <\/div>\n      <\/div>\n    <\/div>\n  <\/div>\n<\/div><\/div><\/div><\/div><\/div><div class=\"vc_row wpb_row vc_row-fluid\"><div class=\"wpb_column vc_column_container vc_col-md-12\"><div class=\"vc_column-inner\"><div class=\"wpb_wrapper\">\n\t<div class=\"wpb_raw_code wpb_raw_html wpb_content_element\" >\n\t\t<div class=\"wpb_wrapper\">\n\t\t\t<style>\n.vc-hoverbox-block-inner,.vc-hoverbox-back-inner > h2{\ncolor:#ffffff!important;\n}\n.vc-hoverbox-block-inner, .vc-hoverbox-front-inner > h2{\ncolor:#ffffff!important;\n}\n\n.vc-hoverbox-back-inner > h2{\nfont-size:20px;\n}\n\n.vc-hoverbox-back-inner > p{\nline-height:18px;\nmargin-bottom:16px;\n}\n\n.vc-hoverbox-front-inner > h2{\nfont-size:20px;\n}\n\n.featured-horizontal {\n    min-height: 120px;\n}\n\n.featured-horizontal-header {\n    width: 200px;\n}\n\n.featured-horizontal-content {\n    padding-left: 230px;\n}\n\n.featured-horizontal-title {\n    color: #9c1c20;\n}\n<\/style>\n\t\t<\/div>\n\t<\/div>\n<\/div><\/div><\/div><\/div>\n<\/div>","protected":false},"excerpt":{"rendered":"CONSUMPTION OPTIMIZATION AND PEAK POWER SHAVING Reducing electrical energy consumption is an integral part of our know-how. Dust Collector Load Reduction With nearly a half century of experience in designing, manufacturing and installing air-based capture systems at Airex Industries, our &hellip;","protected":false},"author":2,"featured_media":2819,"parent":2818,"menu_order":0,"comment_status":"closed","ping_status":"closed","template":"","meta":{"content-type":"","footnotes":""},"class_list":["post-2856","page","type-page","status-publish","has-post-thumbnail","hentry"],"_links":{"self":[{"href":"https:\/\/airex-industries.com\/fr\/wp-json\/wp\/v2\/pages\/2856","targetHints":{"allow":["GET"]}}],"collection":[{"href":"https:\/\/airex-industries.com\/fr\/wp-json\/wp\/v2\/pages"}],"about":[{"href":"https:\/\/airex-industries.com\/fr\/wp-json\/wp\/v2\/types\/page"}],"author":[{"embeddable":true,"href":"https:\/\/airex-industries.com\/fr\/wp-json\/wp\/v2\/users\/2"}],"replies":[{"embeddable":true,"href":"https:\/\/airex-industries.com\/fr\/wp-json\/wp\/v2\/comments?post=2856"}],"version-history":[{"count":0,"href":"https:\/\/airex-industries.com\/fr\/wp-json\/wp\/v2\/pages\/2856\/revisions"}],"up":[{"embeddable":true,"href":"https:\/\/airex-industries.com\/fr\/wp-json\/wp\/v2\/pages\/2818"}],"wp:featuredmedia":[{"embeddable":true,"href":"https:\/\/airex-industries.com\/fr\/wp-json\/wp\/v2\/media\/2819"}],"wp:attachment":[{"href":"https:\/\/airex-industries.com\/fr\/wp-json\/wp\/v2\/media?parent=2856"}],"curies":[{"name":"wp","href":"https:\/\/api.w.org\/{rel}","templated":true}]}}