{"id":2864,"date":"2024-08-15T16:18:59","date_gmt":"2024-08-15T16:18:59","guid":{"rendered":"https:\/\/airex-industries.com\/?page_id=2864"},"modified":"2024-10-09T14:45:41","modified_gmt":"2024-10-09T14:45:41","slug":"innovation","status":"publish","type":"page","link":"https:\/\/airex-industries.com\/fr\/services\/sustainable-development\/innovation\/","title":{"rendered":"Innovation"},"content":{"rendered":"<div class=\"wpb-content-wrapper\"><div class=\"vc_row wpb_row vc_row-fluid\"><div class=\"wpb_column vc_column_container vc_col-md-12\"><div class=\"vc_column-inner\"><div class=\"wpb_wrapper\"><h2 style=\"text-align: left\" class=\"vc_custom_heading vc_do_custom_heading title wpb_animate_when_almost_visible wpb_slideInRight slideInRight\" >INNOVATION TECHNOLOGIQUE ET D\u00c9VELOPPEMENT EXP\u00c9RIMENTAL<\/h2>\n\t<div class=\"wpb_text_column wpb_content_element wpb_animate_when_almost_visible wpb_zoomInUp zoomInUp\" >\n\t\t<div class=\"wpb_wrapper\">\n\t\t\t<p>Gr\u00e2ce \u00e0 son expertise dans le d\u00e9veloppement de solutions faites sur mesure en mati\u00e8re d\u2019efficacit\u00e9 \u00e9nerg\u00e9tique, Airex a mis au point une gamme de produits uniques permettant ainsi aux entreprises de diff\u00e9rents secteurs de r\u00e9duire de fa\u00e7on significative leur consommation \u00e9nerg\u00e9tique.<\/p>\n\n\t\t<\/div>\n\t<\/div>\n<\/div><\/div><\/div><\/div><div class=\"vc_row wpb_row vc_row-fluid wpb_animate_when_almost_visible wpb_slideInRight slideInRight\"><div class=\"wpb_column vc_column_container vc_col-md-12\"><div class=\"vc_column-inner\"><div class=\"wpb_wrapper\"><div class=\"vc_row wpb_row vc_inner vc_row-fluid vc_custom_1723739753232\"><div class=\"wpb_column vc_column_container vc_col-md-6\"><div class=\"vc_column-inner\"><div class=\"wpb_wrapper\"><div class='featured featured-has-link featured-has-icon featured-has-content'><div class='featured-header'><a target='_self' href='\/fr\/produits\/solution-de-recuperation-d-energie\/controleur-d-entrainement-a-frequence-variable\/'><img alt='Contr\u00f4leur d&#039;entra\u00eenement \u00e0 fr\u00e9quence variable (EFV)' src='https:\/\/airex-industries.com\/wp-content\/uploads\/2024\/09\/vfd-722x368-1.webp'\/><\/a><\/div><div class='featured-content'><h3 class='featured-title text-uppercase'><a target='_self' href='\/fr\/produits\/solution-de-recuperation-d-energie\/controleur-d-entrainement-a-frequence-variable\/'><i class='fas fa-clipboard-check'><\/i>Contr\u00f4leur d'entra\u00eenement \u00e0 fr\u00e9quence variable (EFV)<\/a><\/h3><p class='featured-desc'>Le SpeedFX g\u00e8re la vitesse du ventilateur afin d'en optimiser la performance et entra\u00eener une \u00e9conomie d'\u00e9nergie et une am\u00e9lioration de la dur\u00e9e de vie des filtres.<\/p><a class='btn btn-md btn-minimal' target='_self' href='\/fr\/produits\/solution-de-recuperation-d-energie\/controleur-d-entrainement-a-frequence-variable\/'>En savoir plus<\/a><\/div><\/div><\/div><\/div><\/div><div class=\"wpb_column vc_column_container vc_col-md-6\"><div class=\"vc_column-inner\"><div class=\"wpb_wrapper\"><div class='featured featured-has-link featured-has-icon featured-has-content'><div class='featured-header'><a target='_self' href='\/fr\/produits\/solution-de-recuperation-d-energie\/systeme-dapport-dair-neuf-avec-recuperateur-denergie-integre\/'><img alt='Syst\u00e8me d&#039;apport d&#039;air neuf avec r\u00e9cup\u00e9rateur d&#039;\u00e9nergie int\u00e9gr\u00e9' src='https:\/\/airex-industries.com\/wp-content\/uploads\/2024\/09\/powerfx-722x368-1.webp'\/><\/a><\/div><div class='featured-content'><h3 class='featured-title text-uppercase'><a target='_self' href='\/fr\/produits\/solution-de-recuperation-d-energie\/systeme-dapport-dair-neuf-avec-recuperateur-denergie-integre\/'><i class='fas fa-lightbulb'><\/i>Syst\u00e8me d'apport d'air neuf avec r\u00e9cup\u00e9rateur d'\u00e9nergie int\u00e9gr\u00e9<\/a><\/h3><p class='featured-desc'>Le\u00a0<strong>Le syst\u00e8me PowerFX<\/strong>\u00a0r\u00e9cup\u00e8re l\u2019\u00e9nergie disponible d\u2019un conduit d\u2019\u00e9vacuation d\u2019air chaud d\u2019un b\u00e2timent et l'utilise pour pr\u00e9chauffer l\u2019air frais d\u2019une unit\u00e9 de compensation d\u2019air AMX, de Airex, ou de toute autre unit\u00e9 de compensation d\u2019air.<\/p><a class='btn btn-md btn-minimal' target='_self' href='\/fr\/produits\/solution-de-recuperation-d-energie\/systeme-dapport-dair-neuf-avec-recuperateur-denergie-integre\/'>En savoir plus<\/a><\/div><\/div><\/div><\/div><\/div><\/div><\/div><\/div><\/div><\/div><div class=\"vc_row wpb_row vc_row-fluid\"><div class=\"wpb_column vc_column_container vc_col-md-12\"><div class=\"vc_column-inner\"><div class=\"wpb_wrapper\"><div class=\"vc_empty_space\"   style=\"height: 22px\"><span class=\"vc_empty_space_inner\"><\/span><\/div><h2 class='heading-left  divider-sm'  style='color: #9c1c20'><span>Interventions typiques<\/span><\/h2><\/div><\/div><\/div><\/div><div class=\"vc_row wpb_row vc_row-fluid\"><div class=\"wpb_column vc_column_container vc_col-md-4\"><div class=\"vc_column-inner\"><div class=\"wpb_wrapper\"><div class=\"vc-hoverbox-wrapper  vc_custom_1722627034729 wpb_animate_when_almost_visible wpb_zoomInUp zoomInUp vc-hoverbox-shape--square vc-hoverbox-align--center vc-hoverbox-direction--default vc-hoverbox-width--100\"  ontouchstart=\"\">\n  <div class=\"vc-hoverbox\">\n    <div class=\"vc-hoverbox-inner\">\n      <div class=\"vc-hoverbox-block vc-hoverbox-front\" style=\"background-image: url(https:\/\/airex-industries.com\/wp-content\/uploads\/2024\/08\/thermal-190x260-1.jpg);\">\n        <div class=\"vc-hoverbox-block-inner vc-hoverbox-front-inner\">\n            <h2 style=\"text-align:center\">Thermique<\/h2>\n        <\/div>\n      <\/div>\n      <div class=\"vc-hoverbox-block vc-hoverbox-back\" style=\"background-color: #9c1c20;\">\n        <div class=\"vc-hoverbox-block-inner vc-hoverbox-back-inner\">\n            <h2 style=\"text-align:center\">Thermique<\/h2>\n            <p>Recirculation et r\u00e9cup\u00e9ration de chaleur.<\/p>\n\n            <div class=\"vc_btn3-container vc_btn3-inline\"><a class=\"vc_general vc_btn3 vc_btn3-size-md vc_btn3-shape-rounded vc_btn3-style-modern vc_btn3-color-white\" href=\"\/fr\/services\/developpement-durable\/thermique\/\" title=\"EN SAVOIR PLUS\" target=\"_self\">EN SAVOIR PLUS<\/a><\/div>\n\n        <\/div>\n      <\/div>\n    <\/div>\n  <\/div>\n<\/div><\/div><\/div><\/div><div class=\"wpb_column vc_column_container vc_col-md-4\"><div class=\"vc_column-inner\"><div class=\"wpb_wrapper\"><div class=\"vc-hoverbox-wrapper  vc_custom_1722625408204 wpb_animate_when_almost_visible wpb_zoomInUp zoomInUp vc-hoverbox-shape--square vc-hoverbox-align--center vc-hoverbox-direction--default vc-hoverbox-width--100\"  ontouchstart=\"\">\n  <div class=\"vc-hoverbox\">\n    <div class=\"vc-hoverbox-inner\">\n      <div class=\"vc-hoverbox-block vc-hoverbox-front\" style=\"background-image: url(https:\/\/airex-industries.com\/wp-content\/uploads\/2024\/08\/electricity-190x260-1.jpg);\">\n        <div class=\"vc-hoverbox-block-inner vc-hoverbox-front-inner\">\n            <h2 style=\"text-align:center\">\u00c9lectricit\u00e9<\/h2>\n        <\/div>\n      <\/div>\n      <div class=\"vc-hoverbox-block vc-hoverbox-back\" style=\"background-color: #9c1c20;\">\n        <div class=\"vc-hoverbox-block-inner vc-hoverbox-back-inner\">\n            <h2 style=\"text-align:center\">\u00c9lectricit\u00e9<\/h2>\n            <p>Optimisation de la consommation et r\u00e9duction de la pointe.<\/p>\n\n            <div class=\"vc_btn3-container vc_btn3-inline\"><a class=\"vc_general vc_btn3 vc_btn3-size-md vc_btn3-shape-rounded vc_btn3-style-modern vc_btn3-color-white\" href=\"\/fr\/services\/developpement-durable\/electricite\/\" title=\"EN SAVOIR PLUS\" target=\"_self\">EN SAVOIR PLUS<\/a><\/div>\n\n        <\/div>\n      <\/div>\n    <\/div>\n  <\/div>\n<\/div><\/div><\/div><\/div><div class=\"wpb_column vc_column_container vc_col-md-4\"><div class=\"vc_column-inner\"><div class=\"wpb_wrapper\"><div class=\"vc-hoverbox-wrapper  vc_custom_1722624775607 wpb_animate_when_almost_visible wpb_zoomInUp zoomInUp vc-hoverbox-shape--square vc-hoverbox-align--center vc-hoverbox-direction--default vc-hoverbox-width--100\"  ontouchstart=\"\">\n  <div class=\"vc-hoverbox\">\n    <div class=\"vc-hoverbox-inner\">\n      <div class=\"vc-hoverbox-block vc-hoverbox-front\" style=\"background-image: url(https:\/\/airex-industries.com\/wp-content\/uploads\/2024\/08\/technological-innovation-190x260-1.jpg);\">\n        <div class=\"vc-hoverbox-block-inner vc-hoverbox-front-inner\">\n            <h2 style=\"text-align:center\">Innovation technologique<\/h2>\n        <\/div>\n      <\/div>\n      <div class=\"vc-hoverbox-block vc-hoverbox-back\" style=\"background-color: #9c1c20;\">\n        <div class=\"vc-hoverbox-block-inner vc-hoverbox-back-inner\">\n            <h2 style=\"text-align:center\">Innovation technologique<\/h2>\n            <p>Recherche continue et d\u00e9veloppement exp\u00e9rimental.<\/p>\n\n            <div class=\"vc_btn3-container vc_btn3-inline\"><a class=\"vc_general vc_btn3 vc_btn3-size-md vc_btn3-shape-rounded vc_btn3-style-modern vc_btn3-color-white\" href=\"\/fr\/services\/developpement-durable\/innovation\/\" title=\"EN SAVOIR PLUS\" target=\"_self\">EN SAVOIR PLUS<\/a><\/div>\n\n        <\/div>\n      <\/div>\n    <\/div>\n  <\/div>\n<\/div><\/div><\/div><\/div><\/div><div class=\"vc_row wpb_row vc_row-fluid\"><div class=\"wpb_column vc_column_container vc_col-md-12\"><div class=\"vc_column-inner\"><div class=\"wpb_wrapper\">\n\t<div class=\"wpb_raw_code wpb_raw_html wpb_content_element\" >\n\t\t<div class=\"wpb_wrapper\">\n\t\t\t<style>\n.vc-hoverbox-block-inner,.vc-hoverbox-back-inner > h2{\ncolor:#ffffff!important;\n}\n.vc-hoverbox-block-inner, .vc-hoverbox-front-inner > h2{\ncolor:#ffffff!important;\n}\n\n.vc-hoverbox-back-inner > h2{\nfont-size:20px;\n}\n\n.vc-hoverbox-back-inner > p{\nline-height:18px;\nmargin-bottom:16px;\n}\n\n.btn, .button {\n    background-color: #9c1c20!important;\n}\n\n.vc-hoverbox-front-inner > h2{\nfont-size:20px;\n}\n\n.featured-horizontal {\n    min-height: 120px;\n}\n\n.featured-horizontal-header {\n    width: 200px;\n}\n\n.featured-horizontal-content {\n    padding-left: 230px;\n}\n\n.featured-horizontal-title {\n    color: #9c1c20;\n}\n<\/style>\n\t\t<\/div>\n\t<\/div>\n<\/div><\/div><\/div><\/div>\n<\/div>","protected":false},"excerpt":{"rendered":"TECHNOLOGICAL INNOVATION AND EXPERIMENTAL DEVELOPMENT Thanks to our vast experience in customized energy-efficient solutions, Airex has developed a range of unique air-cleaning solutions that enable companies in various industries to significantly reduce their energy consumption. Variable Frequency Drive (VFD) ControllerThe &hellip;","protected":false},"author":2,"featured_media":2884,"parent":2818,"menu_order":0,"comment_status":"closed","ping_status":"closed","template":"","meta":{"content-type":"","footnotes":""},"class_list":["post-2864","page","type-page","status-publish","has-post-thumbnail","hentry"],"_links":{"self":[{"href":"https:\/\/airex-industries.com\/fr\/wp-json\/wp\/v2\/pages\/2864","targetHints":{"allow":["GET"]}}],"collection":[{"href":"https:\/\/airex-industries.com\/fr\/wp-json\/wp\/v2\/pages"}],"about":[{"href":"https:\/\/airex-industries.com\/fr\/wp-json\/wp\/v2\/types\/page"}],"author":[{"embeddable":true,"href":"https:\/\/airex-industries.com\/fr\/wp-json\/wp\/v2\/users\/2"}],"replies":[{"embeddable":true,"href":"https:\/\/airex-industries.com\/fr\/wp-json\/wp\/v2\/comments?post=2864"}],"version-history":[{"count":0,"href":"https:\/\/airex-industries.com\/fr\/wp-json\/wp\/v2\/pages\/2864\/revisions"}],"up":[{"embeddable":true,"href":"https:\/\/airex-industries.com\/fr\/wp-json\/wp\/v2\/pages\/2818"}],"wp:featuredmedia":[{"embeddable":true,"href":"https:\/\/airex-industries.com\/fr\/wp-json\/wp\/v2\/media\/2884"}],"wp:attachment":[{"href":"https:\/\/airex-industries.com\/fr\/wp-json\/wp\/v2\/media?parent=2864"}],"curies":[{"name":"wp","href":"https:\/\/api.w.org\/{rel}","templated":true}]}}