{"id":2887,"date":"2024-08-15T17:58:03","date_gmt":"2024-08-15T17:58:03","guid":{"rendered":"https:\/\/airex-industries.com\/?page_id=2887"},"modified":"2024-08-22T15:58:12","modified_gmt":"2024-08-22T15:58:12","slug":"installation-maintenance","status":"publish","type":"page","link":"https:\/\/airex-industries.com\/fr\/services\/installation-maintenance\/","title":{"rendered":"Installation et entretien"},"content":{"rendered":"<div class=\"wpb-content-wrapper\"><div class=\"vc_row wpb_row vc_row-fluid\"><div class=\"wpb_column vc_column_container vc_col-md-12\"><div class=\"vc_column-inner\"><div class=\"wpb_wrapper\"><h2 style=\"text-align: left\" class=\"vc_custom_heading vc_do_custom_heading title wpb_animate_when_almost_visible wpb_slideInRight slideInRight\" >ENTREPRENEUR SP\u00c9CIALIS\u00c9<\/h2>\n\t<div class=\"wpb_text_column wpb_content_element wpb_animate_when_almost_visible wpb_zoomInUp zoomInUp\" >\n\t\t<div class=\"wpb_wrapper\">\n\t\t\t<p>Choisir Airex industries comme ma\u00eetre d\u2019\u0153uvre c\u2019est octroyer \u00e0 une \u00e9quipe de confiance la gestion cl\u00e9 en main de votre projet. D\u00e9tenteurs d\u2019une licence d\u2019entrepreneur g\u00e9n\u00e9ral (RBQ), nous sommes pleinement autoris\u00e9s \u00e0 diriger les diff\u00e9rents chantiers, qu\u2019ils soient publics ou priv\u00e9s.<\/p>\n<p>Notre sp\u00e9cialisation dans le domaine de la ventilation et la climatisation se distingue par une agilit\u00e9 \u00e0 mener \u00e0 bien la r\u00e9alisation du b\u00e2timent de base (base building) ainsi que son am\u00e9nagement int\u00e9rieur pour notre client\u00e8le tant commerciale qu\u2019industrielle.<\/p>\n\n\t\t<\/div>\n\t<\/div>\n<\/div><\/div><\/div><\/div><div class=\"vc_row wpb_row vc_row-fluid wpb_animate_when_almost_visible wpb_slideInRight slideInRight\"><div class=\"wpb_column vc_column_container vc_col-md-6\"><div class=\"vc_column-inner\"><div class=\"wpb_wrapper\"><div class='featured featured-has-link featured-has-content'><div class='featured-header'><a target='_self' href='\/fr\/services\/installation-maintenance\/installations\/'><img alt='Installation' src='https:\/\/airex-industries.com\/wp-content\/uploads\/2024\/08\/installation-722x368.webp'\/><\/a><\/div><div class='featured-content'><h3 class='featured-title text-uppercase'><a target='_self' href='\/fr\/services\/installation-maintenance\/installations\/'>Installation<\/a><\/h3><p class='featured-desc'>Il est dans l\u2019int\u00e9r\u00eat du client que la conception, la fabrication et la mise en place soient ex\u00e9cut\u00e9es par la m\u00eame entreprise. Pour r\u00e9pondre \u00e0 ce besoin, nous avons \u00e0 notre disposition des \u00e9quipes de sp\u00e9cialistes multidisciplinaires d\u00e9di\u00e9es \u00e0 ces t\u00e2ches.<\/p><a class='btn btn-md btn-minimal' target='_self' href='\/fr\/services\/installation-maintenance\/installations\/'>EN SAVOIR PLUS<\/a><\/div><\/div><\/div><\/div><\/div><div class=\"wpb_column vc_column_container vc_col-md-6\"><div class=\"vc_column-inner\"><div class=\"wpb_wrapper\"><div class='featured featured-has-link featured-has-content'><div class='featured-header'><a target='_self' href='\/fr\/services\/installation-maintenance\/service-entretien\/'><img alt='Service et entretien' src='https:\/\/airex-industries.com\/wp-content\/uploads\/2024\/08\/maintenance-service-722x368.webp'\/><\/a><\/div><div class='featured-content'><h3 class='featured-title text-uppercase'><a target='_self' href='\/fr\/services\/installation-maintenance\/service-entretien\/'>Service et entretien<\/a><\/h3><p class='featured-desc'>Il est essentiel qu\u2019une entreprise entretienne ad\u00e9quatement ses \u00e9quipements pour en assurer le bon fonctionnement et maximiser la dur\u00e9e de vie des \u00e9quipements (tout en r\u00e9duisant les co\u00fbts \u00e9nerg\u00e9tiques). Personne n'est plus qualifi\u00e9 pour entretenir votre \u00e9quipement que les personnes qui l'ont con\u00e7u et fabriqu\u00e9.<\/p>\n<div class=\"uk-grid\">\n<div class=\"uk-width-medium-1-3\"><\/div>\n<\/div>\n<p><\/p><a class='btn btn-md btn-minimal' target='_self' href='\/fr\/services\/installation-maintenance\/service-entretien\/'>En savoir plus<\/a><\/div><\/div><\/div><\/div><\/div><\/div><div class=\"vc_row wpb_row vc_row-fluid\"><div class=\"wpb_column vc_column_container vc_col-md-12\"><div class=\"vc_column-inner\"><div class=\"wpb_wrapper\">\n\t<div class=\"wpb_raw_code wpb_raw_html wpb_content_element\" >\n\t\t<div class=\"wpb_wrapper\">\n\t\t\t<style>\n.vc-hoverbox-block-inner,.vc-hoverbox-back-inner > h2{\ncolor:#ffffff!important;\n}\n.vc-hoverbox-block-inner, .vc-hoverbox-front-inner > h2{\ncolor:#ffffff!important;\n}\n\n.vc-hoverbox-back-inner > h2{\nfont-size:20px;\n}\n\n.vc-hoverbox-back-inner > p{\nline-height:18px;\nmargin-bottom:16px;\n}\n\n.vc-hoverbox-front-inner > h2{\nfont-size:20px;\n}\n\n.featured-horizontal {\n    min-height: 120px;\n}\n\n.featured-horizontal-header {\n    width: 200px;\n}\n\n.featured-horizontal-content {\n    padding-left: 230px;\n}\n\n.featured-horizontal-title {\n    color: #9c1c20;\n}\n\n.featured:not(.product) .featured-desc {\n    line-height: 22px;\n}\n\n<\/style>\n\t\t<\/div>\n\t<\/div>\n<\/div><\/div><\/div><\/div>\n<\/div>","protected":false},"excerpt":{"rendered":"SPECIALIZED CONTRACTOR Choosing Airex Industries as your prime contractor means entrusting a winning team with the turnkey management of your project. As holders of a general contractor licence (RBQ), we are fully authorized to lead the various projects, whether public &hellip;","protected":false},"author":2,"featured_media":2889,"parent":1436,"menu_order":0,"comment_status":"closed","ping_status":"closed","template":"","meta":{"content-type":"","footnotes":""},"class_list":["post-2887","page","type-page","status-publish","has-post-thumbnail","hentry"],"_links":{"self":[{"href":"https:\/\/airex-industries.com\/fr\/wp-json\/wp\/v2\/pages\/2887","targetHints":{"allow":["GET"]}}],"collection":[{"href":"https:\/\/airex-industries.com\/fr\/wp-json\/wp\/v2\/pages"}],"about":[{"href":"https:\/\/airex-industries.com\/fr\/wp-json\/wp\/v2\/types\/page"}],"author":[{"embeddable":true,"href":"https:\/\/airex-industries.com\/fr\/wp-json\/wp\/v2\/users\/2"}],"replies":[{"embeddable":true,"href":"https:\/\/airex-industries.com\/fr\/wp-json\/wp\/v2\/comments?post=2887"}],"version-history":[{"count":0,"href":"https:\/\/airex-industries.com\/fr\/wp-json\/wp\/v2\/pages\/2887\/revisions"}],"up":[{"embeddable":true,"href":"https:\/\/airex-industries.com\/fr\/wp-json\/wp\/v2\/pages\/1436"}],"wp:featuredmedia":[{"embeddable":true,"href":"https:\/\/airex-industries.com\/fr\/wp-json\/wp\/v2\/media\/2889"}],"wp:attachment":[{"href":"https:\/\/airex-industries.com\/fr\/wp-json\/wp\/v2\/media?parent=2887"}],"curies":[{"name":"wp","href":"https:\/\/api.w.org\/{rel}","templated":true}]}}