{"id":2895,"date":"2024-08-15T18:08:19","date_gmt":"2024-08-15T18:08:19","guid":{"rendered":"https:\/\/airex-industries.com\/?page_id=2895"},"modified":"2024-11-04T15:51:39","modified_gmt":"2024-11-04T15:51:39","slug":"installations","status":"publish","type":"page","link":"https:\/\/airex-industries.com\/fr\/services\/installation-maintenance\/installations\/","title":{"rendered":"Installations"},"content":{"rendered":"<div class=\"wpb-content-wrapper\"><div class=\"vc_row wpb_row vc_row-fluid\"><div class=\"wpb_column vc_column_container vc_col-md-12\"><div class=\"vc_column-inner\"><div class=\"wpb_wrapper\">\n\t<div class=\"wpb_text_column wpb_content_element wpb_animate_when_almost_visible wpb_zoomInUp zoomInUp\" >\n\t\t<div class=\"wpb_wrapper\">\n\t\t\t<p>Il est dans l\u2019int\u00e9r\u00eat du client que la conception, la fabrication et la mise en place soient ex\u00e9cut\u00e9es par la m\u00eame entreprise. Pour r\u00e9pondre \u00e0 ce besoin, nous avons \u00e0 notre disposition des \u00e9quipes de sp\u00e9cialistes multidisciplinaires d\u00e9di\u00e9es \u00e0 ces t\u00e2ches.<\/p>\n<p>Nos techniciens chevronn\u00e9s connaissent mieux que quiconque les appareils que nous fabriquons. Ainsi vous \u00e9vitez les retards li\u00e9s \u00e0 l\u2019installation des \u00e9quipements, les erreurs de montage et les probl\u00e8mes rencontr\u00e9s au d\u00e9marrage des appareils.<\/p>\n<p>Notre \u00e9quipe sur le terrain ne se consacre pas seulement au montage des produits d'Airex; Nos r\u00e9alisations comptent aussi des projets de ventilation g\u00e9n\u00e9riques tant en milieu industriel que commercial.<\/p>\n<div class=\"uk-grid\">\n<div class=\"uk-width-medium-1-2\">\n<h4>Nos sp\u00e9cialistes<\/h4>\n<ul>\n<li>Frigoristes<\/li>\n<li>Ferblantiers<\/li>\n<li>Techniciens en d\u00e9poussi\u00e9rage<\/li>\n<li>\u00c9lectrotechniciens<\/li>\n<li>Techniciens en contr\u00f4le<\/li>\n<\/ul>\n<\/div>\n<div class=\"uk-width-medium-1-2\">\n<h4>Nos certifications<\/h4>\n<ul>\n<li>Commission de la construction du Qu\u00e9bec (CCQ)<\/li>\n<li>Commission des normes, de l&#8217;\u00e9quit\u00e9, de la sant\u00e9 et de la s\u00e9curit\u00e9 du travail (CNESST)<\/li>\n<li>Commission de la s\u00e9curit\u00e9 professionnelle et de l'assurance contre les accidents du travail (CSPAAT)<\/li>\n<li>Certificat de qualification des normes interprovinciale sceau rouge<\/li>\n<li>Manitowoc - r\u00e9parateur agr\u00e9\u00e9 par l'usine<\/li>\n<\/ul>\n<\/div>\n<\/div>\n\n\t\t<\/div>\n\t<\/div>\n<\/div><\/div><\/div><\/div><div class=\"vc_row wpb_row vc_row-fluid\"><div class=\"wpb_column vc_column_container vc_col-md-12\"><div class=\"vc_column-inner\"><div class=\"wpb_wrapper\">\n\t<div class=\"wpb_raw_code wpb_raw_html wpb_content_element\" >\n\t\t<div class=\"wpb_wrapper\">\n\t\t\t<style>\n.vc-hoverbox-block-inner,.vc-hoverbox-back-inner > h2{\ncolor:#ffffff!important;\n}\n.vc-hoverbox-block-inner, .vc-hoverbox-front-inner > h2{\ncolor:#ffffff!important;\n}\n\n.vc-hoverbox-back-inner > h2{\nfont-size:20px;\n}\n\n.vc-hoverbox-back-inner > p{\nline-height:18px;\nmargin-bottom:16px;\n}\n\n.vc-hoverbox-front-inner > h2{\nfont-size:20px;\n}\n\n.featured-horizontal {\n    min-height: 120px;\n}\n\n.featured-horizontal-header {\n    width: 200px;\n}\n\n.featured-horizontal-content {\n    padding-left: 230px;\n}\n\n.featured-horizontal-title {\n    color: #9c1c20;\n}\n<\/style>\n\t\t<\/div>\n\t<\/div>\n<\/div><\/div><\/div><\/div>\n<\/div>","protected":false},"excerpt":{"rendered":"For our customers, having a single company handle design, manufacturing, and installation offers significant advantages. To meet this need, we have a multidisciplinary team of dedicated installation specialists ready to assist. Our skilled technicians know our equipment inside and out, &hellip;","protected":false},"author":2,"featured_media":2888,"parent":2887,"menu_order":0,"comment_status":"closed","ping_status":"closed","template":"","meta":{"content-type":"","footnotes":""},"class_list":["post-2895","page","type-page","status-publish","has-post-thumbnail","hentry"],"_links":{"self":[{"href":"https:\/\/airex-industries.com\/fr\/wp-json\/wp\/v2\/pages\/2895","targetHints":{"allow":["GET"]}}],"collection":[{"href":"https:\/\/airex-industries.com\/fr\/wp-json\/wp\/v2\/pages"}],"about":[{"href":"https:\/\/airex-industries.com\/fr\/wp-json\/wp\/v2\/types\/page"}],"author":[{"embeddable":true,"href":"https:\/\/airex-industries.com\/fr\/wp-json\/wp\/v2\/users\/2"}],"replies":[{"embeddable":true,"href":"https:\/\/airex-industries.com\/fr\/wp-json\/wp\/v2\/comments?post=2895"}],"version-history":[{"count":0,"href":"https:\/\/airex-industries.com\/fr\/wp-json\/wp\/v2\/pages\/2895\/revisions"}],"up":[{"embeddable":true,"href":"https:\/\/airex-industries.com\/fr\/wp-json\/wp\/v2\/pages\/2887"}],"wp:featuredmedia":[{"embeddable":true,"href":"https:\/\/airex-industries.com\/fr\/wp-json\/wp\/v2\/media\/2888"}],"wp:attachment":[{"href":"https:\/\/airex-industries.com\/fr\/wp-json\/wp\/v2\/media?parent=2895"}],"curies":[{"name":"wp","href":"https:\/\/api.w.org\/{rel}","templated":true}]}}