{"id":2903,"date":"2024-08-15T18:24:14","date_gmt":"2024-08-15T18:24:14","guid":{"rendered":"https:\/\/airex-industries.com\/?page_id=2903"},"modified":"2024-11-04T15:35:40","modified_gmt":"2024-11-04T15:35:40","slug":"service-entretien","status":"publish","type":"page","link":"https:\/\/airex-industries.com\/fr\/services\/installation-maintenance\/service-maintenance\/","title":{"rendered":"Service et entretien"},"content":{"rendered":"<div class=\"wpb-content-wrapper\"><div class=\"vc_row wpb_row vc_row-fluid\"><div class=\"wpb_column vc_column_container vc_col-md-12\"><div class=\"vc_column-inner\"><div class=\"wpb_wrapper\">\n\t<div class=\"wpb_text_column wpb_content_element wpb_animate_when_almost_visible wpb_zoomInUp zoomInUp\" >\n\t\t<div class=\"wpb_wrapper\">\n\t\t\t<p>Il est primordial pour une entreprise d\u2019entretenir ses \u00e9quipements ad\u00e9quatement afin d\u2019en assurer leur bon fonctionnement et de maximiser la dur\u00e9e de leur vie utile (tout en r\u00e9duisant les d\u00e9penses \u00e9nerg\u00e9tiques).<\/p>\n<p>Airex est en mesure de r\u00e9pondre rapidement aux appels de service de ses clients. Les membres souscrivant \u00e0 des contrats de service et d\u2019entretien b\u00e9n\u00e9ficient de visites r\u00e9guli\u00e8res pr\u00e9ventives.<\/p>\n<h4>Nos techniciens sont qualifi\u00e9s pour l\u2019installation et l\u2019entretien de syst\u00e8me de:<\/h4>\n<div class=\"uk-grid\">\n<div class=\"uk-width-medium-1-3\">\n<ul>\n<li>Climatisation<\/li>\n<li>R\u00e9frig\u00e9ration<\/li>\n<li>Chauffage<\/li>\n<li>Compensation d\u2019air<\/li>\n<li>D\u00e9poussi\u00e9rage<\/li>\n<li>Contr\u00f4le et automation<\/li>\n<li>Incin\u00e9ration<\/li>\n<li>Ventilation<\/li>\n<li>D\u00e9shumidification<\/li>\n<\/ul>\n<\/div>\n<div class=\"uk-width-medium-1-3\"><\/div>\n<div class=\"uk-width-medium-1-3\"><\/div>\n<\/div>\n\n\t\t<\/div>\n\t<\/div>\n<\/div><\/div><\/div><\/div><div class=\"vc_row wpb_row vc_row-fluid\"><div class=\"wpb_column vc_column_container vc_col-md-12\"><div class=\"vc_column-inner\"><div class=\"wpb_wrapper\">\n\t<div class=\"wpb_raw_code wpb_raw_html wpb_content_element\" >\n\t\t<div class=\"wpb_wrapper\">\n\t\t\t<style>\n.vc-hoverbox-block-inner,.vc-hoverbox-back-inner > h2{\ncolor:#ffffff!important;\n}\n.vc-hoverbox-block-inner, .vc-hoverbox-front-inner > h2{\ncolor:#ffffff!important;\n}\n\n.vc-hoverbox-back-inner > h2{\nfont-size:20px;\n}\n\n.vc-hoverbox-back-inner > p{\nline-height:18px;\nmargin-bottom:16px;\n}\n\n.vc-hoverbox-front-inner > h2{\nfont-size:20px;\n}\n\n.featured-horizontal {\n    min-height: 120px;\n}\n\n.featured-horizontal-header {\n    width: 200px;\n}\n\n.featured-horizontal-content {\n    padding-left: 230px;\n}\n\n.featured-horizontal-title {\n    color: #9c1c20;\n}\n<\/style>\n\t\t<\/div>\n\t<\/div>\n<\/div><\/div><\/div><\/div>\n<\/div>","protected":false},"excerpt":{"rendered":"Proper maintenance of your air system is crucial to ensure optimal performance, extend equipment lifespan, and reduce energy costs. Airex provides prompt, reliable service for all customer maintenance requests. By enrolling in our maintenance contracts, you can enjoy the peace &hellip;","protected":false},"author":2,"featured_media":4280,"parent":2887,"menu_order":0,"comment_status":"closed","ping_status":"closed","template":"","meta":{"content-type":"","footnotes":""},"class_list":["post-2903","page","type-page","status-publish","has-post-thumbnail","hentry"],"_links":{"self":[{"href":"https:\/\/airex-industries.com\/fr\/wp-json\/wp\/v2\/pages\/2903","targetHints":{"allow":["GET"]}}],"collection":[{"href":"https:\/\/airex-industries.com\/fr\/wp-json\/wp\/v2\/pages"}],"about":[{"href":"https:\/\/airex-industries.com\/fr\/wp-json\/wp\/v2\/types\/page"}],"author":[{"embeddable":true,"href":"https:\/\/airex-industries.com\/fr\/wp-json\/wp\/v2\/users\/2"}],"replies":[{"embeddable":true,"href":"https:\/\/airex-industries.com\/fr\/wp-json\/wp\/v2\/comments?post=2903"}],"version-history":[{"count":0,"href":"https:\/\/airex-industries.com\/fr\/wp-json\/wp\/v2\/pages\/2903\/revisions"}],"up":[{"embeddable":true,"href":"https:\/\/airex-industries.com\/fr\/wp-json\/wp\/v2\/pages\/2887"}],"wp:featuredmedia":[{"embeddable":true,"href":"https:\/\/airex-industries.com\/fr\/wp-json\/wp\/v2\/media\/4280"}],"wp:attachment":[{"href":"https:\/\/airex-industries.com\/fr\/wp-json\/wp\/v2\/media?parent=2903"}],"curies":[{"name":"wp","href":"https:\/\/api.w.org\/{rel}","templated":true}]}}