{"id":2911,"date":"2024-08-15T18:43:26","date_gmt":"2024-08-15T18:43:26","guid":{"rendered":"https:\/\/airex-industries.com\/?page_id=2911"},"modified":"2024-08-16T13:32:44","modified_gmt":"2024-08-16T13:32:44","slug":"controle-de-procedes","status":"publish","type":"page","link":"https:\/\/airex-industries.com\/fr\/services\/process-control\/","title":{"rendered":"Contr\u00f4le de proc\u00e9d\u00e9s"},"content":{"rendered":"<div class=\"wpb-content-wrapper\"><div class=\"vc_row wpb_row vc_row-fluid\"><div class=\"wpb_column vc_column_container vc_col-md-12\"><div class=\"vc_column-inner\"><div class=\"wpb_wrapper\">\n\t<div class=\"wpb_text_column wpb_content_element wpb_animate_when_almost_visible wpb_zoomInUp zoomInUp\" >\n\t\t<div class=\"wpb_wrapper\">\n\t\t\t<p style=\"text-align: center;\"><em style=\"color: #9c1c20; font-size: 18px; text-align: center;\"><i>\"Les options en contr\u00f4le sont infinies, mais l\u2019indice des co\u00fbts de r\u00e9alisation diminue selon le degr\u00e9 de complexit\u00e9 du projet.\"<\/i><\/em><\/p>\n<p>Une grande part de l\u2019efficacit\u00e9 des appareils tel qu\u2019un four industriel, un d\u00e9poussi\u00e9reur ou un syst\u00e8me d\u2019apport d\u2019air neuf est directement li\u00e9 \u00e0 la conception des panneaux de contr\u00f4les.<\/p>\n<p>Les membres sp\u00e9cialis\u00e9s en automation et contr\u00f4le au sein de notre \u00e9quipe proposent des solutions sur mesure et prennent en consid\u00e9ration chaque appareil, son environnement d\u2019exploitation et les besoins sp\u00e9cifiques du client. Les accessoires et la programmation propos\u00e9e par notre service seront con\u00e7us afin d\u2019offrir le parfait \u00e9quilibre entre l\u2019intelligence de contr\u00f4le et les frais associ\u00e9s \u00e0 leur r\u00e9alisation.<\/p>\n\n\t\t<\/div>\n\t<\/div>\n<\/div><\/div><\/div><\/div><div class=\"vc_row wpb_row vc_row-fluid wpb_animate_when_almost_visible wpb_slideInRight slideInRight vc_custom_1723748781787\"><div class=\"wpb_column vc_column_container vc_col-md-12\"><div class=\"vc_column-inner\"><div class=\"wpb_wrapper\"><h2 class='heading-left  style-1' ><span>LES \u00c9TAPES DE R\u00c9ALISATION<\/span><\/h2><\/div><\/div><\/div><div class=\"wpb_column vc_column_container vc_col-md-6\"><div class=\"vc_column-inner\"><div class=\"wpb_wrapper\"><div class='featured featured-has-content'><div class='featured-header'><img alt='1. Logique de contr\u00f4le' src='https:\/\/airex-industries.com\/wp-content\/uploads\/2024\/08\/control-logic-2.webp'\/><\/div><div class='featured-content'><h3 class='featured-title text-uppercase'>1. Logique de contr\u00f4le<\/h3><p class='featured-desc'><\/p>\n<p style=\"font-size: 13.5px;\">Un repr\u00e9sentant technique doit analyser tout d\u2019abord les param\u00e8tres et les contraintes du syst\u00e8me \u00e0 implanter. Cette t\u00e2che cruciale, concert\u00e9e avec le client, permet de d\u00e9terminer les besoins et strat\u00e9gies op\u00e9rationnelles \u00e0 consid\u00e9rer tels que le temps de fonctionnement et la modulation des unit\u00e9s selon les proc\u00e9d\u00e9s. Une analyse efficace m\u00e8nera \u00e0 une logique d\u2019automatisation pouvant g\u00e9n\u00e9rer des \u00e9conomies de consommation d\u2019\u00e9nergie importantes.<\/p>\n<p><\/p><\/div><\/div><\/div><\/div><\/div><div class=\"wpb_column vc_column_container vc_col-md-6\"><div class=\"vc_column-inner\"><div class=\"wpb_wrapper\"><div class='featured featured-has-content'><div class='featured-header'><img alt='2. S\u00e9quence de contr\u00f4le' src='https:\/\/airex-industries.com\/wp-content\/uploads\/2024\/08\/control-sequence-2.webp'\/><\/div><div class='featured-content'><h3 class='featured-title text-uppercase'>2. S\u00e9quence de contr\u00f4le<\/h3><p class='featured-desc'>Par la suite, le repr\u00e9sentant remet son analyse au technicien en automation qui traduit la logique de contr\u00f4le en langage machine. Cette phase de la r\u00e9alisation comprend l\u2019\u00e9criture de la programmation, la fabrication et le montage des accessoires du panneau. Une s\u00e9rie de tests sera ensuite effectu\u00e9e en atelier afin de s\u2019assurer que les requ\u00eates soient g\u00e9r\u00e9es ad\u00e9quatement.<\/p>\n<div class=\"uk-grid\">\n<div class=\"uk-width-medium-1-3\"><\/div>\n<\/div>\n<p><\/p><\/div><\/div><\/div><\/div><\/div><\/div><div class=\"vc_row wpb_row vc_row-fluid\"><div class=\"wpb_column vc_column_container vc_col-md-12\"><div class=\"vc_column-inner\"><div class=\"wpb_wrapper\"><div class=\"vc_empty_space\"   style=\"height: 32px\"><span class=\"vc_empty_space_inner\"><\/span><\/div><\/div><\/div><\/div><\/div><div class=\"vc_row wpb_row vc_row-fluid vc_custom_1723748344250\"><div class=\"wpb_column vc_column_container vc_col-md-12\"><div class=\"vc_column-inner\"><div class=\"wpb_wrapper\"><div class='featured-horizontal'><div class='featured-horizontal-header'><img alt='CENTRALISATION DE CONTR\u00d4LE' src='https:\/\/airex-industries.com\/wp-content\/uploads\/2024\/08\/control-centralization-1.webp'><\/div><div class='featured-horizontal-content'><h3 class='featured-horizontal-title'>CENTRALISATION DE CONTR\u00d4LE<\/h3><p class='featured-horizontal-desc'>Les entreprises pourvues d\u2019\u00e9quipements de ventilation, climatisation et chauffage d\u00e9centralis\u00e9s g\u00e8rent fr\u00e9quemment ceux-ci ind\u00e9pendamment les uns des autres.<\/p>\n<p>Airex est pass\u00e9 ma\u00eetre en centralisation de contr\u00f4les d\u2019\u00e9quipements CVAC en intervenant aupr\u00e8s des industries aux prises avec ce type de situation.<\/p>\n<div class=\"uk-grid\">\n<div class=\"uk-width-medium-1-2\">\n<h4 style=\"color: #9c1c20;\">Certifications:<\/h4>\n<ul>\n<li>CSA<\/li>\n<li>Electrical Safety Authority de l'Ontario<\/li>\n<li>Membre de la Corporation des ma\u00eetres-\u00e9lectriciens du Qu\u00e9bec (CMEQ)<\/li>\n<\/ul>\n<\/div>\n<div class=\"uk-width-medium-1-2\">\n<h4 style=\"color: #9c1c20;\">Les avantages de la centralisation d\u2019\u00e9quipements CVAC:<\/h4>\n<ul>\n<li>G\u00e9n\u00e8re des \u00e9conomies sur la consommation d\u2019\u00e9nergie<\/li>\n<li>R\u00e9duit la pression n\u00e9gative au sein du b\u00e2timent.<\/li>\n<li>Un meilleur contr\u00f4le de la temp\u00e9rature<\/li>\n<li>Une efficacit\u00e9 accrue de l\u2019entretien<\/li>\n<li>G\u00e8re les \u00e9quipements par t\u00e9l\u00e9m\u00e9trie<\/li>\n<\/ul>\n<\/div>\n<\/div>\n<p><\/p><\/div><\/div><\/div><\/div><\/div><\/div><div class=\"vc_row wpb_row vc_row-fluid\"><div class=\"wpb_column vc_column_container vc_col-md-12\"><div class=\"vc_column-inner\"><div class=\"wpb_wrapper\">\n\t<div class=\"wpb_raw_code wpb_raw_html wpb_content_element\" >\n\t\t<div class=\"wpb_wrapper\">\n\t\t\t<style>\n.vc-hoverbox-block-inner,.vc-hoverbox-back-inner > h2{\ncolor:#ffffff!important;\n}\n.vc-hoverbox-block-inner, .vc-hoverbox-front-inner > h2{\ncolor:#ffffff!important;\n}\n\n.vc-hoverbox-back-inner > h2{\nfont-size:20px;\n}\n\n.vc-hoverbox-back-inner > p{\nline-height:18px;\nmargin-bottom:16px;\n}\n\n.vc-hoverbox-front-inner > h2{\nfont-size:20px;\n}\n\n.featured-horizontal {\n    min-height: 120px;\n}\n\n\n.featured-horizontal-header {\n    width: 350px;\n}\n\n.featured-horizontal-content {\n    padding-left: 370px;\n}\n\n.featured-horizontal-title {\n    font-size:24px;\n    font-weight:500;\n}\n<\/style>\n\t\t<\/div>\n\t<\/div>\n<\/div><\/div><\/div><\/div>\n<\/div>","protected":false},"excerpt":{"rendered":"\"Control options are endless, but the cost of implementation index drops as a function of the complexity of the project.\" A large part of equipment efficiency concerning industrial ovens, dust collectors or fresh air intake systems is directly linked to &hellip;","protected":false},"author":2,"featured_media":2920,"parent":1436,"menu_order":0,"comment_status":"closed","ping_status":"closed","template":"","meta":{"content-type":"","footnotes":""},"class_list":["post-2911","page","type-page","status-publish","has-post-thumbnail","hentry"],"_links":{"self":[{"href":"https:\/\/airex-industries.com\/fr\/wp-json\/wp\/v2\/pages\/2911","targetHints":{"allow":["GET"]}}],"collection":[{"href":"https:\/\/airex-industries.com\/fr\/wp-json\/wp\/v2\/pages"}],"about":[{"href":"https:\/\/airex-industries.com\/fr\/wp-json\/wp\/v2\/types\/page"}],"author":[{"embeddable":true,"href":"https:\/\/airex-industries.com\/fr\/wp-json\/wp\/v2\/users\/2"}],"replies":[{"embeddable":true,"href":"https:\/\/airex-industries.com\/fr\/wp-json\/wp\/v2\/comments?post=2911"}],"version-history":[{"count":0,"href":"https:\/\/airex-industries.com\/fr\/wp-json\/wp\/v2\/pages\/2911\/revisions"}],"up":[{"embeddable":true,"href":"https:\/\/airex-industries.com\/fr\/wp-json\/wp\/v2\/pages\/1436"}],"wp:featuredmedia":[{"embeddable":true,"href":"https:\/\/airex-industries.com\/fr\/wp-json\/wp\/v2\/media\/2920"}],"wp:attachment":[{"href":"https:\/\/airex-industries.com\/fr\/wp-json\/wp\/v2\/media?parent=2911"}],"curies":[{"name":"wp","href":"https:\/\/api.w.org\/{rel}","templated":true}]}}