{"id":2936,"date":"2024-08-16T13:42:56","date_gmt":"2024-08-16T13:42:56","guid":{"rendered":"https:\/\/airex-industries.com\/?page_id=2936"},"modified":"2024-11-14T01:46:16","modified_gmt":"2024-11-14T01:46:16","slug":"service-commercial","status":"publish","type":"page","link":"https:\/\/airex-industries.com\/fr\/services\/commercial-service\/","title":{"rendered":"Service commercial"},"content":{"rendered":"<div class=\"wpb-content-wrapper\"><div class=\"vc_row wpb_row vc_row-fluid\"><div class=\"wpb_column vc_column_container vc_col-md-12\"><div class=\"vc_column-inner\"><div class=\"wpb_wrapper\"><h2 style=\"text-align: left\" class=\"vc_custom_heading vc_do_custom_heading title wpb_animate_when_almost_visible wpb_slideInRight slideInRight\" >CHAUFFAGE \u2022 CLIMATISATION \u2022 R\u00c9FRIG\u00c9RATION \u2022 VENTILATION<\/h2>\n\t<div class=\"wpb_text_column wpb_content_element wpb_animate_when_almost_visible wpb_slideInLeft slideInLeft\" >\n\t\t<div class=\"wpb_wrapper\">\n\t\t\t<p>Chez Airex Industries Inc., nous sommes fiers d\u2019offrir\u00a0<strong>des services commerciaux d\u2019entretien et de r\u00e9paration de qualit\u00e9 sup\u00e9rieure<\/strong> pour tous vos besoins en climatisation, chauffage et r\u00e9frig\u00e9ration.<\/p>\n<p>Nous offrons le service d\u2019entretien et de maintenance, la r\u00e9paration, la vente et l\u2019installation de syst\u00e8mes de climatisation, de r\u00e9frig\u00e9ration et de chauffage commerciaux.<\/p>\n<p>Nous comprenons \u00e0 quel point il est important que votre \u00e9quipement fonctionne correctement, en particulier dans les environnements commerciaux ou tout temps d\u2019arr\u00eat peut entra\u00eener une perte de revenus. C\u2019est pourquoi nous avons une \u00e9quipe de\u00a0<strong>m\u00e9caniciens en r\u00e9frig\u00e9ration qualifi\u00e9s<\/strong>\u00a0et exp\u00e9riment\u00e9s qui se consacrent \u00e0 vous fournir un service rapide et fiable.<\/p>\n<p>Nous desservons la grande r\u00e9gion de Montr\u00e9al, incluant les rives nord et sud.<\/p>\n\n\t\t<\/div>\n\t<\/div>\n<\/div><\/div><\/div><\/div><div class=\"vc_row wpb_row vc_row-fluid wpb_animate_when_almost_visible wpb_slideInRight slideInRight\"><div class=\"wpb_column vc_column_container vc_col-md-12\"><div class=\"vc_column-inner\"><div class=\"wpb_wrapper\"><div class=\"vc_empty_space\"   style=\"height: 12px\"><span class=\"vc_empty_space_inner\"><\/span><\/div><\/div><\/div><\/div><\/div><div class=\"vc_row wpb_row vc_row-fluid wpb_animate_when_almost_visible wpb_slideInRight slideInRight\"><div class=\"wpb_column vc_column_container vc_col-md-12\"><div class=\"vc_column-inner\"><div class=\"wpb_wrapper\"><h2 class='heading-left  divider-sm'  style='color: #9c1c20'><span>Nos sp\u00e9cialit\u00e9s<\/span><\/h2><div class=\"vc_row wpb_row vc_inner vc_row-fluid\"><div class=\"wpb_column vc_column_container vc_col-md-6\"><div class=\"vc_column-inner\"><div class=\"wpb_wrapper\"><div class='featured featured-has-content'><div class='featured-header'><img alt='Unit\u00e9s de toit' src='https:\/\/airex-industries.com\/wp-content\/uploads\/2024\/08\/rooftop-426x266-1.webp'\/><\/div><div class='featured-content'><h3 class='featured-title text-uppercase'>Unit\u00e9s de toit<\/h3><p class='featured-desc'><\/p>\n<ul>\n<li>Unit\u00e9s de type \u2018\u2019rooftop\u2019\u2019 au gaz ou \u00e9lectrique<\/li>\n<li>Base de toit<\/li>\n<\/ul>\n<p><\/p><\/div><\/div><div class=\"vc_empty_space\"   style=\"height: 12px\"><span class=\"vc_empty_space_inner\"><\/span><\/div><\/div><\/div><\/div><div class=\"wpb_column vc_column_container vc_col-md-6\"><div class=\"vc_column-inner\"><div class=\"wpb_wrapper\"><div class='featured featured-has-content'><div class='featured-header'><img alt='R\u00e9frig\u00e9ration - chambres froides' src='https:\/\/airex-industries.com\/wp-content\/uploads\/2024\/08\/evaporateur-refrigeration.webp'\/><\/div><div class='featured-content'><h3 class='featured-title text-uppercase'>R\u00e9frig\u00e9ration - chambres froides<\/h3><p class='featured-desc'><\/p>\n<ul>\n<li>Chambres froides de type cong\u00e9lateur<\/li>\n<li>Chambre froides de type r\u00e9frig\u00e9rateur<\/li>\n<\/ul>\n<p><\/p><\/div><\/div><div class=\"vc_empty_space\"   style=\"height: 12px\"><span class=\"vc_empty_space_inner\"><\/span><\/div><\/div><\/div><\/div><\/div><div class=\"vc_row wpb_row vc_inner vc_row-fluid\"><div class=\"wpb_column vc_column_container vc_col-md-6\"><div class=\"vc_column-inner\"><div class=\"wpb_wrapper\"><div class='featured featured-has-content'><div class='featured-header'><img alt='Machines \u00e0 glace' src='https:\/\/airex-industries.com\/wp-content\/uploads\/2024\/08\/manitowoc-machine-a-glace.webp'\/><\/div><div class='featured-content'><h3 class='featured-title text-uppercase'>Machines \u00e0 glace<\/h3><p class='featured-desc'><\/p>\n<ul>\n<li>Manitowoc<\/li>\n<li>Scotsman<\/li>\n<\/ul>\n<div id=\"gtx-trans\" style=\"position: absolute; left: -26px; top: -10px;\">\n<div class=\"gtx-trans-icon\"><\/div>\n<\/div>\n<p><\/p><\/div><\/div><div class=\"vc_empty_space\"   style=\"height: 12px\"><span class=\"vc_empty_space_inner\"><\/span><\/div><\/div><\/div><\/div><div class=\"wpb_column vc_column_container vc_col-md-6\"><div class=\"vc_column-inner\"><div class=\"wpb_wrapper\"><div class='featured featured-has-content'><div class='featured-header'><img alt='R\u00e9frig\u00e9rateurs - cong\u00e9lateurs' src='https:\/\/airex-industries.com\/wp-content\/uploads\/2024\/08\/petit-congelateur.webp'\/><\/div><div class='featured-content'><h3 class='featured-title text-uppercase'>R\u00e9frig\u00e9rateurs - cong\u00e9lateurs<\/h3><p class='featured-desc'><\/p>\n<ul>\n<li>H &amp; K<\/li>\n<li>True<\/li>\n<\/ul>\n<p><\/p><\/div><\/div><div class=\"vc_empty_space\"   style=\"height: 12px\"><span class=\"vc_empty_space_inner\"><\/span><\/div><\/div><\/div><\/div><\/div><\/div><\/div><\/div><\/div><div class=\"vc_row wpb_row vc_row-fluid\"><div class=\"wpb_column vc_column_container vc_col-md-12\"><div class=\"vc_column-inner\"><div class=\"wpb_wrapper\"><div class=\"vc_empty_space\"   style=\"height: 22px\"><span class=\"vc_empty_space_inner\"><\/span><\/div>\n\t<div class=\"wpb_text_column wpb_content_element\" >\n\t\t<div class=\"wpb_wrapper\">\n\t\t\t<h2 style=\"color: #9c1c20; margin-top: 30px;\">Services offerts<\/h2>\n<ul>\n<li><a href=\"\/fr\/services\/installation-maintenance\/service-entretien\/\">Service et entretien<\/a><\/li>\n<li>R\u00e9paration (service 24 heures pour les urgences)<\/li>\n<li>Vente et <a href=\"\/fr\/services\/installation-maintenance\/installations\/\">installations<\/a><\/li>\n<li>Plans et devis<\/li>\n<li>Fabrication de conduit de ventilation<\/li>\n<\/ul>\n<h2 style=\"color: #9c1c20; margin-top: 30px;\">Contrats de services<\/h2>\n<p>Un entretien r\u00e9gulier est essentiel au bon fonctionnement de votre \u00e9quipement de climatisation et de r\u00e9frig\u00e9ration.  Nous proposons des contrats de service et de maintenance allant de 2 \u00e0 6 visites par an.  En plus de l\u2019entretien courant, nos contrats de service incluent \u00e9galement un service d\u2019urgence 24 heures, 7 jours sur 7.  Cela signifie que si vous avez un probl\u00e8me avec votre \u00e9quipement de r\u00e9frig\u00e9ration, nous sommes disponibles pour vous fournir un service rapide et fiable, peu importe l\u2019heure du jour ou de la nuit.<\/p>\n<h2 style=\"color: #9c1c20; margin-top: 30px;\">Projets d\u2019\u00e9quipements neufs<\/h2>\n<p>Chez Airex Industries, nous sommes \u00e9galement tr\u00e8s exp\u00e9riment\u00e9s dans la r\u00e9alisation de projets commerciaux, que ce soit pour une construction neuve ou une r\u00e9novation.  Nous avons travaill\u00e9 sur des projets dans les secteurs de la restauration, d\u2019immeubles commerciaux locatifs et de mausol\u00e9s.  Nous sommes votre guichet unique pour :<\/p>\n<ul>\n<li>Estimation des besoins de climatisation, chauffage et ventilation<\/li>\n<li>Pr\u00e9paration des dessins de ventilation<\/li>\n<li>Fabrication et installation des conduits de ventilation<\/li>\n<li>Installation des \u00e9quipements de climatisation, chauffage et r\u00e9frig\u00e9ration.<\/li>\n<\/ul>\n<p>Nous avons une \u00e9quipe exp\u00e9riment\u00e9e de :<\/p>\n<ul>\n<li>Charg\u00e9 de projets<\/li>\n<li>Dessinateurs<\/li>\n<li>Ferblantiers<\/li>\n<li>Frigoristes<\/li>\n<li>Estimateurs<\/li>\n<\/ul>\n<p>Nous travaillons \u00e9galement en \u00e9troite collaboration avec :<\/p>\n<ul>\n<li>\u00c9lectriciens<\/li>\n<li>Plombiers<\/li>\n<li>Grutiers<\/li>\n<\/ul>\n\n\t\t<\/div>\n\t<\/div>\n<\/div><\/div><\/div><\/div><div class=\"vc_row wpb_row vc_row-fluid\"><div class=\"wpb_column vc_column_container vc_col-md-12\"><div class=\"vc_column-inner\"><div class=\"wpb_wrapper\"><div class=\"vc_empty_space\"   style=\"height: 6px\"><span class=\"vc_empty_space_inner\"><\/span><\/div><h2 class='heading-left  divider-sm'  style='color: #9c1c20'><span>Services suppl\u00e9mentaires<\/span><\/h2><\/div><\/div><\/div><\/div><div class=\"vc_row wpb_row vc_row-fluid\"><div class=\"wpb_column vc_column_container vc_col-md-3\"><div class=\"vc_column-inner\"><div class=\"wpb_wrapper\"><div class=\"vc-hoverbox-wrapper  vc_custom_1722368406809 wpb_animate_when_almost_visible wpb_zoomInUp zoomInUp vc-hoverbox-shape--square vc-hoverbox-align--center vc-hoverbox-direction--default vc-hoverbox-width--100\"  ontouchstart=\"\">\n  <div class=\"vc-hoverbox\">\n    <div class=\"vc-hoverbox-inner\">\n      <div class=\"vc-hoverbox-block vc-hoverbox-front\" style=\"background-image: url(https:\/\/airex-industries.com\/wp-content\/uploads\/2024\/07\/engineering-icon-190x260-1.jpg);\">\n        <div class=\"vc-hoverbox-block-inner vc-hoverbox-front-inner\">\n            <h2 style=\"text-align:center\">Ing\u00e9nierie<\/h2>\n        <\/div>\n      <\/div>\n      <div class=\"vc-hoverbox-block vc-hoverbox-back\" style=\"background-color: #9c1c20;\">\n        <div class=\"vc-hoverbox-block-inner vc-hoverbox-back-inner\">\n            <h2 style=\"text-align:center\">Ing\u00e9nierie<\/h2>\n            <p>Conception de solution adapt\u00e9e.<\/p>\n\n            <div class=\"vc_btn3-container vc_btn3-inline\"><a class=\"vc_general vc_btn3 vc_btn3-size-md vc_btn3-shape-rounded vc_btn3-style-modern vc_btn3-color-white\" href=\"\/fr\/services\/ingenierie-construction\/ingenierie\/\" title=\"EN SAVOIR PLUS\" target=\"_self\">EN SAVOIR PLUS<\/a><\/div>\n\n        <\/div>\n      <\/div>\n    <\/div>\n  <\/div>\n<\/div><\/div><\/div><\/div><div class=\"wpb_column vc_column_container vc_col-md-3\"><div class=\"vc_column-inner\"><div class=\"wpb_wrapper\"><div class=\"vc-hoverbox-wrapper  vc_custom_1722368288676 wpb_animate_when_almost_visible wpb_zoomInUp zoomInUp vc-hoverbox-shape--square vc-hoverbox-align--center vc-hoverbox-direction--default vc-hoverbox-width--100\"  ontouchstart=\"\">\n  <div class=\"vc-hoverbox\">\n    <div class=\"vc-hoverbox-inner\">\n      <div class=\"vc-hoverbox-block vc-hoverbox-front\" style=\"background-image: url(https:\/\/airex-industries.com\/wp-content\/uploads\/2024\/07\/integrated-design-190x260-1.jpg);\">\n        <div class=\"vc-hoverbox-block-inner vc-hoverbox-front-inner\">\n            <h2 style=\"text-align:center\">Conception int\u00e9gr\u00e9e<\/h2>\n        <\/div>\n      <\/div>\n      <div class=\"vc-hoverbox-block vc-hoverbox-back\" style=\"background-color: #9c1c20;\">\n        <div class=\"vc-hoverbox-block-inner vc-hoverbox-back-inner\">\n            <h2 style=\"text-align:center\">Conception int\u00e9gr\u00e9e<\/h2>\n            <p>Am\u00e9lioration g\u00e9n\u00e9ralis\u00e9 des proc\u00e9d\u00e9s.<\/p>\n\n            <div class=\"vc_btn3-container vc_btn3-inline\"><a class=\"vc_general vc_btn3 vc_btn3-size-md vc_btn3-shape-rounded vc_btn3-style-modern vc_btn3-color-white\" href=\"\/fr\/services\/ingenierie-construction\/conception-de-projet-integree\/\" title=\"EN SAVOIR PLUS\" target=\"_self\">EN SAVOIR PLUS<\/a><\/div>\n\n        <\/div>\n      <\/div>\n    <\/div>\n  <\/div>\n<\/div><\/div><\/div><\/div><div class=\"wpb_column vc_column_container vc_col-md-3\"><div class=\"vc_column-inner\"><div class=\"wpb_wrapper\"><div class=\"vc-hoverbox-wrapper  vc_custom_1722368776071 wpb_animate_when_almost_visible wpb_zoomInUp zoomInUp vc-hoverbox-shape--square vc-hoverbox-align--center vc-hoverbox-direction--default vc-hoverbox-width--100\"  ontouchstart=\"\">\n  <div class=\"vc-hoverbox\">\n    <div class=\"vc-hoverbox-inner\">\n      <div class=\"vc-hoverbox-block vc-hoverbox-front\" style=\"background-image: url(https:\/\/airex-industries.com\/wp-content\/uploads\/2024\/07\/grants-190x260-1.jpg);\">\n        <div class=\"vc-hoverbox-block-inner vc-hoverbox-front-inner\">\n            <h2 style=\"text-align:center\">Subventions<\/h2>\n        <\/div>\n      <\/div>\n      <div class=\"vc-hoverbox-block vc-hoverbox-back\" style=\"background-color: #9c1c20;\">\n        <div class=\"vc-hoverbox-block-inner vc-hoverbox-back-inner\">\n            <h2 style=\"text-align:center\">Subventions<\/h2>\n            <p>Optimisation des subventions admissibles.<\/p>\n\n            <div class=\"vc_btn3-container vc_btn3-inline\"><a class=\"vc_general vc_btn3 vc_btn3-size-md vc_btn3-shape-rounded vc_btn3-style-modern vc_btn3-color-white\" href=\"\/fr\/services\/ingenierie-construction\/subventions\/\" title=\"EN SAVOIR PLUS\" target=\"_self\">EN SAVOIR PLUS<\/a><\/div>\n\n        <\/div>\n      <\/div>\n    <\/div>\n  <\/div>\n<\/div><\/div><\/div><\/div><div class=\"wpb_column vc_column_container vc_col-md-3\"><div class=\"vc_column-inner\"><div class=\"wpb_wrapper\"><div class=\"vc-hoverbox-wrapper  vc_custom_1722369232111 wpb_animate_when_almost_visible wpb_zoomInUp zoomInUp vc-hoverbox-shape--square vc-hoverbox-align--center vc-hoverbox-direction--default vc-hoverbox-width--100\"  ontouchstart=\"\">\n  <div class=\"vc-hoverbox\">\n    <div class=\"vc-hoverbox-inner\">\n      <div class=\"vc-hoverbox-block vc-hoverbox-front\" style=\"background-image: url(https:\/\/airex-industries.com\/wp-content\/uploads\/2024\/07\/industrial-manufacturing-190x260-1.jpg);\">\n        <div class=\"vc-hoverbox-block-inner vc-hoverbox-front-inner\">\n            <h2 style=\"text-align:center\">Manufacturier industriel<\/h2>\n        <\/div>\n      <\/div>\n      <div class=\"vc-hoverbox-block vc-hoverbox-back\" style=\"background-color: #9c1c20;\">\n        <div class=\"vc-hoverbox-block-inner vc-hoverbox-back-inner\">\n            <h2 style=\"text-align:center\">Manufacturier industriel<\/h2>\n            <p>Flexibilit\u00e9 de fabrication sur mesure.<\/p>\n\n            <div class=\"vc_btn3-container vc_btn3-inline\"><a class=\"vc_general vc_btn3 vc_btn3-size-md vc_btn3-shape-rounded vc_btn3-style-modern vc_btn3-color-white\" href=\"\/fr\/services\/manufacturier-industriel\/\" title=\"EN SAVOIR PLUS\" target=\"_self\">EN SAVOIR PLUS<\/a><\/div>\n\n        <\/div>\n      <\/div>\n    <\/div>\n  <\/div>\n<\/div><\/div><\/div><\/div><\/div><div class=\"vc_row wpb_row vc_row-fluid\"><div class=\"wpb_column vc_column_container vc_col-md-12\"><div class=\"vc_column-inner\"><div class=\"wpb_wrapper\">\n\t<div class=\"wpb_raw_code wpb_raw_html wpb_content_element\" >\n\t\t<div class=\"wpb_wrapper\">\n\t\t\t<style>\n.vc-hoverbox-block-inner,.vc-hoverbox-back-inner > h2{\ncolor:#ffffff!important;\n}\n.vc-hoverbox-block-inner, .vc-hoverbox-front-inner > h2{\ncolor:#ffffff!important;\n}\n\n.vc-hoverbox-back-inner > h2{\nfont-size:20px;\n}\n\n.vc-hoverbox-back-inner > p{\nline-height:18px;\nmargin-bottom:16px;\n}\n\n.vc-hoverbox-front-inner > h2{\nfont-size:20px;\n}\n\n.featured-horizontal {\n    min-height: 120px;\n}\n\n.featured-horizontal-header {\n    width: 200px;\n}\n\n.featured-horizontal-content {\n    padding-left: 230px;\n}\n\n.featured-horizontal-title {\n    color: #9c1c20;\n}\n<\/style>\n\t\t<\/div>\n\t<\/div>\n<\/div><\/div><\/div><\/div>\n<\/div>","protected":false},"excerpt":{"rendered":"HEATING \u2022 AIR CONDITIONING \u2022 REFRIGERATION \u2022 VENTILATION At Airex Industries Inc., we are proud to offer\u00a0superior commercial maintenance and repair services for all your air conditioning, heating, and refrigeration needs. We offer service and maintenance, repair, sales, and installation &hellip;","protected":false},"author":2,"featured_media":2762,"parent":1436,"menu_order":0,"comment_status":"closed","ping_status":"closed","template":"","meta":{"content-type":"","footnotes":""},"class_list":["post-2936","page","type-page","status-publish","has-post-thumbnail","hentry"],"_links":{"self":[{"href":"https:\/\/airex-industries.com\/fr\/wp-json\/wp\/v2\/pages\/2936","targetHints":{"allow":["GET"]}}],"collection":[{"href":"https:\/\/airex-industries.com\/fr\/wp-json\/wp\/v2\/pages"}],"about":[{"href":"https:\/\/airex-industries.com\/fr\/wp-json\/wp\/v2\/types\/page"}],"author":[{"embeddable":true,"href":"https:\/\/airex-industries.com\/fr\/wp-json\/wp\/v2\/users\/2"}],"replies":[{"embeddable":true,"href":"https:\/\/airex-industries.com\/fr\/wp-json\/wp\/v2\/comments?post=2936"}],"version-history":[{"count":0,"href":"https:\/\/airex-industries.com\/fr\/wp-json\/wp\/v2\/pages\/2936\/revisions"}],"up":[{"embeddable":true,"href":"https:\/\/airex-industries.com\/fr\/wp-json\/wp\/v2\/pages\/1436"}],"wp:featuredmedia":[{"embeddable":true,"href":"https:\/\/airex-industries.com\/fr\/wp-json\/wp\/v2\/media\/2762"}],"wp:attachment":[{"href":"https:\/\/airex-industries.com\/fr\/wp-json\/wp\/v2\/media?parent=2936"}],"curies":[{"name":"wp","href":"https:\/\/api.w.org\/{rel}","templated":true}]}}