{"id":3127,"date":"2024-08-23T13:01:16","date_gmt":"2024-08-23T13:01:16","guid":{"rendered":"https:\/\/airex-industries.com\/?page_id=3127"},"modified":"2024-12-02T16:04:30","modified_gmt":"2024-12-02T16:04:30","slug":"produits","status":"publish","type":"page","link":"https:\/\/airex-industries.com\/fr\/products\/","title":{"rendered":"Produits"},"content":{"rendered":"<div class=\"wpb-content-wrapper\"><div class=\"vc_row wpb_row vc_row-fluid\"><div class=\"wpb_column vc_column_container vc_col-md-12\"><div class=\"vc_column-inner\"><div class=\"wpb_wrapper\">\n\t<div class=\"wpb_text_column wpb_content_element wpb_animate_when_almost_visible wpb_slideInRight slideInRight\" >\n\t\t<div class=\"wpb_wrapper\">\n\t\t\t<p>Airex Industries con\u00e7oit et fabrique une large gamme de solutions de nettoyage de l'air et de contr\u00f4le de la pollution pour l'industrie manufacturi\u00e8re. D\u00e9couvrez nos produits.<\/p>\n\n\t\t<\/div>\n\t<\/div>\n<\/div><\/div><\/div><\/div><div class=\"vc_row wpb_row vc_row-fluid vc_custom_1722285190270\"><div class=\"wpb_column vc_column_container vc_col-md-4\"><div class=\"vc_column-inner\"><div class=\"wpb_wrapper\"><div class='featured featured-has-link featured-has-content'><div class='featured-header'><a target='_self' href='\/fr\/produits\/depoussiereur\/'><img alt='D\u00c9POUSSI\u00c9REUR' src='https:\/\/airex-industries.com\/wp-content\/uploads\/2024\/08\/dust-collector-722x368-1.webp'\/><\/a><\/div><div class='featured-content'><h3 class='featured-title text-uppercase'><a target='_self' href='\/fr\/produits\/depoussiereur\/'>D\u00c9POUSSI\u00c9REUR<\/a><\/h3><p class='featured-desc'>Airex Industries produit une large gamme de d\u00e9poussi\u00e9reurs \u00e0 manches, \u00e0 cartouches, \u00e0 cyclones et humides pour pratiquement toutes les applications de fabrication.<\/p><a class='btn btn-md btn-minimal' target='_self' href='\/fr\/produits\/depoussiereur\/'>EN SAVOIR PLUS<\/a><\/div><\/div><div class=\"vc_empty_space\"   style=\"height: 40px\"><span class=\"vc_empty_space_inner\"><\/span><\/div><div class='featured featured-has-link featured-has-content'><div class='featured-header'><a target='_self' href='\/fr\/produits\/unite-de-traitement-de-l-air\/'><img alt='UNIT\u00c9 DE TRAITEMENT DE L&#039;AIR' src='https:\/\/airex-industries.com\/wp-content\/uploads\/2024\/09\/airmake-up-722x368-1.webp'\/><\/a><\/div><div class='featured-content'><h3 class='featured-title text-uppercase'><a target='_self' href='\/fr\/produits\/unite-de-traitement-de-l-air\/'>UNIT\u00c9 DE TRAITEMENT DE L'AIR<\/a><\/h3><p class='featured-desc'>Les unit\u00e9s de traitement d\u2019air d\u2019Airex Industries sont con\u00e7ues pour une qualit\u00e9 de l\u2019air et une efficacit\u00e9 \u00e9nerg\u00e9tique sup\u00e9rieures. B\u00e9n\u00e9ficiez de performances fiables et rentables qui am\u00e9liorent votre environnement industriel.<\/p><a class='btn btn-md btn-minimal' target='_self' href='\/fr\/produits\/unite-de-traitement-de-l-air\/'>EN SAVOIR PLUS<\/a><\/div><\/div><div class=\"vc_empty_space\"   style=\"height: 40px\"><span class=\"vc_empty_space_inner\"><\/span><\/div><div class='featured featured-has-link featured-has-content'><div class='featured-header'><a target='_self' href='\/fr\/produits\/four-industriel\/'><img alt='FOUR INDUSTRIEL' src='https:\/\/airex-industries.com\/wp-content\/uploads\/2024\/09\/oven-722x368webp.webp'\/><\/a><\/div><div class='featured-content'><h3 class='featured-title text-uppercase'><a target='_self' href='\/fr\/produits\/four-industriel\/'>FOUR INDUSTRIEL<\/a><\/h3><p class='featured-desc'>Ce four industriel est habituellement employ\u00e9 pour les applications telles que traiter, cuire ou s\u00e9cher des composants, des pi\u00e8ces et\/ou m\u00eame des produits finis. Notre four industriel est conforme aux normes de la NFPA86.<\/p><a class='btn btn-md btn-minimal' target='_self' href='\/fr\/produits\/four-industriel\/'>EN SAVOIR PLUS<\/a><\/div><\/div><\/div><\/div><\/div><div class=\"wpb_column vc_column_container vc_col-md-4\"><div class=\"vc_column-inner\"><div class=\"wpb_wrapper\"><div class='featured featured-has-link featured-has-content'><div class='featured-header'><a target='_self' href='\/fr\/produits\/accessoire-pour-depoussiereur\/'><img alt='ACCESSOIRE POUR D\u00c9POUSSI\u00c9REUR' src='https:\/\/airex-industries.com\/wp-content\/uploads\/2024\/08\/capture-arm-722x368-1.webp'\/><\/a><\/div><div class='featured-content'><h3 class='featured-title text-uppercase'><a target='_self' href='\/fr\/produits\/accessoire-pour-depoussiereur\/'>ACCESSOIRE POUR D\u00c9POUSSI\u00c9REUR<\/a><\/h3><p class='featured-desc'>Am\u00e9liorez votre syst\u00e8me de d\u00e9poussi\u00e9rage avec nos accessoires de qualit\u00e9 sup\u00e9rieure, notamment des registres, des bras de capture et des vannes. Am\u00e9liorez l\u2019efficacit\u00e9 et la qualit\u00e9 de l\u2019air.<\/p><a class='btn btn-md btn-minimal' target='_self' href='\/fr\/produits\/accessoire-pour-depoussiereur\/'>EN SAVOIR PLUS<\/a><\/div><\/div><div class=\"vc_empty_space\"   style=\"height: 40px\"><span class=\"vc_empty_space_inner\"><\/span><\/div><div class='featured featured-has-link featured-has-content'><div class='featured-header'><a target='_self' href='\/fr\/produits\/solution-de-recuperation-d-energie\/'><img alt='SOLUTION DE R\u00c9CUP\u00c9RATION D&#039;\u00c9NERGIE' src='https:\/\/airex-industries.com\/wp-content\/uploads\/2024\/09\/vfd-722x368-1.webp'\/><\/a><\/div><div class='featured-content'><h3 class='featured-title text-uppercase'><a target='_self' href='\/fr\/produits\/solution-de-recuperation-d-energie\/'>SOLUTION DE R\u00c9CUP\u00c9RATION D'\u00c9NERGIE<\/a><\/h3><p class='featured-desc'>Airex Industries con\u00e7oit et fabrique une large gamme de solutions de r\u00e9cup\u00e9ration d'\u00e9nergie pour r\u00e9duire les co\u00fbts \u00e9nerg\u00e9tiques et un environnement plus vert.<\/p><a class='btn btn-md btn-minimal' target='_self' href='\/fr\/produits\/solution-de-recuperation-d-energie\/'>EN SAVOIR PLUS<\/a><\/div><\/div><\/div><\/div><\/div><div class=\"wpb_column vc_column_container vc_col-md-4\"><div class=\"vc_column-inner\"><div class=\"wpb_wrapper\"><div class='featured featured-has-link featured-has-content'><div class='featured-header'><a target='_self' href='\/fr\/produits\/solution-de-controle-de-l-environnement\/'><img alt='SOLUTION DE CONTR\u00d4LE DE L&#039;ENVIRONNEMENT' src='https:\/\/airex-industries.com\/wp-content\/uploads\/2024\/08\/downdraft-table-722-x368.webp'\/><\/a><\/div><div class='featured-content'><h3 class='featured-title text-uppercase'><a target='_self' href='\/fr\/produits\/solution-de-controle-de-l-environnement\/'>SOLUTION DE CONTR\u00d4LE DE L'ENVIRONNEMENT<\/a><\/h3><p class='featured-desc'>Airex Industries produit une large gamme de syst\u00e8mes de purification d'air, de tables aspirantes et d'unit\u00e9s portables pour les applications de fabrication courantes.<\/p><a class='btn btn-md btn-minimal' target='_self' href='\/fr\/produits\/solution-de-controle-de-l-environnement\/'>EN SAVOIR PLUS<\/a><\/div><\/div><div class=\"vc_empty_space\"   style=\"height: 40px\"><span class=\"vc_empty_space_inner\"><\/span><\/div><div class='featured featured-has-link featured-has-content'><div class='featured-header'><a target='_self' href='\/fr\/produits\/ventilateur-industriel\/'><img alt='VENTILATEUR INDUSTRIEL' src='https:\/\/airex-industries.com\/wp-content\/uploads\/2024\/09\/industrial-blower-backward-wheel-722x368-1.webp'\/><\/a><\/div><div class='featured-content'><h3 class='featured-title text-uppercase'><a target='_self' href='\/fr\/produits\/ventilateur-industriel\/'>VENTILATEUR INDUSTRIEL<\/a><\/h3><p class='featured-desc'>Airex Industries con\u00e7oit et fabrique diff\u00e9rents types de ventilateurs industriels pour les syst\u00e8mes de nettoyage d'air industriels courants.<\/p><a class='btn btn-md btn-minimal' target='_self' href='\/fr\/produits\/ventilateur-industriel\/'>EN SAVOIR PLUS<\/a><\/div><\/div><\/div><\/div><\/div><\/div><div class=\"vc_row wpb_row vc_row-fluid\"><div class=\"wpb_column vc_column_container vc_col-md-12\"><div class=\"vc_column-inner\"><div class=\"wpb_wrapper\">\n\t<div class=\"wpb_raw_code wpb_raw_html wpb_content_element\" >\n\t\t<div class=\"wpb_wrapper\">\n\t\t\t<style>\n.featured:not(.product) .featured-desc {\n    line-height: 22px;\n}\n<\/style>\n\t\t<\/div>\n\t<\/div>\n<\/div><\/div><\/div><\/div><div data-vc-full-width=\"true\" data-vc-full-width-temp=\"true\" data-vc-full-width-init=\"false\" class=\"vc_row wpb_row vc_row-fluid vc_custom_1721861712810 vc_row-has-fill\"><div class=\"wpb_column vc_column_container vc_col-md-12\"><div class=\"vc_column-inner vc_custom_1453295795563\"><div class=\"wpb_wrapper\"><div class=\"download\"><div class='download-content text-uppercase' style='color: #ffffff'><i class='fa fas fa-file-pdf'><\/i> T\u00c9L\u00c9CHARGEZ UN CATALOGUE DE NOTRE HISTOIRE ET DE NOS SERVICES<\/div><a target='_self' href='\/wp-content\/uploads\/2024\/09\/Airex_FR-Edition-4.0NEW.pdf' class='btn btn-md btn-dark btn-shadow'><i class='fa fas fa-cloud-download-alt'><\/i> T\u00c9L\u00c9CHARGER<\/a><\/div><\/div><\/div><\/div><\/div><div class=\"vc_row-full-width vc_clearfix\"><\/div>\n<\/div>","protected":false},"excerpt":{"rendered":"Airex Industries designs and manufactures a wide range of air cleaning and pollution control products for industrial manufacturing. Discover our solutions. DUST COLLECTORSAirex Industries produces a wide range of baghouse, cartridge, cyclone, and wet dust collectors for virtually any manufacturing &hellip;","protected":false},"author":2,"featured_media":3595,"parent":0,"menu_order":0,"comment_status":"closed","ping_status":"closed","template":"","meta":{"content-type":"","footnotes":""},"class_list":["post-3127","page","type-page","status-publish","has-post-thumbnail","hentry"],"_links":{"self":[{"href":"https:\/\/airex-industries.com\/fr\/wp-json\/wp\/v2\/pages\/3127","targetHints":{"allow":["GET"]}}],"collection":[{"href":"https:\/\/airex-industries.com\/fr\/wp-json\/wp\/v2\/pages"}],"about":[{"href":"https:\/\/airex-industries.com\/fr\/wp-json\/wp\/v2\/types\/page"}],"author":[{"embeddable":true,"href":"https:\/\/airex-industries.com\/fr\/wp-json\/wp\/v2\/users\/2"}],"replies":[{"embeddable":true,"href":"https:\/\/airex-industries.com\/fr\/wp-json\/wp\/v2\/comments?post=3127"}],"version-history":[{"count":0,"href":"https:\/\/airex-industries.com\/fr\/wp-json\/wp\/v2\/pages\/3127\/revisions"}],"wp:featuredmedia":[{"embeddable":true,"href":"https:\/\/airex-industries.com\/fr\/wp-json\/wp\/v2\/media\/3595"}],"wp:attachment":[{"href":"https:\/\/airex-industries.com\/fr\/wp-json\/wp\/v2\/media?parent=3127"}],"curies":[{"name":"wp","href":"https:\/\/api.w.org\/{rel}","templated":true}]}}