{"id":3153,"date":"2024-09-03T18:46:33","date_gmt":"2024-09-03T18:46:33","guid":{"rendered":"https:\/\/airex-industries.com\/?page_id=3153"},"modified":"2025-02-26T17:46:32","modified_gmt":"2025-02-26T22:46:32","slug":"solution-de-controle-de-l-environnement","status":"publish","type":"page","link":"https:\/\/airex-industries.com\/fr\/products\/environmental-control-solution\/","title":{"rendered":"Solution de contr\u00f4le de l'environnement"},"content":{"rendered":"<div class=\"wpb-content-wrapper\"><div class=\"vc_row wpb_row vc_row-fluid\"><div class=\"wpb_column vc_column_container vc_col-md-12\"><div class=\"vc_column-inner\"><div class=\"wpb_wrapper\">\n\t<div class=\"wpb_text_column wpb_content_element wpb_animate_when_almost_visible wpb_slideInRight slideInRight\" >\n\t\t<div class=\"wpb_wrapper\">\n\t\t\t<p>Airex Industries con\u00e7oit et fabrique une large gamme de solutions de contr\u00f4le environnemental pour la fabrication industrielle. D\u00e9couvrez nos produits.<\/p>\n\n\t\t<\/div>\n\t<\/div>\n<\/div><\/div><\/div><\/div><div class=\"vc_row wpb_row vc_row-fluid vc_custom_1722285190270\"><div class=\"wpb_column vc_column_container vc_col-md-4\"><div class=\"vc_column-inner\"><div class=\"wpb_wrapper\"><div class='featured featured-has-link featured-has-content'><div class='featured-header'><a target='_self' href='\/fr\/produits\/solution-de-controle-de-l-environnement\/table-aspirante\/'><img alt='Tables Aspirantes' src='https:\/\/airex-industries.com\/wp-content\/uploads\/2024\/08\/downdraft-table-722-x368.webp'\/><\/a><\/div><div class='featured-content'><h3 class='featured-title text-uppercase'><a target='_self' href='\/fr\/produits\/solution-de-controle-de-l-environnement\/table-aspirante\/'>Tables Aspirantes<\/a><\/h3><p class='featured-desc'>La table aspirante \u00e0 cartouche autonettoyante aide \u00e0 \u00e9liminer la fum\u00e9e, les poussi\u00e8res et les autres polluants a\u00e9roport\u00e9s de la zone respirable du travailleur.<\/p><a class='btn btn-md btn-minimal' target='_self' href='\/fr\/produits\/solution-de-controle-de-l-environnement\/table-aspirante\/'>EN SAVOIR PLUS<\/a><\/div><\/div><div class=\"vc_empty_space\"   style=\"height: 40px\"><span class=\"vc_empty_space_inner\"><\/span><\/div><div class='featured featured-has-link featured-has-content'><div class='featured-header'><a target='_self' href='\/fr\/produits\/solution-de-controle-de-l-environnement\/purificateur-air-ambiant\/'><img alt='Purificateurs d&#039;air ambiant Eradicator' src='https:\/\/airex-industries.com\/wp-content\/uploads\/2025\/02\/eradicator-ambient-air-cleaner-722x368-1.png'\/><\/a><\/div><div class='featured-content'><h3 class='featured-title text-uppercase'><a target='_self' href='\/fr\/produits\/solution-de-controle-de-l-environnement\/purificateur-air-ambiant\/'>Purificateurs d'air ambiant Eradicator<\/a><\/h3><p class='featured-desc'>Affichant un impressionnant d\u00e9bit d'air de 4500 CFM, ce syst\u00e8me avanc\u00e9 \u00e9limine efficacement les polluants en suspension dans l'air ambiant.<\/p><a class='btn btn-md btn-minimal' target='_self' href='\/fr\/produits\/solution-de-controle-de-l-environnement\/purificateur-air-ambiant\/'>EN SAVOIR PLUS<\/a><\/div><\/div><div class=\"vc_empty_space\"   style=\"height: 40px\"><span class=\"vc_empty_space_inner\"><\/span><\/div><div class='featured featured-has-link featured-has-content'><div class='featured-header'><a target='_self' href='\/fr\/produits\/solution-de-controle-de-l-environnement\/filtres-a-air-hepa\/'><img alt='FILTRES \u00c0 AIR HEPA AVEC BO\u00ceTIER DE FILTRE HEPAX' src='https:\/\/airex-industries.com\/wp-content\/uploads\/2024\/11\/hepax-722x368-1.webp'\/><\/a><\/div><div class='featured-content'><h3 class='featured-title text-uppercase'><a target='_self' href='\/fr\/produits\/solution-de-controle-de-l-environnement\/filtres-a-air-hepa\/'>FILTRES \u00c0 AIR HEPA AVEC BO\u00ceTIER DE FILTRE HEPAX<\/a><\/h3><p class='featured-desc'>Les filtres HEPA de capacit\u00e9 standard Airex offrent les performances sans compromis requises pour les applications critiques exigeant le plus haut niveau de puret\u00e9 de l'air.<\/p><a class='btn btn-md btn-minimal' target='_self' href='\/fr\/produits\/solution-de-controle-de-l-environnement\/filtres-a-air-hepa\/'>EN SAVOIR PLUS<\/a><\/div><\/div><\/div><\/div><\/div><div class=\"wpb_column vc_column_container vc_col-md-4\"><div class=\"vc_column-inner\"><div class=\"wpb_wrapper\"><div class='featured featured-has-link featured-has-content'><div class='featured-header'><a target='_self' href='\/fr\/produits\/solution-de-controle-de-l-environnement\/unite-portable\/'><img alt='D\u00e9poussi\u00e9reur portable' src='https:\/\/airex-industries.com\/wp-content\/uploads\/2025\/02\/cleanbox-722x368-1.png'\/><\/a><\/div><div class='featured-content'><h3 class='featured-title text-uppercase'><a target='_self' href='\/fr\/produits\/solution-de-controle-de-l-environnement\/unite-portable\/'>D\u00e9poussi\u00e9reur portable<\/a><\/h3><p class='featured-desc'>Airex Industries con\u00e7oit des collecteurs de fum\u00e9es et de poussi\u00e8res portables qui capturent les contaminants nocifs en suspension dans l'air \u00e0 la source avant qu'ils ne puissent p\u00e9n\u00e9trer dans votre zone respiratoire.<\/p><a class='btn btn-md btn-minimal' target='_self' href='\/fr\/produits\/solution-de-controle-de-l-environnement\/unite-portable\/'>EN SAVOIR PLUS<\/a><\/div><\/div><div class=\"vc_empty_space\"   style=\"height: 40px\"><span class=\"vc_empty_space_inner\"><\/span><\/div><div class='featured featured-has-link featured-has-content'><div class='featured-header'><a target='_self' href='\/fr\/produits\/solution-de-controle-de-l-environnement\/douche-d-air\/'><img alt='Douche d&#039;air s\u00e9rie DashX' src='https:\/\/airex-industries.com\/wp-content\/uploads\/2024\/09\/airshower-722x368-1.webp'\/><\/a><\/div><div class='featured-content'><h3 class='featured-title text-uppercase'><a target='_self' href='\/fr\/produits\/solution-de-controle-de-l-environnement\/douche-d-air\/'>Douche d'air s\u00e9rie DashX<\/a><\/h3><p class='featured-desc'>La douche d\u2019air de la s\u00e9rie DashX d\u00e9velopp\u00e9e par Airex industries offre la possibilit\u00e9 aux travailleurs de se nettoyer de mani\u00e8re autonome, rapide et efficace.<\/p><a class='btn btn-md btn-minimal' target='_self' href='\/fr\/produits\/solution-de-controle-de-l-environnement\/douche-d-air\/'>EN SAVOIR PLUS<\/a><\/div><\/div><\/div><\/div><\/div><div class=\"wpb_column vc_column_container vc_col-md-4\"><div class=\"vc_column-inner\"><div class=\"wpb_wrapper\"><div class='featured featured-has-link featured-has-content'><div class='featured-header'><a target='_self' href='\/fr\/produits\/solution-de-controle-de-l-environnement\/capteur-de-brouillard-dhuiles\/'><img alt='Capteur de brouillard d&#039;huiles' src='https:\/\/airex-industries.com\/wp-content\/uploads\/2024\/11\/Airex-ARO-2500-722x368-1.webp'\/><\/a><\/div><div class='featured-content'><h3 class='featured-title text-uppercase'><a target='_self' href='\/fr\/produits\/solution-de-controle-de-l-environnement\/capteur-de-brouillard-dhuiles\/'>Capteur de brouillard d'huiles<\/a><\/h3><p class='featured-desc'>Les collecteurs de brouillard d'huile industriels Airex sont con\u00e7us pour un entretien minimal, r\u00e9duisant la d\u00e9pendance au filtre et am\u00e9liorant le drainage des fluides pour des performances sup\u00e9rieures.<\/p><a class='btn btn-md btn-minimal' target='_self' href='\/fr\/produits\/solution-de-controle-de-l-environnement\/capteur-de-brouillard-dhuiles\/'>EN SAVOIR PLUS<\/a><\/div><\/div><div class=\"vc_empty_space\"   style=\"height: 40px\"><span class=\"vc_empty_space_inner\"><\/span><\/div><div class='featured featured-has-link featured-has-content'><div class='featured-header'><a target='_self' href='\/fr\/produits\/solution-de-controle-de-l-environnement\/systeme-de-filtration-par-balayage-dair-laminaire\/'><img alt='Syst\u00e8me de filtration par balayage d&#039;air laminaire' src='https:\/\/airex-industries.com\/wp-content\/uploads\/2024\/09\/powerwallweb-722x368-1.webp'\/><\/a><\/div><div class='featured-content'><h3 class='featured-title text-uppercase'><a target='_self' href='\/fr\/produits\/solution-de-controle-de-l-environnement\/systeme-de-filtration-par-balayage-dair-laminaire\/'>Syst\u00e8me de filtration par balayage d'air laminaire<\/a><\/h3><p class='featured-desc'>Dot\u00e9 d'un design unique et compact qui cr\u00e9e un flux d'air circulaire pour capturer et filtrer efficacement l'air ambiant dans un atelier.<\/p><a class='btn btn-md btn-minimal' target='_self' href='\/fr\/produits\/solution-de-controle-de-l-environnement\/systeme-de-filtration-par-balayage-dair-laminaire\/'>EN SAVOIR PLUS<\/a><\/div><\/div><\/div><\/div><\/div><\/div><div class=\"vc_row wpb_row vc_row-fluid\"><div class=\"wpb_column vc_column_container vc_col-md-12\"><div class=\"vc_column-inner\"><div class=\"wpb_wrapper\">\n\t<div class=\"wpb_raw_code wpb_raw_html wpb_content_element\" >\n\t\t<div class=\"wpb_wrapper\">\n\t\t\t<style>\n.featured:not(.product) .featured-desc {\n    line-height: 22px;\n}\n<\/style>\n\t\t<\/div>\n\t<\/div>\n<\/div><\/div><\/div><\/div><div data-vc-full-width=\"true\" data-vc-full-width-temp=\"true\" data-vc-full-width-init=\"false\" class=\"vc_row wpb_row vc_row-fluid vc_custom_1721861712810 vc_row-has-fill\"><div class=\"wpb_column vc_column_container vc_col-md-12\"><div class=\"vc_column-inner vc_custom_1453295795563\"><div class=\"wpb_wrapper\"><div class=\"download\"><div class='download-content text-uppercase' style='color: #ffffff'><i class='fa fas fa-file-pdf'><\/i> T\u00c9L\u00c9CHARGEZ UN CATALOGUE DE NOTRE HISTOIRE ET DE NOS SERVICES<\/div><a target='_blank' href='\/wp-content\/uploads\/2024\/09\/Airex_FR-Edition-4.0NEW.pdf' class='btn btn-md btn-dark btn-shadow'><i class='fa fas fa-cloud-download-alt'><\/i> T\u00c9L\u00c9CHARGER<\/a><\/div><\/div><\/div><\/div><\/div><div class=\"vc_row-full-width vc_clearfix\"><\/div>\n<\/div>","protected":false},"excerpt":{"rendered":"Airex Industries designs and manufactures a wide range of environmental control solutions for industrial manufacturing. Discover our products. Downdraft TablesThe self-cleaning DDT cartridge downdraft table series helps eliminate dust, smoke, and other airborne pollutants before reaching the workers' breathing zone.LEARN &hellip;","protected":false},"author":2,"featured_media":0,"parent":3127,"menu_order":0,"comment_status":"closed","ping_status":"closed","template":"","meta":{"content-type":"","footnotes":""},"class_list":["post-3153","page","type-page","status-publish","hentry"],"_links":{"self":[{"href":"https:\/\/airex-industries.com\/fr\/wp-json\/wp\/v2\/pages\/3153","targetHints":{"allow":["GET"]}}],"collection":[{"href":"https:\/\/airex-industries.com\/fr\/wp-json\/wp\/v2\/pages"}],"about":[{"href":"https:\/\/airex-industries.com\/fr\/wp-json\/wp\/v2\/types\/page"}],"author":[{"embeddable":true,"href":"https:\/\/airex-industries.com\/fr\/wp-json\/wp\/v2\/users\/2"}],"replies":[{"embeddable":true,"href":"https:\/\/airex-industries.com\/fr\/wp-json\/wp\/v2\/comments?post=3153"}],"version-history":[{"count":0,"href":"https:\/\/airex-industries.com\/fr\/wp-json\/wp\/v2\/pages\/3153\/revisions"}],"up":[{"embeddable":true,"href":"https:\/\/airex-industries.com\/fr\/wp-json\/wp\/v2\/pages\/3127"}],"wp:attachment":[{"href":"https:\/\/airex-industries.com\/fr\/wp-json\/wp\/v2\/media?parent=3153"}],"curies":[{"name":"wp","href":"https:\/\/api.w.org\/{rel}","templated":true}]}}