{"id":3190,"date":"2024-09-05T15:53:56","date_gmt":"2024-09-05T15:53:56","guid":{"rendered":"https:\/\/airex-industries.com\/?page_id=3190"},"modified":"2026-02-18T09:10:05","modified_gmt":"2026-02-18T14:10:05","slug":"douche-d-air","status":"publish","type":"page","link":"https:\/\/airex-industries.com\/fr\/products\/environmental-control-solution\/air-shower\/","title":{"rendered":"Douches \u00e0 air pour chambre de d\u00e9contamination s\u00e9rie DashX"},"content":{"rendered":"<div class=\"wpb-content-wrapper\"><div class=\"vc_row wpb_row vc_row-fluid vc_custom_1453202322416\"><div class=\"wpb_column vc_column_container vc_col-md-12\"><div class=\"vc_column-inner\"><div class=\"wpb_wrapper\"><div class=\"vc_row wpb_row vc_inner vc_row-fluid\"><div class=\"wpb_column vc_column_container vc_col-md-6\"><div class=\"vc_column-inner\"><div class=\"wpb_wrapper\"><div class=\"wpb_images_carousel wpb_content_element vc_clearfix wpb_content_element wpb_animate_when_almost_visible wpb_slideInLeft slideInLeft\"><div class=\"wpb_wrapper\"><div id=\"vc_images-carousel-1-1776509601\" data-ride=\"vc_carousel\" data-wrap=\"false\" style=\"width: 100%;\" data-interval=\"0\" data-auto-height=\"yes\" data-mode=\"horizontal\" data-partial=\"false\" data-per-view=\"1\" data-hide-on-end=\"true\" class=\"vc_slide vc_images_carousel\"><ol class=\"vc_carousel-indicators\"><li data-target=\"#vc_images-carousel-1-1776509601\" data-slide-to=\"0\"><\/li><li data-target=\"#vc_images-carousel-1-1776509601\" data-slide-to=\"1\"><\/li><\/ol><div class=\"vc_carousel-inner\"><div class=\"vc_carousel-slideline\"><div class=\"vc_carousel-slideline-inner\"><div class=\"vc_item\"><div class=\"vc_inner\"><a class=\"\" href=\"https:\/\/airex-industries.com\/wp-content\/uploads\/2024\/09\/airshower-560x467-1.webp\" data-lightbox=\"lightbox[rel-3190-1789392548]\"><img loading=\"lazy\" decoding=\"async\" width=\"560\" height=\"467\" src=\"https:\/\/airex-industries.com\/wp-content\/uploads\/2024\/09\/airshower-560x467-1.webp\" class=\"attachment-full\" alt=\"DASHX series air shower developed by Airex Industries\" title=\"DASHX series air shower developed by Airex Industries\" srcset=\"https:\/\/airex-industries.com\/wp-content\/uploads\/2024\/09\/airshower-560x467-1.webp 560w, https:\/\/airex-industries.com\/wp-content\/uploads\/2024\/09\/airshower-560x467-1-300x250.webp 300w, https:\/\/airex-industries.com\/wp-content\/uploads\/2024\/09\/airshower-560x467-1-14x12.webp 14w\" sizes=\"auto, (max-width: 560px) 100vw, 560px\" \/><\/a><\/div><\/div><div class=\"vc_item\"><div class=\"vc_inner\"><a class=\"\" href=\"https:\/\/airex-industries.com\/wp-content\/uploads\/2024\/09\/filtration-principle-en1-560x467-1.webp\" data-lightbox=\"lightbox[rel-3190-1789392548]\"><img loading=\"lazy\" decoding=\"async\" width=\"560\" height=\"467\" src=\"https:\/\/airex-industries.com\/wp-content\/uploads\/2024\/09\/filtration-principle-en1-560x467-1.webp\" class=\"attachment-full\" alt=\"DASHX series air shower developed by Airex Industries\" title=\"DASHX series air shower developed by Airex Industries\" srcset=\"https:\/\/airex-industries.com\/wp-content\/uploads\/2024\/09\/filtration-principle-en1-560x467-1.webp 560w, https:\/\/airex-industries.com\/wp-content\/uploads\/2024\/09\/filtration-principle-en1-560x467-1-300x250.webp 300w, https:\/\/airex-industries.com\/wp-content\/uploads\/2024\/09\/filtration-principle-en1-560x467-1-14x12.webp 14w\" sizes=\"auto, (max-width: 560px) 100vw, 560px\" \/><\/a><\/div><\/div><\/div><\/div><\/div><a class=\"vc_left vc_carousel-control\" href=\"#vc_images-carousel-1-1776509601\" data-slide=\"prev\"><span class=\"icon-prev\"><\/span><\/a><a class=\"vc_right vc_carousel-control\" href=\"#vc_images-carousel-1-1776509601\" data-slide=\"next\"><span class=\"icon-next\"><\/span><\/a><\/div><\/div><\/div><\/div><\/div><\/div><div class=\"wpb_column vc_column_container vc_col-md-6\"><div class=\"vc_column-inner\"><div class=\"wpb_wrapper\"><h2 class='heading-left  style-1' ><span>DECONTAMINATION CHAMBER AIR SHOWER<\/span><\/h2>\n\t<div class=\"wpb_text_column wpb_content_element wpb_animate_when_almost_visible wpb_slideInRight slideInRight\" >\n\t\t<div class=\"wpb_wrapper\">\n\t\t\t<h4 style=\"margin-top: 28px; color: #9c1c20;\">The Ultimate Solution For Safe Decontamination<\/h4>\n<p>Many industrial workers are regularly exposed to airborne contaminants that cling to their clothing and equipment. Before entering clean zones, they must dust off to avoid spreading debris to break rooms, meal areas, and changing facilities. This decontamination process is necessary at every break and shift change to maintain a clean and safe environment.<\/p>\n<p>The DashX series air shower from Airex Industries offers a fast, efficient solution for independent decontamination. This booth allows workers to thoroughly clean themselves in moments, capturing even the finest particulates during the dust-removal cycle and ensuring they are safely removed from the workspace.<\/p>\n\n\t\t<\/div>\n\t<\/div>\n<a id='button-id-' target='_blank' href='\/en\/request-quote\/' class='btn btn-normal btn-lg' style='color: #ffffff;background-color: #9c1c20'>REQUEST A QUOTE<\/a><style>#button-id-:hover{background-color: #666666 !important;}<\/style><\/div><\/div><\/div><\/div><\/div><\/div><\/div><div class=\"wpb_column vc_column_container vc_col-md-12\"><div class=\"vc_column-inner\"><div class=\"wpb_wrapper\"><div class=\"vc_empty_space\"   style=\"height: 20px\"><span class=\"vc_empty_space_inner\"><\/span><\/div><h2 class='heading-left  style-1' ><span>PRODUCT DETAILS<\/span><\/h2><\/div><\/div><\/div><\/div><div class=\"vc_row wpb_row vc_row-fluid vc_custom_1453202352951\"><div class=\"wpb_column vc_column_container vc_col-md-12\"><div class=\"vc_column-inner\"><div class=\"wpb_wrapper\"><div class=\"tabs tabs-minimal tabs-shape-square tabs-align-center tabs-position-top\"><div class=\"nav-tabs-wrap\" style=\"padding-bottom: 1px\"><ul class=\"nav nav-tabs\" role=\"tablist\"><li style=\"\" role=\"presentation\" class=\" active\"><a href=\"#1453203013836-8597c7f9-27be\" aria-controls=\"1453203013836-8597c7f9-27be\" role=\"tab\" data-toggle=\"tab\"><i class=\"fas fa-cogs\"><\/i><span>OPERATION<\/span><\/a><\/li><li style=\"\" role=\"presentation\" class=\"\"><a href=\"#1453203014050-0d0948fa-bb02\" aria-controls=\"1453203014050-0d0948fa-bb02\" role=\"tab\" data-toggle=\"tab\"><i class=\"fas fa-thumbs-up\"><\/i><span>BENEFITS<\/span><\/a><\/li><li style=\"\" role=\"presentation\" class=\"\"><a href=\"#1453203014237-bdeac3c6-7753\" aria-controls=\"1453203014237-bdeac3c6-7753\" role=\"tab\" data-toggle=\"tab\"><i class=\"fas fa-filter\"><\/i><span>FILTRATION<\/span><\/a><\/li><\/ul><\/div><div class=\"tab-content\"><div role=\"tabpanel\" class=\"tab-pane active\" id=\"1453203013836-8597c7f9-27be\">\n\t<div class=\"wpb_text_column wpb_content_element wpb_animate_when_almost_visible wpb_zoomInLeft zoomInLeft vc_custom_1725551222205\" >\n\t\t<div class=\"wpb_wrapper\">\n\t\t\t<h4>AIR SHOWER OPERATION<\/h4>\n<p>Once inside the air shower, the worker presses the unit\u2019s start button. Once in action, the orbital nozzles jet a safe, high-velocity airstream to dislodge the embedded dust from the worker. The particles are then drawn through the screen located on the floor level and then directed to the primary filter section consisting of MERV 16 filter cartridges. The vast majority of the dust is collected in this compartment. The residual fine particulates that pass through the filter cartridges are directed to the secondary filter section, where they are intercepted by a HEPA-type filtration media. That purified air is then moved by the blower to again be jetted through the orbital nozzles.<\/p>\n<p>At any time, the cleaning sequence can be stopped by pressing an emergency button. One is accessible inside the booth, and one is accessible outside of it.<\/p>\n\n\t\t<\/div>\n\t<\/div>\n<\/div><div role=\"tabpanel\" class=\"tab-pane\" id=\"1453203014050-0d0948fa-bb02\">\n\t<div class=\"wpb_text_column wpb_content_element wpb_animate_when_almost_visible wpb_zoomInRight zoomInRight vc_custom_1725550951611\" >\n\t\t<div class=\"wpb_wrapper\">\n\t\t\t<h4>BENEFITS<\/h4>\n<p>This air shower has several noteworthy technical features:<\/p>\n<h5>High-Performance Unit<\/h5>\n<p>The high number of air changes within the compartment ensures unparalleled performance.<\/p>\n<h5>Compliance with Standards<\/h5>\n<p>The air shower is designed to meet the OSHA and CSA prescriptive requirements.<\/p>\n<h5>Filtration Efficiency<\/h5>\n<p>The MERV 16 filter cartridges and the HEPA filter make this unit extremely safe.<\/p>\n\n\t\t<\/div>\n\t<\/div>\n<\/div><div role=\"tabpanel\" class=\"tab-pane\" id=\"1453203014237-bdeac3c6-7753\">\n\t<div class=\"wpb_text_column wpb_content_element wpb_animate_when_almost_visible wpb_zoomInLeft zoomInLeft vc_custom_1725551586686\" >\n\t\t<div class=\"wpb_wrapper\">\n\t\t\t<h4>FILTRATION EFFICIENCY<\/h4>\n<h5>Primary Filter Section<\/h5>\n<p>This compartment contains three 8-oz spun bond MERV 16 filter cartridges with PTFE coating. This type of filtration media has a filtration efficiency of 99.4% @ 0.08 microns. This section is also equipped with a 70-PSI pulsed air jet unclogging system that maintains the airflow within the machine. The filter-cleaning is managed manually using a push-button on the control panel. A manometer indicating the differential pressure of the filters enables the worker to determine whether the air shower requires unclogging.<\/p>\n<h5>Primary Filter Specifications (Cartridges)<\/h5>\n<ul>\n<li>Dimensions: 26\u201d h x 12 \u00be\u201d\u00f8<\/li>\n<li>Number of pleats: 130<\/li>\n<li>Pleat depth: 2\u201d<\/li>\n<li>Total filtering area: 94 pi2<\/li>\n<li>Medium composition: 8 oz spun bond + PTFE<\/li>\n<li>Efficiency: 99.4% @ 0.08 microns<\/li>\n<li>Unclogging: Manual &#8211; Reverse air pulse<\/li>\n<li>Air tank pressure: 70 PSI<\/li>\n<\/ul>\n<h5>Secondary Filter Section<\/h5>\n<p>A second filtration area equipped with a HEPA-type glass microfibre media ensures the users\u2019 health and safety. The residual fine dust is therefore collected by the secondary filter, which has a filtration efficiency of 99.97% @ 0.3 microns.<\/p>\n<h5>Secondary Filter Specifications (HEPA)<\/h5>\n<ul>\n<li>Dimensions: 24\u201d x 24\u201dx 12\u201d<\/li>\n<li>Maximum flow rate without efficiency loss (PCM): 2,000<\/li>\n<li>Medium composition: Microfiber glass<\/li>\n<li>Efficiency: 99.97 % @ 0.3 microns<\/li>\n<\/ul>\n\n\t\t<\/div>\n\t<\/div>\n<\/div><\/div><\/div><\/div><\/div><\/div><\/div><div class=\"vc_row wpb_row vc_row-fluid wpb_animate_when_almost_visible wpb_bounceInLeft bounceInLeft\"><div class=\"wpb_column vc_column_container vc_col-md-12\"><div class=\"vc_column-inner\"><div class=\"wpb_wrapper\"><h2 class='heading-left  style-1' ><span>TECHNICAL SPECIFICATIONS<\/span><\/h2><div class='table-responsive'><table class='table table-striped'><thead  class='bg-primary'><tr><th>DASHX SERIES AIR SHOWER<\/th><th><\/th><\/tr><\/thead><tbody><tr><td>Blower Type:<\/td><td>Backward inclined wheel<\/td><\/tr><tr><td>Airflow (CFM)<\/td><td>1,000<\/td><\/tr><tr><td>Motor<\/td><td>7.5 HP<\/td><\/tr><tr><td>Voltage Options<\/td><td>230,460,600\/3\/60<\/td><\/tr><tr><td>Noise<\/td><td>16 dB<\/td><\/tr><tr><td>Overall Dimensions (rounded)<\/td><td>82\u201d x 57\u201d x 101\u201d<\/td><\/tr><tr><td>Interior Booth Dimensions<\/td><td>56\u201d x 47\u201d x 83\u201d<\/td><\/tr><tr><td>Weight<\/td><td>2,550 lbs. (approx.)<\/td><\/tr><tr><td>Construction<\/td><td>12 Gauge<\/td><\/tr><tr><td>Dust Drawer Capacity<\/td><td>2.3 pi3<\/td><\/tr><tr><td>Doors<\/td><td>Stainless steel glass<\/td><\/tr><tr><td>Overhead Light<\/td><td>LED 120V<\/td><\/tr><tr><td>Nozzle Type<\/td><td>Adjustable stainless steel<\/td><\/tr><tr><td>Nozzle Outlet Velocity (FPM)<\/td><td>16,000<\/td><\/tr><\/tbody><\/table><\/div>\n\t<div  class=\"wpb_single_image wpb_content_element vc_align_center wpb_content_element wpb_animate_when_almost_visible wpb_zoomInUp zoomInUp\">\n\t\t\n\t\t<figure class=\"wpb_wrapper vc_figure\">\n\t\t\t<div class=\"vc_single_image-wrapper   vc_box_border_grey\"><img loading=\"lazy\" decoding=\"async\" width=\"891\" height=\"514\" src=\"https:\/\/airex-industries.com\/wp-content\/uploads\/2024\/09\/specsen2.webp\" class=\"vc_single_image-img attachment-full\" alt=\"\" title=\"specsen2\" srcset=\"https:\/\/airex-industries.com\/wp-content\/uploads\/2024\/09\/specsen2.webp 891w, https:\/\/airex-industries.com\/wp-content\/uploads\/2024\/09\/specsen2-300x173.webp 300w, https:\/\/airex-industries.com\/wp-content\/uploads\/2024\/09\/specsen2-768x443.webp 768w, https:\/\/airex-industries.com\/wp-content\/uploads\/2024\/09\/specsen2-18x10.webp 18w\" sizes=\"auto, (max-width: 891px) 100vw, 891px\" \/><\/div>\n\t\t<\/figure>\n\t<\/div>\n<\/div><\/div><\/div><\/div><div class=\"vc_row wpb_row vc_row-fluid\"><div class=\"wpb_column vc_column_container vc_col-md-12\"><div class=\"vc_column-inner\"><div class=\"wpb_wrapper\">\n\t<div class=\"wpb_raw_code wpb_raw_html wpb_content_element\" >\n\t\t<div class=\"wpb_wrapper\">\n\t\t\t<style>\n.tabs-minimal .nav-tabs li.active a {\nbackground:#9c1c20;\ncolor:#ffffff;\n}\n.vc_row-has-fill>.vc_column_container>.vc_column-inner {\n    padding-top: 0px!important;\n}\n\n.content-container > .row > *.col-md-12 {\n    padding-bottom: 0px;\n}\n<\/style>\n\t\t<\/div>\n\t<\/div>\n<\/div><\/div><\/div><\/div><div data-vc-full-width=\"true\" data-vc-full-width-temp=\"true\" data-vc-full-width-init=\"false\" class=\"vc_row wpb_row vc_row-fluid wpb_animate_when_almost_visible wpb_bounceInLeft bounceInLeft vc_custom_1727711610504 vc_row-has-fill\"><div class=\"wpb_column vc_column_container vc_col-md-12\"><div class=\"vc_column-inner\"><div class=\"wpb_wrapper\"><div class=\"download\"><div class='download-content text-uppercase' style='color: #fff'><i class='fa fas fa-file-pdf'><\/i> DOWNLOAD PRODUCT GUIDE<\/div><a target='_blank' href='\/wp-content\/uploads\/2024\/09\/DASHX_series_EN.pdf' class='btn btn-md btn-dark btn-shadow'><i class='fa fas fa-cloud-download-alt'><\/i> DOWNLOAD NOW<\/a><\/div><\/div><\/div><\/div><\/div><div class=\"vc_row-full-width vc_clearfix\"><\/div>\n<\/div>","protected":false},"excerpt":{"rendered":"DECONTAMINATION CHAMBER AIR SHOWER The Ultimate Solution For Safe Decontamination Many industrial workers are regularly exposed to airborne contaminants that cling to their clothing and equipment. Before entering clean zones, they must dust off to avoid spreading debris to break &hellip;","protected":false},"author":2,"featured_media":3191,"parent":3153,"menu_order":0,"comment_status":"closed","ping_status":"closed","template":"","meta":{"content-type":"","footnotes":""},"class_list":["post-3190","page","type-page","status-publish","has-post-thumbnail","hentry"],"_links":{"self":[{"href":"https:\/\/airex-industries.com\/fr\/wp-json\/wp\/v2\/pages\/3190","targetHints":{"allow":["GET"]}}],"collection":[{"href":"https:\/\/airex-industries.com\/fr\/wp-json\/wp\/v2\/pages"}],"about":[{"href":"https:\/\/airex-industries.com\/fr\/wp-json\/wp\/v2\/types\/page"}],"author":[{"embeddable":true,"href":"https:\/\/airex-industries.com\/fr\/wp-json\/wp\/v2\/users\/2"}],"replies":[{"embeddable":true,"href":"https:\/\/airex-industries.com\/fr\/wp-json\/wp\/v2\/comments?post=3190"}],"version-history":[{"count":0,"href":"https:\/\/airex-industries.com\/fr\/wp-json\/wp\/v2\/pages\/3190\/revisions"}],"up":[{"embeddable":true,"href":"https:\/\/airex-industries.com\/fr\/wp-json\/wp\/v2\/pages\/3153"}],"wp:featuredmedia":[{"embeddable":true,"href":"https:\/\/airex-industries.com\/fr\/wp-json\/wp\/v2\/media\/3191"}],"wp:attachment":[{"href":"https:\/\/airex-industries.com\/fr\/wp-json\/wp\/v2\/media?parent=3190"}],"curies":[{"name":"wp","href":"https:\/\/api.w.org\/{rel}","templated":true}]}}