{"id":3229,"date":"2024-09-05T17:36:35","date_gmt":"2024-09-05T17:36:35","guid":{"rendered":"https:\/\/airex-industries.com\/?page_id=3229"},"modified":"2024-12-02T16:05:02","modified_gmt":"2024-12-02T16:05:02","slug":"unite-de-traitement-de-l-air","status":"publish","type":"page","link":"https:\/\/airex-industries.com\/fr\/products\/air-handling-unit\/","title":{"rendered":"Unit\u00e9 de traitement de l'air"},"content":{"rendered":"<div class=\"wpb-content-wrapper\"><div class=\"vc_row wpb_row vc_row-fluid\"><div class=\"wpb_column vc_column_container vc_col-md-12\"><div class=\"vc_column-inner\"><div class=\"wpb_wrapper\">\n\t<div class=\"wpb_text_column wpb_content_element wpb_animate_when_almost_visible wpb_slideInRight slideInRight\" >\n\t\t<div class=\"wpb_wrapper\">\n\t\t\t<p>Les unit\u00e9s de traitement d\u2019air d\u2019Airex Industries sont con\u00e7ues pour une qualit\u00e9 de l\u2019air et une efficacit\u00e9 \u00e9nerg\u00e9tique sup\u00e9rieures. B\u00e9n\u00e9ficiez de performances fiables et rentables qui am\u00e9liorent votre environnement industriel.<\/p>\n\n\t\t<\/div>\n\t<\/div>\n<\/div><\/div><\/div><\/div><div class=\"vc_row wpb_row vc_row-fluid vc_custom_1722285190270\"><div class=\"wpb_column vc_column_container vc_col-md-6\"><div class=\"vc_column-inner\"><div class=\"wpb_wrapper\"><div class='featured featured-has-link featured-has-content'><div class='featured-header'><a target='_self' href='\/fr\/produits\/unite-de-traitement-de-l-air\/systeme-de-compensation-d-air\/'><img alt='Syst\u00e8me de compensation d&#039;air s\u00e9rie AMX' src='https:\/\/airex-industries.com\/wp-content\/uploads\/2024\/09\/airmake-up-722x368-1.webp'\/><\/a><\/div><div class='featured-content'><h3 class='featured-title text-uppercase'><a target='_self' href='\/fr\/produits\/unite-de-traitement-de-l-air\/systeme-de-compensation-d-air\/'>Syst\u00e8me de compensation d'air s\u00e9rie AMX<\/a><\/h3><p class='featured-desc'>L'installation d'une unit\u00e9 d'air d'appoint est le moyen le plus efficace de maintenir la qualit\u00e9 de l'air int\u00e9rieur en diluant les contaminants en suspension dans l'air avec de l'air frais ext\u00e9rieur.<\/p><a class='btn btn-md btn-minimal' target='_self' href='\/fr\/produits\/unite-de-traitement-de-l-air\/systeme-de-compensation-d-air\/'>EN SAVOIR PLUS<\/a><\/div><\/div><div class=\"vc_empty_space\"   style=\"height: 40px\"><span class=\"vc_empty_space_inner\"><\/span><\/div><\/div><\/div><\/div><div class=\"wpb_column vc_column_container vc_col-md-6\"><div class=\"vc_column-inner\"><div class=\"wpb_wrapper\"><div class='featured featured-has-link featured-has-content'><div class='featured-header'><a target='_self' href='\/fr\/produits\/unite-de-traitement-de-l-air\/boite-de-melange-avec-volet-modulant\/'><img alt='Bo\u00eete de m\u00e9lange avec volet modulant AirexTube' src='https:\/\/airex-industries.com\/wp-content\/uploads\/2024\/09\/airextube-722x368-1.webp'\/><\/a><\/div><div class='featured-content'><h3 class='featured-title text-uppercase'><a target='_self' href='\/fr\/produits\/unite-de-traitement-de-l-air\/boite-de-melange-avec-volet-modulant\/'>Bo\u00eete de m\u00e9lange avec volet modulant AirexTube<\/a><\/h3><p class='featured-desc'>Les syst\u00e8mes de compensation d'air Airextube sont utilis\u00e9s dans toutes les applications n\u00e9cessitant le remplacement de l'air \u00e9vacu\u00e9 par ventilation g\u00e9n\u00e9rale ou extraction locale.<\/p><a class='btn btn-md btn-minimal' target='_self' href='\/fr\/produits\/unite-de-traitement-de-l-air\/boite-de-melange-avec-volet-modulant\/'>EN SAVOIR PLUS<\/a><\/div><\/div><div class=\"vc_empty_space\"   style=\"height: 40px\"><span class=\"vc_empty_space_inner\"><\/span><\/div><\/div><\/div><\/div><\/div><div class=\"vc_row wpb_row vc_row-fluid\"><div class=\"wpb_column vc_column_container vc_col-md-12\"><div class=\"vc_column-inner\"><div class=\"wpb_wrapper\">\n\t<div class=\"wpb_raw_code wpb_raw_html wpb_content_element\" >\n\t\t<div class=\"wpb_wrapper\">\n\t\t\t<style>\n.featured:not(.product) .featured-desc {\n    line-height: 22px;\n}\n<\/style>\n\t\t<\/div>\n\t<\/div>\n<\/div><\/div><\/div><\/div><div data-vc-full-width=\"true\" data-vc-full-width-temp=\"true\" data-vc-full-width-init=\"false\" class=\"vc_row wpb_row vc_row-fluid vc_custom_1721861712810 vc_row-has-fill\"><div class=\"wpb_column vc_column_container vc_col-md-12\"><div class=\"vc_column-inner vc_custom_1453295795563\"><div class=\"wpb_wrapper\"><div class=\"download\"><div class='download-content text-uppercase' style='color: #ffffff'><i class='fa fas fa-file-pdf'><\/i> T\u00c9L\u00c9CHARGEZ UN CATALOGUE DE NOTRE HISTOIRE ET DE NOS SERVICES<\/div><a target='_blank' href='\/wp-content\/uploads\/2024\/09\/Airex_FR-Edition-4.0NEW.pdf' class='btn btn-md btn-dark btn-shadow'><i class='fa fas fa-cloud-download-alt'><\/i> T\u00c9L\u00c9CHARGER<\/a><\/div><\/div><\/div><\/div><\/div><div class=\"vc_row-full-width vc_clearfix\"><\/div>\n<\/div>","protected":false},"excerpt":{"rendered":"Airex Industries Air Handling Units are engineered for superior air quality and energy efficiency. Experience reliable, cost-effective performance that improves your industrial environment. AMX Series Make-Up Air UnitsThe installation of a Make-Up Air Unit is the most efficient way to &hellip;","protected":false},"author":2,"featured_media":2328,"parent":3127,"menu_order":0,"comment_status":"closed","ping_status":"closed","template":"","meta":{"content-type":"","footnotes":""},"class_list":["post-3229","page","type-page","status-publish","has-post-thumbnail","hentry"],"_links":{"self":[{"href":"https:\/\/airex-industries.com\/fr\/wp-json\/wp\/v2\/pages\/3229","targetHints":{"allow":["GET"]}}],"collection":[{"href":"https:\/\/airex-industries.com\/fr\/wp-json\/wp\/v2\/pages"}],"about":[{"href":"https:\/\/airex-industries.com\/fr\/wp-json\/wp\/v2\/types\/page"}],"author":[{"embeddable":true,"href":"https:\/\/airex-industries.com\/fr\/wp-json\/wp\/v2\/users\/2"}],"replies":[{"embeddable":true,"href":"https:\/\/airex-industries.com\/fr\/wp-json\/wp\/v2\/comments?post=3229"}],"version-history":[{"count":0,"href":"https:\/\/airex-industries.com\/fr\/wp-json\/wp\/v2\/pages\/3229\/revisions"}],"up":[{"embeddable":true,"href":"https:\/\/airex-industries.com\/fr\/wp-json\/wp\/v2\/pages\/3127"}],"wp:featuredmedia":[{"embeddable":true,"href":"https:\/\/airex-industries.com\/fr\/wp-json\/wp\/v2\/media\/2328"}],"wp:attachment":[{"href":"https:\/\/airex-industries.com\/fr\/wp-json\/wp\/v2\/media?parent=3229"}],"curies":[{"name":"wp","href":"https:\/\/api.w.org\/{rel}","templated":true}]}}