{"id":3292,"date":"2024-09-10T13:54:21","date_gmt":"2024-09-10T13:54:21","guid":{"rendered":"https:\/\/airex-industries.com\/?page_id=3292"},"modified":"2026-02-20T07:48:40","modified_gmt":"2026-02-20T12:48:40","slug":"manches-filtrantes","status":"publish","type":"page","link":"https:\/\/airex-industries.com\/fr\/products\/dust-collector\/baghouse\/","title":{"rendered":"D\u00e9poussi\u00e9reurs \u00e0 manches filtrantes s\u00e9rie Bagsonix"},"content":{"rendered":"<div class=\"wpb-content-wrapper\"><div class=\"vc_row wpb_row vc_row-fluid vc_custom_1453202322416\"><div class=\"wpb_column vc_column_container vc_col-md-12\"><div class=\"vc_column-inner\"><div class=\"wpb_wrapper\"><div class=\"vc_row wpb_row vc_inner vc_row-fluid\"><div class=\"wpb_column vc_column_container vc_col-md-6\"><div class=\"vc_column-inner\"><div class=\"wpb_wrapper\"><div class=\"wpb_images_carousel wpb_content_element vc_clearfix wpb_content_element wpb_animate_when_almost_visible wpb_slideInLeft slideInLeft\"><div class=\"wpb_wrapper\"><div id=\"vc_images-carousel-1-1776509143\" data-ride=\"vc_carousel\" data-wrap=\"false\" style=\"width: 100%;\" data-interval=\"0\" data-auto-height=\"yes\" data-mode=\"horizontal\" data-partial=\"false\" data-per-view=\"1\" data-hide-on-end=\"true\" class=\"vc_slide vc_images_carousel\"><div class=\"vc_carousel-inner\"><div class=\"vc_carousel-slideline\"><div class=\"vc_carousel-slideline-inner\"><div class=\"vc_item\"><div class=\"vc_inner\"><a class=\"\" href=\"https:\/\/airex-industries.com\/wp-content\/uploads\/2024\/09\/baghouse-dust-collector-560x467-1.webp\" data-lightbox=\"lightbox[rel-3292-1760181691]\"><img loading=\"lazy\" decoding=\"async\" width=\"560\" height=\"467\" src=\"https:\/\/airex-industries.com\/wp-content\/uploads\/2024\/09\/baghouse-dust-collector-560x467-1.webp\" class=\"attachment-full\" alt=\"Baghouse Dust Collectors by Airex Industries\" title=\"Baghouse Dust Collectors by Airex Industries\" srcset=\"https:\/\/airex-industries.com\/wp-content\/uploads\/2024\/09\/baghouse-dust-collector-560x467-1.webp 560w, https:\/\/airex-industries.com\/wp-content\/uploads\/2024\/09\/baghouse-dust-collector-560x467-1-300x250.webp 300w, https:\/\/airex-industries.com\/wp-content\/uploads\/2024\/09\/baghouse-dust-collector-560x467-1-14x12.webp 14w\" sizes=\"auto, (max-width: 560px) 100vw, 560px\" \/><\/a><\/div><\/div><\/div><\/div><\/div><\/div><\/div><\/div><\/div><\/div><\/div><div class=\"wpb_column vc_column_container vc_col-md-6\"><div class=\"vc_column-inner\"><div class=\"wpb_wrapper\"><h2 class='heading-left  style-1' ><span>BAGHOUSE DUST COLLECTOR<\/span><\/h2>\n\t<div class=\"wpb_text_column wpb_content_element wpb_animate_when_almost_visible wpb_slideInRight slideInRight\" >\n\t\t<div class=\"wpb_wrapper\">\n\t\t\t<p>Baghouse dust collectors stand out due to their ability to handle high volumes of dust laden air using a compressed-air self-cleaning system enabling effective reverse blasting through deformation of the filter bags.<\/p>\n<p>The unit filters sub-micron sized particles in continuous operating mode and with a steady loss of differential pressure.<\/p>\n<p>Our line of industrial baghouse dust collectors includes sealed mechanisms as well as doors that provide easy access with very few tools required for maintenance.<\/p>\n\n\t\t<\/div>\n\t<\/div>\n<a id='button-id-' target='_blank' href='\/en\/request-quote\/' class='btn btn-normal btn-lg' style='color: #ffffff;background-color: #9c1c20'>REQUEST A QUOTE<\/a><style>#button-id-:hover{background-color: #666666 !important;}<\/style><\/div><\/div><\/div><\/div><\/div><\/div><\/div><div class=\"wpb_column vc_column_container vc_col-md-12\"><div class=\"vc_column-inner\"><div class=\"wpb_wrapper\"><div class=\"vc_empty_space\"   style=\"height: 20px\"><span class=\"vc_empty_space_inner\"><\/span><\/div><h2 class='heading-left  style-1' ><span>PRODUCT DETAILS<\/span><\/h2><\/div><\/div><\/div><\/div><div class=\"vc_row wpb_row vc_row-fluid vc_custom_1453202352951\"><div class=\"wpb_column vc_column_container vc_col-md-12\"><div class=\"vc_column-inner\"><div class=\"wpb_wrapper\"><div class=\"tabs tabs-minimal tabs-shape-square tabs-align-center tabs-position-top\"><div class=\"nav-tabs-wrap\" style=\"padding-bottom: 1px\"><ul class=\"nav nav-tabs\" role=\"tablist\"><li style=\"\" role=\"presentation\" class=\" active\"><a href=\"#1453203013836-8597c7f9-27be\" aria-controls=\"1453203013836-8597c7f9-27be\" role=\"tab\" data-toggle=\"tab\"><i class=\"fas fa-cogs\"><\/i><span>OPERATION<\/span><\/a><\/li><li style=\"\" role=\"presentation\" class=\"\"><a href=\"#1453203014050-0d0948fa-bb02\" aria-controls=\"1453203014050-0d0948fa-bb02\" role=\"tab\" data-toggle=\"tab\"><i class=\"fas fa-thumbs-up\"><\/i><span>BENEFITS<\/span><\/a><\/li><li style=\"\" role=\"presentation\" class=\"\"><a href=\"#1453203014237-bdeac3c6-7753\" aria-controls=\"1453203014237-bdeac3c6-7753\" role=\"tab\" data-toggle=\"tab\"><i class=\"fas fa-filter\"><\/i><span>FILTRATION<\/span><\/a><\/li><li style=\"\" role=\"presentation\" class=\"\"><a href=\"#1725559209304-8f20c96f-b996\" aria-controls=\"1725559209304-8f20c96f-b996\" role=\"tab\" data-toggle=\"tab\"><i class=\"fas fa-angle-double-right\"><\/i><span>ACCESSORIES<\/span><\/a><\/li><li style=\"\" role=\"presentation\" class=\"\"><a href=\"#1725997440959-59515aff-e09b\" aria-controls=\"1725997440959-59515aff-e09b\" role=\"tab\" data-toggle=\"tab\"><i class=\"fas fa-life-ring\"><\/i><span>MAINTENANCE ACCESS<\/span><\/a><\/li><\/ul><\/div><div class=\"tab-content\"><div role=\"tabpanel\" class=\"tab-pane active\" id=\"1453203013836-8597c7f9-27be\">\n\t<div class=\"wpb_text_column wpb_content_element wpb_animate_when_almost_visible wpb_zoomInLeft zoomInLeft vc_custom_1725976430242\" >\n\t\t<div class=\"wpb_wrapper\">\n\t\t\t<h4>UNIT OPERATION<\/h4>\n<p>Dust-laden air enters and is directed to the bottom of the dust collector by means of a deflector plate prior to going through the filter bags.<\/p>\n<p>The dust accumulates creating a cake on the outside surface of the bags. At regular intervals, a burst of compressed air is injected into the bags through a parabolic nozzle that creates a shock wave causing the particles to fall to the bottom of the hopper.<\/p>\n<p>The filtered air exits through the venturis into the clean section and is then either expelled outside or recirculated, depending on the application.<\/p>\n<ol>\n<li>The dust-laden air is filtered and forms a dust cake on the outside surface of the bag.<\/li>\n<li>The pulsed air blast causes the bag to expand, which ejects the accumulated dust cake into the hopper.<\/li>\n<\/ol>\n<p style=\"text-align: center;\"><img decoding=\"async\" style=\"width: 100%; max-width: 700px;\" src=\"\/wp-content\/uploads\/2024\/09\/baghousefiltrationprincipeen.webp\" \/><\/p>\n\n\t\t<\/div>\n\t<\/div>\n<\/div><div role=\"tabpanel\" class=\"tab-pane\" id=\"1453203014050-0d0948fa-bb02\">\n\t<div class=\"wpb_text_column wpb_content_element wpb_animate_when_almost_visible wpb_zoomInRight zoomInRight vc_custom_1725976259000\" >\n\t\t<div class=\"wpb_wrapper\">\n\t\t\t<h4>BENEFITS<\/h4>\n<h5>High Filtration Capacity<\/h5>\n<p>Models from 16 to 720 filter bags and up to 125 000 CFM capacity.<\/p>\n<h5>Custom Engineering<\/h5>\n<p>The systems in the Bagsonix series can be customized based on specific requirements.<\/p>\n<h5>Project Integration<\/h5>\n<p>Avoids particle accumulation within plants, in order to better comply with NFPA regulations.<\/p>\n<h5>Standard Filter Bags<\/h5>\n<p>Not limited to obtaining replacement cages and bags from a sole source provider.<\/p>\n\n\t\t<\/div>\n\t<\/div>\n<\/div><div role=\"tabpanel\" class=\"tab-pane\" id=\"1453203014237-bdeac3c6-7753\">\n\t<div class=\"wpb_text_column wpb_content_element wpb_animate_when_almost_visible wpb_zoomInLeft zoomInLeft vc_custom_1725998117690\" >\n\t\t<div class=\"wpb_wrapper\">\n\t\t\t<h4>FILTRATION TECHNOLOGY<\/h4>\n<h5>We Have The Filtering Medium That Matches Your Needs<\/h5>\n<p>Maximum separation performance is made possible by using high quality materials for the filtering fabrics. Our line of natural and synthetic felts enables us to customize the collector to the needs of each facility.<\/p>\n<p>To ensure complete sealing for any type of dust, the filter bags are generally designed to be installed and held firmly in place by either a B-shaped belt, flat belt, cord, double cord or ring. A broad range of treatments and coatings can be applied to either side of the bags to facilitate reverse blasting, increase effectiveness, and extend service life.<\/p>\n<h5>Things to Consider When Choosing the Filtering Medium<\/h5>\n<ul>\n<li>Substance<\/li>\n<li>Shape<\/li>\n<li>Particle size<\/li>\n<li>Humidity level in the air<\/li>\n<li>Load<\/li>\n<li>Temperature<\/li>\n<\/ul>\n<p style=\"text-align: center;\"><img decoding=\"async\" style=\"width: 100%;\" src=\"\/wp-content\/uploads\/2024\/09\/filtration-specs-en-e1725996570940.png\" \/><\/p>\n\n\t\t<\/div>\n\t<\/div>\n<\/div><div role=\"tabpanel\" class=\"tab-pane\" id=\"1725559209304-8f20c96f-b996\">\n\t<div class=\"wpb_text_column wpb_content_element wpb_animate_when_almost_visible wpb_zoomInRight zoomInRight\" >\n\t\t<div class=\"wpb_wrapper\">\n\t\t\t<h4>ACCESSORIES<\/h4>\n<h5>Enhance Your Security and Performance<\/h5>\n<p>Some options like the SpeedFX<sup>TM<\/sup> can vary motor speed and energy consumption thus improving efficiency.<\/p>\n<p>Airex accessories are designed to meet NFPA regulations, providing effective prevention of fire and explosions while protecting workers and facilities.<\/p>\n<h5>Fire Protection Accessories<\/h5>\n<p><strong>Abort Damper<\/strong>: Connected with a proper spark or fire detection system, the abort damper redirects exhaust air into the atmosphere as soon as a spark is detected.<\/p>\n<p><strong>Blow Back Damper<\/strong>: The Blow Back Damper ensures there is a seal, should a fire or explosion occur within the dust collector, preventing the return of smoke and fire to the shop via the intake ductwork.<\/p>\n<p><strong>Explosion Vents<\/strong>: The explosion vents redirect a propagating flame or explosion to the atmosphere. Pressure-rated washers are used to seal and release the vents.<\/p>\n<p><strong>Rotary Air Lock<\/strong>: Designed to control the flow of discharge material from a dust collector or other type of process while maintaining an air seal.<\/p>\n<p><strong>Spark Detection &amp; Fire Extinguishing Kit<\/strong>: This system counters the spread of fire with a temperature probe and sprinkler, spraying the collector and stopping the blower (eliminating oxygen intake once a set point is reached).<\/p>\n<p style=\"text-align: center;\"><img decoding=\"async\" style=\"width: 100%; max-width: 800px;\" src=\"\/wp-content\/uploads\/2024\/09\/baghousedustcollectoraccessoriesen.webp\" \/><\/p>\n\n\t\t<\/div>\n\t<\/div>\n<\/div><div role=\"tabpanel\" class=\"tab-pane\" id=\"1725997440959-59515aff-e09b\">\n\t<div class=\"wpb_text_column wpb_content_element wpb_animate_when_almost_visible wpb_zoomInRight zoomInRight\" >\n\t\t<div class=\"wpb_wrapper\">\n\t\t\t<h4>MAINTENANCE ACCESS<\/h4>\n<h5>Different Maintenance Access Options<\/h5>\n<p>The main selection criteria that determines which dust collector to choose is available overhead space.<\/p>\n<p>The Bagsonix series offers three models that are differentiated by the location of the maintenance access.<\/p>\n<h5>Bagsonix Series Models<\/h5>\n<p><strong>W&amp;S Model &#8211; Dirty side access<\/strong>: This model is the most compact, which is ideal for locations where overhead space is limited. Its great disadvantage, as the name implies, comes from the fact that maintenance must be done inside the dirty section of the dust collector.<\/p>\n<p><strong>TR Model &#8211; Clean side access with no plenum<\/strong>: Replacing the bags is very easy because it does not require any tools, thereby increasing maintenance speed.<\/p>\n<p>Clean side access requires additional overhead clearance of roughly 2m &#8211; 2,5m (6\u2019 &#8211; 8\u2019).<\/p>\n<p><strong>TRP Model &#8211; Clean side access with plenum<\/strong>: Identical to the TR Model except that it has a plenum enabling the operator to go inside the clean section. This protects the operator from bad weather during maintenance.<\/p>\n<p style=\"text-align: center;\"><img decoding=\"async\" style=\"width: 100%; max-width: 800px;\" src=\"\/wp-content\/uploads\/2024\/09\/baghousemaintenanceaccessen.webp\" \/><\/p>\n\n\t\t<\/div>\n\t<\/div>\n<\/div><\/div><\/div><\/div><\/div><\/div><\/div><div class=\"vc_row wpb_row vc_row-fluid\"><div class=\"wpb_column vc_column_container vc_col-md-12\"><div class=\"vc_column-inner\"><div class=\"wpb_wrapper\">\n\t<div class=\"wpb_raw_code wpb_raw_html wpb_content_element\" >\n\t\t<div class=\"wpb_wrapper\">\n\t\t\t<style>\n.tabs-minimal .nav-tabs li.active a {\nbackground:#9c1c20;\ncolor:#ffffff;\n}\n\n\n.vc_row-has-fill>.vc_column_container>.vc_column-inner {\n    padding-top: 0px!important;\n}\n\n.content-container > .row > *.col-md-12 {\n    padding-bottom: 0px;\n}\n<\/style>\n\t\t<\/div>\n\t<\/div>\n<\/div><\/div><\/div><\/div><div data-vc-full-width=\"true\" data-vc-full-width-temp=\"true\" data-vc-full-width-init=\"false\" class=\"vc_row wpb_row vc_row-fluid wpb_animate_when_almost_visible wpb_bounceInLeft bounceInLeft vc_custom_1727711341216 vc_row-has-fill\"><div class=\"wpb_column vc_column_container vc_col-md-12\"><div class=\"vc_column-inner\"><div class=\"wpb_wrapper\"><div class=\"download\"><div class='download-content text-uppercase' style='color: #fff'><i class='fa fas fa-file-pdf'><\/i> DOWNLOAD PRODUCT GUIDE<\/div><a target='_blank' href='\/wp-content\/uploads\/2024\/09\/BROCHURE-bagsonix_series_EN.pdf' class='btn btn-md btn-dark btn-shadow'><i class='fa fas fa-cloud-download-alt'><\/i> DOWNLOAD NOW<\/a><\/div><\/div><\/div><\/div><\/div><div class=\"vc_row-full-width vc_clearfix\"><\/div><section class=\"vc_section\"><\/section>\n<\/div>","protected":false},"excerpt":{"rendered":"BAGHOUSE DUST COLLECTOR Baghouse dust collectors stand out due to their ability to handle high volumes of dust laden air using a compressed-air self-cleaning system enabling effective reverse blasting through deformation of the filter bags. The unit filters sub-micron sized &hellip;","protected":false},"author":2,"featured_media":3293,"parent":3289,"menu_order":0,"comment_status":"closed","ping_status":"closed","template":"","meta":{"content-type":"","footnotes":""},"class_list":["post-3292","page","type-page","status-publish","has-post-thumbnail","hentry"],"_links":{"self":[{"href":"https:\/\/airex-industries.com\/fr\/wp-json\/wp\/v2\/pages\/3292","targetHints":{"allow":["GET"]}}],"collection":[{"href":"https:\/\/airex-industries.com\/fr\/wp-json\/wp\/v2\/pages"}],"about":[{"href":"https:\/\/airex-industries.com\/fr\/wp-json\/wp\/v2\/types\/page"}],"author":[{"embeddable":true,"href":"https:\/\/airex-industries.com\/fr\/wp-json\/wp\/v2\/users\/2"}],"replies":[{"embeddable":true,"href":"https:\/\/airex-industries.com\/fr\/wp-json\/wp\/v2\/comments?post=3292"}],"version-history":[{"count":0,"href":"https:\/\/airex-industries.com\/fr\/wp-json\/wp\/v2\/pages\/3292\/revisions"}],"up":[{"embeddable":true,"href":"https:\/\/airex-industries.com\/fr\/wp-json\/wp\/v2\/pages\/3289"}],"wp:featuredmedia":[{"embeddable":true,"href":"https:\/\/airex-industries.com\/fr\/wp-json\/wp\/v2\/media\/3293"}],"wp:attachment":[{"href":"https:\/\/airex-industries.com\/fr\/wp-json\/wp\/v2\/media?parent=3292"}],"curies":[{"name":"wp","href":"https:\/\/api.w.org\/{rel}","templated":true}]}}