{"id":3322,"date":"2024-09-10T21:33:17","date_gmt":"2024-09-10T21:33:17","guid":{"rendered":"https:\/\/airex-industries.com\/?page_id=3322"},"modified":"2026-02-18T09:00:40","modified_gmt":"2026-02-18T14:00:40","slug":"silo","status":"publish","type":"page","link":"https:\/\/airex-industries.com\/fr\/products\/dust-collector\/bin-vent\/","title":{"rendered":"D\u00e9poussi\u00e9reur \u00e0 silo"},"content":{"rendered":"<div class=\"wpb-content-wrapper\"><div class=\"vc_row wpb_row vc_row-fluid vc_custom_1453202322416\"><div class=\"wpb_column vc_column_container vc_col-md-12\"><div class=\"vc_column-inner\"><div class=\"wpb_wrapper\"><div class=\"vc_row wpb_row vc_inner vc_row-fluid\"><div class=\"wpb_column vc_column_container vc_col-md-6\"><div class=\"vc_column-inner\"><div class=\"wpb_wrapper\"><div class=\"wpb_images_carousel wpb_content_element vc_clearfix wpb_content_element wpb_animate_when_almost_visible wpb_slideInLeft slideInLeft\"><div class=\"wpb_wrapper\"><div id=\"vc_images-carousel-1-1776508068\" data-ride=\"vc_carousel\" data-wrap=\"false\" style=\"width: 100%;\" data-interval=\"0\" data-auto-height=\"yes\" data-mode=\"horizontal\" data-partial=\"false\" data-per-view=\"1\" data-hide-on-end=\"true\" class=\"vc_slide vc_images_carousel\"><ol class=\"vc_carousel-indicators\"><li data-target=\"#vc_images-carousel-1-1776508068\" data-slide-to=\"0\"><\/li><li data-target=\"#vc_images-carousel-1-1776508068\" data-slide-to=\"1\"><\/li><li data-target=\"#vc_images-carousel-1-1776508068\" data-slide-to=\"2\"><\/li><\/ol><div class=\"vc_carousel-inner\"><div class=\"vc_carousel-slideline\"><div class=\"vc_carousel-slideline-inner\"><div class=\"vc_item\"><div class=\"vc_inner\"><a class=\"\" href=\"https:\/\/airex-industries.com\/wp-content\/uploads\/2024\/09\/bin-vent-dust-collector-560x467-1.webp\" data-lightbox=\"lightbox[rel-3322-3342256472]\"><img loading=\"lazy\" decoding=\"async\" width=\"560\" height=\"467\" src=\"https:\/\/airex-industries.com\/wp-content\/uploads\/2024\/09\/bin-vent-dust-collector-560x467-1.webp\" class=\"attachment-full\" alt=\"Bin Vent Dust Collectors by Airex Industries\" title=\"Bin Vent Dust Collectors by Airex Industries\" srcset=\"https:\/\/airex-industries.com\/wp-content\/uploads\/2024\/09\/bin-vent-dust-collector-560x467-1.webp 560w, https:\/\/airex-industries.com\/wp-content\/uploads\/2024\/09\/bin-vent-dust-collector-560x467-1-300x250.webp 300w, https:\/\/airex-industries.com\/wp-content\/uploads\/2024\/09\/bin-vent-dust-collector-560x467-1-14x12.webp 14w\" sizes=\"auto, (max-width: 560px) 100vw, 560px\" \/><\/a><\/div><\/div><div class=\"vc_item\"><div class=\"vc_inner\"><a class=\"\" href=\"https:\/\/airex-industries.com\/wp-content\/uploads\/2024\/09\/dust-collector-silo-560x467-1.webp\" data-lightbox=\"lightbox[rel-3322-3342256472]\"><img loading=\"lazy\" decoding=\"async\" width=\"560\" height=\"467\" src=\"https:\/\/airex-industries.com\/wp-content\/uploads\/2024\/09\/dust-collector-silo-560x467-1.webp\" class=\"attachment-full\" alt=\"Bin Vent Dust Collectors by Airex Industries\" title=\"Bin Vent Dust Collectors by Airex Industries\" srcset=\"https:\/\/airex-industries.com\/wp-content\/uploads\/2024\/09\/dust-collector-silo-560x467-1.webp 560w, https:\/\/airex-industries.com\/wp-content\/uploads\/2024\/09\/dust-collector-silo-560x467-1-300x250.webp 300w, https:\/\/airex-industries.com\/wp-content\/uploads\/2024\/09\/dust-collector-silo-560x467-1-14x12.webp 14w\" sizes=\"auto, (max-width: 560px) 100vw, 560px\" \/><\/a><\/div><\/div><div class=\"vc_item\"><div class=\"vc_inner\"><a class=\"\" href=\"https:\/\/airex-industries.com\/wp-content\/uploads\/2024\/09\/bin-vent-baghouse-dust-collector-560x467-1.webp\" data-lightbox=\"lightbox[rel-3322-3342256472]\"><img loading=\"lazy\" decoding=\"async\" width=\"560\" height=\"467\" src=\"https:\/\/airex-industries.com\/wp-content\/uploads\/2024\/09\/bin-vent-baghouse-dust-collector-560x467-1.webp\" class=\"attachment-full\" alt=\"Bin Vent Dust Collectors by Airex Industries\" title=\"Bin Vent Dust Collectors by Airex Industries\" srcset=\"https:\/\/airex-industries.com\/wp-content\/uploads\/2024\/09\/bin-vent-baghouse-dust-collector-560x467-1.webp 560w, https:\/\/airex-industries.com\/wp-content\/uploads\/2024\/09\/bin-vent-baghouse-dust-collector-560x467-1-300x250.webp 300w, https:\/\/airex-industries.com\/wp-content\/uploads\/2024\/09\/bin-vent-baghouse-dust-collector-560x467-1-14x12.webp 14w\" sizes=\"auto, (max-width: 560px) 100vw, 560px\" \/><\/a><\/div><\/div><\/div><\/div><\/div><a class=\"vc_left vc_carousel-control\" href=\"#vc_images-carousel-1-1776508068\" data-slide=\"prev\"><span class=\"icon-prev\"><\/span><\/a><a class=\"vc_right vc_carousel-control\" href=\"#vc_images-carousel-1-1776508068\" data-slide=\"next\"><span class=\"icon-next\"><\/span><\/a><\/div><\/div><\/div><\/div><\/div><\/div><div class=\"wpb_column vc_column_container vc_col-md-6\"><div class=\"vc_column-inner\"><div class=\"wpb_wrapper\"><h2 class='heading-left  style-1' ><span>BIN VENT DUST COLLECTORS<\/span><\/h2>\n\t<div class=\"wpb_text_column wpb_content_element wpb_animate_when_almost_visible wpb_slideInRight slideInRight\" >\n\t\t<div class=\"wpb_wrapper\">\n\t\t\t<p>The Airex Bin Vent Dust Collector is designed to filter debris and dust particles that tend to form naturally at the top of a storage container once it is filled by the pneumatic conveying system.<\/p>\n<p>Bin Vent Dust Collectors operate with a constant pressure drop controlled by an electronic adjustable timer. It can handle very high grain loading, up to 100 grains per cubic foot. Maintenance of this dust collector is reduced due to minimal mechanical parts.<\/p>\n<p>When comparing different pollution control equipment, the dry fabric filter is found to be the most efficient and reliable by far. Unlike the other filtering methods, variations in dust loading or air volume will not change the outlet conditions of a well-designed dry fabric collector. The pulse-jet system outperforms conventional dry fabric filter units since it allows the use of highly efficient felt filter fabrics.<\/p>\n\n\t\t<\/div>\n\t<\/div>\n<a id='button-id-' target='_blank' href='\/en\/request-quote\/' class='btn btn-normal btn-lg' style='color: #ffffff;background-color: #9c1c20'>REQUEST A QUOTE<\/a><style>#button-id-:hover{background-color: #666666 !important;}<\/style><\/div><\/div><\/div><\/div><\/div><\/div><\/div><div class=\"wpb_column vc_column_container vc_col-md-12\"><div class=\"vc_column-inner\"><div class=\"wpb_wrapper\"><div class=\"vc_empty_space\"   style=\"height: 20px\"><span class=\"vc_empty_space_inner\"><\/span><\/div><h2 class='heading-left  style-1' ><span>PRODUCT DETAILS<\/span><\/h2><\/div><\/div><\/div><\/div><div class=\"vc_row wpb_row vc_row-fluid vc_custom_1453202352951\"><div class=\"wpb_column vc_column_container vc_col-md-12\"><div class=\"vc_column-inner\"><div class=\"wpb_wrapper\"><div class=\"tabs tabs-minimal tabs-shape-square tabs-align-center tabs-position-top\"><div class=\"nav-tabs-wrap\" style=\"padding-bottom: 1px\"><ul class=\"nav nav-tabs\" role=\"tablist\"><li style=\"\" role=\"presentation\" class=\" active\"><a href=\"#1453203013836-8597c7f9-27be\" aria-controls=\"1453203013836-8597c7f9-27be\" role=\"tab\" data-toggle=\"tab\"><i class=\"fas fa-cogs\"><\/i><span>OPERATION<\/span><\/a><\/li><li style=\"\" role=\"presentation\" class=\"\"><a href=\"#1453203014050-0d0948fa-bb02\" aria-controls=\"1453203014050-0d0948fa-bb02\" role=\"tab\" data-toggle=\"tab\"><i class=\"fas fa-thumbs-up\"><\/i><span>FEATURES<\/span><\/a><\/li><li style=\"\" role=\"presentation\" class=\"\"><a href=\"#1453203014237-bdeac3c6-7753\" aria-controls=\"1453203014237-bdeac3c6-7753\" role=\"tab\" data-toggle=\"tab\"><i class=\"fas fa-cog\"><\/i><span>OPTIONS<\/span><\/a><\/li><\/ul><\/div><div class=\"tab-content\"><div role=\"tabpanel\" class=\"tab-pane active\" id=\"1453203013836-8597c7f9-27be\">\n\t<div class=\"wpb_text_column wpb_content_element wpb_animate_when_almost_visible wpb_zoomInLeft zoomInLeft vc_custom_1726003856794\" >\n\t\t<div class=\"wpb_wrapper\">\n\t\t\t<h4>UNIT OPERATION<\/h4>\n<p>The dust ladden air enters the bin vent dust collector from the bottom. Once inside, the dust accumulates on the outer surface of the bag filter creating a surface cake. Reverse blasts of air are introduced at specific intervals cleaning the bag surface and sending the debris towards the open bottom. This unit utilizes venturis to boost the blast into the bag creating a more efficient cleaning.<\/p>\n<p>Steel internal cage supports are used to keep the bag form. Quick clamp snap bands hold the bags in place. Bags and cages are accessed from below the tube sheet within the dirty side of the collector.<\/p>\n\n\t\t<\/div>\n\t<\/div>\n<\/div><div role=\"tabpanel\" class=\"tab-pane\" id=\"1453203014050-0d0948fa-bb02\">\n\t<div class=\"wpb_text_column wpb_content_element wpb_animate_when_almost_visible wpb_zoomInRight zoomInRight vc_custom_1726003891195\" >\n\t\t<div class=\"wpb_wrapper\">\n\t\t\t<h4>STANDARD FEATURES<\/h4>\n<ul>\n<li>Bottom grill prevents bags from falling into the storage containers<\/li>\n<li>Goyen pulse valves<\/li>\n<li>Goyen Timer board<\/li>\n<li>Goyen solenoid block kit<\/li>\n<li>Dirty side pressure differential line filter<\/li>\n<li>Quick access service door<\/li>\n<li>Service door hermetic sealing system<\/li>\n<\/ul>\n\n\t\t<\/div>\n\t<\/div>\n<\/div><div role=\"tabpanel\" class=\"tab-pane\" id=\"1453203014237-bdeac3c6-7753\">\n\t<div class=\"wpb_text_column wpb_content_element wpb_animate_when_almost_visible wpb_zoomInLeft zoomInLeft vc_custom_1726003917174\" >\n\t\t<div class=\"wpb_wrapper\">\n\t\t\t<h4>OPTIONAL FEATURES<\/h4>\n<ul>\n<li>Anti deflagration devices (based on dust type)<\/li>\n<li>Weather hood<\/li>\n<li>Clean side access door<\/li>\n<li>Pressure differential switch<\/li>\n<li>CSA approved control box<\/li>\n<li>Pressure differential line dryer<\/li>\n<\/ul>\n\n\t\t<\/div>\n\t<\/div>\n<\/div><\/div><\/div><\/div><\/div><\/div><\/div><div class=\"vc_row wpb_row vc_row-fluid wpb_animate_when_almost_visible wpb_bounceInLeft bounceInLeft\"><div class=\"wpb_column vc_column_container vc_col-md-12\"><div class=\"vc_column-inner\"><div class=\"wpb_wrapper\"><h2 class='heading-left  style-1' ><span>TECHNICAL SPECIFICATIONS<\/span><\/h2><div class='table-responsive'><table class='table table-striped table-bordered'><thead  class='bg-primary'><tr><th>Model<\/th><th>Bags<\/th><th>Bag Height<\/th><th>Cloth Area (sq. ft)<\/th><th>Valve Quantity<\/th><th>A<\/th><th>B<\/th><\/tr><\/thead><tbody><tr><td>9BV-6<\/td><td>9<\/td><td>6&#8242;<\/td><td>68<\/td><td>3<\/td><td>2&#8217;6&#8243;<\/td><td>6&#8217;9&#8243;<\/td><\/tr><tr><td>9BV-8<\/td><td>9<\/td><td>8&#8242;<\/td><td>90<\/td><td>3<\/td><td>2&#8217;6&#8243;<\/td><td>8&#8217;9&#8243;<\/td><\/tr><tr><td>16BV-8<\/td><td>16<\/td><td>8&#8242;<\/td><td>160<\/td><td>4<\/td><td>3&#8242;<\/td><td>8&#8217;9&#8243;<\/td><\/tr><tr><td>21BV-8<\/td><td>21<\/td><td>8&#8242;<\/td><td>210<\/td><td>5<\/td><td>3&#8217;6&#8243;<\/td><td>8&#8217;9&#8243;<\/td><\/tr><tr><td>25BV-8<\/td><td>25<\/td><td>8&#8242;<\/td><td>250<\/td><td>5<\/td><td>4&#8242;<\/td><td>8&#8217;9&#8243;<\/td><\/tr><tr><td>37BV-8<\/td><td>37<\/td><td>8&#8242;<\/td><td>370<\/td><td>7<\/td><td>4&#8217;6&#8243;<\/td><td>8&#8217;9&#8243;<\/td><\/tr><tr><td>37BV-10<\/td><td>37<\/td><td>10&#8242;<\/td><td>463<\/td><td>7<\/td><td>4&#8217;6&#8243;<\/td><td>10&#8217;9&#8243;<\/td><\/tr><tr><td>45BV-10<\/td><td>45<\/td><td>10&#8242;<\/td><td>563<\/td><td>7<\/td><td>5&#8242;<\/td><td>10&#8217;9&#8243;<\/td><\/tr><tr><td>57BV-10<\/td><td>57<\/td><td>10&#8242;<\/td><td>713<\/td><td>9<\/td><td>5&#8217;6&#8243;<\/td><td>10&#8217;9&#8243;<\/td><\/tr><tr><td>69BV-10<\/td><td>69<\/td><td>10&#8242;<\/td><td>863<\/td><td>9<\/td><td>6&#8242;<\/td><td>10&#8217;9&#8243;<\/td><\/tr><tr><td>78BV-10<\/td><td>78<\/td><td>10&#8242;<\/td><td>975<\/td><td>9<\/td><td>6&#8217;6&#8243;<\/td><td>10&#8217;9&#8243;<\/td><\/tr><\/tbody><\/table><\/div>\n\t<div  class=\"wpb_single_image wpb_content_element vc_align_center wpb_content_element wpb_animate_when_almost_visible wpb_slideInUp slideInUp\">\n\t\t\n\t\t<figure class=\"wpb_wrapper vc_figure\">\n\t\t\t<div class=\"vc_single_image-wrapper   vc_box_border_grey\"><img loading=\"lazy\" decoding=\"async\" width=\"331\" height=\"600\" src=\"https:\/\/airex-industries.com\/wp-content\/uploads\/2024\/09\/bin-vent-specifications-en.webp\" class=\"vc_single_image-img attachment-large\" alt=\"\" title=\"bin-vent-specifications-en\" srcset=\"https:\/\/airex-industries.com\/wp-content\/uploads\/2024\/09\/bin-vent-specifications-en.webp 331w, https:\/\/airex-industries.com\/wp-content\/uploads\/2024\/09\/bin-vent-specifications-en-166x300.webp 166w, https:\/\/airex-industries.com\/wp-content\/uploads\/2024\/09\/bin-vent-specifications-en-7x12.webp 7w\" sizes=\"auto, (max-width: 331px) 100vw, 331px\" \/><\/div>\n\t\t<\/figure>\n\t<\/div>\n<\/div><\/div><\/div><\/div><section class=\"vc_section\"><\/section><div class=\"vc_row wpb_row vc_row-fluid\"><div class=\"wpb_column vc_column_container vc_col-md-12\"><div class=\"vc_column-inner\"><div class=\"wpb_wrapper\">\n\t<div class=\"wpb_raw_code wpb_raw_html wpb_content_element\" >\n\t\t<div class=\"wpb_wrapper\">\n\t\t\t<style>\n.tabs-minimal .nav-tabs li.active a {\nbackground:#9c1c20;\ncolor:#ffffff;\n}\n<\/style>\n\t\t<\/div>\n\t<\/div>\n<\/div><\/div><\/div><\/div>\n<\/div>","protected":false},"excerpt":{"rendered":"BIN VENT DUST COLLECTORS The Airex Bin Vent Dust Collector is designed to filter debris and dust particles that tend to form naturally at the top of a storage container once it is filled by the pneumatic conveying system. Bin &hellip;","protected":false},"author":2,"featured_media":3323,"parent":3289,"menu_order":0,"comment_status":"closed","ping_status":"closed","template":"","meta":{"content-type":"","footnotes":""},"class_list":["post-3322","page","type-page","status-publish","has-post-thumbnail","hentry"],"_links":{"self":[{"href":"https:\/\/airex-industries.com\/fr\/wp-json\/wp\/v2\/pages\/3322","targetHints":{"allow":["GET"]}}],"collection":[{"href":"https:\/\/airex-industries.com\/fr\/wp-json\/wp\/v2\/pages"}],"about":[{"href":"https:\/\/airex-industries.com\/fr\/wp-json\/wp\/v2\/types\/page"}],"author":[{"embeddable":true,"href":"https:\/\/airex-industries.com\/fr\/wp-json\/wp\/v2\/users\/2"}],"replies":[{"embeddable":true,"href":"https:\/\/airex-industries.com\/fr\/wp-json\/wp\/v2\/comments?post=3322"}],"version-history":[{"count":0,"href":"https:\/\/airex-industries.com\/fr\/wp-json\/wp\/v2\/pages\/3322\/revisions"}],"up":[{"embeddable":true,"href":"https:\/\/airex-industries.com\/fr\/wp-json\/wp\/v2\/pages\/3289"}],"wp:featuredmedia":[{"embeddable":true,"href":"https:\/\/airex-industries.com\/fr\/wp-json\/wp\/v2\/media\/3323"}],"wp:attachment":[{"href":"https:\/\/airex-industries.com\/fr\/wp-json\/wp\/v2\/media?parent=3322"}],"curies":[{"name":"wp","href":"https:\/\/api.w.org\/{rel}","templated":true}]}}