{"id":3336,"date":"2024-09-12T16:12:59","date_gmt":"2024-09-12T16:12:59","guid":{"rendered":"https:\/\/airex-industries.com\/?page_id=3336"},"modified":"2024-11-02T16:14:58","modified_gmt":"2024-11-02T16:14:58","slug":"cartouches","status":"publish","type":"page","link":"https:\/\/airex-industries.com\/fr\/products\/dust-collector\/cartridge\/","title":{"rendered":"D\u00e9poussi\u00e9reur \u00e0 cartouches"},"content":{"rendered":"<div class=\"wpb-content-wrapper\"><div class=\"vc_row wpb_row vc_row-fluid vc_custom_1453202322416\"><div class=\"wpb_column vc_column_container vc_col-md-12\"><div class=\"vc_column-inner\"><div class=\"wpb_wrapper\">\n\t<div class=\"wpb_text_column wpb_content_element\" >\n\t\t<div class=\"wpb_wrapper\">\n\t\t\t<p>D\u00e9couvrez le d\u00e9poussi\u00e9reur \u00e0 cartouche parfait pour vos besoins de fabrication avec Airex Industries. Nos syst\u00e8mes de d\u00e9poussi\u00e9rage sont con\u00e7us de mani\u00e8re experte pour g\u00e9rer m\u00eame les environnements industriels les plus exigeants, garantissant des performances efficaces et fiables l\u00e0 o\u00f9 vous en avez le plus besoin. Construits pour la long\u00e9vit\u00e9 et optimis\u00e9s pour les \u00e9conomies d\u2019\u00e9nergie, nos collecteurs offrent des solutions durables et \u00e0 haut rendement adapt\u00e9es aux rigueurs de la fabrication moderne.<\/p>\n\n\t\t<\/div>\n\t<\/div>\n<\/div><\/div><\/div><\/div><div class=\"vc_row wpb_row vc_row-fluid\"><div class=\"wpb_column vc_column_container vc_col-md-6\"><div class=\"vc_column-inner\"><div class=\"wpb_wrapper\"><div class='featured featured-has-link'><div class='featured-header'><a target='_self' href='\/fr\/produits\/depoussiereur\/cartouches\/serie-platinum\/'><img alt='D\u00e9poussi\u00e9reurs \u00e0 cartouche s\u00e9rie Platinum' src='https:\/\/airex-industries.com\/wp-content\/uploads\/2024\/11\/platinum-series-722x368-1.webp'\/><\/a><\/div><div class='featured-content'><h3 class='featured-title text-uppercase'><a target='_self' href='\/fr\/produits\/depoussiereur\/cartouches\/serie-platinum\/'>D\u00e9poussi\u00e9reurs \u00e0 cartouche s\u00e9rie Platinum<\/a><\/h3><a class='btn btn-md btn-minimal' target='_self' href='\/fr\/produits\/depoussiereur\/cartouches\/serie-platinum\/'>EN SAVOIR PLUS<\/a><\/div><\/div><\/div><\/div><\/div><div class=\"wpb_column vc_column_container vc_col-md-6\"><div class=\"vc_column-inner\"><div class=\"wpb_wrapper\"><div class='featured featured-has-link'><div class='featured-header'><a target='_self' href='\/fr\/produits\/depoussiereur\/cartouches\/serie-dcch\/'><img alt='D\u00e9poussi\u00e9reurs \u00e0 cartouche s\u00e9rie DCCH' src='https:\/\/airex-industries.com\/wp-content\/uploads\/2024\/09\/dust-collector-722x368-1.webp'\/><\/a><\/div><div class='featured-content'><h3 class='featured-title text-uppercase'><a target='_self' href='\/fr\/produits\/depoussiereur\/cartouches\/serie-dcch\/'>D\u00e9poussi\u00e9reurs \u00e0 cartouche s\u00e9rie DCCH<\/a><\/h3><a class='btn btn-md btn-minimal' target='_self' href='\/fr\/produits\/depoussiereur\/cartouches\/serie-dcch\/'>EN SAVOIR PLUS<\/a><\/div><\/div><\/div><\/div><\/div><\/div><div class=\"vc_row wpb_row vc_row-fluid\"><div class=\"wpb_column vc_column_container vc_col-md-12\"><div class=\"vc_column-inner\"><div class=\"wpb_wrapper\">\n\t<div class=\"wpb_raw_code wpb_raw_html wpb_content_element\" >\n\t\t<div class=\"wpb_wrapper\">\n\t\t\t<style>\n.tabs-minimal .nav-tabs li.active a {\nbackground:#9c1c20;\ncolor:#ffffff;\n}\n\n.vc_row-has-fill>.vc_column_container>.vc_column-inner {\n    padding-top: 0px!important;\n}\n\n.content-container > .row > *.col-md-12 {\n    padding-bottom: 0px;\n}\n<\/style>\n\t\t<\/div>\n\t<\/div>\n<\/div><\/div><\/div><\/div><div data-vc-full-width=\"true\" data-vc-full-width-temp=\"true\" data-vc-full-width-init=\"false\" class=\"vc_row wpb_row vc_row-fluid wpb_animate_when_almost_visible wpb_bounceInLeft bounceInLeft vc_custom_1727711985124 vc_row-has-fill\"><div class=\"wpb_column vc_column_container vc_col-md-12\"><div class=\"vc_column-inner\"><div class=\"wpb_wrapper\"><div class=\"download\"><div class='download-content text-uppercase' style='color: #ffffff'><i class='fa fas fa-file-pdf'><\/i> T\u00c9L\u00c9CHARGER LE GUIDE DE PRODUIT<\/div><a target='_blank' href='\/wp-content\/uploads\/2024\/09\/DCCH_series_FR.pdf' class='btn btn-md btn-dark btn-shadow'><i class='fa fas fa-cloud-download-alt'><\/i> T\u00c9L\u00c9CHARGER MAINTENANT<\/a><\/div><\/div><\/div><\/div><\/div><div class=\"vc_row-full-width vc_clearfix\"><\/div>\n<\/div>","protected":false},"excerpt":{"rendered":"Discover the perfect cartridge dust collector for your manufacturing needs with Airex Industries. Our dust collection systems are expertly engineered to handle even the most demanding industrial environments, ensuring efficient, reliable performance where you need it most. Built for longevity &hellip;","protected":false},"author":2,"featured_media":3788,"parent":3289,"menu_order":0,"comment_status":"closed","ping_status":"closed","template":"","meta":{"content-type":"","footnotes":""},"class_list":["post-3336","page","type-page","status-publish","has-post-thumbnail","hentry"],"_links":{"self":[{"href":"https:\/\/airex-industries.com\/fr\/wp-json\/wp\/v2\/pages\/3336","targetHints":{"allow":["GET"]}}],"collection":[{"href":"https:\/\/airex-industries.com\/fr\/wp-json\/wp\/v2\/pages"}],"about":[{"href":"https:\/\/airex-industries.com\/fr\/wp-json\/wp\/v2\/types\/page"}],"author":[{"embeddable":true,"href":"https:\/\/airex-industries.com\/fr\/wp-json\/wp\/v2\/users\/2"}],"replies":[{"embeddable":true,"href":"https:\/\/airex-industries.com\/fr\/wp-json\/wp\/v2\/comments?post=3336"}],"version-history":[{"count":0,"href":"https:\/\/airex-industries.com\/fr\/wp-json\/wp\/v2\/pages\/3336\/revisions"}],"up":[{"embeddable":true,"href":"https:\/\/airex-industries.com\/fr\/wp-json\/wp\/v2\/pages\/3289"}],"wp:featuredmedia":[{"embeddable":true,"href":"https:\/\/airex-industries.com\/fr\/wp-json\/wp\/v2\/media\/3788"}],"wp:attachment":[{"href":"https:\/\/airex-industries.com\/fr\/wp-json\/wp\/v2\/media?parent=3336"}],"curies":[{"name":"wp","href":"https:\/\/api.w.org\/{rel}","templated":true}]}}