{"id":3447,"date":"2024-09-16T18:59:20","date_gmt":"2024-09-16T18:59:20","guid":{"rendered":"https:\/\/airex-industries.com\/?page_id=3447"},"modified":"2024-09-30T20:54:45","modified_gmt":"2024-09-30T20:54:45","slug":"ventilateur-industriel","status":"publish","type":"page","link":"https:\/\/airex-industries.com\/fr\/products\/industrial-blower\/","title":{"rendered":"Ventilateur industriel"},"content":{"rendered":"<div class=\"wpb-content-wrapper\"><div class=\"vc_row wpb_row vc_row-fluid\"><div class=\"wpb_column vc_column_container vc_col-md-12\"><div class=\"vc_column-inner\"><div class=\"wpb_wrapper\">\n\t<div class=\"wpb_text_column wpb_content_element wpb_animate_when_almost_visible wpb_slideInRight slideInRight\" >\n\t\t<div class=\"wpb_wrapper\">\n\t\t\t<p>Airex Industries con\u00e7oit et fabrique une large gamme de ventilateurs industriels pour divers syst\u00e8mes industriels de nettoyage de l'air. D\u00e9couvrez nos produits.<\/p>\n\n\t\t<\/div>\n\t<\/div>\n<\/div><\/div><\/div><\/div><div class=\"vc_row wpb_row vc_row-fluid vc_custom_1722285190270\"><div class=\"wpb_column vc_column_container vc_col-md-4\"><div class=\"vc_column-inner\"><div class=\"wpb_wrapper\"><div class='featured featured-has-link featured-has-content'><div class='featured-header'><a target='_self' href='\/fr\/produits\/ventilateur-industriel\/entrainement-direct\/'><img alt='Ventilateur \u00e0 entra\u00eenement direct \u00e0 pale inclin\u00e9es' src='https:\/\/airex-industries.com\/wp-content\/uploads\/2024\/09\/backward-inclined-direct-drive-blower-722x368-1.webp'\/><\/a><\/div><div class='featured-content'><h3 class='featured-title text-uppercase'><a target='_self' href='\/fr\/produits\/ventilateur-industriel\/entrainement-direct\/'>Ventilateur \u00e0 entra\u00eenement direct \u00e0 pale inclin\u00e9es<\/a><\/h3><p class='featured-desc'>Le ventilateur de la s\u00e9rie SXBD<sup>MC<\/sup> ont une roue inclin\u00e9e vers l'arri\u00e8re mont\u00e9e directement sur l'arbre du moteur. Une large gamme de moteurs\/soufflantes est disponible pour couvrir des d\u00e9bits d'air jusqu'\u00e0 10 000 CFM \u00e0 12\" H2O.<\/p><a class='btn btn-md btn-minimal' target='_self' href='\/fr\/produits\/ventilateur-industriel\/entrainement-direct\/'>EN SAVOIR PLUS<\/a><\/div><\/div><div class=\"vc_empty_space\"   style=\"height: 40px\"><span class=\"vc_empty_space_inner\"><\/span><\/div><\/div><\/div><\/div><div class=\"wpb_column vc_column_container vc_col-md-4\"><div class=\"vc_column-inner\"><div class=\"wpb_wrapper\"><div class='featured featured-has-link featured-has-content'><div class='featured-header'><a target='_self' href='\/fr\/produits\/ventilateur-industriel\/pales-inclinees-vers-l-arriere\/'><img alt='Ventilateur industriel \u00e0 pales inclin\u00e9es vers l&#039;arri\u00e8re' src='https:\/\/airex-industries.com\/wp-content\/uploads\/2024\/09\/industrial-blower-backward-wheel-722x368-1.webp'\/><\/a><\/div><div class='featured-content'><h3 class='featured-title text-uppercase'><a target='_self' href='\/fr\/produits\/ventilateur-industriel\/pales-inclinees-vers-l-arriere\/'>Ventilateur industriel \u00e0 pales inclin\u00e9es vers l'arri\u00e8re<\/a><\/h3><p class='featured-desc'>Le ventilateur industriel \u00e0 pales inclin\u00e9es vers l'arri\u00e8re est employ\u00e9 pour plusieurs types d'applications tel que le d\u00e9placement d'air et le transport de mat\u00e9riaux ou substances particulaires l\u00e9g\u00e8res.<\/p><a class='btn btn-md btn-minimal' target='_self' href='\/fr\/produits\/ventilateur-industriel\/pales-inclinees-vers-l-arriere\/'>EN SAVOIR PLUS<\/a><\/div><\/div><div class=\"vc_empty_space\"   style=\"height: 40px\"><span class=\"vc_empty_space_inner\"><\/span><\/div><\/div><\/div><\/div><div class=\"wpb_column vc_column_container vc_col-md-4\"><div class=\"vc_column-inner\"><div class=\"wpb_wrapper\"><div class='featured featured-has-link featured-has-content'><div class='featured-header'><a target='_self' href='\/fr\/produits\/ventilateur-industriel\/pales-radiales\/'><img alt='Ventilateur industriel \u00e0 pales radiales' src='https:\/\/airex-industries.com\/wp-content\/uploads\/2024\/09\/industrial-blower-radial-wheel-722x368-1.webp'\/><\/a><\/div><div class='featured-content'><h3 class='featured-title text-uppercase'><a target='_self' href='\/fr\/produits\/ventilateur-industriel\/pales-radiales\/'>Ventilateur industriel \u00e0 pales radiales<\/a><\/h3><p class='featured-desc'>Les ventilateurs industrielles \u00e0 pales radiales peuvent \u00eatre utilis\u00e9es pour de nombreux types d'applications, mais elles sont g\u00e9n\u00e9ralement utilis\u00e9es pour le d\u00e9placement de l'air ainsi que pour le d\u00e9placement et le transport de mat\u00e9riaux l\u00e9gers et de particules.<\/p><a class='btn btn-md btn-minimal' target='_self' href='\/fr\/produits\/ventilateur-industriel\/pales-radiales\/'>EN SAVOIR PLUS<\/a><\/div><\/div><div class=\"vc_empty_space\"   style=\"height: 40px\"><span class=\"vc_empty_space_inner\"><\/span><\/div><\/div><\/div><\/div><\/div><div class=\"vc_row wpb_row vc_row-fluid\"><div class=\"wpb_column vc_column_container vc_col-md-12\"><div class=\"vc_column-inner\"><div class=\"wpb_wrapper\">\n\t<div class=\"wpb_raw_code wpb_raw_html wpb_content_element\" >\n\t\t<div class=\"wpb_wrapper\">\n\t\t\t<style>\n.featured:not(.product) .featured-desc {\n    line-height: 22px;\n}\n<\/style>\n\t\t<\/div>\n\t<\/div>\n<\/div><\/div><\/div><\/div><div data-vc-full-width=\"true\" data-vc-full-width-temp=\"true\" data-vc-full-width-init=\"false\" class=\"vc_row wpb_row vc_row-fluid vc_custom_1721861712810 vc_row-has-fill\"><div class=\"wpb_column vc_column_container vc_col-md-12\"><div class=\"vc_column-inner vc_custom_1453295795563\"><div class=\"wpb_wrapper\"><div class=\"download\"><div class='download-content text-uppercase' style='color: #ffffff'><i class='fa fas fa-file-pdf'><\/i> T\u00c9L\u00c9CHARGEZ UN CATALOGUE DE NOTRE HISTOIRE ET DE NOS SERVICES<\/div><a target='_blank' href='\/wp-content\/uploads\/2024\/09\/Airex_FR-Edition-4.0NEW.pdf' class='btn btn-md btn-dark btn-shadow'><i class='fa fas fa-cloud-download-alt'><\/i> T\u00c9L\u00c9CHARGER<\/a><\/div><\/div><\/div><\/div><\/div><div class=\"vc_row-full-width vc_clearfix\"><\/div>\n<\/div>","protected":false},"excerpt":{"rendered":"Airex Industries designs and manufactures a wide range of industrial blowers for various industrial air cleaning systems. Discover our products. Backward Inclined Direct Drive BlowersSXBDTM Series Blowers have a backward inclined wheel mounted directly onto the motor shaft. A wide &hellip;","protected":false},"author":2,"featured_media":3448,"parent":3127,"menu_order":0,"comment_status":"closed","ping_status":"closed","template":"","meta":{"content-type":"","footnotes":""},"class_list":["post-3447","page","type-page","status-publish","has-post-thumbnail","hentry"],"_links":{"self":[{"href":"https:\/\/airex-industries.com\/fr\/wp-json\/wp\/v2\/pages\/3447","targetHints":{"allow":["GET"]}}],"collection":[{"href":"https:\/\/airex-industries.com\/fr\/wp-json\/wp\/v2\/pages"}],"about":[{"href":"https:\/\/airex-industries.com\/fr\/wp-json\/wp\/v2\/types\/page"}],"author":[{"embeddable":true,"href":"https:\/\/airex-industries.com\/fr\/wp-json\/wp\/v2\/users\/2"}],"replies":[{"embeddable":true,"href":"https:\/\/airex-industries.com\/fr\/wp-json\/wp\/v2\/comments?post=3447"}],"version-history":[{"count":0,"href":"https:\/\/airex-industries.com\/fr\/wp-json\/wp\/v2\/pages\/3447\/revisions"}],"up":[{"embeddable":true,"href":"https:\/\/airex-industries.com\/fr\/wp-json\/wp\/v2\/pages\/3127"}],"wp:featuredmedia":[{"embeddable":true,"href":"https:\/\/airex-industries.com\/fr\/wp-json\/wp\/v2\/media\/3448"}],"wp:attachment":[{"href":"https:\/\/airex-industries.com\/fr\/wp-json\/wp\/v2\/media?parent=3447"}],"curies":[{"name":"wp","href":"https:\/\/api.w.org\/{rel}","templated":true}]}}