{"id":3451,"date":"2024-09-16T19:27:58","date_gmt":"2024-09-16T19:27:58","guid":{"rendered":"https:\/\/airex-industries.com\/?page_id=3451"},"modified":"2026-02-18T09:17:34","modified_gmt":"2026-02-18T14:17:34","slug":"entrainement-direct","status":"publish","type":"page","link":"https:\/\/airex-industries.com\/fr\/products\/industrial-blower\/direct-drive\/","title":{"rendered":"Ventilateur \u00e0 entra\u00eenement direct \u00e0 pales inclin\u00e9es\nS\u00e9rie SXBD"},"content":{"rendered":"<div class=\"wpb-content-wrapper\"><div class=\"vc_row wpb_row vc_row-fluid vc_custom_1453202322416\"><div class=\"wpb_column vc_column_container vc_col-md-12\"><div class=\"vc_column-inner\"><div class=\"wpb_wrapper\"><div class=\"vc_row wpb_row vc_inner vc_row-fluid\"><div class=\"wpb_column vc_column_container vc_col-md-6\"><div class=\"vc_column-inner\"><div class=\"wpb_wrapper\"><div class=\"wpb_images_carousel wpb_content_element vc_clearfix wpb_content_element wpb_animate_when_almost_visible wpb_slideInLeft slideInLeft\"><div class=\"wpb_wrapper\"><div id=\"vc_images-carousel-1-1776513642\" data-ride=\"vc_carousel\" data-wrap=\"false\" style=\"width: 100%;\" data-interval=\"0\" data-auto-height=\"yes\" data-mode=\"horizontal\" data-partial=\"false\" data-per-view=\"1\" data-hide-on-end=\"true\" class=\"vc_slide vc_images_carousel\"><ol class=\"vc_carousel-indicators\"><li data-target=\"#vc_images-carousel-1-1776513642\" data-slide-to=\"0\"><\/li><li data-target=\"#vc_images-carousel-1-1776513642\" data-slide-to=\"1\"><\/li><\/ol><div class=\"vc_carousel-inner\"><div class=\"vc_carousel-slideline\"><div class=\"vc_carousel-slideline-inner\"><div class=\"vc_item\"><div class=\"vc_inner\"><a class=\"\" href=\"https:\/\/airex-industries.com\/wp-content\/uploads\/2024\/09\/backward-inclined-direct-drive-blower-560x467-1.webp\" data-lightbox=\"lightbox[rel-3451-1196983421]\"><img loading=\"lazy\" decoding=\"async\" width=\"560\" height=\"467\" src=\"https:\/\/airex-industries.com\/wp-content\/uploads\/2024\/09\/backward-inclined-direct-drive-blower-560x467-1.webp\" class=\"attachment-full\" alt=\"Backward Inclined Direct Drive Blower by Airex Industries\" title=\"Backward Inclined Direct Drive Blower by Airex Industries\" srcset=\"https:\/\/airex-industries.com\/wp-content\/uploads\/2024\/09\/backward-inclined-direct-drive-blower-560x467-1.webp 560w, https:\/\/airex-industries.com\/wp-content\/uploads\/2024\/09\/backward-inclined-direct-drive-blower-560x467-1-300x250.webp 300w, https:\/\/airex-industries.com\/wp-content\/uploads\/2024\/09\/backward-inclined-direct-drive-blower-560x467-1-14x12.webp 14w\" sizes=\"auto, (max-width: 560px) 100vw, 560px\" \/><\/a><\/div><\/div><div class=\"vc_item\"><div class=\"vc_inner\"><a class=\"\" href=\"https:\/\/airex-industries.com\/wp-content\/uploads\/2024\/09\/ventilateur-entrainement-direct-560x467-2.webp\" data-lightbox=\"lightbox[rel-3451-1196983421]\"><img loading=\"lazy\" decoding=\"async\" width=\"560\" height=\"468\" src=\"https:\/\/airex-industries.com\/wp-content\/uploads\/2024\/09\/ventilateur-entrainement-direct-560x467-2.webp\" class=\"attachment-full\" alt=\"Backward Inclined Direct Drive Blower by Airex Industries\" title=\"Backward Inclined Direct Drive Blower by Airex Industries\" srcset=\"https:\/\/airex-industries.com\/wp-content\/uploads\/2024\/09\/ventilateur-entrainement-direct-560x467-2.webp 560w, https:\/\/airex-industries.com\/wp-content\/uploads\/2024\/09\/ventilateur-entrainement-direct-560x467-2-300x251.webp 300w, https:\/\/airex-industries.com\/wp-content\/uploads\/2024\/09\/ventilateur-entrainement-direct-560x467-2-14x12.webp 14w\" sizes=\"auto, (max-width: 560px) 100vw, 560px\" \/><\/a><\/div><\/div><\/div><\/div><\/div><a class=\"vc_left vc_carousel-control\" href=\"#vc_images-carousel-1-1776513642\" data-slide=\"prev\"><span class=\"icon-prev\"><\/span><\/a><a class=\"vc_right vc_carousel-control\" href=\"#vc_images-carousel-1-1776513642\" data-slide=\"next\"><span class=\"icon-next\"><\/span><\/a><\/div><\/div><\/div><\/div><\/div><\/div><div class=\"wpb_column vc_column_container vc_col-md-6\"><div class=\"vc_column-inner\"><div class=\"wpb_wrapper\"><h2 class='heading-left  style-1' ><span>DRIVE BLOWERS<\/span><\/h2>\n\t<div class=\"wpb_text_column wpb_content_element wpb_animate_when_almost_visible wpb_slideInRight slideInRight\" >\n\t\t<div class=\"wpb_wrapper\">\n\t\t\t<p>SXBD<sup>TM<\/sup> Series Blowers have a backward inclined wheel mounted directly on to the motor shaft. The motor is mounted outside the airflow and the design meets AMCA \u2018C\u2019 standards. This blower design maximizes efficiency while reducing power loss, maintenance and troublesome adjustments.<\/p>\n<p>A wide range of motors\/blowers are available to cover airflows up to 10 000 CFM at 12\u201c H2O.<\/p>\n\n\t\t<\/div>\n\t<\/div>\n<a id='button-id-' target='_blank' href='\/en\/request-quote\/' class='btn btn-normal btn-lg' style='color: #ffffff;background-color: #9c1c20'>REQUEST A QUOTE<\/a><style>#button-id-:hover{background-color: #666666 !important;}<\/style><\/div><\/div><\/div><\/div><\/div><\/div><\/div><div class=\"wpb_column vc_column_container vc_col-md-12\"><div class=\"vc_column-inner\"><div class=\"wpb_wrapper\"><div class=\"vc_empty_space\"   style=\"height: 20px\"><span class=\"vc_empty_space_inner\"><\/span><\/div><h2 class='heading-left  style-1' ><span>PRODUCT DETAILS<\/span><\/h2><\/div><\/div><\/div><\/div><div class=\"vc_row wpb_row vc_row-fluid vc_custom_1453202352951\"><div class=\"wpb_column vc_column_container vc_col-md-12\"><div class=\"vc_column-inner\"><div class=\"wpb_wrapper\"><div class=\"tabs tabs-minimal tabs-shape-square tabs-align-center tabs-position-top\"><div class=\"nav-tabs-wrap\" style=\"padding-bottom: 1px\"><ul class=\"nav nav-tabs\" role=\"tablist\"><li style=\"\" role=\"presentation\" class=\" active\"><a href=\"#1453203013836-8597c7f9-27be\" aria-controls=\"1453203013836-8597c7f9-27be\" role=\"tab\" data-toggle=\"tab\"><i class=\"fas fa-thumbs-up\"><\/i><span>BENEFITS<\/span><\/a><\/li><li style=\"\" role=\"presentation\" class=\"\"><a href=\"#1453203014050-0d0948fa-bb02\" aria-controls=\"1453203014050-0d0948fa-bb02\" role=\"tab\" data-toggle=\"tab\"><i class=\"fas fa-ruler-horizontal\"><\/i><span>PERFORMANCE<\/span><\/a><\/li><\/ul><\/div><div class=\"tab-content\"><div role=\"tabpanel\" class=\"tab-pane active\" id=\"1453203013836-8597c7f9-27be\">\n\t<div class=\"wpb_text_column wpb_content_element wpb_animate_when_almost_visible wpb_zoomInLeft zoomInLeft vc_custom_1726514035399\" >\n\t\t<div class=\"wpb_wrapper\">\n\t\t\t<h4>BENEFITS<\/h4>\n<h5>Reduced initial cost<\/h5>\n<p>With the absence of pulleys, fan bearings and belts, The high efficiency blower design offer competitive manufacturing costs and lower power consumption.<\/p>\n<h5>Low Maintenance Cost<\/h5>\n<p>The optional quick access door and the absence of pulleys, fan bearings and belts reduces maintenance time and costs.<\/p>\n<h5>Compact Design<\/h5>\n<p>Mounts directly to the dust collector\u2019s clean-air plenum, eliminating costly transitions.<\/p>\n<h5>Explosion-Proof Motor (Optional)<\/h5>\n<p>This class of motor is rated for use in explosive areas (outside the dirty air stream).<\/p>\n<h5>Pressures Available Up To 15\u201c H2O<\/h5>\n<p>Static pressure capabilities help maintain CFM and air flow through heavy ductwork arrangement.<\/p>\n\n\t\t<\/div>\n\t<\/div>\n<\/div><div role=\"tabpanel\" class=\"tab-pane\" id=\"1453203014050-0d0948fa-bb02\">\n\t<div class=\"wpb_text_column wpb_content_element wpb_animate_when_almost_visible wpb_zoomInRight zoomInRight vc_custom_1726514246136\" >\n\t\t<div class=\"wpb_wrapper\">\n\t\t\t<h4>PERFORMANCE CURVES<\/h4>\n<p style=\"text-align: center;\"><img decoding=\"async\" style=\"width: 100%; max-width: 800px;\" src=\"\/wp-content\/uploads\/2024\/09\/performance-curves-direct-drive-blower.webp\" \/><\/p>\n\n\t\t<\/div>\n\t<\/div>\n<div class=\"vc_empty_space\"   style=\"height: 20px\"><span class=\"vc_empty_space_inner\"><\/span><\/div><div class='table-responsive'><table class='table table-striped table-bordered'><thead  class='bg-primary'><tr><th>Model<\/th><th>PCM<\/th><th>H20<\/th><th>RPM<\/th><th>Class<\/th><th>Motor CV<\/th><th>Motor Frame<\/th><th>Motor \u00d8 Shaft<\/th><th>Weight<\/th><th>dBA @ 5&#8242;<\/th><\/tr><\/thead><tbody><tr><td>SXBD-01<\/td><td>1000<\/td><td>8.5<\/td><td>3450<\/td><td>IIs<\/td><td>5<\/td><td>184T<\/td><td>1.125<\/td><td>690 lbs.<\/td><td>79.6<\/td><\/tr><tr><td>SXBD-02<\/td><td>2000<\/td><td>10.5<\/td><td>3450<\/td><td>IIs<\/td><td>7.5<\/td><td>213T<\/td><td>1.375<\/td><td>771 lbs.<\/td><td>81.4<\/td><\/tr><tr><td>SXBD-04<\/td><td>4000<\/td><td>12<\/td><td>3450<\/td><td>III<\/td><td>15<\/td><td>254T<\/td><td>1.625<\/td><td>942 lbs.<\/td><td>82<\/td><\/tr><tr><td>SXBD-05<\/td><td>5000<\/td><td>7<\/td><td>1750<\/td><td>III<\/td><td>15<\/td><td>254T<\/td><td>1.625<\/td><td>1032 lbs.<\/td><td>78.9<\/td><\/tr><tr><td>SXBD-06<\/td><td>6000<\/td><td>12<\/td><td>3450<\/td><td>III<\/td><td>20<\/td><td>256TS<\/td><td>1.625<\/td><td>1168 lbs.<\/td><td>85<\/td><\/tr><tr><td>SXBD-08<\/td><td>8000<\/td><td>12<\/td><td>1750<\/td><td>III<\/td><td>30<\/td><td>286T<\/td><td>1.875<\/td><td>1187 lbs.<\/td><td>82<\/td><\/tr><tr><td>SXBD-10<\/td><td>10000<\/td><td>12<\/td><td>1750<\/td><td>III<\/td><td>30<\/td><td>286T<\/td><td>1.875<\/td><td>1193 lbs.<\/td><td>82<\/td><\/tr><\/tbody><\/table><\/div><\/div><\/div><\/div><\/div><\/div><\/div><\/div><div class=\"vc_row wpb_row vc_row-fluid wpb_animate_when_almost_visible wpb_bounceInLeft bounceInLeft\"><div class=\"wpb_column vc_column_container vc_col-md-12\"><div class=\"vc_column-inner\"><div class=\"wpb_wrapper\"><h2 class='heading-left  style-1' ><span>TECHNICAL SPECIFICATIONS<\/span><\/h2><div class='table-responsive'><table class='table table-striped table-bordered'><thead  class='bg-primary'><tr><th>Model<\/th><th>A<\/th><th>B<\/th><th>C<\/th><th>D<\/th><th>E<\/th><th>F<\/th><th>G<\/th><th>H<\/th><th>I<\/th><th>J<\/th><th>K<\/th><th>L<\/th><th>M<\/th><th>N<\/th><th>QTY<\/th><\/tr><\/thead><tbody><tr><td>SXBD-01<\/td><td>22 3\/4&#8243;<\/td><td>25 7\/8\u201d<\/td><td>27 5\/8&#8243;<\/td><td>12 1\/2&#8243;<\/td><td>10 1\/2&#8243;<\/td><td>7 7\/8&#8243;<\/td><td>9 1\/2&#8243;<\/td><td>14&#8243;<\/td><td>15&#8243;<\/td><td>10 1\/4&#8243;<\/td><td>11 5\/8&#8243;<\/td><td>13 1\/2&#8243;<\/td><td>18&#8243;<\/td><td>16 1\/2&#8243;<\/td><td>16<\/td><\/tr><tr><td>SXBD-02<\/td><td>25&#8243;<\/td><td>27 1\/2&#8243;<\/td><td>32 3\/8&#8243;<\/td><td>13 3\/4&#8243;<\/td><td>11 1\/2&#8243;<\/td><td>8&#8243;<\/td><td>10 1\/8&#8243;<\/td><td>15&#8243;<\/td><td>16&#8243;<\/td><td>11 1\/2&#8243;<\/td><td>12 7\/8&#8243;<\/td><td>15&#8243;<\/td><td>18&#8243;<\/td><td>16 1\/2&#8243;<\/td><td>16<\/td><\/tr><tr><td>SXBD-04<\/td><td>27 1\/2&#8243;<\/td><td>31 1\/4&#8243;<\/td><td>40 5\/8&#8243;<\/td><td>14 3\/4&#8243;<\/td><td>12 1\/2&#8243;<\/td><td>9 3\/4&#8243;<\/td><td>10 5\/8&#8243;<\/td><td>16&#8243;<\/td><td>18&#8243;<\/td><td>12 3\/4&#8243;<\/td><td>14 5\/8&#8243;<\/td><td>16 1\/2&#8243;<\/td><td>19 1\/2&#8243;<\/td><td>18&#8243;<\/td><td>8<\/td><\/tr><tr><td>SXBD-05<\/td><td>39 1\/4&#8243;<\/td><td>44 1\/4&#8243;<\/td><td>46&#8243;<\/td><td>22&#8243;<\/td><td>17 1\/2&#8243;<\/td><td>14 1\/4&#8243;<\/td><td>13 3\/8&#8243;<\/td><td>22&#8243;<\/td><td>25&#8243;<\/td><td>18 1\/8&#8243;<\/td><td>21 5\/8&#8243;<\/td><td>25&#8243;<\/td><td>28&#8243;<\/td><td>26 1\/2&#8243;<\/td><td>16<\/td><\/tr><tr><td>SXBD-06<\/td><td>30&#8243;<\/td><td>34 3\/8&#8243;<\/td><td>41 1\/2&#8243;<\/td><td>17 3\/4&#8243;<\/td><td>14&#8243;<\/td><td>10 3\/8&#8243;<\/td><td>11 1\/8&#8243;<\/td><td>17&#8243;<\/td><td>20&#8243;<\/td><td>13 5\/8&#8243;<\/td><td>16 1\/8&#8243;<\/td><td>18 1\/2&#8243;<\/td><td>21 1\/2&#8243;<\/td><td>20&#8243;<\/td><td>8<\/td><\/tr><tr><td>SXBD-08<\/td><td>47 3\/4&#8243;<\/td><td>52 1\/2&#8243;<\/td><td>47 7\/8&#8243;<\/td><td>28&#8243;<\/td><td>21 1\/2&#8243;<\/td><td>18&#8243;<\/td><td>14 1\/4&#8243;<\/td><td>23&#8243;<\/td><td>30&#8243;<\/td><td>19 3\/4&#8243;<\/td><td>26 1\/8&#8243;<\/td><td>30 1\/2&#8243;<\/td><td>33 1\/2&#8243;<\/td><td>32&#8243;<\/td><td>16<\/td><\/tr><tr><td>SXBD-10<\/td><td>47 3\/4&#8243;<\/td><td>54 1\/2&#8243;<\/td><td>49 3\/8&#8243;<\/td><td>28&#8243;<\/td><td>21 1\/2&#8243;<\/td><td>18&#8243;<\/td><td>30 1\/2&#8243;<\/td><td>25&#8243;<\/td><td>30&#8243;<\/td><td>21 3\/8&#8243;<\/td><td>26 1\/8&#8243;<\/td><td>30 1\/2&#8243;<\/td><td>33 1\/2&#8243;<\/td><td>32&#8243;<\/td><td>16<\/td><\/tr><\/tbody><\/table><\/div>\n\t<div  class=\"wpb_single_image wpb_content_element vc_align_center wpb_content_element wpb_animate_when_almost_visible wpb_slideInUp slideInUp\">\n\t\t\n\t\t<figure class=\"wpb_wrapper vc_figure\">\n\t\t\t<div class=\"vc_single_image-wrapper   vc_box_border_grey\"><img loading=\"lazy\" decoding=\"async\" width=\"600\" height=\"500\" src=\"https:\/\/airex-industries.com\/wp-content\/uploads\/2024\/09\/direct-drive-blower-dimensions.webp\" class=\"vc_single_image-img attachment-large\" alt=\"\" title=\"direct-drive-blower-dimensions\" srcset=\"https:\/\/airex-industries.com\/wp-content\/uploads\/2024\/09\/direct-drive-blower-dimensions.webp 600w, https:\/\/airex-industries.com\/wp-content\/uploads\/2024\/09\/direct-drive-blower-dimensions-300x250.webp 300w, https:\/\/airex-industries.com\/wp-content\/uploads\/2024\/09\/direct-drive-blower-dimensions-14x12.webp 14w\" sizes=\"auto, (max-width: 600px) 100vw, 600px\" \/><\/div>\n\t\t<\/figure>\n\t<\/div>\n<\/div><\/div><\/div><\/div><div class=\"vc_row wpb_row vc_row-fluid\"><div class=\"wpb_column vc_column_container vc_col-md-12\"><div class=\"vc_column-inner\"><div class=\"wpb_wrapper\">\n\t<div class=\"wpb_raw_code wpb_raw_html wpb_content_element\" >\n\t\t<div class=\"wpb_wrapper\">\n\t\t\t<style>\n.tabs-minimal .nav-tabs li.active a {\nbackground:#9c1c20;\ncolor:#ffffff;\n}\n\ntable.table > tbody td{\nfont-size:14px;\npadding: 15px 10px;\n}\n\n.vc_row-has-fill>.vc_column_container>.vc_column-inner {\n    padding-top: 0px!important;\n}\n\n.content-container > .row > *.col-md-12 {\n    padding-bottom: 0px;\n}\n<\/style>\n\t\t<\/div>\n\t<\/div>\n<\/div><\/div><\/div><\/div><div data-vc-full-width=\"true\" data-vc-full-width-temp=\"true\" data-vc-full-width-init=\"false\" class=\"vc_row wpb_row vc_row-fluid wpb_animate_when_almost_visible wpb_bounceInLeft bounceInLeft vc_custom_1727718120902 vc_row-has-fill\"><div class=\"wpb_column vc_column_container vc_col-md-12\"><div class=\"vc_column-inner\"><div class=\"wpb_wrapper\"><div class=\"download\"><div class='download-content text-uppercase' style='color: #fff'><i class='fa fas fa-file-pdf'><\/i> DOWNLOAD PRODUCT GUIDE<\/div><a target='_blank' href='\/wp-content\/uploads\/2024\/09\/SXBD_series_EN_v1-2012-10_web.pdf' class='btn btn-md btn-dark btn-shadow'><i class='fa fas fa-cloud-download-alt'><\/i> DOWNLOAD NOW<\/a><\/div><\/div><\/div><\/div><\/div><div class=\"vc_row-full-width vc_clearfix\"><\/div>\n<\/div>","protected":false},"excerpt":{"rendered":"DRIVE BLOWERS SXBDTM Series Blowers have a backward inclined wheel mounted directly on to the motor shaft. The motor is mounted outside the airflow and the design meets AMCA \u2018C\u2019 standards. This blower design maximizes efficiency while reducing power loss, &hellip;","protected":false},"author":2,"featured_media":3452,"parent":3447,"menu_order":0,"comment_status":"closed","ping_status":"closed","template":"","meta":{"content-type":"","footnotes":""},"class_list":["post-3451","page","type-page","status-publish","has-post-thumbnail","hentry"],"_links":{"self":[{"href":"https:\/\/airex-industries.com\/fr\/wp-json\/wp\/v2\/pages\/3451","targetHints":{"allow":["GET"]}}],"collection":[{"href":"https:\/\/airex-industries.com\/fr\/wp-json\/wp\/v2\/pages"}],"about":[{"href":"https:\/\/airex-industries.com\/fr\/wp-json\/wp\/v2\/types\/page"}],"author":[{"embeddable":true,"href":"https:\/\/airex-industries.com\/fr\/wp-json\/wp\/v2\/users\/2"}],"replies":[{"embeddable":true,"href":"https:\/\/airex-industries.com\/fr\/wp-json\/wp\/v2\/comments?post=3451"}],"version-history":[{"count":0,"href":"https:\/\/airex-industries.com\/fr\/wp-json\/wp\/v2\/pages\/3451\/revisions"}],"up":[{"embeddable":true,"href":"https:\/\/airex-industries.com\/fr\/wp-json\/wp\/v2\/pages\/3447"}],"wp:featuredmedia":[{"embeddable":true,"href":"https:\/\/airex-industries.com\/fr\/wp-json\/wp\/v2\/media\/3452"}],"wp:attachment":[{"href":"https:\/\/airex-industries.com\/fr\/wp-json\/wp\/v2\/media?parent=3451"}],"curies":[{"name":"wp","href":"https:\/\/api.w.org\/{rel}","templated":true}]}}