{"id":3466,"date":"2024-09-16T21:05:41","date_gmt":"2024-09-16T21:05:41","guid":{"rendered":"https:\/\/airex-industries.com\/?page_id=3466"},"modified":"2026-02-18T09:17:01","modified_gmt":"2026-02-18T14:17:01","slug":"pales-inclinees-vers-l-arriere","status":"publish","type":"page","link":"https:\/\/airex-industries.com\/fr\/products\/industrial-blower\/backward-wheel\/","title":{"rendered":"Ventilateur industriel \u00e0 pales inclin\u00e9es vers l'arri\u00e8re"},"content":{"rendered":"<div class=\"wpb-content-wrapper\"><div class=\"vc_row wpb_row vc_row-fluid vc_custom_1453202322416\"><div class=\"wpb_column vc_column_container vc_col-md-12\"><div class=\"vc_column-inner\"><div class=\"wpb_wrapper\"><div class=\"vc_row wpb_row vc_inner vc_row-fluid\"><div class=\"wpb_column vc_column_container vc_col-md-6\"><div class=\"vc_column-inner\"><div class=\"wpb_wrapper\"><div class=\"wpb_images_carousel wpb_content_element vc_clearfix wpb_content_element wpb_animate_when_almost_visible wpb_slideInLeft slideInLeft\"><div class=\"wpb_wrapper\"><div id=\"vc_images-carousel-1-1776510075\" data-ride=\"vc_carousel\" data-wrap=\"false\" style=\"width: 100%;\" data-interval=\"0\" data-auto-height=\"yes\" data-mode=\"horizontal\" data-partial=\"false\" data-per-view=\"1\" data-hide-on-end=\"true\" class=\"vc_slide vc_images_carousel\"><div class=\"vc_carousel-inner\"><div class=\"vc_carousel-slideline\"><div class=\"vc_carousel-slideline-inner\"><div class=\"vc_item\"><div class=\"vc_inner\"><a class=\"\" href=\"https:\/\/airex-industries.com\/wp-content\/uploads\/2024\/09\/industrial-blower-backward-wheel-560x467-1.webp\" data-lightbox=\"lightbox[rel-3466-3133583763]\"><img loading=\"lazy\" decoding=\"async\" width=\"560\" height=\"467\" src=\"https:\/\/airex-industries.com\/wp-content\/uploads\/2024\/09\/industrial-blower-backward-wheel-560x467-1.webp\" class=\"attachment-full\" alt=\"Backward Wheel Industrial Blowers by Airex Industries\" title=\"Backward Wheel Industrial Blowers by Airex Industries\" srcset=\"https:\/\/airex-industries.com\/wp-content\/uploads\/2024\/09\/industrial-blower-backward-wheel-560x467-1.webp 560w, https:\/\/airex-industries.com\/wp-content\/uploads\/2024\/09\/industrial-blower-backward-wheel-560x467-1-300x250.webp 300w, https:\/\/airex-industries.com\/wp-content\/uploads\/2024\/09\/industrial-blower-backward-wheel-560x467-1-14x12.webp 14w\" sizes=\"auto, (max-width: 560px) 100vw, 560px\" \/><\/a><\/div><\/div><\/div><\/div><\/div><\/div><\/div><\/div><\/div><\/div><\/div><div class=\"wpb_column vc_column_container vc_col-md-6\"><div class=\"vc_column-inner\"><div class=\"wpb_wrapper\"><h2 class='heading-left  style-1' ><span>INDUSTRIAL BLOWERS<\/span><\/h2>\n\t<div class=\"wpb_text_column wpb_content_element wpb_animate_when_almost_visible wpb_slideInRight slideInRight\" >\n\t\t<div class=\"wpb_wrapper\">\n\t\t\t<p>Backward wheel industrial blowers can be used for many types of applications but they are mostly typically employed for the displacement of air, for moving and conveying light materials and particulates.<\/p>\n<p>A set of blades are connected to a central shaft, which is linked to and driven by a motor. Air is drawn into the fan near the shaft as the impeller rotates. As it turns, air is blown at right angles to the intake of the fan and is spun outwards to the outlet by deflection and centrifugal force.<\/p>\n\n\t\t<\/div>\n\t<\/div>\n<a id='button-id-' target='_blank' href='\/en\/request-quote\/' class='btn btn-normal btn-lg' style='color: #ffffff;background-color: #9c1c20'>REQUEST A QUOTE<\/a><style>#button-id-:hover{background-color: #666666 !important;}<\/style><\/div><\/div><\/div><\/div><\/div><\/div><\/div><div class=\"wpb_column vc_column_container vc_col-md-12\"><div class=\"vc_column-inner\"><div class=\"wpb_wrapper\"><div class=\"vc_empty_space\"   style=\"height: 20px\"><span class=\"vc_empty_space_inner\"><\/span><\/div><h2 class='heading-left  style-1' ><span>PRODUCT DETAILS<\/span><\/h2><\/div><\/div><\/div><\/div><div class=\"vc_row wpb_row vc_row-fluid vc_custom_1453202352951\"><div class=\"wpb_column vc_column_container vc_col-md-12\"><div class=\"vc_column-inner\"><div class=\"wpb_wrapper\"><div class=\"tabs tabs-minimal tabs-shape-square tabs-align-center tabs-position-top\"><div class=\"nav-tabs-wrap\" style=\"padding-bottom: 1px\"><ul class=\"nav nav-tabs\" role=\"tablist\"><li style=\"\" role=\"presentation\" class=\" active\"><a href=\"#1453203014050-0d0948fa-bb02\" aria-controls=\"1453203014050-0d0948fa-bb02\" role=\"tab\" data-toggle=\"tab\"><i class=\"fas fa-hand-point-right\"><\/i><span>FEATURES<\/span><\/a><\/li><li style=\"\" role=\"presentation\" class=\"\"><a href=\"#1726520546017-e3ef3d9c-1c72\" aria-controls=\"1726520546017-e3ef3d9c-1c72\" role=\"tab\" data-toggle=\"tab\"><i class=\"fas fa-info-circle\"><\/i><span>SELECTION CRITERIA<\/span><\/a><\/li><li style=\"\" role=\"presentation\" class=\"\"><a href=\"#1453203013836-8597c7f9-27be\" aria-controls=\"1453203013836-8597c7f9-27be\" role=\"tab\" data-toggle=\"tab\"><i class=\"fas fa-thumbs-up\"><\/i><span>BENEFITS<\/span><\/a><\/li><li style=\"\" role=\"presentation\" class=\"\"><a href=\"#1726520647336-5fb354bf-138f\" aria-controls=\"1726520647336-5fb354bf-138f\" role=\"tab\" data-toggle=\"tab\"><i class=\"fas fa-angle-double-right\"><\/i><span>ACCESSORIES<\/span><\/a><\/li><\/ul><\/div><div class=\"tab-content\"><div role=\"tabpanel\" class=\"tab-pane active\" id=\"1453203014050-0d0948fa-bb02\">\n\t<div class=\"wpb_text_column wpb_content_element wpb_animate_when_almost_visible wpb_zoomInRight zoomInRight vc_custom_1726784507206\" >\n\t\t<div class=\"wpb_wrapper\">\n\t\t\t<h4>FEATURES<\/h4>\n<ul>\n<li>Backward inclined wheel<\/li>\n<li>Mild steel industrial construction<\/li>\n<\/ul>\n<h5>SXB Series<\/h5>\n<ul>\n<li>Standard sizes range from 12\u00bc to 44 \u00bd\u201d<\/li>\n<li>Square housing<\/li>\n<li>Capable of 50 000 CFM, 15\u201d H<sup>2<\/sup>0 &amp; 650\u00b0F<\/li>\n<\/ul>\n<h5>RXB Series<\/h5>\n<ul>\n<li>Standard sizes range from 22\u00bc to 44 \u00bd\u201d<\/li>\n<li>Scroll type housing<\/li>\n<li>Capable of 50 000 CFM, 15\u201d H<sup>2<\/sup>0 &amp; 650\u00b0F<\/li>\n<\/ul>\n\n\t\t<\/div>\n\t<\/div>\n<\/div><div role=\"tabpanel\" class=\"tab-pane\" id=\"1726520546017-e3ef3d9c-1c72\">\n\t<div class=\"wpb_text_column wpb_content_element wpb_animate_when_almost_visible wpb_zoomInLeft zoomInLeft vc_custom_1726520605742\" >\n\t\t<div class=\"wpb_wrapper\">\n\t\t\t<h4>SELECTION CRITERIA<\/h4>\n<ul>\n<li>Model size<\/li>\n<li>Shaft<\/li>\n<li>Keyway size<\/li>\n<li>Width, height and depth sizes for various parts of the blower<\/li>\n<li>A\/9 Max motor frame size<\/li>\n<\/ul>\n\n\t\t<\/div>\n\t<\/div>\n<\/div><div role=\"tabpanel\" class=\"tab-pane\" id=\"1453203013836-8597c7f9-27be\">\n\t<div class=\"wpb_text_column wpb_content_element wpb_animate_when_almost_visible wpb_zoomInLeft zoomInLeft vc_custom_1726520334535\" >\n\t\t<div class=\"wpb_wrapper\">\n\t\t\t<h4>BENEFITS<\/h4>\n<ul>\n<li>AMCA C construction<\/li>\n<li>Solid backward inclined blades handle dusty and mildly corrosive airstreams<\/li>\n<li>Rugged, continuously welded heavy steelplate construction.<\/li>\n<li>Four-way gusset maintains structural stability regardless of motor location<\/li>\n<li>Hyperbolic wheel cone optimizes smooth and stable airflow<\/li>\n<\/ul>\n\n\t\t<\/div>\n\t<\/div>\n<\/div><div role=\"tabpanel\" class=\"tab-pane\" id=\"1726520647336-5fb354bf-138f\">\n\t<div class=\"wpb_text_column wpb_content_element wpb_animate_when_almost_visible wpb_zoomInLeft zoomInLeft vc_custom_1726520719481\" >\n\t\t<div class=\"wpb_wrapper\">\n\t\t\t<h4>ACCESSORIES<\/h4>\n<ul>\n<li>AMCA B Construction<\/li>\n<li>Inlet screen<\/li>\n<li>Shaft guard<\/li>\n<li>Drain<\/li>\n<li>Punched flanged inlet<\/li>\n<li>Shaft cooler guard<\/li>\n<li>Bolt-on inlet box<\/li>\n<li>Punched flanged outlet<\/li>\n<li>Shaft seal<\/li>\n<li>Outlet damper<\/li>\n<li>Unitary base<\/li>\n<li>Extended grease fittings<\/li>\n<li>Split housing<\/li>\n<li>Belt guard<\/li>\n<li>Access door<\/li>\n<\/ul>\n\n\t\t<\/div>\n\t<\/div>\n<\/div><\/div><\/div><\/div><\/div><\/div><\/div><div class=\"vc_row wpb_row vc_row-fluid wpb_animate_when_almost_visible wpb_bounceInLeft bounceInLeft\"><div class=\"wpb_column vc_column_container vc_col-md-12\"><div class=\"vc_column-inner\"><div class=\"wpb_wrapper\"><h2 class='heading-left  style-1' ><span>TECHNICAL SPECIFICATIONS<\/span><\/h2><h3 class='heading-left  style-1' ><span>SXB Series<\/span><\/h3>\n\t<div  class=\"wpb_single_image wpb_content_element vc_align_center wpb_content_element wpb_animate_when_almost_visible wpb_slideInUp slideInUp\">\n\t\t\n\t\t<figure class=\"wpb_wrapper vc_figure\">\n\t\t\t<div class=\"vc_single_image-wrapper   vc_box_border_grey\"><img loading=\"lazy\" decoding=\"async\" width=\"900\" height=\"278\" src=\"https:\/\/airex-industries.com\/wp-content\/uploads\/2024\/09\/specification-en.webp\" class=\"vc_single_image-img attachment-large\" alt=\"\" title=\"specification-en\" srcset=\"https:\/\/airex-industries.com\/wp-content\/uploads\/2024\/09\/specification-en.webp 900w, https:\/\/airex-industries.com\/wp-content\/uploads\/2024\/09\/specification-en-300x93.webp 300w, https:\/\/airex-industries.com\/wp-content\/uploads\/2024\/09\/specification-en-768x237.webp 768w, https:\/\/airex-industries.com\/wp-content\/uploads\/2024\/09\/specification-en-18x6.webp 18w\" sizes=\"auto, (max-width: 900px) 100vw, 900px\" \/><\/div>\n\t\t<\/figure>\n\t<\/div>\n<h3 class='heading-left  style-1' ><span>RXB Series<\/span><\/h3>\n\t<div  class=\"wpb_single_image wpb_content_element vc_align_center wpb_content_element wpb_animate_when_almost_visible wpb_slideInUp slideInUp\">\n\t\t\n\t\t<figure class=\"wpb_wrapper vc_figure\">\n\t\t\t<div class=\"vc_single_image-wrapper   vc_box_border_grey\"><img loading=\"lazy\" decoding=\"async\" width=\"900\" height=\"350\" src=\"https:\/\/airex-industries.com\/wp-content\/uploads\/2024\/09\/specification-rxb-en.webp\" class=\"vc_single_image-img attachment-large\" alt=\"\" title=\"specification-rxb-en\" srcset=\"https:\/\/airex-industries.com\/wp-content\/uploads\/2024\/09\/specification-rxb-en.webp 900w, https:\/\/airex-industries.com\/wp-content\/uploads\/2024\/09\/specification-rxb-en-300x117.webp 300w, https:\/\/airex-industries.com\/wp-content\/uploads\/2024\/09\/specification-rxb-en-768x299.webp 768w, https:\/\/airex-industries.com\/wp-content\/uploads\/2024\/09\/specification-rxb-en-18x7.webp 18w\" sizes=\"auto, (max-width: 900px) 100vw, 900px\" \/><\/div>\n\t\t<\/figure>\n\t<\/div>\n<\/div><\/div><\/div><\/div><section class=\"vc_section\"><\/section><div class=\"vc_row wpb_row vc_row-fluid\"><div class=\"wpb_column vc_column_container vc_col-md-12\"><div class=\"vc_column-inner\"><div class=\"wpb_wrapper\">\n\t<div class=\"wpb_raw_code wpb_raw_html wpb_content_element\" >\n\t\t<div class=\"wpb_wrapper\">\n\t\t\t<style>\n.tabs-minimal .nav-tabs li.active a {\nbackground:#9c1c20;\ncolor:#ffffff;\n}\n\ntable.table > tbody td{\nfont-size:14px;\npadding: 15px 10px;\n<\/style>\n\t\t<\/div>\n\t<\/div>\n<\/div><\/div><\/div><\/div>\n<\/div>","protected":false},"excerpt":{"rendered":"INDUSTRIAL BLOWERS Backward wheel industrial blowers can be used for many types of applications but they are mostly typically employed for the displacement of air, for moving and conveying light materials and particulates. A set of blades are connected to &hellip;","protected":false},"author":2,"featured_media":3467,"parent":3447,"menu_order":0,"comment_status":"closed","ping_status":"closed","template":"","meta":{"content-type":"","footnotes":""},"class_list":["post-3466","page","type-page","status-publish","has-post-thumbnail","hentry"],"_links":{"self":[{"href":"https:\/\/airex-industries.com\/fr\/wp-json\/wp\/v2\/pages\/3466","targetHints":{"allow":["GET"]}}],"collection":[{"href":"https:\/\/airex-industries.com\/fr\/wp-json\/wp\/v2\/pages"}],"about":[{"href":"https:\/\/airex-industries.com\/fr\/wp-json\/wp\/v2\/types\/page"}],"author":[{"embeddable":true,"href":"https:\/\/airex-industries.com\/fr\/wp-json\/wp\/v2\/users\/2"}],"replies":[{"embeddable":true,"href":"https:\/\/airex-industries.com\/fr\/wp-json\/wp\/v2\/comments?post=3466"}],"version-history":[{"count":0,"href":"https:\/\/airex-industries.com\/fr\/wp-json\/wp\/v2\/pages\/3466\/revisions"}],"up":[{"embeddable":true,"href":"https:\/\/airex-industries.com\/fr\/wp-json\/wp\/v2\/pages\/3447"}],"wp:featuredmedia":[{"embeddable":true,"href":"https:\/\/airex-industries.com\/fr\/wp-json\/wp\/v2\/media\/3467"}],"wp:attachment":[{"href":"https:\/\/airex-industries.com\/fr\/wp-json\/wp\/v2\/media?parent=3466"}],"curies":[{"name":"wp","href":"https:\/\/api.w.org\/{rel}","templated":true}]}}