{"id":3485,"date":"2024-09-16T21:45:37","date_gmt":"2024-09-16T21:45:37","guid":{"rendered":"https:\/\/airex-industries.com\/?page_id=3485"},"modified":"2024-09-30T20:52:19","modified_gmt":"2024-09-30T20:52:19","slug":"accessoire-pour-depoussiereur","status":"publish","type":"page","link":"https:\/\/airex-industries.com\/fr\/products\/dust-collector-accessory\/","title":{"rendered":"Accessoire pour d\u00e9poussi\u00e9reur"},"content":{"rendered":"<div class=\"wpb-content-wrapper\"><div class=\"vc_row wpb_row vc_row-fluid\"><div class=\"wpb_column vc_column_container vc_col-md-12\"><div class=\"vc_column-inner\"><div class=\"wpb_wrapper\">\n\t<div class=\"wpb_text_column wpb_content_element wpb_animate_when_almost_visible wpb_slideInRight slideInRight\" >\n\t\t<div class=\"wpb_wrapper\">\n\t\t\t<p>Airex Industries fabrique une large gamme d'accessoires pour d\u00e9poussi\u00e9reurs con\u00e7us pour optimiser les performances de votre syst\u00e8me de d\u00e9poussi\u00e9rage industriel. D\u00e9couvrez nos produits.<\/p>\n\n\t\t<\/div>\n\t<\/div>\n<\/div><\/div><\/div><\/div><div class=\"vc_row wpb_row vc_row-fluid vc_custom_1722285190270\"><div class=\"wpb_column vc_column_container vc_col-md-4\"><div class=\"vc_column-inner\"><div class=\"wpb_wrapper\"><div class='featured featured-has-link featured-has-content'><div class='featured-header'><a target='_self' href='\/fr\/produits\/accessoire-pour-depoussiereur\/volet-de-detournement\/'><img alt='Volet de d\u00e9tournement' src='https:\/\/airex-industries.com\/wp-content\/uploads\/2024\/09\/abort-damper-722x368-1.webp'\/><\/a><\/div><div class='featured-content'><h3 class='featured-title text-uppercase'><a target='_self' href='\/fr\/produits\/accessoire-pour-depoussiereur\/volet-de-detournement\/'>Volet de d\u00e9tournement<\/a><\/h3><p class='featured-desc'>Le volet de d\u00e9tournement ADX\u00ae est la derni\u00e8re ligne de d\u00e9fense contre une d\u00e9flagration provenant d\u2019un syst\u00e8me de d\u00e9poussi\u00e9rage. La principale fonction du volet est de pr\u00e9venir les risques d\u2019incendie au sein d\u2019un environnement de travail.<\/p><a class='btn btn-md btn-minimal' target='_self' href='\/fr\/produits\/accessoire-pour-depoussiereur\/volet-de-detournement\/'>EN SAVOIR PLUS<\/a><\/div><\/div><div class=\"vc_empty_space\"   style=\"height: 40px\"><span class=\"vc_empty_space_inner\"><\/span><\/div><div class='featured featured-has-link featured-has-content'><div class='featured-header'><a target='_self' href='\/fr\/produits\/accessoire-pour-depoussiereur\/vanne-rotative\/'><img alt='Vanne rotative' src='https:\/\/airex-industries.com\/wp-content\/uploads\/2024\/09\/rotary-air-lock-722x368-1.webp'\/><\/a><\/div><div class='featured-content'><h3 class='featured-title text-uppercase'><a target='_self' href='\/fr\/produits\/accessoire-pour-depoussiereur\/vanne-rotative\/'>Vanne rotative<\/a><\/h3><p class='featured-desc'>La gamme de vannes rotatives Airex Industries est con\u00e7ue pour contr\u00f4ler le flux de mat\u00e9riaux d\u00e9charg\u00e9s d'un d\u00e9poussi\u00e9reur ou d'un autre type de processus, en maintenant une \u00e9tanch\u00e9it\u00e9 \u00e0 l'air.<\/p><a class='btn btn-md btn-minimal' target='_self' href='\/fr\/produits\/accessoire-pour-depoussiereur\/vanne-rotative\/'>EN SAVOIR PLUS<\/a><\/div><\/div><div class=\"vc_empty_space\"   style=\"height: 40px\"><span class=\"vc_empty_space_inner\"><\/span><\/div><div class='featured featured-has-link featured-has-content'><div class='featured-header'><a target='_self' href='\/fr\/produits\/accessoire-pour-depoussiereur\/vanne-a-clapet\/'><img alt='Vanne \u00e0 clapet' src='https:\/\/airex-industries.com\/wp-content\/uploads\/2024\/09\/trickle-valve-discharge-control-722x368-1.webp'\/><\/a><\/div><div class='featured-content'><h3 class='featured-title text-uppercase'><a target='_self' href='\/fr\/produits\/accessoire-pour-depoussiereur\/vanne-a-clapet\/'>Vanne \u00e0 clapet<\/a><\/h3><p class='featured-desc'>La vanne \u00e0 clapet d'Airex Industries est con\u00e7ue pour contr\u00f4ler le flux de mat\u00e9riaux d\u00e9charg\u00e9s d'un d\u00e9poussi\u00e9reur ou d'un autre type de processus, en maintenant une \u00e9tanch\u00e9it\u00e9 \u00e0 l'air.<\/p><a class='btn btn-md btn-minimal' target='_self' href='\/fr\/produits\/accessoire-pour-depoussiereur\/vanne-a-clapet\/'>EN SAVOIR PLUS<\/a><\/div><\/div><\/div><\/div><\/div><div class=\"wpb_column vc_column_container vc_col-md-4\"><div class=\"vc_column-inner\"><div class=\"wpb_wrapper\"><div class='featured featured-has-link featured-has-content'><div class='featured-header'><a target='_self' href='\/fr\/produits\/accessoire-pour-depoussiereur\/volet-anti-refoulement\/'><img alt='Volet anti-refoulement' src='https:\/\/airex-industries.com\/wp-content\/uploads\/2024\/09\/blowback-damper-hazardous-722x368-1.webp'\/><\/a><\/div><div class='featured-content'><h3 class='featured-title text-uppercase'><a target='_self' href='\/fr\/produits\/accessoire-pour-depoussiereur\/volet-anti-refoulement\/'>Volet anti-refoulement<\/a><\/h3><p class='featured-desc'>Con\u00e7u pour \u00eatre utilis\u00e9 \u00e0 l\u2019entr\u00e9e des collecteurs dangereux. Ils assurent \u00e9galement la formation d'une \u00e9tanch\u00e9it\u00e9 en cas d'incendie, emp\u00eachant ainsi la fum\u00e9e de rentrer dans l'atelier par les conduits.<\/p><a class='btn btn-md btn-minimal' target='_self' href='\/fr\/produits\/accessoire-pour-depoussiereur\/volet-anti-refoulement\/'>EN SAVOIR PLUS<\/a><\/div><\/div><div class=\"vc_empty_space\"   style=\"height: 40px\"><span class=\"vc_empty_space_inner\"><\/span><\/div><div class='featured featured-has-link featured-has-content'><div class='featured-header'><a target='_self' href='\/fr\/produits\/accessoire-pour-depoussiereur\/convoyeur-a-vis-sans-fin\/'><img alt='Convoyeur \u00e0 vis sans fin' src='https:\/\/airex-industries.com\/wp-content\/uploads\/2024\/09\/screw-conveyor-2-722x368-1.webp'\/><\/a><\/div><div class='featured-content'><h3 class='featured-title text-uppercase'><a target='_self' href='\/fr\/produits\/accessoire-pour-depoussiereur\/convoyeur-a-vis-sans-fin\/'>Convoyeur \u00e0 vis sans fin<\/a><\/h3><p class='featured-desc'>Les convoyeurs \u00e0 vis constituent un moyen efficace de transporter des mat\u00e9riaux en vrac horizontalement ou avec de petits angles. La d\u00e9charge tombe de la tr\u00e9mie dans l\u2019une des entr\u00e9es du convoyeur \u00e0 vis.<\/p><a class='btn btn-md btn-minimal' target='_self' href='\/fr\/produits\/accessoire-pour-depoussiereur\/convoyeur-a-vis-sans-fin\/'>EN SAVOIR PLUS<\/a><\/div><\/div><div class=\"vc_empty_space\"   style=\"height: 40px\"><span class=\"vc_empty_space_inner\"><\/span><\/div><\/div><\/div><\/div><div class=\"wpb_column vc_column_container vc_col-md-4\"><div class=\"vc_column-inner\"><div class=\"wpb_wrapper\"><div class='featured featured-has-link featured-has-content'><div class='featured-header'><a target='_self' href='\/fr\/produits\/accessoire-pour-depoussiereur\/bras-de-capture\/'><img alt='Bras de capture' src='https:\/\/airex-industries.com\/wp-content\/uploads\/2024\/09\/capture-arm-722x368-1.webp'\/><\/a><\/div><div class='featured-content'><h3 class='featured-title text-uppercase'><a target='_self' href='\/fr\/produits\/accessoire-pour-depoussiereur\/bras-de-capture\/'>Bras de capture<\/a><\/h3><p class='featured-desc'>Airex Industries propose une gamme compl\u00e8te de bras de capture de source \u00e9conomiques, efficaces et durables pour l'extraction des fum\u00e9es et des poussi\u00e8res. Des tailles de bras de capture de source personnalis\u00e9es sont disponibles sur demande.<\/p><a class='btn btn-md btn-minimal' target='_self' href='\/fr\/produits\/accessoire-pour-depoussiereur\/bras-de-capture\/'>EN SAVOIR PLUS<\/a><\/div><\/div><div class=\"vc_empty_space\"   style=\"height: 40px\"><span class=\"vc_empty_space_inner\"><\/span><\/div><div class='featured featured-has-link featured-has-content'><div class='featured-header'><a target='_self' href='\/fr\/produits\/accessoire-pour-depoussiereur\/spark-detective\/'><img alt='Spark Detective' src='https:\/\/airex-industries.com\/wp-content\/uploads\/2024\/09\/spark-detector-722x368-1.webp'\/><\/a><\/div><div class='featured-content'><h3 class='featured-title text-uppercase'><a target='_self' href='\/fr\/produits\/accessoire-pour-depoussiereur\/spark-detective\/'>Spark Detective<\/a><\/h3><p class='featured-desc'>Le Spark Detective est un syst\u00e8me avanc\u00e9 de d\u00e9tection et d\u2019\u00e9limination des \u00e9tincelles pr\u00e9sentant toutes les caract\u00e9ristiques et fonctionnalit\u00e9s des syst\u00e8mes les plus chers \u00e0 un prix tr\u00e8s comp\u00e9titif.<\/p><a class='btn btn-md btn-minimal' target='_self' href='\/fr\/produits\/accessoire-pour-depoussiereur\/spark-detective\/'>EN SAVOIR PLUS<\/a><\/div><\/div><div class=\"vc_empty_space\"   style=\"height: 40px\"><span class=\"vc_empty_space_inner\"><\/span><\/div><div class='featured featured-has-link featured-has-content'><div class='featured-header'><a target='_self' href='\/fr\/produits\/accessoire-pour-depoussiereur\/valves-et-composantes-goyen\/'><img alt='Valves &amp; composantes Goyen' src='https:\/\/airex-industries.com\/wp-content\/uploads\/2024\/09\/goyen-valves-722x368-1.webp'\/><\/a><\/div><div class='featured-content'><h3 class='featured-title text-uppercase'><a target='_self' href='\/fr\/produits\/accessoire-pour-depoussiereur\/valves-et-composantes-goyen\/'>Valves &amp; composantes Goyen<\/a><\/h3><p class='featured-desc'>Goyen fabrique des valves \u00e0 diaphragme dans une multitude de configurations afin de pouvoir accommoder une vari\u00e9t\u00e9 de design de filtres \u00e0 jet d'air invers\u00e9.<\/p><a class='btn btn-md btn-minimal' target='_self' href='\/fr\/produits\/accessoire-pour-depoussiereur\/valves-et-composantes-goyen\/'>EN SAVOIR PLUS<\/a><\/div><\/div><\/div><\/div><\/div><\/div><div class=\"vc_row wpb_row vc_row-fluid\"><div class=\"wpb_column vc_column_container vc_col-md-12\"><div class=\"vc_column-inner\"><div class=\"wpb_wrapper\">\n\t<div class=\"wpb_raw_code wpb_raw_html wpb_content_element\" >\n\t\t<div class=\"wpb_wrapper\">\n\t\t\t<style>\n.featured:not(.product) .featured-desc {\n    line-height: 22px;\n}\n<\/style>\n\t\t<\/div>\n\t<\/div>\n<\/div><\/div><\/div><\/div><div data-vc-full-width=\"true\" data-vc-full-width-temp=\"true\" data-vc-full-width-init=\"false\" class=\"vc_row wpb_row vc_row-fluid vc_custom_1721861712810 vc_row-has-fill\"><div class=\"wpb_column vc_column_container vc_col-md-12\"><div class=\"vc_column-inner vc_custom_1453295795563\"><div class=\"wpb_wrapper\"><div class=\"download\"><div class='download-content text-uppercase' style='color: #ffffff'><i class='fa fas fa-file-pdf'><\/i> T\u00c9L\u00c9CHARGEZ UN CATALOGUE DE NOTRE HISTOIRE ET DE NOS SERVICES<\/div><a target='_blank' href='\/wp-content\/uploads\/2024\/09\/Airex_FR-Edition-4.0NEW.pdf' class='btn btn-md btn-dark btn-shadow'><i class='fa fas fa-cloud-download-alt'><\/i> T\u00c9L\u00c9CHARGER<\/a><\/div><\/div><\/div><\/div><\/div><div class=\"vc_row-full-width vc_clearfix\"><\/div>\n<\/div>","protected":false},"excerpt":{"rendered":"Airex Industries manufactures a wide range of dust collector accessories designed to optimize the performance of your industrial dust collection system. Discover our products. Abort DampersThe ADX\u00ae Abort Damper is the last line of defense against fires and explosions originating &hellip;","protected":false},"author":2,"featured_media":3486,"parent":3127,"menu_order":0,"comment_status":"closed","ping_status":"closed","template":"","meta":{"content-type":"","footnotes":""},"class_list":["post-3485","page","type-page","status-publish","has-post-thumbnail","hentry"],"_links":{"self":[{"href":"https:\/\/airex-industries.com\/fr\/wp-json\/wp\/v2\/pages\/3485","targetHints":{"allow":["GET"]}}],"collection":[{"href":"https:\/\/airex-industries.com\/fr\/wp-json\/wp\/v2\/pages"}],"about":[{"href":"https:\/\/airex-industries.com\/fr\/wp-json\/wp\/v2\/types\/page"}],"author":[{"embeddable":true,"href":"https:\/\/airex-industries.com\/fr\/wp-json\/wp\/v2\/users\/2"}],"replies":[{"embeddable":true,"href":"https:\/\/airex-industries.com\/fr\/wp-json\/wp\/v2\/comments?post=3485"}],"version-history":[{"count":0,"href":"https:\/\/airex-industries.com\/fr\/wp-json\/wp\/v2\/pages\/3485\/revisions"}],"up":[{"embeddable":true,"href":"https:\/\/airex-industries.com\/fr\/wp-json\/wp\/v2\/pages\/3127"}],"wp:featuredmedia":[{"embeddable":true,"href":"https:\/\/airex-industries.com\/fr\/wp-json\/wp\/v2\/media\/3486"}],"wp:attachment":[{"href":"https:\/\/airex-industries.com\/fr\/wp-json\/wp\/v2\/media?parent=3485"}],"curies":[{"name":"wp","href":"https:\/\/api.w.org\/{rel}","templated":true}]}}