{"id":3578,"date":"2024-09-18T17:24:23","date_gmt":"2024-09-18T17:24:23","guid":{"rendered":"https:\/\/airex-industries.com\/?page_id=3578"},"modified":"2024-11-18T19:53:02","modified_gmt":"2024-11-18T19:53:02","slug":"solution-de-recuperation-d-energie","status":"publish","type":"page","link":"https:\/\/airex-industries.com\/fr\/products\/energy-recovery-solution\/","title":{"rendered":"Solution de r\u00e9cup\u00e9ration d'\u00e9nergie"},"content":{"rendered":"<div class=\"wpb-content-wrapper\"><div class=\"vc_row wpb_row vc_row-fluid\"><div class=\"wpb_column vc_column_container vc_col-md-12\"><div class=\"vc_column-inner\"><div class=\"wpb_wrapper\">\n\t<div class=\"wpb_text_column wpb_content_element wpb_animate_when_almost_visible wpb_slideInRight slideInRight\" >\n\t\t<div class=\"wpb_wrapper\">\n\t\t\t<p>Airex Industries con\u00e7oit et fabrique une large gamme de solutions de r\u00e9cup\u00e9ration d'\u00e9nergie pour r\u00e9duire les co\u00fbts \u00e9nerg\u00e9tiques et un environnement plus vert. D\u00e9couvrez nos solutions.<\/p>\n\n\t\t<\/div>\n\t<\/div>\n<\/div><\/div><\/div><\/div><div class=\"vc_row wpb_row vc_row-fluid vc_custom_1722285190270\"><div class=\"wpb_column vc_column_container vc_col-md-6\"><div class=\"vc_column-inner\"><div class=\"wpb_wrapper\"><div class='featured featured-has-link featured-has-content'><div class='featured-header'><a target='_self' href='\/fr\/produits\/solution-de-recuperation-d-energie\/controleur-d-entrainement-a-frequence-variable\/'><img alt='Contr\u00f4leur d&#039;entra\u00eenement \u00e0 fr\u00e9quence variable (EFV)' src='https:\/\/airex-industries.com\/wp-content\/uploads\/2024\/09\/vfd-722x368-1.webp'\/><\/a><\/div><div class='featured-content'><h3 class='featured-title text-uppercase'><a target='_self' href='\/fr\/produits\/solution-de-recuperation-d-energie\/controleur-d-entrainement-a-frequence-variable\/'>Contr\u00f4leur d'entra\u00eenement \u00e0 fr\u00e9quence variable (EFV)<\/a><\/h3><p class='featured-desc'>Pr\u00e9sentation du contr\u00f4leur d'entra\u00eenement \u00e0 fr\u00e9quence variable SpeedFX : un syst\u00e8me avanc\u00e9 qui surveille la pression statique dans les \u00e9quipements tels que les d\u00e9poussi\u00e9reurs ou les unit\u00e9s d'air d'appoint.  Le SpeedFX optimise la vitesse des ventilateurs, permettant ainsi des \u00e9conomies d'\u00e9nergie et prolongeant la dur\u00e9e de vie du filtre.<\/p><a class='btn btn-md btn-minimal' target='_self' href='\/fr\/produits\/solution-de-recuperation-d-energie\/controleur-d-entrainement-a-frequence-variable\/'>EN SAVOIR PLUS<\/a><\/div><\/div><div class=\"vc_empty_space\"   style=\"height: 40px\"><span class=\"vc_empty_space_inner\"><\/span><\/div><\/div><\/div><\/div><div class=\"wpb_column vc_column_container vc_col-md-6\"><div class=\"vc_column-inner\"><div class=\"wpb_wrapper\"><\/div><\/div><\/div><\/div><div class=\"vc_row wpb_row vc_row-fluid\"><div class=\"wpb_column vc_column_container vc_col-md-12\"><div class=\"vc_column-inner\"><div class=\"wpb_wrapper\">\n\t<div class=\"wpb_raw_code wpb_raw_html wpb_content_element\" >\n\t\t<div class=\"wpb_wrapper\">\n\t\t\t<style>\n.featured:not(.product) .featured-desc {\n    line-height: 22px;\n}\n<\/style>\n\t\t<\/div>\n\t<\/div>\n<\/div><\/div><\/div><\/div><div data-vc-full-width=\"true\" data-vc-full-width-temp=\"true\" data-vc-full-width-init=\"false\" class=\"vc_row wpb_row vc_row-fluid vc_custom_1721861712810 vc_row-has-fill\"><div class=\"wpb_column vc_column_container vc_col-md-12\"><div class=\"vc_column-inner vc_custom_1453295795563\"><div class=\"wpb_wrapper\"><div class=\"download\"><div class='download-content text-uppercase' style='color: #ffffff'>T\u00c9L\u00c9CHARGEZ UN CATALOGUE DE NOTRE HISTOIRE ET DE NOS SERVICES<\/div><a target='_blank' href='\/wp-content\/uploads\/2024\/09\/Airex_FR-Edition-4.0NEW.pdf' class='btn btn-md btn-dark btn-shadow'><i class='fa fas fa-cloud-download-alt'><\/i> T\u00c9L\u00c9CHARGER<\/a><\/div><\/div><\/div><\/div><\/div><div class=\"vc_row-full-width vc_clearfix\"><\/div>\n<\/div>","protected":false},"excerpt":{"rendered":"Airex Industries designs and manufactures a wide range of energy recovery solutions for reduced energy costs and a greener environment. Discover our solutions. Variable Frequency Drive (VFD) ControllersIntroducing the SpeedFX Variable Frequency Drive Controller: an advanced system that monitors static &hellip;","protected":false},"author":2,"featured_media":3623,"parent":3127,"menu_order":0,"comment_status":"closed","ping_status":"closed","template":"","meta":{"content-type":"","footnotes":""},"class_list":["post-3578","page","type-page","status-publish","has-post-thumbnail","hentry"],"_links":{"self":[{"href":"https:\/\/airex-industries.com\/fr\/wp-json\/wp\/v2\/pages\/3578","targetHints":{"allow":["GET"]}}],"collection":[{"href":"https:\/\/airex-industries.com\/fr\/wp-json\/wp\/v2\/pages"}],"about":[{"href":"https:\/\/airex-industries.com\/fr\/wp-json\/wp\/v2\/types\/page"}],"author":[{"embeddable":true,"href":"https:\/\/airex-industries.com\/fr\/wp-json\/wp\/v2\/users\/2"}],"replies":[{"embeddable":true,"href":"https:\/\/airex-industries.com\/fr\/wp-json\/wp\/v2\/comments?post=3578"}],"version-history":[{"count":0,"href":"https:\/\/airex-industries.com\/fr\/wp-json\/wp\/v2\/pages\/3578\/revisions"}],"up":[{"embeddable":true,"href":"https:\/\/airex-industries.com\/fr\/wp-json\/wp\/v2\/pages\/3127"}],"wp:featuredmedia":[{"embeddable":true,"href":"https:\/\/airex-industries.com\/fr\/wp-json\/wp\/v2\/media\/3623"}],"wp:attachment":[{"href":"https:\/\/airex-industries.com\/fr\/wp-json\/wp\/v2\/media?parent=3578"}],"curies":[{"name":"wp","href":"https:\/\/api.w.org\/{rel}","templated":true}]}}