{"id":3670,"date":"2024-09-19T22:40:39","date_gmt":"2024-09-19T22:40:39","guid":{"rendered":"https:\/\/airex-industries.com\/?page_id=3670"},"modified":"2026-02-18T09:08:20","modified_gmt":"2026-02-18T14:08:20","slug":"controleur-d-entrainement-a-frequence-variable","status":"publish","type":"page","link":"https:\/\/airex-industries.com\/fr\/products\/energy-recovery-solution\/variable-frequency-drive-vfd-controller\/","title":{"rendered":"Contr\u00f4leur d'entra\u00eenement \u00e0 fr\u00e9quence variable (EFV) SpeedFX"},"content":{"rendered":"<div class=\"wpb-content-wrapper\"><div class=\"vc_row wpb_row vc_row-fluid vc_custom_1453202322416\"><div class=\"wpb_column vc_column_container vc_col-md-12\"><div class=\"vc_column-inner\"><div class=\"wpb_wrapper\"><div class=\"vc_row wpb_row vc_inner vc_row-fluid\"><div class=\"wpb_column vc_column_container vc_col-md-6\"><div class=\"vc_column-inner\"><div class=\"wpb_wrapper\"><div class=\"wpb_images_carousel wpb_content_element vc_clearfix wpb_content_element wpb_animate_when_almost_visible wpb_slideInLeft slideInLeft\"><div class=\"wpb_wrapper\"><div id=\"vc_images-carousel-1-1776405941\" data-ride=\"vc_carousel\" data-wrap=\"false\" style=\"width: 100%;\" data-interval=\"0\" data-auto-height=\"yes\" data-mode=\"horizontal\" data-partial=\"false\" data-per-view=\"1\" data-hide-on-end=\"true\" class=\"vc_slide vc_images_carousel\"><ol class=\"vc_carousel-indicators\"><li data-target=\"#vc_images-carousel-1-1776405941\" data-slide-to=\"0\"><\/li><\/ol><div class=\"vc_carousel-inner\"><div class=\"vc_carousel-slideline\"><div class=\"vc_carousel-slideline-inner\"><div class=\"vc_item\"><div class=\"vc_inner\"><a class=\"\" href=\"https:\/\/airex-industries.com\/wp-content\/uploads\/2024\/09\/vfd-560x467-2.webp\" data-lightbox=\"lightbox[rel-3670-3889170653]\"><img loading=\"lazy\" decoding=\"async\" width=\"560\" height=\"467\" src=\"https:\/\/airex-industries.com\/wp-content\/uploads\/2024\/09\/vfd-560x467-2.webp\" class=\"attachment-full\" alt=\"SpeedFX Variable Frequency Drive Controller\" title=\"SpeedFX Variable Frequency Drive Controller\" srcset=\"https:\/\/airex-industries.com\/wp-content\/uploads\/2024\/09\/vfd-560x467-2.webp 560w, https:\/\/airex-industries.com\/wp-content\/uploads\/2024\/09\/vfd-560x467-2-300x250.webp 300w, https:\/\/airex-industries.com\/wp-content\/uploads\/2024\/09\/vfd-560x467-2-14x12.webp 14w\" sizes=\"auto, (max-width: 560px) 100vw, 560px\" \/><\/a><\/div><\/div><\/div><\/div><\/div><a class=\"vc_left vc_carousel-control\" href=\"#vc_images-carousel-1-1776405941\" data-slide=\"prev\"><span class=\"icon-prev\"><\/span><\/a><a class=\"vc_right vc_carousel-control\" href=\"#vc_images-carousel-1-1776405941\" data-slide=\"next\"><span class=\"icon-next\"><\/span><\/a><\/div><\/div><\/div><\/div><\/div><\/div><div class=\"wpb_column vc_column_container vc_col-md-6\"><div class=\"vc_column-inner\"><div class=\"wpb_wrapper\"><h2 class='heading-left  style-1' ><span>VARIABLE FREQUENCY DRIVE CONTROLLER<\/span><\/h2>\n\t<div class=\"wpb_text_column wpb_content_element wpb_animate_when_almost_visible wpb_slideInRight slideInRight\" >\n\t\t<div class=\"wpb_wrapper\">\n\t\t\t<p>The SpeedFX Variable Frequency Drive Controller optimizes fan speeds, delivering energy savings and extending filter life.<\/p>\n<p>In many systems, equipment operates in succession or alternates, leading to excess airflow that wastes energy by overworking blowers and exhausting hot air.<\/p>\n<p>SpeedFX solves this by precisely calibrating dust collector outputs or any equipment on a suction line, ensuring efficient blower use and minimizing unnecessary energy consumption.<\/p>\n\n\t\t<\/div>\n\t<\/div>\n<a id='button-id-' target='_blank' href='\/en\/request-quote\/' class='btn btn-normal btn-lg' style='color: #ffffff;background-color: #9c1c20'>REQUEST A QUOTE<\/a><style>#button-id-:hover{background-color: #666666 !important;}<\/style><\/div><\/div><\/div><\/div><\/div><\/div><\/div><div class=\"wpb_column vc_column_container vc_col-md-12\"><div class=\"vc_column-inner\"><div class=\"wpb_wrapper\"><div class=\"vc_empty_space\"   style=\"height: 20px\"><span class=\"vc_empty_space_inner\"><\/span><\/div><h2 class='heading-left  style-1' ><span>PRODUCT DETAILS<\/span><\/h2><\/div><\/div><\/div><\/div><div class=\"vc_row wpb_row vc_row-fluid vc_custom_1453202352951\"><div class=\"wpb_column vc_column_container vc_col-md-12\"><div class=\"vc_column-inner\"><div class=\"wpb_wrapper\"><div class=\"tabs tabs-minimal tabs-shape-square tabs-align-center tabs-position-top\"><div class=\"nav-tabs-wrap\" style=\"padding-bottom: 1px\"><ul class=\"nav nav-tabs\" role=\"tablist\"><li style=\"\" role=\"presentation\" class=\" active\"><a href=\"#1453203014050-0d0948fa-bb02\" aria-controls=\"1453203014050-0d0948fa-bb02\" role=\"tab\" data-toggle=\"tab\"><i class=\"fas fa-cogs\"><\/i><span>OPERATION<\/span><\/a><\/li><li style=\"\" role=\"presentation\" class=\"\"><a href=\"#1453203013836-8597c7f9-27be\" aria-controls=\"1453203013836-8597c7f9-27be\" role=\"tab\" data-toggle=\"tab\"><i class=\"fas fa-hand-point-right\"><\/i><span>FEATURES<\/span><\/a><\/li><li style=\"\" role=\"presentation\" class=\"\"><a href=\"#1726785412967-2e8c7c69-d2ce\" aria-controls=\"1726785412967-2e8c7c69-d2ce\" role=\"tab\" data-toggle=\"tab\"><i class=\"fas fa-thumbs-up\"><\/i><span>BENEFITS<\/span><\/a><\/li><\/ul><\/div><div class=\"tab-content\"><div role=\"tabpanel\" class=\"tab-pane active\" id=\"1453203014050-0d0948fa-bb02\">\n\t<div class=\"wpb_text_column wpb_content_element wpb_animate_when_almost_visible wpb_zoomInRight zoomInRight vc_custom_1726785604295\" >\n\t\t<div class=\"wpb_wrapper\">\n\t\t\t<h4>OPERATION<\/h4>\n<p>Introducing the SpeedFX: an advanced system that monitors static pressure within equipment like dust collectors or make-up air units. The controller automatically adjusts fan speed based on the number of devices in operation, optimizing performance. Additionally, it allows for fine-tuning of fresh air intake, ensuring balanced airflow and preventing negative pressure inside the building.<\/p>\n<p style=\"text-align: center;\"><img decoding=\"async\" style=\"width: 100%; max-width: 800px;\" src=\"\/wp-content\/uploads\/2024\/09\/variablefrequencydriveschemaen.webp\" \/><\/p>\n\n\t\t<\/div>\n\t<\/div>\n<\/div><div role=\"tabpanel\" class=\"tab-pane\" id=\"1453203013836-8597c7f9-27be\">\n\t<div class=\"wpb_text_column wpb_content_element wpb_animate_when_almost_visible wpb_zoomInLeft zoomInLeft vc_custom_1726785457829\" >\n\t\t<div class=\"wpb_wrapper\">\n\t\t\t<h4>FEATURES<\/h4>\n<ul>\n<li>Variable frequency drive<\/li>\n<li>Control panel equipped with Airflow Controller<\/li>\n<li>Premium efficiency motor<\/li>\n<\/ul>\n\n\t\t<\/div>\n\t<\/div>\n<\/div><div role=\"tabpanel\" class=\"tab-pane\" id=\"1726785412967-2e8c7c69-d2ce\">\n\t<div class=\"wpb_text_column wpb_content_element wpb_animate_when_almost_visible wpb_zoomInLeft zoomInLeft vc_custom_1726785402039\" >\n\t\t<div class=\"wpb_wrapper\">\n\t\t\t<h4>BENEFITS<\/h4>\n<ul>\n<li>Lowers energy consumption bills<\/li>\n<li>Payback in less than 2 years<\/li>\n<li>Many power suppliers are offering discounts and rebates for installing energy-saving devices<\/li>\n<li>Available for both new and old dust collectors and air make-up systems<\/li>\n<\/ul>\n\n\t\t<\/div>\n\t<\/div>\n<\/div><\/div><\/div><\/div><\/div><\/div><\/div><section class=\"vc_section\"><\/section><div class=\"vc_row wpb_row vc_row-fluid\"><div class=\"wpb_column vc_column_container vc_col-md-12\"><div class=\"vc_column-inner\"><div class=\"wpb_wrapper\">\n\t<div class=\"wpb_raw_code wpb_raw_html wpb_content_element\" >\n\t\t<div class=\"wpb_wrapper\">\n\t\t\t<style>\n.tabs-minimal .nav-tabs li.active a {\nbackground:#9c1c20;\ncolor:#ffffff;\n}\n\ntable.table > tbody td{\nfont-size:14px;\npadding: 15px 10px;\n<\/style>\n\t\t<\/div>\n\t<\/div>\n<\/div><\/div><\/div><\/div>\n<\/div>","protected":false},"excerpt":{"rendered":"VARIABLE FREQUENCY DRIVE CONTROLLER The SpeedFX Variable Frequency Drive Controller optimizes fan speeds, delivering energy savings and extending filter life. In many systems, equipment operates in succession or alternates, leading to excess airflow that wastes energy by overworking blowers and &hellip;","protected":false},"author":2,"featured_media":3671,"parent":3578,"menu_order":0,"comment_status":"closed","ping_status":"closed","template":"","meta":{"content-type":"","footnotes":""},"class_list":["post-3670","page","type-page","status-publish","has-post-thumbnail","hentry"],"_links":{"self":[{"href":"https:\/\/airex-industries.com\/fr\/wp-json\/wp\/v2\/pages\/3670","targetHints":{"allow":["GET"]}}],"collection":[{"href":"https:\/\/airex-industries.com\/fr\/wp-json\/wp\/v2\/pages"}],"about":[{"href":"https:\/\/airex-industries.com\/fr\/wp-json\/wp\/v2\/types\/page"}],"author":[{"embeddable":true,"href":"https:\/\/airex-industries.com\/fr\/wp-json\/wp\/v2\/users\/2"}],"replies":[{"embeddable":true,"href":"https:\/\/airex-industries.com\/fr\/wp-json\/wp\/v2\/comments?post=3670"}],"version-history":[{"count":0,"href":"https:\/\/airex-industries.com\/fr\/wp-json\/wp\/v2\/pages\/3670\/revisions"}],"up":[{"embeddable":true,"href":"https:\/\/airex-industries.com\/fr\/wp-json\/wp\/v2\/pages\/3578"}],"wp:featuredmedia":[{"embeddable":true,"href":"https:\/\/airex-industries.com\/fr\/wp-json\/wp\/v2\/media\/3671"}],"wp:attachment":[{"href":"https:\/\/airex-industries.com\/fr\/wp-json\/wp\/v2\/media?parent=3670"}],"curies":[{"name":"wp","href":"https:\/\/api.w.org\/{rel}","templated":true}]}}