{"id":4062,"date":"2024-10-08T11:38:55","date_gmt":"2024-10-08T11:38:55","guid":{"rendered":"https:\/\/airex-industries.com\/?page_id=4062"},"modified":"2024-10-08T11:43:41","modified_gmt":"2024-10-08T11:43:41","slug":"marques-de-commerce","status":"publish","type":"page","link":"https:\/\/airex-industries.com\/fr\/trademark\/","title":{"rendered":"Marques de commerce"},"content":{"rendered":"<div class=\"wpb-content-wrapper\"><div class=\"vc_row wpb_row vc_row-fluid vc_custom_1460122436961\"><div class=\"wpb_column vc_column_container vc_col-md-12\"><div class=\"vc_column-inner\"><div class=\"wpb_wrapper\">\n\t<div class=\"wpb_text_column wpb_content_element wpb_animate_when_almost_visible wpb_zoomInRight zoomInRight\" >\n\t\t<div class=\"wpb_wrapper\">\n\t\t\t<p>Les marques de commerce, marques de service et logos (\u00ab marques de commerce \u00bb) utilis\u00e9s et affich\u00e9s dans ce site sont des marques de commerce d\u00e9pos\u00e9es et non d\u00e9pos\u00e9es de Airex Industries et de tiers. Aucun \u00e9l\u00e9ment de ce site ne saurait \u00eatre interpr\u00e9t\u00e9 comme conf\u00e9rant, implicitement, par pr\u00e9clusion ou autrement, une licence ou un droit d'utilisation d'une marque de commerce affich\u00e9e sur le site sans la permission \u00e9crite du propri\u00e9taire de la marque de commerce. Airex Industries fait valoir avec vigueur ses droits de propri\u00e9t\u00e9 intellectuelle, dans toute la mesure permise par la loi. Il est interdit d'utiliser de quelque mani\u00e8re que ce soit la d\u00e9nomination de Airex Industries Inc. ou le logo Airex Industries, y compris dans les annonces ou la publicit\u00e9 se rapportant \u00e0 la distribution d'\u00e9l\u00e9ments dans ce site, sans avoir pr\u00e9alablement obtenu une permission \u00e9crite \u00e0 cet effet. Airex Industries interdit l'utilisation du logo Airex Industries comme lien cl\u00e9 avec un site de Airex Industries, \u00e0 moins qu'elle n'ait pr\u00e9alablement approuv\u00e9 par \u00e9crit l'\u00e9tablissement d'un tel lien.<\/p>\n<p>Vous trouverez ci-dessous une liste partielle des marques de commerce canadiennes appartenant \u00e0 Airex Industries. Toute question au sujet de l'utilisation de ces marques de commerce ou visant \u00e0 d\u00e9terminer si une marque de commerce qui n'appara\u00eet pas dans cette liste est une marque de commerce de Airex Industries doit \u00eatre adress\u00e9e \u00e0 Airex Industries aux Canada, au 1-514-351-2303. Les marques de commerce suivies d'un ast\u00e9risque (*) sont des marques de commerce d\u00e9pos\u00e9es de Airex Industries.<\/p>\n<p>&nbsp;<\/p>\n\n\t\t<\/div>\n\t<\/div>\n<h3 class='heading-left  style-1' ><span>Information sur les marques de commerce\nau Canada<\/span><\/h3>\n\t<div class=\"wpb_raw_code wpb_raw_html wpb_content_element\" >\n\t\t<div class=\"wpb_wrapper\">\n\t\t\t\n<tbody>\n<tr>\n<td>\n<h4>Marques de commerce de Airex Industries:<\/h4>\n<table border=\"0\" cellspacing=\"0\" cellpadding=\"0\">\n<tbody>\n<tr>\n<td valign=\"top\"><strong>MARQUES<\/strong><\/td>\n<td valign=\"top\"><strong>TYPES<\/strong><\/td>\n<\/tr>\n<tr>\n<td valign=\"top\">\n<p>Airextube<\/p>\n<\/td>\n<td valign=\"top\">\n<p>Marque de Commerce<\/p>\n<\/td>\n<\/tr>\n<tr>\n<td valign=\"top\">\n<p>AMX Series<\/p>\n<\/td>\n<td valign=\"top\">\n<p>Marque de Commerce<\/p>\n<\/td>\n<\/tr>\n<tr>\n<td valign=\"top\">\n<p>AMX Series<\/p>\n<\/td>\n<td valign=\"top\">(avec X stylis\u00e9)<br \/>Marque de Commerce<\/td>\n<\/tr>\n<tr>\n<td valign=\"top\">\n<p>BV Series<\/p>\n<\/td>\n<td valign=\"top\">\n<p>Marque de Commerce<\/p>\n<\/td>\n<\/tr>\n<tr>\n<td valign=\"top\">\n<p>Cyclopulses<\/p>\n<\/td>\n<td valign=\"top\">\n<p>Marque de Commerce<\/p>\n<\/td>\n<\/tr>\n<tr>\n<td valign=\"top\">\n<p>DCC Series<\/p>\n<\/td>\n<td valign=\"top\">\n<p>Marque de Commerce<\/p>\n<\/td>\n<\/tr>\n<tr>\n<td valign=\"top\">\n<p>DCCH Series<\/p>\n<\/td>\n<td valign=\"top\">\n<p>Marque de Commerce<\/p>\n<\/td>\n<\/tr>\n<tr>\n<td valign=\"top\">\n<p>DCCM Series<\/p>\n<\/td>\n<td valign=\"top\">\n<p>Marque de Commerce<\/p>\n<\/td>\n<\/tr>\n<tr>\n<td valign=\"top\">\n<p>DDT Series<\/p>\n<\/td>\n<td valign=\"top\">\n<p>Marque de Commerce<\/p>\n<\/td>\n<\/tr>\n<tr>\n<td valign=\"top\">\n<p>Econopulse<\/p>\n<\/td>\n<td valign=\"top\">\n<p>Marque de Commerce<\/p>\n<\/td>\n<\/tr>\n<tr>\n<td valign=\"top\">\n<p>Econoshake<\/p>\n<\/td>\n<td valign=\"top\">\n<p>Marque de Commerce<\/p>\n<\/td>\n<\/tr>\n<tr>\n<td valign=\"top\">\n<p>FE Series<\/p>\n<\/td>\n<td valign=\"top\">\n<p>Marque de Commerce<\/p>\n<\/td>\n<\/tr>\n<tr>\n<td valign=\"top\">\n<p>FEBX500<\/p>\n<\/td>\n<td valign=\"top\">\n<p>Marque de Commerce<\/p>\n<\/td>\n<\/tr>\n<tr>\n<td valign=\"top\">\n<p>FEBX500<\/p>\n<\/td>\n<td valign=\"top\">(avec X stylis\u00e9)<br \/> Marque de Commerce<\/td>\n<\/tr>\n<tr>\n<td valign=\"top\">\n<p>FG Series<\/p>\n<\/td>\n<td valign=\"top\">\n<p>Marque de Commerce<\/p>\n<\/td>\n<\/tr>\n<tr>\n<td valign=\"top\">\n<p>GP Series<\/p>\n<\/td>\n<td valign=\"top\">\n<p>Marque de Commerce<\/p>\n<\/td>\n<\/tr>\n<tr>\n<td valign=\"top\">\n<p>HE Series<\/p>\n<\/td>\n<td valign=\"top\">\n<p>Marque de Commerce<\/p>\n<\/td>\n<\/tr>\n<tr>\n<td valign=\"top\">\n<p>HF Series<\/p>\n<\/td>\n<td valign=\"top\">\n<p>Marque de Commerce<\/p>\n<\/td>\n<\/tr>\n<tr>\n<td valign=\"top\">\n<p>Humidex Series<\/p>\n<\/td>\n<td valign=\"top\">\n<p>Marque de Commerce<\/p>\n<\/td>\n<\/tr>\n<tr>\n<td valign=\"top\">\n<p>Humidex Series<\/p>\n<\/td>\n<td valign=\"top\">(avec X stylis\u00e9)<br \/> Marque de Commerce<\/td>\n<\/tr>\n<tr>\n<td valign=\"top\">\n<p>Modular Series<\/p>\n<\/td>\n<td valign=\"top\">\n<p>Marque de Commerce<\/p>\n<\/td>\n<\/tr>\n<tr>\n<td valign=\"top\">\n<p>M Series<\/p>\n<\/td>\n<td valign=\"top\">\n<p>Marque de Commerce<\/p>\n<\/td>\n<\/tr>\n<tr>\n<td valign=\"top\">\n<p>SCS-SCST Series<\/p>\n<\/td>\n<td valign=\"top\">\n<p>Marque de Commerce<\/p>\n<\/td>\n<\/tr>\n<tr>\n<td valign=\"top\">\n<p>PDC Series<\/p>\n<\/td>\n<td valign=\"top\">\n<p>Marque de Commerce<\/p>\n<\/td>\n<\/tr>\n<tr>\n<td valign=\"top\">\n<p>RXB &amp; SXB Series<\/p>\n<\/td>\n<td valign=\"top\">\n<p>Marque de Commerce<\/p>\n<\/td>\n<\/tr>\n<tr>\n<td valign=\"top\">\n<p>RXI &amp; SXI Series<\/p>\n<\/td>\n<td valign=\"top\">\n<p>Marque de Commerce<\/p>\n<\/td>\n<\/tr>\n<tr>\n<td valign=\"top\">\n<p>Spark Detective<\/p>\n<\/td>\n<td valign=\"top\">\n<p>Marque de Commerce<\/p>\n<\/td>\n<\/tr>\n<tr>\n<td valign=\"top\">\n<p>Speed FX<\/p>\n<\/td>\n<td valign=\"top\">\n<p>Marque de Commerce<\/p>\n<\/td>\n<\/tr>\n<tr>\n<td valign=\"top\">\n<p>Speed FX<\/p>\n<\/td>\n<td valign=\"top\">(avec X stylis\u00e9)<br \/> Marque de Commerce<\/td>\n<\/tr>\n<tr>\n<td valign=\"top\">\n<p>TR &amp; TRP Series<\/p>\n<\/td>\n<td valign=\"top\">\n<p>Marque de Commerce<\/p>\n<\/td>\n<\/tr>\n<tr>\n<td valign=\"top\">\n<p>W &amp; S Series<\/p>\n<\/td>\n<td valign=\"top\">\n<p>Marque de Commerce<\/p>\n<\/td>\n<\/tr>\n<tr>\n<td valign=\"top\">\n<p>WBX Series<\/p>\n<\/td>\n<td valign=\"top\">\n<p>Marque de Commerce<\/p>\n<\/td>\n<\/tr>\n<tr>\n<td valign=\"top\">\n<p>WBX Series<\/p>\n<\/td>\n<td valign=\"top\">(avec X stylis\u00e9)<br \/> Marque de Commerce<\/td>\n<\/tr>\n<tr>\n<td valign=\"top\">\n<p>WDDT Series<\/p>\n<\/td>\n<td valign=\"top\">\n<p>Marque de Commerce<\/p>\n<\/td>\n<\/tr>\n<tr>\n<td valign=\"top\">\n<p>Wetrex Series<\/p>\n<\/td>\n<td valign=\"top\">\n<p>Marque de Commerce<\/p>\n<\/td>\n<\/tr>\n<tr>\n<td valign=\"top\">\n<p>Wetrex Series<\/p>\n<\/td>\n<td valign=\"top\">(avec X stylis\u00e9)<br \/> Marque de Commerce<\/td>\n<\/tr>\n<tr>\n<td colspan=\"2\" valign=\"top\">&nbsp;<\/td>\n<\/tr>\n<tr>\n<td valign=\"top\">\n<p>Bio FX<\/p>\n<\/td>\n<td valign=\"top\">\n<p>Marque de Commerce<\/p>\n<\/td>\n<\/tr>\n<tr>\n<td valign=\"top\">\n<p>Bio FX<\/p>\n<\/td>\n<td valign=\"top\">\n<table border=\"0\" cellspacing=\"0\" cellpadding=\"0\">\n<tbody>\n<tr>\n<td valign=\"top\">(avec X stylis\u00e9)<br \/> Marque de Commerce<\/td>\n<\/tr>\n<\/tbody>\n<\/table>\n<\/td>\n<\/tr>\n<tr>\n<td valign=\"top\">\n<p>ChillX<\/p>\n<\/td>\n<td valign=\"top\">\n<p>Marque de Commerce<\/p>\n<\/td>\n<\/tr>\n<tr>\n<td valign=\"top\">\n<p>ChillX<\/p>\n<\/td>\n<td valign=\"top\">\n<table border=\"0\" cellspacing=\"0\" cellpadding=\"0\">\n<tbody>\n<tr>\n<td valign=\"top\">(avec X stylis\u00e9)<br \/> Marque de Commerce<\/td>\n<\/tr>\n<\/tbody>\n<\/table>\n<\/td>\n<\/tr>\n<tr>\n<td valign=\"top\">\n<p>ECO GHX<\/p>\n<\/td>\n<td valign=\"top\">\n<p>Marque de Commerce<\/p>\n<\/td>\n<\/tr>\n<tr>\n<td valign=\"top\">\n<p>ECO GHX<\/p>\n<\/td>\n<td valign=\"top\">\n<table border=\"0\" cellspacing=\"0\" cellpadding=\"0\">\n<tbody>\n<tr>\n<td valign=\"top\">(avec X stylis\u00e9)<br \/> Marque de Commerce<\/td>\n<\/tr>\n<\/tbody>\n<\/table>\n<\/td>\n<\/tr>\n<tr>\n<td valign=\"top\">\n<p>GreenX<\/p>\n<\/td>\n<td valign=\"top\">\n<p>Marque de Commerce<\/p>\n<\/td>\n<\/tr>\n<tr>\n<td valign=\"top\">\n<p>GreenX<\/p>\n<\/td>\n<td valign=\"top\">\n<table border=\"0\" cellspacing=\"0\" cellpadding=\"0\">\n<tbody>\n<tr>\n<td valign=\"top\">(avec X stylis\u00e9)<br \/> Marque de Commerce<\/td>\n<\/tr>\n<\/tbody>\n<\/table>\n<\/td>\n<\/tr>\n<tr>\n<td valign=\"top\">\n<p>HeatreX<\/p>\n<\/td>\n<td valign=\"top\">\n<p>Marque de Commerce<\/p>\n<\/td>\n<\/tr>\n<tr>\n<td valign=\"top\">\n<p>HeatreX<\/p>\n<\/td>\n<td valign=\"top\">\n<table border=\"0\" cellspacing=\"0\" cellpadding=\"0\">\n<tbody>\n<tr>\n<td valign=\"top\">(with stylized X)*<br \/> Marque de Commerce<\/td>\n<\/tr>\n<\/tbody>\n<\/table>\n<\/td>\n<\/tr>\n<tr>\n<td valign=\"top\">\n<p>LintX<\/p>\n<\/td>\n<td valign=\"top\">\n<p>Marque de Commerce<\/p>\n<\/td>\n<\/tr>\n<tr>\n<td valign=\"top\">\n<p>LintX<\/p>\n<\/td>\n<td valign=\"top\">\n<table border=\"0\" cellspacing=\"0\" cellpadding=\"0\">\n<tbody>\n<tr>\n<td valign=\"top\">(avec X stylis\u00e9)<br \/> Marque de Commerce<\/td>\n<\/tr>\n<\/tbody>\n<\/table>\n<\/td>\n<\/tr>\n<tr>\n<td valign=\"top\">\n<p>McGreen<\/p>\n<\/td>\n<td valign=\"top\">\n<p>Marque de Commerce<\/p>\n<\/td>\n<\/tr>\n<tr>\n<td valign=\"top\">\n<p>MillX<\/p>\n<\/td>\n<td valign=\"top\">\n<p>Marque de Commerce<\/p>\n<\/td>\n<\/tr>\n<tr>\n<td valign=\"top\">\n<p>MillX<\/p>\n<\/td>\n<td valign=\"top\">\n<table border=\"0\" cellspacing=\"0\" cellpadding=\"0\">\n<tbody>\n<tr>\n<td valign=\"top\">(avec X stylis\u00e9)<br \/> Marque de Commerce<\/td>\n<\/tr>\n<\/tbody>\n<\/table>\n<\/td>\n<\/tr>\n<tr>\n<td valign=\"top\">\n<p>NorbX<\/p>\n<\/td>\n<td valign=\"top\">\n<p>Marque de Commerce<\/p>\n<\/td>\n<\/tr>\n<tr>\n<td valign=\"top\">\n<p>NorbX<\/p>\n<\/td>\n<td valign=\"top\">\n<table border=\"0\" cellspacing=\"0\" cellpadding=\"0\">\n<tbody>\n<tr>\n<td valign=\"top\">(avec X stylis\u00e9)<br \/> Marque de Commerce<\/td>\n<\/tr>\n<\/tbody>\n<\/table>\n<\/td>\n<\/tr>\n<tr>\n<td valign=\"top\">\n<p>Power FX<\/p>\n<\/td>\n<td valign=\"top\">\n<p>Marque de Commerce<\/p>\n<\/td>\n<\/tr>\n<tr>\n<td valign=\"top\">\n<p>Power FX<\/p>\n<\/td>\n<td valign=\"top\">\n<table border=\"0\" cellspacing=\"0\" cellpadding=\"0\">\n<tbody>\n<tr>\n<td valign=\"top\">(avec X stylis\u00e9)<br \/> Marque de Commerce<\/td>\n<\/tr>\n<\/tbody>\n<\/table>\n<\/td>\n<\/tr>\n<tr>\n<td valign=\"top\">\n<p>RHX<\/p>\n<\/td>\n<td valign=\"top\">\n<p>Marque de Commerce<\/p>\n<\/td>\n<\/tr>\n<tr>\n<td valign=\"top\">\n<p>RHX<\/p>\n<\/td>\n<td valign=\"top\">\n<table border=\"0\" cellspacing=\"0\" cellpadding=\"0\">\n<tbody>\n<tr>\n<td valign=\"top\">(avec X stylis\u00e9)<br \/> Marque de Commerce<\/td>\n<\/tr>\n<\/tbody>\n<\/table>\n<\/td>\n<\/tr>\n<tr>\n<td valign=\"top\">\n<p>SmartX<\/p>\n<\/td>\n<td valign=\"top\">\n<p>Marque de Commerce<\/p>\n<\/td>\n<\/tr>\n<tr>\n<td valign=\"top\">\n<p>SmartX<\/p>\n<\/td>\n<td valign=\"top\">\n<table border=\"0\" cellspacing=\"0\" cellpadding=\"0\">\n<tbody>\n<tr>\n<td valign=\"top\">(avec X stylis\u00e9)<br \/> Marque de Commerce<\/td>\n<\/tr>\n<\/tbody>\n<\/table>\n<\/td>\n<\/tr>\n<tr>\n<td valign=\"top\">\n<p>Speed FX<\/p>\n<\/td>\n<td valign=\"top\">\n<p>Marque de Commerce<\/p>\n<\/td>\n<\/tr>\n<tr>\n<td valign=\"top\">\n<p>Speed FX<\/p>\n<\/td>\n<td valign=\"top\">\n<table border=\"0\" cellspacing=\"0\" cellpadding=\"0\">\n<tbody>\n<tr>\n<td valign=\"top\">(avec X stylis\u00e9)<br \/> Marque de Commerce<\/td>\n<\/tr>\n<\/tbody>\n<\/table>\n<\/td>\n<\/tr>\n<tr>\n<td valign=\"top\">\n<p>ThermalX<\/p>\n<\/td>\n<td valign=\"top\">\n<p>Marque de Commerce<\/p>\n<\/td>\n<\/tr>\n<tr>\n<td valign=\"top\">\n<p>ThermalX<\/p>\n<\/td>\n<td valign=\"top\">\n<table border=\"0\" cellspacing=\"0\" cellpadding=\"0\">\n<tbody>\n<tr>\n<td valign=\"top\">(avec X stylis\u00e9)<br \/> Marque de Commerce<\/td>\n<\/tr>\n<\/tbody>\n<\/table>\n<\/td>\n<\/tr>\n<tr>\n<td valign=\"top\">\n<p>UHEH<\/p>\n<\/td>\n<td valign=\"top\">\n<p>Marque de Commerce<\/p>\n<\/td>\n<\/tr>\n<\/tbody>\n<\/table>\n&nbsp;<\/td>\n<\/tr>\n<\/tbody>\n<\/table>\n\n<style>\ntd {\nborder: 1px solid #999999;\n}\n<\/style>\n\t\t<\/div>\n\t<\/div>\n<\/div><\/div><\/div><\/div><div class=\"vc_row wpb_row vc_row-fluid\"><div class=\"wpb_column vc_column_container vc_col-md-12\"><div class=\"vc_column-inner\"><div class=\"wpb_wrapper\">\n\t<div class=\"wpb_raw_code wpb_raw_html wpb_content_element\" >\n\t\t<div class=\"wpb_wrapper\">\n\t\t\t<style>\n.member-name {\n    font-size: 14px;\n    text-transform: uppercase;\n    font-weight: 600;\n    text-align:center;\n}\n\n.member-desc{\ncolor:#9c1c20;\nbackground:#eeeeee;\ntext-align:center;\n}\n<\/style>\n\t\t<\/div>\n\t<\/div>\n<\/div><\/div><\/div><\/div><div data-vc-full-width=\"true\" data-vc-full-width-temp=\"true\" data-vc-full-width-init=\"false\" class=\"vc_row wpb_row vc_row-fluid no-bottom-padding-row vc_custom_1722348441153 vc_row-has-fill\"><div class=\"wpb_column vc_column_container vc_col-md-12\"><div class=\"vc_column-inner vc_custom_1453297044468\"><div class=\"wpb_wrapper\"><div class=\"download\"><div class='download-content text-uppercase' style='color: #ffffff'><i class='fa fas fa-file-pdf'><\/i> T\u00c9L\u00c9CHARGEZ UN CATALOGUE DE NOTRE HISTOIRE ET DE NOS SERVICES<\/div><a target='_blank' href='\/wp-content\/uploads\/2024\/09\/Airex_FR-Edition-4.0NEW.pdf' class='btn btn-md btn-dark btn-shadow'><i class='fa fas fa-cloud-download-alt'><\/i> T\u00c9L\u00c9CHARGER<\/a><\/div><\/div><\/div><\/div><\/div><div class=\"vc_row-full-width vc_clearfix\"><\/div>\n<\/div>","protected":false},"excerpt":{"rendered":"The trademarks, service marks, and logos (the \"Trademarks\") used and displayed on this Site are registered and unregistered Trademarks of Airex Industries and others. Nothing on this Site should be construed as granting, by implication, estoppel, or otherwise, any license &hellip;","protected":false},"author":2,"featured_media":0,"parent":0,"menu_order":0,"comment_status":"closed","ping_status":"closed","template":"","meta":{"content-type":"","footnotes":""},"class_list":["post-4062","page","type-page","status-publish","hentry"],"_links":{"self":[{"href":"https:\/\/airex-industries.com\/fr\/wp-json\/wp\/v2\/pages\/4062","targetHints":{"allow":["GET"]}}],"collection":[{"href":"https:\/\/airex-industries.com\/fr\/wp-json\/wp\/v2\/pages"}],"about":[{"href":"https:\/\/airex-industries.com\/fr\/wp-json\/wp\/v2\/types\/page"}],"author":[{"embeddable":true,"href":"https:\/\/airex-industries.com\/fr\/wp-json\/wp\/v2\/users\/2"}],"replies":[{"embeddable":true,"href":"https:\/\/airex-industries.com\/fr\/wp-json\/wp\/v2\/comments?post=4062"}],"version-history":[{"count":0,"href":"https:\/\/airex-industries.com\/fr\/wp-json\/wp\/v2\/pages\/4062\/revisions"}],"wp:attachment":[{"href":"https:\/\/airex-industries.com\/fr\/wp-json\/wp\/v2\/media?parent=4062"}],"curies":[{"name":"wp","href":"https:\/\/api.w.org\/{rel}","templated":true}]}}