{"id":4068,"date":"2024-10-08T11:47:32","date_gmt":"2024-10-08T11:47:32","guid":{"rendered":"https:\/\/airex-industries.com\/?page_id=4068"},"modified":"2024-10-08T11:47:32","modified_gmt":"2024-10-08T11:47:32","slug":"termes-et-conditions","status":"publish","type":"page","link":"https:\/\/airex-industries.com\/fr\/terms-and-conditions\/","title":{"rendered":"Termes et conditions"},"content":{"rendered":"<div class=\"wpb-content-wrapper\"><div class=\"vc_row wpb_row vc_row-fluid vc_custom_1460122436961\"><div class=\"wpb_column vc_column_container vc_col-md-12\"><div class=\"vc_column-inner\"><div class=\"wpb_wrapper\">\n\t<div class=\"wpb_text_column wpb_content_element wpb_animate_when_almost_visible wpb_zoomInRight zoomInRight\" >\n\t\t<div class=\"wpb_wrapper\">\n\t\t\t<p>Airex Industries n\u2019assume aucune responsabilit\u00e9 pour des erreurs ou omissions contenues \u00e0 cette publication ou aux autres documents relies ou cites \u00e0 la pr\u00e9sente publication.<\/p>\n<p>Cette publication peut inclure des impr\u00e9cisions techniques ou g\u00e9n\u00e9rales, et l\u2019ensemble des services et produits qui y sont pr\u00e9sent\u00e9s n\u2019est pas disponible dans toutes les r\u00e9gions.<\/p>\n<p>Des modifications \u00e0 l\u2019information sont appliqu\u00e9es de mani\u00e8re p\u00e9riodique, et Airex Industries se r\u00e9serve le droit de changer les produits et services d\u00e9crits \u00e0 la pr\u00e9sente publication en tout temps. Avant d\u2019appuyer une d\u00e9cision sur la foi de la pr\u00e9sente publication, veuillez contacter le repr\u00e9sentant Airex Industries autoris\u00e9 de votre r\u00e9gion pour obtenir de plus amples informations.<\/p>\n<p>Les informations contenues sur ce site, incluant les textes, images et liens, sont fournies exclusivement aux fins d\u2019accommoder les visiteurs. Ces informations sont d\u00e9pourvues de toutes formes de garanties et sont exclues, entre autres, des garanties du marchand, de mani\u00e8re \u00e0 soustraire Airex Industries de toute responsabilit\u00e9 l\u00e9gale \u00e0 leur \u00e9gard.<\/p>\n\n\t\t<\/div>\n\t<\/div>\n<\/div><\/div><\/div><\/div><div data-vc-full-width=\"true\" data-vc-full-width-temp=\"true\" data-vc-full-width-init=\"false\" class=\"vc_row wpb_row vc_row-fluid no-bottom-padding-row vc_custom_1722348441153 vc_row-has-fill\"><div class=\"wpb_column vc_column_container vc_col-md-12\"><div class=\"vc_column-inner vc_custom_1453297044468\"><div class=\"wpb_wrapper\"><div class=\"download\"><div class='download-content text-uppercase' style='color: #ffffff'><i class='fa fas fa-file-pdf'><\/i> T\u00c9L\u00c9CHARGEZ UN CATALOGUE DE NOTRE HISTOIRE ET DE NOS SERVICES<\/div><a target='_blank' href='\/wp-content\/uploads\/2024\/09\/Airex_FR-Edition-4.0NEW.pdf' class='btn btn-md btn-dark btn-shadow'><i class='fa fas fa-cloud-download-alt'><\/i> T\u00c9L\u00c9CHARGER<\/a><\/div><\/div><\/div><\/div><\/div><div class=\"vc_row-full-width vc_clearfix\"><\/div>\n<\/div>","protected":false},"excerpt":{"rendered":"Airex Industries assumes no responsibility for errors or omissions in this publication or other documents which are referenced by or linked to this publication. This publication could include technical or other inaccuracies, and not all products or services referenced herein &hellip;","protected":false},"author":2,"featured_media":0,"parent":0,"menu_order":0,"comment_status":"closed","ping_status":"closed","template":"","meta":{"content-type":"","footnotes":""},"class_list":["post-4068","page","type-page","status-publish","hentry"],"_links":{"self":[{"href":"https:\/\/airex-industries.com\/fr\/wp-json\/wp\/v2\/pages\/4068","targetHints":{"allow":["GET"]}}],"collection":[{"href":"https:\/\/airex-industries.com\/fr\/wp-json\/wp\/v2\/pages"}],"about":[{"href":"https:\/\/airex-industries.com\/fr\/wp-json\/wp\/v2\/types\/page"}],"author":[{"embeddable":true,"href":"https:\/\/airex-industries.com\/fr\/wp-json\/wp\/v2\/users\/2"}],"replies":[{"embeddable":true,"href":"https:\/\/airex-industries.com\/fr\/wp-json\/wp\/v2\/comments?post=4068"}],"version-history":[{"count":0,"href":"https:\/\/airex-industries.com\/fr\/wp-json\/wp\/v2\/pages\/4068\/revisions"}],"wp:attachment":[{"href":"https:\/\/airex-industries.com\/fr\/wp-json\/wp\/v2\/media?parent=4068"}],"curies":[{"name":"wp","href":"https:\/\/api.w.org\/{rel}","templated":true}]}}