{"id":4145,"date":"2024-10-29T20:04:06","date_gmt":"2024-10-29T20:04:06","guid":{"rendered":"https:\/\/staging.airex-industries.com\/?page_id=4145"},"modified":"2026-01-27T11:47:02","modified_gmt":"2026-01-27T16:47:02","slug":"notre-mission","status":"publish","type":"page","link":"https:\/\/airex-industries.com\/fr\/about-us\/our-mission\/","title":{"rendered":"Qui Sommes Nous"},"content":{"rendered":"<div class=\"wpb-content-wrapper\"><div class=\"vc_row wpb_row vc_row-fluid vc_custom_1460122436961\"><div class=\"wpb_column vc_column_container vc_col-md-12\"><div class=\"vc_column-inner\"><div class=\"wpb_wrapper\"><h2 style=\"text-align: left\" class=\"vc_custom_heading vc_do_custom_heading title\" >NOTRE MISSION<\/h2>\n\t<div class=\"wpb_text_column wpb_content_element wpb_animate_when_almost_visible wpb_fadeIn fadeIn\" >\n\t\t<div class=\"wpb_wrapper\">\n\t\t\t<p style=\"font-weight: 400;\">Airex Industries \u0153uvre dans le domaine du traitement de l\u2019air et de ses contaminants. Manufacturier en syst\u00e8mes de d\u00e9poussi\u00e9rage industriels, nous accompagnons nos clients avec des concepts enti\u00e8rement personnalis\u00e9s et un service clef en main, tout en respectant les plus hauts standards de qualit\u00e9. Notre priorit\u00e9 est d\u2019offrir des solutions innovantes et durables dans le but de favoriser un environnement de travail s\u00e9curitaire. Nous nous positionnons comme un partenaire actif dans le succ\u00e8s op\u00e9rationnel de nos clients.<\/p>\n\n\t\t<\/div>\n\t<\/div>\n<h2 style=\"text-align: left\" class=\"vc_custom_heading vc_do_custom_heading title\" >NOTRE VISION<\/h2>\n\t<div class=\"wpb_text_column wpb_content_element wpb_animate_when_almost_visible wpb_fadeIn fadeIn\" >\n\t\t<div class=\"wpb_wrapper\">\n\t\t\t<p style=\"font-weight: 400;\">Motiv\u00e9s par l\u2019excellence, l\u2019innovation et la croissance soutenue, nous aspirons \u00e0 \u00eatre le leader nord-am\u00e9ricain de notre industrie en misant sur la qualit\u00e9 de nos services.<\/p>\n\n\t\t<\/div>\n\t<\/div>\n<\/div><\/div><\/div><\/div><div class=\"vc_row wpb_row vc_row-fluid\"><div class=\"wpb_column vc_column_container vc_col-md-12\"><div class=\"vc_column-inner\"><div class=\"wpb_wrapper\">\n\t<div class=\"wpb_raw_code wpb_raw_html wpb_content_element\" >\n\t\t<div class=\"wpb_wrapper\">\n\t\t\t<style>\n.member-name {\n    font-size: 14px;\n    text-transform: uppercase;\n    font-weight: 600;\n    text-align:center;\n}\n\n.member-desc{\ncolor:#9c1c20;\nbackground:#eeeeee;\ntext-align:center;\n}\n\n.member>.member-wrap>.member-image>a{\n    pointer-events: none;\n    cursor: default;\n}\n\n.wpb_video_heading{\nmargin-bottom:40px!important;\n}\n\n\n<\/style>\n\t\t<\/div>\n\t<\/div>\n<\/div><\/div><\/div><\/div><div data-vc-full-width=\"true\" data-vc-full-width-temp=\"true\" data-vc-full-width-init=\"false\" class=\"vc_row wpb_row vc_row-fluid no-bottom-padding-row vc_custom_1722348441153 vc_row-has-fill\"><div class=\"wpb_column vc_column_container vc_col-md-12\"><div class=\"vc_column-inner vc_custom_1453297044468\"><div class=\"wpb_wrapper\"><div class=\"download\"><div class='download-content text-uppercase' style='color: #ffffff'><i class='fa fas fa-file-pdf'><\/i> T\u00c9L\u00c9CHARGEZ UN CATALOGUE DE NOTRE HISTOIRE ET DE NOS SERVICES<\/div><a target='_blank' href='\/wp-content\/uploads\/2024\/09\/Airex_FR-Edition-4.0NEW.pdf' class='btn btn-md btn-dark btn-shadow'><i class='fa fas fa-cloud-download-alt'><\/i> T\u00c9L\u00c9CHARGER<\/a><\/div><\/div><\/div><\/div><\/div><div class=\"vc_row-full-width vc_clearfix\"><\/div>\n<\/div>","protected":false},"excerpt":{"rendered":"OUR MISSION Airex Industries specializes in the field of air treatment and its contaminants. Manufacturer of industrial dust collection systems, we support our customers with fully personalized concepts and a turnkey service, while respecting the highest quality standards. Our priority &hellip;","protected":false},"author":2,"featured_media":4158,"parent":1408,"menu_order":0,"comment_status":"closed","ping_status":"closed","template":"","meta":{"content-type":"","footnotes":""},"class_list":["post-4145","page","type-page","status-publish","has-post-thumbnail","hentry"],"_links":{"self":[{"href":"https:\/\/airex-industries.com\/fr\/wp-json\/wp\/v2\/pages\/4145","targetHints":{"allow":["GET"]}}],"collection":[{"href":"https:\/\/airex-industries.com\/fr\/wp-json\/wp\/v2\/pages"}],"about":[{"href":"https:\/\/airex-industries.com\/fr\/wp-json\/wp\/v2\/types\/page"}],"author":[{"embeddable":true,"href":"https:\/\/airex-industries.com\/fr\/wp-json\/wp\/v2\/users\/2"}],"replies":[{"embeddable":true,"href":"https:\/\/airex-industries.com\/fr\/wp-json\/wp\/v2\/comments?post=4145"}],"version-history":[{"count":0,"href":"https:\/\/airex-industries.com\/fr\/wp-json\/wp\/v2\/pages\/4145\/revisions"}],"up":[{"embeddable":true,"href":"https:\/\/airex-industries.com\/fr\/wp-json\/wp\/v2\/pages\/1408"}],"wp:featuredmedia":[{"embeddable":true,"href":"https:\/\/airex-industries.com\/fr\/wp-json\/wp\/v2\/media\/4158"}],"wp:attachment":[{"href":"https:\/\/airex-industries.com\/fr\/wp-json\/wp\/v2\/media?parent=4145"}],"curies":[{"name":"wp","href":"https:\/\/api.w.org\/{rel}","templated":true}]}}