{"id":4419,"date":"2024-12-20T10:25:03","date_gmt":"2024-12-20T15:25:03","guid":{"rendered":"https:\/\/airex-industries.com\/?page_id=4419"},"modified":"2026-05-05T08:28:18","modified_gmt":"2026-05-05T12:28:18","slug":"carrieres","status":"publish","type":"page","link":"https:\/\/airex-industries.com\/fr\/about-us\/careers\/","title":{"rendered":"Carri\u00e8res"},"content":{"rendered":"<div class=\"wpb-content-wrapper\"><div class=\"vc_row wpb_row vc_row-fluid vc_custom_1460122436961\"><div class=\"wpb_column vc_column_container vc_col-md-12\"><div class=\"vc_column-inner\"><div class=\"wpb_wrapper\">\n\t<div class=\"wpb_text_column wpb_content_element wpb_animate_when_almost_visible wpb_fadeIn fadeIn vc_custom_1771966506810\" >\n\t\t<div class=\"wpb_wrapper\">\n\t\t\t<p>Chez Airex Industries, la croissance n\u2019est pas seulement un objectif; c\u2019est ce qui nous anime au quotidien. Alors que nous poursuivons notre expansion et faisons \u00e9voluer nos fa\u00e7ons de faire, nous sommes constamment \u00e0 la recherche de personnes talentueuses, passionn\u00e9es et motiv\u00e9es pour enrichir notre \u00e9quipe.<\/p>\n<p>Anim\u00e9s par l\u2019innovation, le travail d\u2019\u00e9quipe et une culture qui place l\u2019humain au c\u0153ur de tout, nous b\u00e2tissons ensemble quelque chose d\u2019exceptionnel.<\/p>\n<p>Ici, tu trouveras bien plus qu\u2019un emploi; tu rejoindras un environnement collaboratif, stimulant et profond\u00e9ment humain, o\u00f9 tes id\u00e9es comptent r\u00e9ellement et o\u00f9 ton d\u00e9veloppement professionnel est une priorit\u00e9.<\/p>\n<p>Tu es reconnu(e) pour la qualit\u00e9 de ton travail ? L\u2019engagement et la s\u00e9curit\u00e9 guident tes actions ? Tu aimes collaborer et relever des d\u00e9fis en ayant du plaisir au quotidien ?<\/p>\n<p>Si tu te reconnais dans ces valeurs, alors nous voulons absolument te rencontrer.<\/p>\n<p>Pr\u00eat(e) \u00e0 aller plus loin ? Explore nos opportunit\u00e9s ci-dessous et trouve ta place chez Airex Industries.<\/p>\n\n\t\t<\/div>\n\t<\/div>\n<h2 style=\"text-align: left\" class=\"vc_custom_heading vc_do_custom_heading title vc_custom_1734709267193\" >NOS OPPORTUNIT\u00c9S<\/h2><div class=\"vc_tta-container\" data-vc-action=\"collapse\"><div class=\"vc_general vc_tta vc_tta-accordion vc_tta-color-white vc_tta-style-modern vc_tta-shape-rounded vc_tta-spacing-4 vc_tta-gap-4 vc_tta-controls-align-default\"><div class=\"vc_tta-panels-container\"><div class=\"vc_tta-panels\"><div class=\"vc_tta-panel\" id=\"1769442621604-584ca712-f970\" data-vc-content=\".vc_tta-panel-body\"><div class=\"vc_tta-panel-heading\"><h4 class=\"vc_tta-panel-title vc_tta-controls-icon-position-left\"><a href=\"#1769442621604-584ca712-f970\" data-vc-accordion data-vc-container=\".vc_tta-container\"><span class=\"vc_tta-title-text\">Monteur de panneaux<\/span><i class=\"vc_tta-controls-icon vc_tta-controls-icon-plus\"><\/i><\/a><\/h4><\/div><div class=\"vc_tta-panel-body\">\n\t<div class=\"wpb_text_column wpb_content_element\" >\n\t\t<div class=\"wpb_wrapper\">\n\t\t\t<p><strong>Position:<\/strong> Monteur de panneaux<br \/>\n<strong>Lieu de travail<\/strong> Laval, Quebec<br \/>\n<strong>Type d'emploi<\/strong> Temps Plein<\/p>\n<p><strong>\u00c0 propos de nous<\/strong><\/p>\n<p>At Airex Industries, we pride ourselves on delivering high-quality air filtration systems that make a difference in our customers\u2019 lives. Based in Laval, Quebec, we are a growing company committed to innovation, precision, and teamwork. If you are passionate about hands-on work and thrive in a fast-paced environment, we invite you to join our dynamic team as a Manufacturing Assembler.<\/p>\n<p><strong>VOTRE CONTRIBUTION<\/strong><\/p>\n<p>Ici, on ne cherche pas juste quelqu\u2019un pour occuper un poste : on veut un vrai b\u00e2tisseur, un joueur d\u2019\u00e9quipe pr\u00eat \u00e0 avoir un impact concret, d\u00e8s le jour 1. Sous la supervision de Lance, notre directeur d'ing\u00e9nierie, tu seras un pilier pour faire avancer nos projets et rendre nos op\u00e9rations encore plus efficaces.<\/p>\n<p>Tu devras faire preuve de collaboration avec les membres de l\u2019\u00e9quipe. En tant qu\u2019assembleur c\u00e2bleur, tu devras concr\u00e8tement t\u2019occuper de :<\/p>\n<ul>\n<li>Lire et interpr\u00e9ter des plans \u00e9lectriques en vue de faire le montage des panneaux \u26a1;<\/li>\n<li>Assembler les panneaux de contr\u00f4le selon les plans (partie \u00e9lectrique et m\u00e9canique);<\/li>\n<li>Installer, Identifier, calibrer et ajuster diff\u00e9rentes composantes \u00e9lectriques;<br \/>\nC\u00e2bler les composantes \u00e9lectriques et pneumatiques;<\/li>\n<li>S\u2019assurer que toutes les composantes des syst\u00e8mes sont install\u00e9es selon les plans en v\u00e9rifiant leurs fonctionnalit\u00e9s;<\/li>\n<li>Effectuer diff\u00e9rents tests, analyses et corrections afin que les syst\u00e8mes rencontrent les exigences requises;<\/li>\n<li>Participer \u00e0 la pr\u00e9paration des exp\u00e9ditions des panneaux de contr\u00f4le;<br \/>\nEffectuer des t\u00e2ches de programmation de base;<\/li>\n<\/ul>\n<p>Ex\u00e9cuter toutes autres t\u00e2ches connexes discut\u00e9es avec Lance \ud83c\udfaf.<\/p>\n<p><span data-ccp-props=\"{&quot;134233117&quot;:false,&quot;134233118&quot;:false,&quot;201341983&quot;:0,&quot;335551550&quot;:6,&quot;335551620&quot;:6,&quot;335559685&quot;:720,&quot;335559738&quot;:0,&quot;335559739&quot;:160,&quot;335559740&quot;:276}\">\u00a0<\/span><\/p>\n<p><strong>CE QUE NOUS OFFRONS<\/strong><\/p>\n<ul>\n<li>Un salaire selon l\u2019exp\u00e9rience et l\u2019\u00e9quit\u00e9 interne (\u00e0 discuter) \ud83d\udcb5;<\/li>\n<li>Un programme d\u2019assurances collectives (disponible apr\u00e8s 3 mois);<\/li>\n<li>Un horaire de travail du lundi au vendredi de 40h par semaine \ud83d\udd52;<\/li>\n<li>Une culture d\u2019entreprise permettant d\u2019\u00e9voluer dans un environnement qui favorise une responsabilisation et la croissance professionnelle \ud83d\udcc8;<\/li>\n<li>Une \u00e9quipe fi\u00e8re et engag\u00e9e dans le succ\u00e8s de son entreprise;\u202f<\/li>\n<li>L\u2019opportunit\u00e9 de relever des d\u00e9fis dans une entreprise innovante.\u202f<\/li>\n<\/ul>\n<p><strong>VOS COMP\u00c9TENCES\u00a0<\/strong><\/p>\n<ul>\n<li>Formation en \u00e9lectrom\u00e9canique ou m\u00e9canique industrielle ou combinaison \u00e9quivalente d'\u00e9tudes et d'exp\u00e9rience pertinente \ud83c\udf93;<\/li>\n<li>Exp\u00e9rience pertinente dans le domaine industriel ou manufacturier (1 \u00e0 3 ans);<\/li>\n<li>Connaissance de lecture de plan \u00e9lectrique;<\/li>\n<li>Connaissance de l\u2019\u00e9lectronique ou de l\u2019\u00e9lectricit\u00e9;<\/li>\n<li>Connaissance des normes CSA (un atout);<\/li>\n<li>Habilet\u00e9s en communication et aux relations interpersonnelles;<\/li>\n<li>Habilet\u00e9s en organisation et en planification du travail;<\/li>\n<li>Bilinguisme anglais-fran\u00e7ais (un atout).<\/li>\n<\/ul>\n<p><strong>VOS FORCES\u00a0<\/strong><\/p>\n<ul>\n<li>Faire preuve d\u2019une attitude positive \ud83d\ude01;<\/li>\n<li>\u00catre en bonne forme physique;<\/li>\n<li>R\u00e9gler facilement les probl\u00e8mes (Trouver des solutions adapt\u00e9es\ud83d\ude09);<\/li>\n<li>Respecter les r\u00e8gles de sant\u00e9 et de s\u00e9curit\u00e9;<\/li>\n<li>Capacit\u00e9 \u00e0 travailler sous pression;<\/li>\n<li>\u00catre consciencieux et avoir un souci du travail bien fait.<\/li>\n<\/ul>\n<p>Ici, nous vous donnons les outils pour r\u00e9ussir, nous vous soutenons dans votre progression et nous vous offrons un environnement o\u00f9 vous pouvez \u00eatre vous-m\u00eame tout en construisant l\u2019avenir \u00e0 nos c\u00f4t\u00e9s. Nos produits sur mesure rendront votre vie quotidienne anim\u00e9e, car chez nous, il n\u2019y a pas de jour comme \u00e7a.<\/p>\n\n\t\t<\/div>\n\t<\/div>\n<div class=\"anps_cta\"><div class='cta-content font1' style='color: #242424'><\/div><a href='\/fr\/a-propos\/carrieres\/formulaire-de-demande-d-emploi\/' target='_self' class='btn btn-lg btn-normal'>APPLIQUER MAINTENANT<\/a><\/div><\/div><\/div><div class=\"vc_tta-panel\" id=\"1771512445307-dd952161-926c\" data-vc-content=\".vc_tta-panel-body\"><div class=\"vc_tta-panel-heading\"><h4 class=\"vc_tta-panel-title vc_tta-controls-icon-position-left\"><a href=\"#1771512445307-dd952161-926c\" data-vc-accordion data-vc-container=\".vc_tta-container\"><span class=\"vc_tta-title-text\">Candidature Spontan\u00e9<\/span><i class=\"vc_tta-controls-icon vc_tta-controls-icon-plus\"><\/i><\/a><\/h4><\/div><div class=\"vc_tta-panel-body\">\n\t<div class=\"wpb_text_column wpb_content_element\" >\n\t\t<div class=\"wpb_wrapper\">\n\t\t\t<p><strong>Position:<\/strong> Toute<br \/>\n<strong>Lieu de travail<\/strong> Laval ou Drummondville, Qu\u00e9bec<br \/>\n<strong>Type d'emploi<\/strong> Temps Plein<\/p>\n<p><strong>\u00c0 propos de nous<\/strong><\/p>\n<p>Motiv\u00e9s par l\u2019excellence, l\u2019innovation et la croissance soutenue, nous aspirons \u00e0 \u00eatre le leader nord-am\u00e9ricain de notre industrie en misant sur la qualit\u00e9 de nos services.<br \/>\nAirex Industries \u0153uvre dans le domaine du traitement de l\u2019air et de ses contaminants. Manufacturier en syst\u00e8mes de d\u00e9poussi\u00e9rage industriels, nous accompagnons nos clients avec des concepts enti\u00e8rement personnalis\u00e9s et un service clef en main, tout en respectant les plus hauts standards de qualit\u00e9. Notre priorit\u00e9 est d\u2019offrir des solutions innovantes et durables dans le but de favoriser un environnement de travail s\u00e9curitaire. Nous nous positionnons comme un partenaire actif dans le succ\u00e8s op\u00e9rationnel de nos clients.<br \/>\nTu favorises la qualit\u00e9 et l\u2019engagement ? La s\u00e9curit\u00e9 est primordiale dans ton approche ? Tu te consid\u00e8res collaboratif et tu aimes avoir du fun ? Si tu as r\u00e9pondu oui et que tu es pleinement align\u00e9 \u00e0 nos valeurs, postule chez nous, on veut te rencontrer !<\/p>\n<p>&nbsp;<\/p>\n<p>Ici, nous vous donnons les outils pour r\u00e9ussir, nous vous soutenons dans votre progression et nous vous offrons un environnement o\u00f9 vous pouvez \u00eatre vous-m\u00eame tout en construisant l\u2019avenir \u00e0 nos c\u00f4t\u00e9s. Nos produits sur mesure rendront votre vie quotidienne anim\u00e9e, car chez nous, il n\u2019y a pas deux jour pareil<\/p>\n\n\t\t<\/div>\n\t<\/div>\n<div class=\"anps_cta\"><div class='cta-content font1' style='color: #242424'><\/div><a href='\/fr\/a-propos\/carrieres\/formulaire-de-demande-d-emploi\/' target='_self' class='btn btn-lg btn-normal'>APPLIQUER MAINTENANT<\/a><\/div><\/div><\/div><\/div><\/div><\/div><\/div><\/div><\/div><\/div><\/div><div data-vc-full-width=\"true\" data-vc-full-width-temp=\"true\" data-vc-full-width-init=\"false\" class=\"vc_row wpb_row vc_row-fluid no-bottom-padding-row vc_custom_1722348441153 vc_row-has-fill\"><div class=\"wpb_column vc_column_container vc_col-md-12\"><div class=\"vc_column-inner vc_custom_1453297044468\"><div class=\"wpb_wrapper\"><div class=\"download\"><div class='download-content text-uppercase' style='color: #ffffff'><i class='fa fas fa-file-pdf'><\/i> T\u00c9L\u00c9CHARGEZ UN CATALOGUE DE NOTRE HISTOIRE ET DE NOS SERVICES<\/div><a target='_blank' href='\/wp-content\/uploads\/2024\/09\/Airex_FR-Edition-4.0NEW.pdf' class='btn btn-md btn-dark btn-shadow'><i class='fa fas fa-cloud-download-alt'><\/i> T\u00c9L\u00c9CHARGER<\/a><\/div><\/div><\/div><\/div><\/div><div class=\"vc_row-full-width vc_clearfix\"><\/div>\n<\/div>","protected":false},"excerpt":{"rendered":"At Airex Industries, growth is not just a goal; it\u2019s what drives us every day. As we continue to grow and evolve our ways of doing things, we are constantly looking for talented, passionate and motivated individuals to enrich our &hellip;","protected":false},"author":2,"featured_media":4158,"parent":1408,"menu_order":0,"comment_status":"closed","ping_status":"closed","template":"","meta":{"content-type":"","footnotes":""},"class_list":["post-4419","page","type-page","status-publish","has-post-thumbnail","hentry"],"_links":{"self":[{"href":"https:\/\/airex-industries.com\/fr\/wp-json\/wp\/v2\/pages\/4419","targetHints":{"allow":["GET"]}}],"collection":[{"href":"https:\/\/airex-industries.com\/fr\/wp-json\/wp\/v2\/pages"}],"about":[{"href":"https:\/\/airex-industries.com\/fr\/wp-json\/wp\/v2\/types\/page"}],"author":[{"embeddable":true,"href":"https:\/\/airex-industries.com\/fr\/wp-json\/wp\/v2\/users\/2"}],"replies":[{"embeddable":true,"href":"https:\/\/airex-industries.com\/fr\/wp-json\/wp\/v2\/comments?post=4419"}],"version-history":[{"count":2,"href":"https:\/\/airex-industries.com\/fr\/wp-json\/wp\/v2\/pages\/4419\/revisions"}],"predecessor-version":[{"id":4790,"href":"https:\/\/airex-industries.com\/fr\/wp-json\/wp\/v2\/pages\/4419\/revisions\/4790"}],"up":[{"embeddable":true,"href":"https:\/\/airex-industries.com\/fr\/wp-json\/wp\/v2\/pages\/1408"}],"wp:featuredmedia":[{"embeddable":true,"href":"https:\/\/airex-industries.com\/fr\/wp-json\/wp\/v2\/media\/4158"}],"wp:attachment":[{"href":"https:\/\/airex-industries.com\/fr\/wp-json\/wp\/v2\/media?parent=4419"}],"curies":[{"name":"wp","href":"https:\/\/api.w.org\/{rel}","templated":true}]}}