{"id":4553,"date":"2025-06-24T09:37:51","date_gmt":"2025-06-24T13:37:51","guid":{"rendered":"https:\/\/airex-industries.com\/?page_id=4553"},"modified":"2025-06-24T09:59:32","modified_gmt":"2025-06-24T13:59:32","slug":"infrastructure","status":"publish","type":"page","link":"https:\/\/airex-industries.com\/fr\/applications\/infrastructure\/","title":{"rendered":"Infrastructure"},"content":{"rendered":"<div class=\"wpb-content-wrapper\"><div class=\"vc_row wpb_row vc_row-fluid vc_custom_1453476243999\"><div class=\"wpb_animate_when_almost_visible wpb_slideInUp slideInUp wpb_column vc_column_container vc_col-md-12\"><div class=\"vc_column-inner\"><div class=\"wpb_wrapper\"><div class=\"gallery-fs\"><figure><img decoding=\"async\" src=\"https:\/\/airex-industries.com\/wp-content\/uploads\/2025\/06\/engineer-inspection-1138x655-1.jpg\" alt=\"Inspecteur en ing\u00e9nierie\"><figcaption>Inspecteur en ing\u00e9nierie<\/figcaption><\/figure><\/div><\/div><\/div><\/div><\/div><div class=\"vc_row wpb_row vc_row-fluid\"><div class=\"wpb_column vc_column_container vc_col-md-12\"><div class=\"vc_column-inner\"><div class=\"wpb_wrapper\"><h2 style=\"text-align: left\" class=\"vc_custom_heading vc_do_custom_heading title wpb_animate_when_almost_visible wpb_slideInRight slideInRight\" >INFRASTRUCTURE<\/h2>\n\t<div class=\"wpb_text_column wpb_content_element wpb_animate_when_almost_visible wpb_slideInRight slideInRight\" >\n\t\t<div class=\"wpb_wrapper\">\n\t\t\t<p>Les travailleurs du secteur des infrastructures sont expos\u00e9s \u00e0 une vari\u00e9t\u00e9 de risques quotidiens pouvant avoir de graves effets \u00e0 long terme. Identifier ces dangers et comprendre leurs cons\u00e9quences est essentiel pour mettre en \u0153uvre des solutions efficaces qui prot\u00e8gent \u00e0 la fois votre personnel et vos \u00e9quipements.<\/p>\n\n\t\t<\/div>\n\t<\/div>\n<h3 class='heading-left  style-1'  style='color: #9c1c20'><span>Probl\u00e9matiques rencontr\u00e9es lors de nos interventions<\/span><\/h3><div class=\"vc_row wpb_row vc_inner vc_row-fluid\"><div class=\"wpb_column vc_column_container vc_col-md-4\"><div class=\"vc_column-inner vc_custom_1722281711207\"><div class=\"wpb_wrapper\"><div class='icon icon-left'><div class='icon-header'><div class='icon-media' style='width: 40px;'><img loading=\"lazy\" decoding=\"async\" width=\"612\" height=\"612\" src=\"https:\/\/airex-industries.com\/wp-content\/uploads\/2024\/07\/icon-dust.png\" class=\"attachment-full size-full\" alt=\"Les poussi\u00e8res\" srcset=\"https:\/\/airex-industries.com\/wp-content\/uploads\/2024\/07\/icon-dust.png 612w, https:\/\/airex-industries.com\/wp-content\/uploads\/2024\/07\/icon-dust-300x300.png 300w, https:\/\/airex-industries.com\/wp-content\/uploads\/2024\/07\/icon-dust-150x150.png 150w, https:\/\/airex-industries.com\/wp-content\/uploads\/2024\/07\/icon-dust-12x12.png 12w\" sizes=\"auto, (max-width: 612px) 100vw, 612px\" \/><\/i><\/div><h3 class='icon-title text-uppercase'>Les poussi\u00e8res<\/h3><\/div><p>Les particules g\u00e9n\u00e9r\u00e9es par ce champ d'application s'accumulent rapidement et doivent \u00eatre pris en charge efficacement.<\/p><\/div><\/div><\/div><\/div><div class=\"wpb_column vc_column_container vc_col-md-4\"><div class=\"vc_column-inner vc_custom_1722281718961\"><div class=\"wpb_wrapper\"><div class='icon icon-left'><div class='icon-header'><div class='icon-media' style='width: 40px;'><img loading=\"lazy\" decoding=\"async\" width=\"612\" height=\"612\" src=\"https:\/\/airex-industries.com\/wp-content\/uploads\/2024\/07\/icon-explosif.png\" class=\"attachment-full size-full\" alt=\"Risque d&#039;explosion\" srcset=\"https:\/\/airex-industries.com\/wp-content\/uploads\/2024\/07\/icon-explosif.png 612w, https:\/\/airex-industries.com\/wp-content\/uploads\/2024\/07\/icon-explosif-300x300.png 300w, https:\/\/airex-industries.com\/wp-content\/uploads\/2024\/07\/icon-explosif-150x150.png 150w, https:\/\/airex-industries.com\/wp-content\/uploads\/2024\/07\/icon-explosif-12x12.png 12w\" sizes=\"auto, (max-width: 612px) 100vw, 612px\" \/><\/i><\/div><h3 class='icon-title text-uppercase'>Risque d'explosion<\/h3><\/div><p>Les poussi\u00e8res de certains mat\u00e9riaux sont combustibles et selon les circonstances, peuvent \u00eatre \u00e0 l\u2019origine d\u2019une explosion.<\/p><\/div><\/div><\/div><\/div><div class=\"wpb_column vc_column_container vc_col-md-4\"><div class=\"vc_column-inner vc_custom_1722281725275\"><div class=\"wpb_wrapper\"><div class='icon icon-left'><div class='icon-header'><div class='icon-media' style='width: 40px;'><img loading=\"lazy\" decoding=\"async\" width=\"612\" height=\"612\" src=\"https:\/\/airex-industries.com\/wp-content\/uploads\/2024\/07\/icon-visibility.png\" class=\"attachment-full size-full\" alt=\"Visibilit\u00e9\" srcset=\"https:\/\/airex-industries.com\/wp-content\/uploads\/2024\/07\/icon-visibility.png 612w, https:\/\/airex-industries.com\/wp-content\/uploads\/2024\/07\/icon-visibility-300x300.png 300w, https:\/\/airex-industries.com\/wp-content\/uploads\/2024\/07\/icon-visibility-150x150.png 150w, https:\/\/airex-industries.com\/wp-content\/uploads\/2024\/07\/icon-visibility-12x12.png 12w\" sizes=\"auto, (max-width: 612px) 100vw, 612px\" \/><\/i><\/div><h3 class='icon-title text-uppercase'>Visibilit\u00e9<\/h3><\/div><p>L'accumulation de particules en suspension cause des complications au niveau de la clart\u00e9 de la vision.<\/p><\/div><\/div><\/div><\/div><\/div><div class=\"vc_separator wpb_content_element vc_separator_align_center vc_sep_width_100 vc_sep_pos_align_center vc_separator_no_text vc_sep_color_grey wpb_content_element  wpb_content_element\" ><span class=\"vc_sep_holder vc_sep_holder_l\"><span class=\"vc_sep_line\"><\/span><\/span><span class=\"vc_sep_holder vc_sep_holder_r\"><span class=\"vc_sep_line\"><\/span><\/span>\n<\/div><\/div><\/div><\/div><\/div><div class=\"vc_row wpb_row vc_row-fluid\"><div class=\"wpb_column vc_column_container vc_col-md-12\"><div class=\"vc_column-inner\"><div class=\"wpb_wrapper\"><h2 style=\"color: #9c1c20;text-align: left\" class=\"vc_custom_heading vc_do_custom_heading title\" >Risques Possibles Lors de la Construction d\u2019Infrastructures : Ce Que Vous Devez Savoir<\/h2>\n\t<div class=\"wpb_text_column wpb_content_element wpb_animate_when_almost_visible wpb_bounceInLeft bounceInLeft\" >\n\t\t<div class=\"wpb_wrapper\">\n\t\t\t<p>Les chantiers de construction comptent parmi les environnements de travail les plus dangereux. Les projets peuvent se d\u00e9rouler en hauteur, sous terre ou dans des zones isol\u00e9es, chacun pr\u00e9sentant des risques uniques qui doivent \u00eatre g\u00e9r\u00e9s avec soin pour \u00e9viter de graves cons\u00e9quences. En plus des pr\u00e9occupations en mati\u00e8re de s\u00e9curit\u00e9, il existe souvent des r\u00e9glementations environnementales strictes \u00e0 respecter. Pour prendre une d\u00e9cision \u00e9clair\u00e9e, posez-vous les questions suivantes :<\/p>\n<ul>\n<li>Quels types sp\u00e9cifiques de poussi\u00e8res ou de mati\u00e8res en suspension dans l\u2019air sont susceptibles d\u2019\u00eatre g\u00e9n\u00e9r\u00e9s dans cet environnement de travail ?<\/li>\n<li>Des fum\u00e9es, vapeurs ou \u00e9missions sont-elles d\u00e9gag\u00e9es par des processus, \u00e9quipements ou op\u00e9rations sur site ou hors site ?<\/li>\n<li>Les travailleurs interviennent-ils dans des espaces confin\u00e9s o\u00f9 les poussi\u00e8res et polluants doivent \u00eatre correctement extraits ou filtr\u00e9s ?<\/li>\n<li>Existe-t-il des r\u00e9glementations environnementales en vigueur dans le pays, l\u2019\u00c9tat ou la province o\u00f9 se d\u00e9roulent les travaux de construction ?<\/li>\n<\/ul>\n\n\t\t<\/div>\n\t<\/div>\n<h2 style=\"color: #9c1c20;text-align: left\" class=\"vc_custom_heading vc_do_custom_heading title\" >Connaissez-vous les Risques dans Ces Environnements ?<\/h2>\n\t<div class=\"wpb_text_column wpb_content_element wpb_animate_when_almost_visible wpb_bounceInRight bounceInRight\" >\n\t\t<div class=\"wpb_wrapper\">\n\t\t\t<div class=\"uk-width-large-1-2\">\n<p>Dans ces environnements de travail, les risques peuvent provenir de nombreuses sources et avoir diverses cons\u00e9quences. L\u2019un des risques les plus graves auxquels les travailleurs sont confront\u00e9s est li\u00e9 aux probl\u00e8mes respiratoires. Ceux qui passent leur carri\u00e8re dans des conditions poussi\u00e9reuses et mal ventil\u00e9es, en inhalant r\u00e9guli\u00e8rement des particules en suspension, peuvent d\u00e9velopper des maladies graves telles que la silicose, l\u2019asthme, voire le cancer du poumon.<\/p>\n<p>Le type de poussi\u00e8re g\u00e9n\u00e9r\u00e9e est \u00e9galement important. Certaines poussi\u00e8res, comme celles provenant du bois, des c\u00e9r\u00e9ales ou de certains m\u00e9taux, peuvent \u00eatre hautement combustibles et pr\u00e9senter un risque d\u2019explosion si elles ne sont pas correctement g\u00e9r\u00e9es.<\/p>\n<p>Un autre probl\u00e8me est la baisse de visibilit\u00e9 caus\u00e9e par la poussi\u00e8re en suspension, qui peut rendre le chantier dangereux en emp\u00eachant les travailleurs de bien voir les dangers pr\u00e9sents.<\/p>\n<p>De plus, l\u2019accumulation de poussi\u00e8re peut nuire au bon fonctionnement des \u00e9quipements en les obstruant ou en les endommageant, ce qui entra\u00eene une baisse de rendement et une augmentation des co\u00fbts de maintenance. La poussi\u00e8re peut \u00e9galement entra\u00eener une non-conformit\u00e9 aux normes environnementales, avec \u00e0 la cl\u00e9 des amendes potentielles ou des retards de projet.<\/p>\n<\/div>\n\n\t\t<\/div>\n\t<\/div>\n<div class=\"panel-group panel-icon-plus panel-icon-align-default panel-shape-square\" id=\"accordion-0\" role=\"tablist\" aria-multiselectable=\"true\"><div class=\"panel\" style=\"\"><div class=\"panel-heading\" role=\"tab\" id=\"acc-heading-1453278520348-82ca7492-26b767f7-73e6\"><h4 class=\"panel-title text-default small-margin\"><a data-parent=\"#accordion-0\" class=\"\" role=\"button\" data-toggle=\"collapse\" href=\"#acc-1453278520348-82ca7492-26b767f7-73e6\" aria-expanded=\"true\" aria-controls=\"acc-1453278520348-82ca7492-26b767f7-73e6\"><span>Comment R\u00e9duire les Risques sur les Chantiers d\u2019Infrastructure ?<\/span><\/a><\/h4><\/div><div id=\"acc-1453278520348-82ca7492-26b767f7-73e6\" class=\"panel-collapse collapse in\" role=\"tabpanel\" aria-labelledby=\"acc-heading-1453278520348-82ca7492-26b767f7-73e6\"><div class=\"panel-body\">\n\t<div class=\"wpb_text_column wpb_content_element vc_custom_1750770678923\" >\n\t\t<div class=\"wpb_wrapper\">\n\t\t\t<p>Nous comprenons les risques ainsi que les r\u00e9glementations environnementales qui doivent \u00eatre rigoureusement respect\u00e9es sur tout chantier. C\u2019est pourquoi nous proposons une solution compl\u00e8te pour relever ces d\u00e9fis. Les syst\u00e8mes de ventilation et de d\u00e9poussi\u00e9rage d\u2019Airex Industries capturent efficacement les particules en suspension et purifient l\u2019air que vos travailleurs respirent. Cela permet d\u2019obtenir un chantier plus s\u00e9curitaire, plus propre et enti\u00e8rement conforme, o\u00f9 la sant\u00e9 des travailleurs et l\u2019efficacit\u00e9 op\u00e9rationnelle sont des priorit\u00e9s.<\/p>\n\n\t\t<\/div>\n\t<\/div>\n<\/div><\/div><\/div><div class=\"panel\" style=\"\"><div class=\"panel-heading\" role=\"tab\" id=\"acc-heading-1453278704996-2e48d0ff-944d67f7-73e6\"><h4 class=\"panel-title text-default small-margin\"><a data-parent=\"#accordion-0\" class=\"collapsed\" role=\"button\" data-toggle=\"collapse\" href=\"#acc-1453278704996-2e48d0ff-944d67f7-73e6\" aria-expanded=\"true\" aria-controls=\"acc-1453278704996-2e48d0ff-944d67f7-73e6\"><span>Quel Est le Meilleur Produit Airex Pour Ces Situations ?<\/span><\/a><\/h4><\/div><div id=\"acc-1453278704996-2e48d0ff-944d67f7-73e6\" class=\"panel-collapse collapse\" role=\"tabpanel\" aria-labelledby=\"acc-heading-1453278704996-2e48d0ff-944d67f7-73e6\"><div class=\"panel-body\">\n\t<div class=\"wpb_text_column wpb_content_element vc_custom_1750773550957\" >\n\t\t<div class=\"wpb_wrapper\">\n\t\t\t<p class=\"translation-block\"><a href=\"\/fr\/produits\/depoussiereur\/cartouches\/\" target=\"_self\">Le collecteur de poussi\u00e8re \u00e0 cartouche AIREX<\/a>, con\u00e7u pour traiter les particules tr\u00e8s fines couramment pr\u00e9sentes sur votre chantier, est largement utilis\u00e9 dans ce secteur.<\/p>\n<p>Nous croyons que le meilleur collecteur de poussi\u00e8re est celui qui r\u00e9pond parfaitement \u00e0 vos besoins tout en vous permettant de r\u00e9aliser des \u00e9conomies d\u2019\u00e9nergie. Nos experts peuvent vous proposer des options durables, soigneusement con\u00e7ues pour minimiser les arr\u00eats de production. Voici un aper\u00e7u des solutions que nous pouvons vous offrir :<\/p>\n<ul>\n<li>Des solutions innovantes avec une excellente dur\u00e9e de vie, comme notre syst\u00e8me de contr\u00f4le de la temp\u00e9rature ambiante pour les laboratoires et les zones d\u2019entreposage.<\/li>\n<li>Solutions int\u00e9gr\u00e9es pour r\u00e9cup\u00e9rer l\u2019\u00e9nergie utilis\u00e9e par vos syst\u00e8mes de s\u00e9chage, de pr\u00e9s\u00e9chage, vos chaudi\u00e8res \u00e0 la vapeur et autres appareils.<\/li>\n<li>\u00c9quipements certifi\u00e9s par les normes de la CNESST pour pr\u00e9venir les maladies respiratoires professionnelles.<\/li>\n<li>\u00c9quipe d\u2019ing\u00e9nieurs et de sp\u00e9cialistes disponibles en cas de panne et pour l\u2019entretien pr\u00e9ventif.<\/li>\n<\/ul>\n\n\t\t<\/div>\n\t<\/div>\n<\/div><\/div><\/div><\/div><\/div><\/div><\/div><\/div>\n<\/div>","protected":false},"excerpt":{"rendered":"Engineering InspectorINFRASTRUCTURE Infrastructure workers are exposed to a range of daily risks that can have serious long-term effects. Identifying these hazards and understanding their consequences is key to implementing effective solutions that safeguard both your workforce and your equipment. Issues &hellip;","protected":false},"author":2,"featured_media":4557,"parent":2311,"menu_order":0,"comment_status":"closed","ping_status":"closed","template":"","meta":{"content-type":"","footnotes":""},"class_list":["post-4553","page","type-page","status-publish","has-post-thumbnail","hentry"],"_links":{"self":[{"href":"https:\/\/airex-industries.com\/fr\/wp-json\/wp\/v2\/pages\/4553","targetHints":{"allow":["GET"]}}],"collection":[{"href":"https:\/\/airex-industries.com\/fr\/wp-json\/wp\/v2\/pages"}],"about":[{"href":"https:\/\/airex-industries.com\/fr\/wp-json\/wp\/v2\/types\/page"}],"author":[{"embeddable":true,"href":"https:\/\/airex-industries.com\/fr\/wp-json\/wp\/v2\/users\/2"}],"replies":[{"embeddable":true,"href":"https:\/\/airex-industries.com\/fr\/wp-json\/wp\/v2\/comments?post=4553"}],"version-history":[{"count":0,"href":"https:\/\/airex-industries.com\/fr\/wp-json\/wp\/v2\/pages\/4553\/revisions"}],"up":[{"embeddable":true,"href":"https:\/\/airex-industries.com\/fr\/wp-json\/wp\/v2\/pages\/2311"}],"wp:featuredmedia":[{"embeddable":true,"href":"https:\/\/airex-industries.com\/fr\/wp-json\/wp\/v2\/media\/4557"}],"wp:attachment":[{"href":"https:\/\/airex-industries.com\/fr\/wp-json\/wp\/v2\/media?parent=4553"}],"curies":[{"name":"wp","href":"https:\/\/api.w.org\/{rel}","templated":true}]}}