{"id":4564,"date":"2025-09-04T09:19:27","date_gmt":"2025-09-04T13:19:27","guid":{"rendered":"https:\/\/airex-industries.com\/?page_id=4564"},"modified":"2025-09-04T09:20:47","modified_gmt":"2025-09-04T13:20:47","slug":"militaire","status":"publish","type":"page","link":"https:\/\/airex-industries.com\/fr\/applications\/military\/","title":{"rendered":"Militaire"},"content":{"rendered":"<div class=\"wpb-content-wrapper\"><div class=\"vc_row wpb_row vc_row-fluid vc_custom_1453476243999\"><div class=\"wpb_animate_when_almost_visible wpb_slideInUp slideInUp wpb_column vc_column_container vc_col-md-12\"><div class=\"vc_column-inner\"><div class=\"wpb_wrapper\"><div class=\"gallery-fs\"><figure><img decoding=\"async\" src=\"https:\/\/airex-industries.com\/wp-content\/uploads\/2025\/09\/special-forces-soldier-in-smoke-1138x655-1.webp\" alt=\"Soldat des forces sp\u00e9ciales\"><figcaption>Soldat des forces sp\u00e9ciales<\/figcaption><\/figure><\/div><\/div><\/div><\/div><\/div><div class=\"vc_row wpb_row vc_row-fluid\"><div class=\"wpb_column vc_column_container vc_col-md-12\"><div class=\"vc_column-inner\"><div class=\"wpb_wrapper\"><h2 style=\"text-align: left\" class=\"vc_custom_heading vc_do_custom_heading title wpb_animate_when_almost_visible wpb_slideInRight slideInRight\" >SECTEUR MILITAIRE<\/h2>\n\t<div class=\"wpb_text_column wpb_content_element wpb_animate_when_almost_visible wpb_slideInRight slideInRight\" >\n\t\t<div class=\"wpb_wrapper\">\n\t\t\t<p>Dans le secteur militaire, de nombreuses pratiques peuvent repr\u00e9senter des risques pour les travailleurs et les soldats, que ce soit sur la base ou en op\u00e9ration. En comprenant bien les dangers li\u00e9s aux particules, aux fum\u00e9es et aux gaz, vous serez mieux outill\u00e9 pour identifier, g\u00e9rer et r\u00e9duire efficacement ces risques.<\/p>\n\n\t\t<\/div>\n\t<\/div>\n<h3 class='heading-left  style-1'  style='color: #9c1c20'><span>Probl\u00e9matiques rencontr\u00e9es lors de nos interventions<\/span><\/h3><div class=\"vc_row wpb_row vc_inner vc_row-fluid\"><div class=\"wpb_column vc_column_container vc_col-md-6\"><div class=\"vc_column-inner vc_custom_1722281711207\"><div class=\"wpb_wrapper\"><div class='icon icon-left'><div class='icon-header'><div class='icon-media' style='width: 40px;'><img loading=\"lazy\" decoding=\"async\" width=\"612\" height=\"612\" src=\"https:\/\/airex-industries.com\/wp-content\/uploads\/2024\/07\/icon-toxic.png\" class=\"attachment-full size-full\" alt=\"Toxicit\u00e9\" srcset=\"https:\/\/airex-industries.com\/wp-content\/uploads\/2024\/07\/icon-toxic.png 612w, https:\/\/airex-industries.com\/wp-content\/uploads\/2024\/07\/icon-toxic-300x300.png 300w, https:\/\/airex-industries.com\/wp-content\/uploads\/2024\/07\/icon-toxic-150x150.png 150w, https:\/\/airex-industries.com\/wp-content\/uploads\/2024\/07\/icon-toxic-12x12.png 12w\" sizes=\"auto, (max-width: 612px) 100vw, 612px\" \/><\/i><\/div><h3 class='icon-title text-uppercase'>Toxicit\u00e9<\/h3><\/div><p>Les substances d\u00e9gag\u00e9es par les armes utilis\u00e9es\nsont nocives lorsqu'elles sont absorb\u00e9es \npar l'organisme.<br \/>\n<\/p><\/div><div class='icon icon-left'><div class='icon-header'><div class='icon-media' style='width: 40px;'><img loading=\"lazy\" decoding=\"async\" width=\"612\" height=\"612\" src=\"https:\/\/airex-industries.com\/wp-content\/uploads\/2024\/07\/icon-explosif.png\" class=\"attachment-full size-full\" alt=\"Risque d&#039;explosion\" srcset=\"https:\/\/airex-industries.com\/wp-content\/uploads\/2024\/07\/icon-explosif.png 612w, https:\/\/airex-industries.com\/wp-content\/uploads\/2024\/07\/icon-explosif-300x300.png 300w, https:\/\/airex-industries.com\/wp-content\/uploads\/2024\/07\/icon-explosif-150x150.png 150w, https:\/\/airex-industries.com\/wp-content\/uploads\/2024\/07\/icon-explosif-12x12.png 12w\" sizes=\"auto, (max-width: 612px) 100vw, 612px\" \/><\/i><\/div><h3 class='icon-title text-uppercase'>Risque d'explosion<\/h3><\/div><p>Les poussi\u00e8res de certains mat\u00e9riaux sont combustibles et selon les circonstances, peuvent \u00eatre \u00e0 l\u2019origine d\u2019une explosion.<\/p><\/div><\/div><\/div><\/div><div class=\"wpb_column vc_column_container vc_col-md-6\"><div class=\"vc_column-inner vc_custom_1722281718961\"><div class=\"wpb_wrapper\"><div class='icon icon-left'><div class='icon-header'><div class='icon-media' style='width: 40px;'><img loading=\"lazy\" decoding=\"async\" width=\"612\" height=\"612\" src=\"https:\/\/airex-industries.com\/wp-content\/uploads\/2024\/07\/icon-dust.png\" class=\"attachment-full size-full\" alt=\"Les poussi\u00e8res\" srcset=\"https:\/\/airex-industries.com\/wp-content\/uploads\/2024\/07\/icon-dust.png 612w, https:\/\/airex-industries.com\/wp-content\/uploads\/2024\/07\/icon-dust-300x300.png 300w, https:\/\/airex-industries.com\/wp-content\/uploads\/2024\/07\/icon-dust-150x150.png 150w, https:\/\/airex-industries.com\/wp-content\/uploads\/2024\/07\/icon-dust-12x12.png 12w\" sizes=\"auto, (max-width: 612px) 100vw, 612px\" \/><\/i><\/div><h3 class='icon-title text-uppercase'>Les poussi\u00e8res<\/h3><\/div><p>Les particules g\u00e9n\u00e9r\u00e9es par ce champ d'application s'accumulent rapidement et doivent \u00eatre pris en charge efficacement.<\/p><\/div><div class='icon icon-left'><div class='icon-header'><div class='icon-media' style='width: 40px;'><img loading=\"lazy\" decoding=\"async\" width=\"612\" height=\"612\" src=\"https:\/\/airex-industries.com\/wp-content\/uploads\/2024\/07\/icon-visibility.png\" class=\"attachment-full size-full\" alt=\"Visibilit\u00e9\" srcset=\"https:\/\/airex-industries.com\/wp-content\/uploads\/2024\/07\/icon-visibility.png 612w, https:\/\/airex-industries.com\/wp-content\/uploads\/2024\/07\/icon-visibility-300x300.png 300w, https:\/\/airex-industries.com\/wp-content\/uploads\/2024\/07\/icon-visibility-150x150.png 150w, https:\/\/airex-industries.com\/wp-content\/uploads\/2024\/07\/icon-visibility-12x12.png 12w\" sizes=\"auto, (max-width: 612px) 100vw, 612px\" \/><\/i><\/div><h3 class='icon-title text-uppercase'>Visibilit\u00e9<\/h3><\/div><p>L'accumulation de particules en suspension cause des complications au niveau de la clart\u00e9 de la vision.<\/p><\/div><\/div><\/div><\/div><\/div><div class=\"vc_separator wpb_content_element vc_separator_align_center vc_sep_width_100 vc_sep_pos_align_center vc_separator_no_text vc_sep_color_grey wpb_content_element  wpb_content_element\" ><span class=\"vc_sep_holder vc_sep_holder_l\"><span class=\"vc_sep_line\"><\/span><\/span><span class=\"vc_sep_holder vc_sep_holder_r\"><span class=\"vc_sep_line\"><\/span><\/span>\n<\/div><\/div><\/div><\/div><\/div><div class=\"vc_row wpb_row vc_row-fluid\"><div class=\"wpb_column vc_column_container vc_col-md-12\"><div class=\"vc_column-inner\"><div class=\"wpb_wrapper\"><h2 style=\"color: #9c1c20;text-align: left\" class=\"vc_custom_heading vc_do_custom_heading title\" >Contaminants Pr\u00e9sents dans les Op\u00e9rations Militaires : Que Devez-Vous Savoir?<\/h2>\n\t<div class=\"wpb_text_column wpb_content_element wpb_animate_when_almost_visible wpb_bounceInLeft bounceInLeft\" >\n\t\t<div class=\"wpb_wrapper\">\n\t\t\t<p>Lors des op\u00e9rations militaires, le personnel peut \u00eatre expos\u00e9 \u00e0 divers agents dangereux pouvant repr\u00e9senter de graves risques pour la sant\u00e9. Pour \u00e9valuer et att\u00e9nuer ad\u00e9quatement ces dangers, consid\u00e9rez les questions cl\u00e9s suivantes :<\/p>\n<ul>\n<li>Le d\u00e9ploiement aura-t-il lieu dans des environnements arides ou d\u00e9sertiques o\u00f9 les conditions s\u00e8ches, le sable ou la poussi\u00e8re peuvent pr\u00e9senter des risques respiratoires ?<\/li>\n<li>Will deployment occur in arid or desert environments where dry conditions, sand, or dust may present respiratory hazards?<\/li>\n<li>Des fum\u00e9es, vapeurs ou \u00e9missions sont-elles d\u00e9gag\u00e9es par des processus, \u00e9quipements ou op\u00e9rations sur site ou hors site ?<\/li>\n<\/ul>\n<p>Comprendre et anticiper ces expositions potentielles est essentiel pour prot\u00e9ger la sant\u00e9 et la s\u00e9curit\u00e9 du personnel militaire en op\u00e9ration.<\/p>\n\n\t\t<\/div>\n\t<\/div>\n<h2 style=\"color: #9c1c20;text-align: left\" class=\"vc_custom_heading vc_do_custom_heading title\" >Connaissez-vous les Risques Suppl\u00e9mentaires dans Ces Environnements ?<\/h2>\n\t<div class=\"wpb_text_column wpb_content_element wpb_animate_when_almost_visible wpb_bounceInRight bounceInRight\" >\n\t\t<div class=\"wpb_wrapper\">\n\t\t\t<div class=\"uk-width-large-1-2\">\n<p>Les soldats et les travailleurs qui op\u00e8rent dans des environnements dangereux font d\u00e9j\u00e0 face \u00e0 de nombreux dangers. Am\u00e9liorer leur s\u00e9curit\u00e9 doit \u00eatre une priorit\u00e9. En situation d\u2019urgence, avoir les bons syst\u00e8mes en place peut faire toute la diff\u00e9rence entre la vie et la mort.<\/p>\n<p>L\u2019une des menaces les plus importantes aujourd\u2019hui est l\u2019utilisation d\u2019armes technologiquement avanc\u00e9es. Une exposition \u00e0 des agents nucl\u00e9aires, biologiques ou chimiques peut avoir des effets imm\u00e9diats et durables, surtout si les proc\u00e9dures de d\u00e9contamination appropri\u00e9es ne sont pas suivies. Il est donc essentiel d\u2019\u00e9quiper le personnel de solutions rapides de d\u00e9contamination.<\/p>\n<p>De plus, les dangers environnementaux tels que la poussi\u00e8re et les fum\u00e9es repr\u00e9sentent de graves risques pour la sant\u00e9. Plusieurs de ces op\u00e9rations se d\u00e9roulent dans des zones d\u00e9sertiques ou \u00e9loign\u00e9es, o\u00f9 les v\u00e9hicules soul\u00e8vent de grandes quantit\u00e9s de poussi\u00e8re. Ces particules en suspension peuvent affecter la visibilit\u00e9 et la sant\u00e9 respiratoire. L\u2019entretien sur site peut \u00e9galement produire des fum\u00e9es toxiques qui doivent \u00eatre efficacement contr\u00f4l\u00e9es.<\/p>\n<\/div>\n\n\t\t<\/div>\n\t<\/div>\n<div class=\"panel-group panel-icon-plus panel-icon-align-default panel-shape-square\" id=\"accordion-0\" role=\"tablist\" aria-multiselectable=\"true\"><div class=\"panel\" style=\"\"><div class=\"panel-heading\" role=\"tab\" id=\"acc-heading-1453278520348-82ca7492-26b767f7-73e6\"><h4 class=\"panel-title text-default small-margin\"><a data-parent=\"#accordion-0\" class=\"\" role=\"button\" data-toggle=\"collapse\" href=\"#acc-1453278520348-82ca7492-26b767f7-73e6\" aria-expanded=\"true\" aria-controls=\"acc-1453278520348-82ca7492-26b767f7-73e6\"><span>Comment R\u00e9duire Ces Risques Suppl\u00e9mentaires ?<\/span><\/a><\/h4><\/div><div id=\"acc-1453278520348-82ca7492-26b767f7-73e6\" class=\"panel-collapse collapse in\" role=\"tabpanel\" aria-labelledby=\"acc-heading-1453278520348-82ca7492-26b767f7-73e6\"><div class=\"panel-body\">\n\t<div class=\"wpb_text_column wpb_content_element vc_custom_1750774515343\" >\n\t\t<div class=\"wpb_wrapper\">\n\t\t\t<p>La priorit\u00e9 absolue dans les environnements dangereux est de minimiser le risque d\u2019exposition aux contaminants NBC (nucl\u00e9aires, biologiques et chimiques). Une solution tr\u00e8s efficace est l\u2019utilisation de douches d\u2019air portatives, con\u00e7ues pour la d\u00e9contamination des soldats et des travailleurs sur le terrain. Ces unit\u00e9s offrent une performance \u00e9lev\u00e9e gr\u00e2ce \u00e0 des syst\u00e8mes de filtration avanc\u00e9s qui \u00e9liminent les contaminants r\u00e9siduels avant l\u2019entr\u00e9e ou la sortie des zones contr\u00f4l\u00e9es. Les filtres utilis\u00e9s peuvent \u00eatre remplac\u00e9s et \u00e9limin\u00e9s en toute s\u00e9curit\u00e9, garantissant ainsi la continuit\u00e9 de la s\u00e9curit\u00e9 op\u00e9rationnelle.<\/p>\n<p>De plus, les d\u00e9poussi\u00e9reurs jouent un r\u00f4le crucial en capturant les poussi\u00e8res et les fum\u00e9es en suspension dans l\u2019air, qui peuvent causer des troubles respiratoires. Ces syst\u00e8mes filtrent efficacement les particules dans l\u2019environnement, cr\u00e9ant un espace de travail plus sain et s\u00e9curitaire pour le personnel en zones contamin\u00e9es ou industrielles.<\/p>\n\n\t\t<\/div>\n\t<\/div>\n<\/div><\/div><\/div><div class=\"panel\" style=\"\"><div class=\"panel-heading\" role=\"tab\" id=\"acc-heading-1453278704996-2e48d0ff-944d67f7-73e6\"><h4 class=\"panel-title text-default small-margin\"><a data-parent=\"#accordion-0\" class=\"collapsed\" role=\"button\" data-toggle=\"collapse\" href=\"#acc-1453278704996-2e48d0ff-944d67f7-73e6\" aria-expanded=\"true\" aria-controls=\"acc-1453278704996-2e48d0ff-944d67f7-73e6\"><span>Quel Est le Meilleur Produit Airex Pour Ces Situations ?<\/span><\/a><\/h4><\/div><div id=\"acc-1453278704996-2e48d0ff-944d67f7-73e6\" class=\"panel-collapse collapse\" role=\"tabpanel\" aria-labelledby=\"acc-heading-1453278704996-2e48d0ff-944d67f7-73e6\"><div class=\"panel-body\">\n\t<div class=\"wpb_text_column wpb_content_element vc_custom_1750774578665\" >\n\t\t<div class=\"wpb_wrapper\">\n\t\t\t<p>Pour bien d\u00e9contaminer les soldats, la meilleure solution est notre s\u00e9rie DashX de douches \u00e0 air, qui offre une solution rapide et efficace pour la d\u00e9contamination autonome. Saviez-vous qu\u2019un filtre ULPA, pr\u00e9sent dans la douche \u00e0 air, filtre 99,99 % des microgouttelettes de microbes ? Gr\u00e2ce aux encapsuleurs, il est aussi possible de capter les particules \u00e0 la source, sans absorber le produit introduit dans les capsules, notamment en cr\u00e9ant un environnement \u00e0 pression n\u00e9gative.<\/p>\n<p>Nous croyons que le meilleur collecteur de poussi\u00e8re est celui qui r\u00e9pond parfaitement \u00e0 vos besoins. Le syst\u00e8me doit aussi permettre de r\u00e9aliser des \u00e9conomies. Nos experts peuvent vous proposer des options durables et r\u00e9fl\u00e9chies pour minimiser les r\u00e9parations et, bien s\u00fbr, la consommation d\u2019\u00e9nergie. Voici un aper\u00e7u de ce que nous pouvons vous offrir :<\/p>\n<ul>\n<li>Des solutions innovantes avec une excellente dur\u00e9e de vie, comme notre syst\u00e8me de contr\u00f4le de la temp\u00e9rature ambiante pour les laboratoires et les zones d\u2019entreposage.<\/li>\n<li>De l\u2019\u00e9quipement conforme aux normes NFPA pour la pr\u00e9vention des incidents.<\/li>\n<li>Une \u00e9quipe compos\u00e9e d\u2019ing\u00e9nieurs et de sp\u00e9cialistes disponible pour les pannes et l\u2019entretien pr\u00e9ventif.<\/li>\n<\/ul>\n\n\t\t<\/div>\n\t<\/div>\n<\/div><\/div><\/div><\/div><\/div><\/div><\/div><\/div>\n<\/div>","protected":false},"excerpt":{"rendered":"Special Forces SoliderMILITARY In the military sector, numerous practices can pose risks to workers and soldiers, whether on base or in the field. By gaining a clear understanding of the hazards associated with particles, fumes, and gases, you\u2019ll be better &hellip;","protected":false},"author":2,"featured_media":4594,"parent":2311,"menu_order":0,"comment_status":"closed","ping_status":"closed","template":"","meta":{"content-type":"","footnotes":""},"class_list":["post-4564","page","type-page","status-publish","has-post-thumbnail","hentry"],"_links":{"self":[{"href":"https:\/\/airex-industries.com\/fr\/wp-json\/wp\/v2\/pages\/4564","targetHints":{"allow":["GET"]}}],"collection":[{"href":"https:\/\/airex-industries.com\/fr\/wp-json\/wp\/v2\/pages"}],"about":[{"href":"https:\/\/airex-industries.com\/fr\/wp-json\/wp\/v2\/types\/page"}],"author":[{"embeddable":true,"href":"https:\/\/airex-industries.com\/fr\/wp-json\/wp\/v2\/users\/2"}],"replies":[{"embeddable":true,"href":"https:\/\/airex-industries.com\/fr\/wp-json\/wp\/v2\/comments?post=4564"}],"version-history":[{"count":0,"href":"https:\/\/airex-industries.com\/fr\/wp-json\/wp\/v2\/pages\/4564\/revisions"}],"up":[{"embeddable":true,"href":"https:\/\/airex-industries.com\/fr\/wp-json\/wp\/v2\/pages\/2311"}],"wp:featuredmedia":[{"embeddable":true,"href":"https:\/\/airex-industries.com\/fr\/wp-json\/wp\/v2\/media\/4594"}],"wp:attachment":[{"href":"https:\/\/airex-industries.com\/fr\/wp-json\/wp\/v2\/media?parent=4564"}],"curies":[{"name":"wp","href":"https:\/\/api.w.org\/{rel}","templated":true}]}}