{"id":4569,"date":"2025-07-14T13:41:30","date_gmt":"2025-07-14T17:41:30","guid":{"rendered":"https:\/\/airex-industries.com\/?page_id=4569"},"modified":"2025-07-18T09:54:39","modified_gmt":"2025-07-18T13:54:39","slug":"service-industriel","status":"publish","type":"page","link":"https:\/\/airex-industries.com\/fr\/services\/industrial-service\/","title":{"rendered":"Service industriel"},"content":{"rendered":"<div class=\"wpb-content-wrapper\"><div class=\"vc_row wpb_row vc_row-fluid\"><div class=\"wpb_column vc_column_container vc_col-md-12\"><div class=\"vc_column-inner\"><div class=\"wpb_wrapper\"><h2 style=\"text-align: left\" class=\"vc_custom_heading vc_do_custom_heading title wpb_animate_when_almost_visible wpb_slideInRight slideInRight\" >D\u00c9POUSSI\u00c9RAGE \u2022 R\u00c9SEAU DE CONDUITS \u2022 VENTILATION \u2022 PRODUITS CONNEXES<\/h2>\n\t<div class=\"wpb_text_column wpb_content_element wpb_animate_when_almost_visible wpb_slideInLeft slideInLeft\" >\n\t\t<div class=\"wpb_wrapper\">\n\t\t\t<p>Chez Airex Industries Inc., nous sommes fiers d\u2019offrir aux industries des services d\u2019entretien et de r\u00e9paration de qualit\u00e9 sup\u00e9rieure pour tous les besoins reli\u00e9s \u00e0 la qualit\u00e9 de l\u2019air.<\/p>\n<p>Nous offrons le service d\u2019entretien et de maintenance, la r\u00e9paration, la vente et l\u2019installation de syst\u00e8mes de d\u00e9poussi\u00e9rage, de r\u00e9seaux de conduits, de ventilation et pouvons proposer des services connexes.<\/p>\n<p>Nous comprenons \u00e0 quel point il est important que votre \u00e9quipement fonctionne correctement, en particulier dans les environnements industriels au sein desquels tout temps d\u2019arr\u00eat impacte la production.<\/p>\n<p>En affaires depuis 50 ans, nous avons une \u00e9quipe d\u2019\u00e9lectrom\u00e9caniciens qualifi\u00e9s et exp\u00e9riment\u00e9s qui se consacrent \u00e0 vous offrir un service rapide et fiable.<\/p>\n<p><strong>Nous desservons tout le Canada d\u2019Est en Ouest.<\/strong><\/p>\n\n\t\t<\/div>\n\t<\/div>\n<\/div><\/div><\/div><\/div><div class=\"vc_row wpb_row vc_row-fluid wpb_animate_when_almost_visible wpb_slideInRight slideInRight\"><div class=\"wpb_column vc_column_container vc_col-md-12\"><div class=\"vc_column-inner\"><div class=\"wpb_wrapper\"><div class=\"vc_empty_space\"   style=\"height: 12px\"><span class=\"vc_empty_space_inner\"><\/span><\/div><\/div><\/div><\/div><\/div><div class=\"vc_row wpb_row vc_row-fluid wpb_animate_when_almost_visible wpb_slideInRight slideInRight\"><div class=\"wpb_column vc_column_container vc_col-md-12\"><div class=\"vc_column-inner\"><div class=\"wpb_wrapper\"><h2 class='heading-left  divider-sm'  style='color: #9c1c20'><span>Nos sp\u00e9cialit\u00e9s<\/span><\/h2><div class=\"vc_row wpb_row vc_inner vc_row-fluid\"><div class=\"wpb_column vc_column_container vc_col-md-6\"><div class=\"vc_column-inner\"><div class=\"wpb_wrapper\"><div class='featured featured-has-content'><div class='featured-header'><img alt='D\u00e9poussi\u00e9reur \u00e0 manches filtrantes' src='https:\/\/airex-industries.com\/wp-content\/uploads\/2024\/09\/baghouse-dust-collector-722x368-1.webp'\/><\/div><div class='featured-content'><h3 class='featured-title text-uppercase'>D\u00e9poussi\u00e9reur \u00e0 manches filtrantes<\/h3><p class='featured-desc'><\/p>\n<ul>\n<li>D\u00e9poussi\u00e9reur acc\u00e8s par le dessus<\/li>\n<li>D\u00e9poussi\u00e9reur acc\u00e8s par l\u2019int\u00e9rieur<\/li>\n<li>Diagnostic complet<\/li>\n<li>Remplacement de sacs<\/li>\n<li>R\u00e9paration de valves de pulse<\/li>\n<\/ul>\n<p><\/p><\/div><\/div><div class=\"vc_empty_space\"   style=\"height: 12px\"><span class=\"vc_empty_space_inner\"><\/span><\/div><\/div><\/div><\/div><div class=\"wpb_column vc_column_container vc_col-md-6\"><div class=\"vc_column-inner\"><div class=\"wpb_wrapper\"><div class='featured featured-has-content'><div class='featured-header'><img alt='D\u00e9poussi\u00e9reur \u00e0 cartouches' src='https:\/\/airex-industries.com\/wp-content\/uploads\/2024\/11\/platinum-series-722x368-1.webp'\/><\/div><div class='featured-content'><h3 class='featured-title text-uppercase'>D\u00e9poussi\u00e9reur \u00e0 cartouches<\/h3><p class='featured-desc'><\/p>\n<ul>\n<li>Diagnostic complet<\/li>\n<li>Remplacement de filtres<\/li>\n<li>R\u00e9paration de valves de pulse<\/li>\n<\/ul>\n<p><\/p><\/div><\/div><div class=\"vc_empty_space\"   style=\"height: 12px\"><span class=\"vc_empty_space_inner\"><\/span><\/div><\/div><\/div><\/div><\/div><div class=\"vc_row wpb_row vc_inner vc_row-fluid\"><div class=\"wpb_column vc_column_container vc_col-md-6\"><div class=\"vc_column-inner\"><div class=\"wpb_wrapper\"><div class='featured featured-has-content'><div class='featured-header'><img alt='D\u00e9poussi\u00e9reur humide' src='https:\/\/airex-industries.com\/wp-content\/uploads\/2024\/09\/wet-dust-collector-722x368-2.webp'\/><\/div><div class='featured-content'><h3 class='featured-title text-uppercase'>D\u00e9poussi\u00e9reur humide<\/h3><p class='featured-desc'><\/p>\n<ul>\n<li>Diagnostic complet<\/li>\n<li>Contr\u00f4le et sondes<\/li>\n<\/ul>\n<p><\/p><\/div><\/div><div class=\"vc_empty_space\"   style=\"height: 12px\"><span class=\"vc_empty_space_inner\"><\/span><\/div><div class='featured featured-has-content'><div class='featured-header'><img alt='Contr\u00f4le' src='https:\/\/airex-industries.com\/wp-content\/uploads\/2024\/09\/vfd-722x368-1.webp'\/><\/div><div class='featured-content'><h3 class='featured-title text-uppercase'>Contr\u00f4le<\/h3><p class='featured-desc'><\/p>\n<ul>\n<li>Diagnostic de syst\u00e8me de contr\u00f4le en d\u00e9poussi\u00e9rage<\/li>\n<li>V\u00e9rification de panneau de contr\u00f4le<\/li>\n<li>Atelier de panneau approuv\u00e9 CSA<\/li>\n<\/ul>\n<p><\/p><\/div><\/div><div class=\"vc_empty_space\"   style=\"height: 12px\"><span class=\"vc_empty_space_inner\"><\/span><\/div><\/div><\/div><\/div><div class=\"wpb_column vc_column_container vc_col-md-6\"><div class=\"vc_column-inner\"><div class=\"wpb_wrapper\"><div class='featured featured-has-content'><div class='featured-header'><img alt='Ventilateur industriel' src='https:\/\/airex-industries.com\/wp-content\/uploads\/2024\/09\/industrial-blower-radial-wheel-722x368-1.webp'\/><\/div><div class='featured-content'><h3 class='featured-title text-uppercase'>Ventilateur industriel<\/h3><p class='featured-desc'><\/p>\n<ul>\n<li>Remplacement de poulies-courroies<\/li>\n<li>Remplacement des roues, arbres et roulement (bearing)<\/li>\n<li>Balancement dynamique de roue sur place<\/li>\n<li>Remplacement de moteur<\/li>\n<\/ul>\n<p><\/p><\/div><\/div><div class=\"vc_empty_space\"   style=\"height: 12px\"><span class=\"vc_empty_space_inner\"><\/span><\/div><\/div><\/div><\/div><\/div><\/div><\/div><\/div><\/div><div class=\"vc_row wpb_row vc_row-fluid\"><div class=\"wpb_column vc_column_container vc_col-md-12\"><div class=\"vc_column-inner\"><div class=\"wpb_wrapper\"><div class=\"vc_empty_space\"   style=\"height: 22px\"><span class=\"vc_empty_space_inner\"><\/span><\/div>\n\t<div class=\"wpb_text_column wpb_content_element\" >\n\t\t<div class=\"wpb_wrapper\">\n\t\t\t<h2 style=\"color: #9c1c20; margin-top: 30px;\">Services offerts<\/h2>\n<ul>\n<li><a href=\"\/fr\/services\/installation-maintenance\/service-entretien\/\">Service et entretien<\/a><\/li>\n<li>R\u00e9paration<\/li>\n<li>Vente et <a href=\"\/fr\/services\/installation-maintenance\/installations\/\">installations<\/a><\/li>\n<li>Plans et devis<\/li>\n<li>Fabrication de conduit de ventilation<\/li>\n<\/ul>\n<h2 style=\"color: #9c1c20; margin-top: 30px;\">Contrats de services<\/h2>\n<p>Un entretien r\u00e9gulier est essentiel au bon fonctionnement de votre \u00e9quipement de d\u00e9poussi\u00e9reurs ainsi, nous proposons des contrats de service et de maintenance allant de 1 \u00e0 12 visites par an.<\/p>\n<h2 style=\"color: #9c1c20; margin-top: 30px;\">Projets d\u2019\u00e9quipements neufs<\/h2>\n<p>Chez Airex Industries, nous sommes \u00e9galement tr\u00e8s exp\u00e9riment\u00e9s dans la r\u00e9alisation de projets industriels. Nous offrons un service cl\u00e9 en main pour vos projets, peu importe votre secteur d\u2019activit\u00e9s. Nous sommes votre guichet unique pour :<\/p>\n<ul>\n<li>Estimation des besoins de d\u00e9poussi\u00e9rage industriels<\/li>\n<li>Pr\u00e9paration des dessins de ventilation<\/li>\n<li>Fabrication et installation des conduits de ventilation<\/li>\n<li>Installation des \u00e9quipements<\/li>\n<\/ul>\n<p>Nous avons une \u00e9quipe exp\u00e9riment\u00e9e de :<\/p>\n<ul>\n<li>Charg\u00e9 de projets ing\u00e9nieurs<\/li>\n<li>Dessinateurs<\/li>\n<li>Ferblantiers<\/li>\n<li>Estimateurs<\/li>\n<\/ul>\n<p>Nous travaillons \u00e9galement en \u00e9troite collaboration avec :<\/p>\n<ul>\n<li>\u00c9lectriciens<\/li>\n<li>Grutiers<\/li>\n<\/ul>\n<h2 style=\"color: #9c1c20; margin-top: 30px;\">Contactez-nous pour en savoir plus<\/h2>\n<p>Pour en savoir davantage sur nos services industriels, communiquez avec nous par courriel ou par t\u00e9l\u00e9phone :<\/p>\n<ul>\n<li>Courriel : <a href=\"mailto:service-industriel@airex-industries.com\">service-industriel@airex-industries.com<\/a><\/li>\n<li>T\u00e9l\u00e9phone : 819-477-3030 poste 418<\/li>\n<\/ul>\n\n\t\t<\/div>\n\t<\/div>\n<\/div><\/div><\/div><\/div><div class=\"vc_row wpb_row vc_row-fluid\"><div class=\"wpb_column vc_column_container vc_col-md-12\"><div class=\"vc_column-inner\"><div class=\"wpb_wrapper\"><div class=\"vc_empty_space\"   style=\"height: 6px\"><span class=\"vc_empty_space_inner\"><\/span><\/div><h2 class='heading-left  divider-sm'  style='color: #9c1c20'><span>Services suppl\u00e9mentaires<\/span><\/h2><\/div><\/div><\/div><\/div><div class=\"vc_row wpb_row vc_row-fluid\"><div class=\"wpb_column vc_column_container vc_col-md-3\"><div class=\"vc_column-inner\"><div class=\"wpb_wrapper\"><div class=\"vc-hoverbox-wrapper  vc_custom_1722368406809 wpb_animate_when_almost_visible wpb_zoomInUp zoomInUp vc-hoverbox-shape--square vc-hoverbox-align--center vc-hoverbox-direction--default vc-hoverbox-width--100\"  ontouchstart=\"\">\n  <div class=\"vc-hoverbox\">\n    <div class=\"vc-hoverbox-inner\">\n      <div class=\"vc-hoverbox-block vc-hoverbox-front\" style=\"background-image: url(https:\/\/airex-industries.com\/wp-content\/uploads\/2024\/07\/engineering-icon-190x260-1.jpg);\">\n        <div class=\"vc-hoverbox-block-inner vc-hoverbox-front-inner\">\n            <h2 style=\"text-align:center\">Ing\u00e9nierie<\/h2>\n        <\/div>\n      <\/div>\n      <div class=\"vc-hoverbox-block vc-hoverbox-back\" style=\"background-color: #9c1c20;\">\n        <div class=\"vc-hoverbox-block-inner vc-hoverbox-back-inner\">\n            <h2 style=\"text-align:center\">Ing\u00e9nierie<\/h2>\n            <p>Conception de solution adapt\u00e9e.<\/p>\n\n            <div class=\"vc_btn3-container vc_btn3-inline\"><a class=\"vc_general vc_btn3 vc_btn3-size-md vc_btn3-shape-rounded vc_btn3-style-modern vc_btn3-color-white\" href=\"\/fr\/services\/ingenierie-construction\/ingenierie\/\" title=\"EN SAVOIR PLUS\" target=\"_self\">EN SAVOIR PLUS<\/a><\/div>\n\n        <\/div>\n      <\/div>\n    <\/div>\n  <\/div>\n<\/div><\/div><\/div><\/div><div class=\"wpb_column vc_column_container vc_col-md-3\"><div class=\"vc_column-inner\"><div class=\"wpb_wrapper\"><div class=\"vc-hoverbox-wrapper  vc_custom_1722368288676 wpb_animate_when_almost_visible wpb_zoomInUp zoomInUp vc-hoverbox-shape--square vc-hoverbox-align--center vc-hoverbox-direction--default vc-hoverbox-width--100\"  ontouchstart=\"\">\n  <div class=\"vc-hoverbox\">\n    <div class=\"vc-hoverbox-inner\">\n      <div class=\"vc-hoverbox-block vc-hoverbox-front\" style=\"background-image: url(https:\/\/airex-industries.com\/wp-content\/uploads\/2024\/07\/integrated-design-190x260-1.jpg);\">\n        <div class=\"vc-hoverbox-block-inner vc-hoverbox-front-inner\">\n            <h2 style=\"text-align:center\">Conception int\u00e9gr\u00e9e<\/h2>\n        <\/div>\n      <\/div>\n      <div class=\"vc-hoverbox-block vc-hoverbox-back\" style=\"background-color: #9c1c20;\">\n        <div class=\"vc-hoverbox-block-inner vc-hoverbox-back-inner\">\n            <h2 style=\"text-align:center\">Conception int\u00e9gr\u00e9e<\/h2>\n            <p>Am\u00e9lioration g\u00e9n\u00e9ralis\u00e9 des proc\u00e9d\u00e9s.<\/p>\n\n            <div class=\"vc_btn3-container vc_btn3-inline\"><a class=\"vc_general vc_btn3 vc_btn3-size-md vc_btn3-shape-rounded vc_btn3-style-modern vc_btn3-color-white\" href=\"\/fr\/services\/ingenierie-construction\/conception-de-projet-integree\/\" title=\"EN SAVOIR PLUS\" target=\"_self\">EN SAVOIR PLUS<\/a><\/div>\n\n        <\/div>\n      <\/div>\n    <\/div>\n  <\/div>\n<\/div><\/div><\/div><\/div><div class=\"wpb_column vc_column_container vc_col-md-3\"><div class=\"vc_column-inner\"><div class=\"wpb_wrapper\"><div class=\"vc-hoverbox-wrapper  vc_custom_1722368776071 wpb_animate_when_almost_visible wpb_zoomInUp zoomInUp vc-hoverbox-shape--square vc-hoverbox-align--center vc-hoverbox-direction--default vc-hoverbox-width--100\"  ontouchstart=\"\">\n  <div class=\"vc-hoverbox\">\n    <div class=\"vc-hoverbox-inner\">\n      <div class=\"vc-hoverbox-block vc-hoverbox-front\" style=\"background-image: url(https:\/\/airex-industries.com\/wp-content\/uploads\/2024\/07\/grants-190x260-1.jpg);\">\n        <div class=\"vc-hoverbox-block-inner vc-hoverbox-front-inner\">\n            <h2 style=\"text-align:center\">Subventions<\/h2>\n        <\/div>\n      <\/div>\n      <div class=\"vc-hoverbox-block vc-hoverbox-back\" style=\"background-color: #9c1c20;\">\n        <div class=\"vc-hoverbox-block-inner vc-hoverbox-back-inner\">\n            <h2 style=\"text-align:center\">Subventions<\/h2>\n            <p>Optimisation des subventions admissibles.<\/p>\n\n            <div class=\"vc_btn3-container vc_btn3-inline\"><a class=\"vc_general vc_btn3 vc_btn3-size-md vc_btn3-shape-rounded vc_btn3-style-modern vc_btn3-color-white\" href=\"\/fr\/services\/ingenierie-construction\/subventions\/\" title=\"EN SAVOIR PLUS\" target=\"_self\">EN SAVOIR PLUS<\/a><\/div>\n\n        <\/div>\n      <\/div>\n    <\/div>\n  <\/div>\n<\/div><\/div><\/div><\/div><div class=\"wpb_column vc_column_container vc_col-md-3\"><div class=\"vc_column-inner\"><div class=\"wpb_wrapper\"><div class=\"vc-hoverbox-wrapper  vc_custom_1722369232111 wpb_animate_when_almost_visible wpb_zoomInUp zoomInUp vc-hoverbox-shape--square vc-hoverbox-align--center vc-hoverbox-direction--default vc-hoverbox-width--100\"  ontouchstart=\"\">\n  <div class=\"vc-hoverbox\">\n    <div class=\"vc-hoverbox-inner\">\n      <div class=\"vc-hoverbox-block vc-hoverbox-front\" style=\"background-image: url(https:\/\/airex-industries.com\/wp-content\/uploads\/2024\/07\/industrial-manufacturing-190x260-1.jpg);\">\n        <div class=\"vc-hoverbox-block-inner vc-hoverbox-front-inner\">\n            <h2 style=\"text-align:center\">Manufacturier industriel<\/h2>\n        <\/div>\n      <\/div>\n      <div class=\"vc-hoverbox-block vc-hoverbox-back\" style=\"background-color: #9c1c20;\">\n        <div class=\"vc-hoverbox-block-inner vc-hoverbox-back-inner\">\n            <h2 style=\"text-align:center\">Manufacturier industriel<\/h2>\n            <p>Flexibilit\u00e9 de fabrication sur mesure.<\/p>\n\n            <div class=\"vc_btn3-container vc_btn3-inline\"><a class=\"vc_general vc_btn3 vc_btn3-size-md vc_btn3-shape-rounded vc_btn3-style-modern vc_btn3-color-white\" href=\"\/fr\/services\/manufacturier-industriel\/\" title=\"EN SAVOIR PLUS\" target=\"_self\">EN SAVOIR PLUS<\/a><\/div>\n\n        <\/div>\n      <\/div>\n    <\/div>\n  <\/div>\n<\/div><\/div><\/div><\/div><\/div><div class=\"vc_row wpb_row vc_row-fluid\"><div class=\"wpb_column vc_column_container vc_col-md-12\"><div class=\"vc_column-inner\"><div class=\"wpb_wrapper\">\n\t<div class=\"wpb_raw_code wpb_raw_html wpb_content_element\" >\n\t\t<div class=\"wpb_wrapper\">\n\t\t\t<style>\n.vc-hoverbox-block-inner,.vc-hoverbox-back-inner > h2{\ncolor:#ffffff!important;\n}\n.vc-hoverbox-block-inner, .vc-hoverbox-front-inner > h2{\ncolor:#ffffff!important;\n}\n\n.vc-hoverbox-back-inner > h2{\nfont-size:20px;\n}\n\n.vc-hoverbox-back-inner > p{\nline-height:18px;\nmargin-bottom:16px;\n}\n\n.vc-hoverbox-front-inner > h2{\nfont-size:20px;\n}\n\n.featured-horizontal {\n    min-height: 120px;\n}\n\n.featured-horizontal-header {\n    width: 200px;\n}\n\n.featured-horizontal-content {\n    padding-left: 230px;\n}\n\n.featured-horizontal-title {\n    color: #9c1c20;\n}\n<\/style>\n\t\t<\/div>\n\t<\/div>\n<\/div><\/div><\/div><\/div>\n<\/div>","protected":false},"excerpt":{"rendered":"DUST COLLECTION \u2022 DUCTING \u2022 VENTILATION \u2022 RELATED PRODUCTS At Airex Industries Inc., we take pride in offering high-quality maintenance and repair services to industries for all air quality-related needs. We provide maintenance and servicing, repairs, sales, and installation of &hellip;","protected":false},"author":2,"featured_media":4290,"parent":1436,"menu_order":0,"comment_status":"closed","ping_status":"closed","template":"","meta":{"content-type":"","footnotes":""},"class_list":["post-4569","page","type-page","status-publish","has-post-thumbnail","hentry"],"_links":{"self":[{"href":"https:\/\/airex-industries.com\/fr\/wp-json\/wp\/v2\/pages\/4569","targetHints":{"allow":["GET"]}}],"collection":[{"href":"https:\/\/airex-industries.com\/fr\/wp-json\/wp\/v2\/pages"}],"about":[{"href":"https:\/\/airex-industries.com\/fr\/wp-json\/wp\/v2\/types\/page"}],"author":[{"embeddable":true,"href":"https:\/\/airex-industries.com\/fr\/wp-json\/wp\/v2\/users\/2"}],"replies":[{"embeddable":true,"href":"https:\/\/airex-industries.com\/fr\/wp-json\/wp\/v2\/comments?post=4569"}],"version-history":[{"count":0,"href":"https:\/\/airex-industries.com\/fr\/wp-json\/wp\/v2\/pages\/4569\/revisions"}],"up":[{"embeddable":true,"href":"https:\/\/airex-industries.com\/fr\/wp-json\/wp\/v2\/pages\/1436"}],"wp:featuredmedia":[{"embeddable":true,"href":"https:\/\/airex-industries.com\/fr\/wp-json\/wp\/v2\/media\/4290"}],"wp:attachment":[{"href":"https:\/\/airex-industries.com\/fr\/wp-json\/wp\/v2\/media?parent=4569"}],"curies":[{"name":"wp","href":"https:\/\/api.w.org\/{rel}","templated":true}]}}